{"id":41414,"date":"2026-05-01T05:58:57","date_gmt":"2026-05-01T05:58:57","guid":{"rendered":"https:\/\/emeniro.lovehorses.lv\/product\/aeg-kde911424b-947727515\/"},"modified":"2026-05-01T05:58:57","modified_gmt":"2026-05-01T05:58:57","slug":"aeg-kde911424b-947727515","status":"publish","type":"product","link":"https:\/\/emeniro.lovehorses.lv\/ru\/product\/aeg-kde911424b-947727515\/","title":{"rendered":"AEG KDE911424B (947727515)"},"content":{"rendered":"<\/p>\n<p>Pre\u010du z\u012bme\u00a0\u00a0\u00a0 AEG<br \/>\u00a0\u00a0\u00a0 Kr\u0101sa\u00a0\u00a0\u00a0 Melna<br \/>\u00a0\u00a0\u00a0 Jauda\u00a0\u00a0\u00a0 800 W<br \/>\u00a0\u00a0\u00a0 Regul\u0113jama temperat\u016bra, \u00b0 C\u00a0\u00a0\u00a0 30 \u2013 80<br \/>\u00a0\u00a0\u00a0 Izm\u0113ri mm (AxPxDz)\u00a0\u00a0\u00a0 14\u00d759.5\u00d753.5<br \/>\u00a0\u00a0\u00a0 Svars\u00a0\u00a0\u00a0 17 kg<br \/>\u00a0\u00a0\u00a0 Svars ar iepakojumu\u00a0\u00a0\u00a0 19 kg<br \/>\u00a0\u00a0\u00a0 Papildus inform\u0101cija\u00a0\u00a0\u00a0 Sildatvilkne 14 cm Mastery Range trauku sild\u012b\u0161anai, \u0113diena sild\u012b\u0161anai, atkaus\u0113\u0161anai, m\u012bklas raudz\u0113\u0161anai. Ietilp\u012bba piem\u0113rota l\u012bdz 6 porcij\u0101m. Regul\u0113jama temperat\u016bra 30-80\u00b0C. Meh\u0101niska vad\u012bba. Iz\u0146emama stikla pamatne. Ieb\u016bv\u0113jot kop\u0101 ar kompakto cepe\u0161kr\u0101sni vai kafijas autom\u0101tu 60cm kop\u0113jais augstums. Fas\u0101de: melns stikls.<br \/>\u00a0\u00a0\u00a0 EAN\u00a0\u00a0\u00a0 7332543836260<\/p><\/p>","protected":false},"excerpt":{"rendered":"<p>Pre\u010du z\u012bme\u00a0\u00a0\u00a0 AEG\u00a0\u00a0\u00a0 Kr\u0101sa\u00a0\u00a0\u00a0 Melna\u00a0\u00a0\u00a0 Jauda\u00a0\u00a0\u00a0 800 W\u00a0\u00a0\u00a0 Regul\u0113jama temperat\u016bra, \u00b0 C\u00a0\u00a0\u00a0 30 \u2013 80\u00a0\u00a0\u00a0 Izm\u0113ri mm (AxPxDz)\u00a0\u00a0\u00a0 14\u00d759.5\u00d753.5\u00a0\u00a0\u00a0 Svars\u00a0\u00a0\u00a0 17 kg\u00a0\u00a0\u00a0 Svars ar iepakojumu\u00a0\u00a0\u00a0 19 kg\u00a0\u00a0\u00a0 Papildus inform\u0101cija\u00a0\u00a0\u00a0 Sildatvilkne 14 cm Mastery Range trauku sild\u012b\u0161anai, \u0113diena sild\u012b\u0161anai, atkaus\u0113\u0161anai, m\u012bklas raudz\u0113\u0161anai. Ietilp\u012bba piem\u0113rota l\u012bdz 6 porcij\u0101m. Regul\u0113jama temperat\u016bra 30-80\u00b0C. Meh\u0101niska vad\u012bba. Iz\u0146emama stikla pamatne. Ieb\u016bv\u0113jot [&hellip;]<\/p>\n","protected":false},"featured_media":41406,"comment_status":"open","ping_status":"closed","template":"","meta":{"_joinchat":[]},"product_brand":[262],"product_cat":[266],"product_tag":[],"class_list":{"0":"post-41414","1":"product","2":"type-product","3":"status-publish","4":"has-post-thumbnail","6":"product_brand-aeg","7":"product_cat-iebuvejama-sadzives-tehnika-iebuvejamas-cepeskrasnis","9":"first","10":"instock","11":"shipping-taxable","12":"purchasable","13":"product-type-simple"},"_links":{"self":[{"href":"https:\/\/emeniro.lovehorses.lv\/ru\/wp-json\/wp\/v2\/product\/41414","targetHints":{"allow":["GET"]}}],"collection":[{"href":"https:\/\/emeniro.lovehorses.lv\/ru\/wp-json\/wp\/v2\/product"}],"about":[{"href":"https:\/\/emeniro.lovehorses.lv\/ru\/wp-json\/wp\/v2\/types\/product"}],"replies":[{"embeddable":true,"href":"https:\/\/emeniro.lovehorses.lv\/ru\/wp-json\/wp\/v2\/comments?post=41414"}],"wp:featuredmedia":[{"embeddable":true,"href":"https:\/\/emeniro.lovehorses.lv\/ru\/wp-json\/wp\/v2\/media\/41406"}],"wp:attachment":[{"href":"https:\/\/emeniro.lovehorses.lv\/ru\/wp-json\/wp\/v2\/media?parent=41414"}],"wp:term":[{"taxonomy":"product_brand","embeddable":true,"href":"https:\/\/emeniro.lovehorses.lv\/ru\/wp-json\/wp\/v2\/product_brand?post=41414"},{"taxonomy":"product_cat","embeddable":true,"href":"https:\/\/emeniro.lovehorses.lv\/ru\/wp-json\/wp\/v2\/product_cat?post=41414"},{"taxonomy":"product_tag","embeddable":true,"href":"https:\/\/emeniro.lovehorses.lv\/ru\/wp-json\/wp\/v2\/product_tag?post=41414"}],"curies":[{"name":"wp","href":"https:\/\/api.w.org\/{rel}","templated":true}]}}