{"id":41630,"date":"2026-05-01T06:04:40","date_gmt":"2026-05-01T06:04:40","guid":{"rendered":"https:\/\/emeniro.lovehorses.lv\/product\/electrolux-lkr562066w\/"},"modified":"2026-05-01T06:04:40","modified_gmt":"2026-05-01T06:04:40","slug":"electrolux-lkr562066w","status":"publish","type":"product","link":"https:\/\/emeniro.lovehorses.lv\/ru\/product\/electrolux-lkr562066w\/","title":{"rendered":"Electrolux LKR562066W"},"content":{"rendered":"<p>Ra\u017eot\u0101js\u00a0\u00a0\u00a0\u00a0 Electrolux<\/p>\n<p>Platums x Dzi\u013cums\u00a0\u00a0\u00a0\u00a0 50\u00d760 cm<br \/>Sildvirsmu skaits\u00a0\u00a0\u00a0\u00a0 4<br \/>Mont\u0101\u017eas tips\u00a0\u00a0\u00a0\u00a0 Br\u012bvi st\u0101vo\u0161s<br \/>P\u0101rvald\u012bba\u00a0\u00a0\u00a0\u00a0 Rokas<br \/>Apgaismojums\u00a0\u00a0\u00a0\u00a0 Ir<br \/>Ener\u0123ijas klase\u00a0\u00a0\u00a0\u00a0 A<br \/>Tilpums, l\u00a0\u00a0\u00a0\u00a0 58<br \/>Taimeris +\u00a0\u00a0\u00a0\u00a0 J\u0101<br \/>Pl\u012bts tips\u00a0\u00a0\u00a0\u00a0 Elektrisk\u0101<br \/>Kr\u0101sns tips\u00a0\u00a0\u00a0\u00a0 Elektrisk\u0101<br \/>Pl\u012bts v\u0101ks +\u00a0\u00a0\u00a0\u00a0 Nav<br \/>Maiga durvju aizv\u0113r\u0161ana +\u00a0\u00a0\u00a0\u00a0 N\u0113<br \/>Vietu tipi +\u00a0\u00a0\u00a0\u00a0 Elektrisk\u0101<br \/>Produkta kategorija\u00a0\u00a0\u00a0\u00a0 Cepe\u0161kr\u0101snis<br \/>Kr\u0101sa\u00a0\u00a0\u00a0\u00a0 Balts<br \/>Dzi\u013cums\u00a0\u00a0\u00a0\u00a0 60 cm<br \/>Platums\u00a0\u00a0\u00a0\u00a0 50 cm<br \/>Augstums\u00a0\u00a0\u00a0\u00a0 85 cm<br \/>Garantijas laiks\u00a0\u00a0\u00a0\u00a0 24 m\u0113n.<\/p><\/p>","protected":false},"excerpt":{"rendered":"<p>Ra\u017eot\u0101js\u00a0\u00a0\u00a0\u00a0 Electrolux Platums x Dzi\u013cums\u00a0\u00a0\u00a0\u00a0 50\u00d760 cmSildvirsmu skaits\u00a0\u00a0\u00a0\u00a0 4Mont\u0101\u017eas tips\u00a0\u00a0\u00a0\u00a0 Br\u012bvi st\u0101vo\u0161sP\u0101rvald\u012bba\u00a0\u00a0\u00a0\u00a0 RokasApgaismojums\u00a0\u00a0\u00a0\u00a0 IrEner\u0123ijas klase\u00a0\u00a0\u00a0\u00a0 ATilpums, l\u00a0\u00a0\u00a0\u00a0 58Taimeris +\u00a0\u00a0\u00a0\u00a0 J\u0101Pl\u012bts tips\u00a0\u00a0\u00a0\u00a0 Elektrisk\u0101Kr\u0101sns tips\u00a0\u00a0\u00a0\u00a0 Elektrisk\u0101Pl\u012bts v\u0101ks +\u00a0\u00a0\u00a0\u00a0 NavMaiga durvju aizv\u0113r\u0161ana +\u00a0\u00a0\u00a0\u00a0 N\u0113Vietu tipi +\u00a0\u00a0\u00a0\u00a0 Elektrisk\u0101Produkta kategorija\u00a0\u00a0\u00a0\u00a0 Cepe\u0161kr\u0101snisKr\u0101sa\u00a0\u00a0\u00a0\u00a0 BaltsDzi\u013cums\u00a0\u00a0\u00a0\u00a0 60 cmPlatums\u00a0\u00a0\u00a0\u00a0 50 cmAugstums\u00a0\u00a0\u00a0\u00a0 85 cmGarantijas laiks\u00a0\u00a0\u00a0\u00a0 24 m\u0113n.<\/p>","protected":false},"featured_media":41627,"comment_status":"open","ping_status":"closed","template":"","meta":{"_joinchat":[]},"product_brand":[265],"product_cat":[297],"product_tag":[],"class_list":{"0":"post-41630","1":"product","2":"type-product","3":"status-publish","4":"has-post-thumbnail","6":"product_brand-electrolux","7":"product_cat-sadzives-tehnika-elektriskas-plitis","9":"first","10":"instock","11":"shipping-taxable","12":"purchasable","13":"product-type-simple"},"_links":{"self":[{"href":"https:\/\/emeniro.lovehorses.lv\/ru\/wp-json\/wp\/v2\/product\/41630","targetHints":{"allow":["GET"]}}],"collection":[{"href":"https:\/\/emeniro.lovehorses.lv\/ru\/wp-json\/wp\/v2\/product"}],"about":[{"href":"https:\/\/emeniro.lovehorses.lv\/ru\/wp-json\/wp\/v2\/types\/product"}],"replies":[{"embeddable":true,"href":"https:\/\/emeniro.lovehorses.lv\/ru\/wp-json\/wp\/v2\/comments?post=41630"}],"wp:featuredmedia":[{"embeddable":true,"href":"https:\/\/emeniro.lovehorses.lv\/ru\/wp-json\/wp\/v2\/media\/41627"}],"wp:attachment":[{"href":"https:\/\/emeniro.lovehorses.lv\/ru\/wp-json\/wp\/v2\/media?parent=41630"}],"wp:term":[{"taxonomy":"product_brand","embeddable":true,"href":"https:\/\/emeniro.lovehorses.lv\/ru\/wp-json\/wp\/v2\/product_brand?post=41630"},{"taxonomy":"product_cat","embeddable":true,"href":"https:\/\/emeniro.lovehorses.lv\/ru\/wp-json\/wp\/v2\/product_cat?post=41630"},{"taxonomy":"product_tag","embeddable":true,"href":"https:\/\/emeniro.lovehorses.lv\/ru\/wp-json\/wp\/v2\/product_tag?post=41630"}],"curies":[{"name":"wp","href":"https:\/\/api.w.org\/{rel}","templated":true}]}}