{"id":41639,"date":"2026-05-01T06:04:52","date_gmt":"2026-05-01T06:04:52","guid":{"rendered":"https:\/\/emeniro.lovehorses.lv\/product\/electrolux-lkr520066w\/"},"modified":"2026-05-01T06:04:52","modified_gmt":"2026-05-01T06:04:52","slug":"electrolux-lkr520066w","status":"publish","type":"product","link":"https:\/\/emeniro.lovehorses.lv\/ru\/product\/electrolux-lkr520066w\/","title":{"rendered":"Electrolux LKR520066W"},"content":{"rendered":"<p>Pre\u010du z\u012bme\u00a0\u00a0\u00a0 Electrolux<\/p>\n<p>\u00a0\u00a0\u00a0 Sildvirsma\u00a0\u00a0\u00a0 Indukcijas<br \/>\u00a0\u00a0\u00a0 Kr\u0101sa\u00a0\u00a0\u00a0 Balta<br \/>\u00a0\u00a0\u00a0 Energoefektivit\u0101tes klase\u00a0\u00a0\u00a0 A<br \/>\u00a0\u00a0\u00a0 Sildri\u0146\u0137u skaits\u00a0\u00a0\u00a0 4<br \/>\u00a0\u00a0\u00a0 EAN\u00a0\u00a0\u00a0 7333394045313<br \/>\u0420\u0430\u0437\u043c\u0435\u0440\u044b, \u0432\u0435\u0441<br \/>\u00a0\u00a0\u00a0 Augstums\u00a0\u00a0\u00a0 86 cm<br \/>\u00a0\u00a0\u00a0 Platums\u00a0\u00a0\u00a0 50 cm<br \/>\u00a0\u00a0\u00a0 Dzi\u013cums\u00a0\u00a0\u00a0 60 cm<br \/>\u00a0\u00a0\u00a0 Svars\u00a0\u00a0\u00a0 42 kg<br \/>\u00a0\u00a0\u00a0 Svars ar iepakojumu\u00a0\u00a0\u00a0 43 kg<br \/>\u041f\u0430\u0440\u0430\u043c\u0435\u0442\u0440\u044b \u0434\u0443\u0445\u043e\u0432\u043a\u0438<br \/>\u00a0\u00a0\u00a0 Cepe\u0161kr\u0101sns veids\u00a0\u00a0\u00a0 Elektriska<br \/>\u00a0\u00a0\u00a0 Cepe\u0161kr\u0101sns tilpums\u00a0\u00a0\u00a0 57 l<br \/>\u00a0\u00a0\u00a0 Re\u017e\u012bmi\u00a0\u00a0\u00a0 5<br \/>\u00a0\u00a0\u00a0 Taimeris cepe\u0161kr\u0101snij\u00a0\u00a0\u00a0 Ir<br \/>\u00a0\u00a0\u00a0 \u041a\u043e\u043d\u0432\u0435\u043a\u0446\u0438\u044f\u00a0\u00a0 \u00a0<br \/>\u00a0\u00a0\u00a0 Grils cepe\u0161kr\u0101snij\u00a0\u00a0\u00a0 Ir<br \/>\u00a0\u00a0\u00a0 Cepe\u0161kr\u0101sns t\u012br\u012b\u0161anas funkcija\u00a0\u00a0\u00a0 Hidrol\u012btisk\u0101<br \/>\u00a0\u00a0\u00a0 Piederumi\u00a0\u00a0\u00a0 1 standarta panna, 1 dzi\u013c\u0101 panna, 1 re\u017e\u0123is<\/p><\/p>","protected":false},"excerpt":{"rendered":"<p>Pre\u010du z\u012bme\u00a0\u00a0\u00a0 Electrolux \u00a0\u00a0\u00a0 Sildvirsma\u00a0\u00a0\u00a0 Indukcijas\u00a0\u00a0\u00a0 Kr\u0101sa\u00a0\u00a0\u00a0 Balta\u00a0\u00a0\u00a0 Energoefektivit\u0101tes klase\u00a0\u00a0\u00a0 A\u00a0\u00a0\u00a0 Sildri\u0146\u0137u skaits\u00a0\u00a0\u00a0 4\u00a0\u00a0\u00a0 EAN\u00a0\u00a0\u00a0 7333394045313Izm\u0113ri, svars\u00a0\u00a0\u00a0 Augstums\u00a0\u00a0\u00a0 86 cm\u00a0\u00a0\u00a0 Platums\u00a0\u00a0\u00a0 50 cm\u00a0\u00a0\u00a0 Dzi\u013cums\u00a0\u00a0\u00a0 60 cm\u00a0\u00a0\u00a0 Svars\u00a0\u00a0\u00a0 42 kg\u00a0\u00a0\u00a0 Svars ar iepakojumu\u00a0\u00a0\u00a0 43 kgCepe\u0161kr\u0101sns parametri\u00a0\u00a0\u00a0 Cepe\u0161kr\u0101sns veids\u00a0\u00a0\u00a0 Elektriska\u00a0\u00a0\u00a0 Cepe\u0161kr\u0101sns tilpums\u00a0\u00a0\u00a0 57 l\u00a0\u00a0\u00a0 Re\u017e\u012bmi\u00a0\u00a0\u00a0 5\u00a0\u00a0\u00a0 Taimeris cepe\u0161kr\u0101snij\u00a0\u00a0\u00a0 Ir\u00a0\u00a0\u00a0 Konvekcija\u00a0\u00a0 \u00a0\u00a0\u00a0\u00a0 Grils cepe\u0161kr\u0101snij\u00a0\u00a0\u00a0 Ir\u00a0\u00a0\u00a0 Cepe\u0161kr\u0101sns t\u012br\u012b\u0161anas funkcija\u00a0\u00a0\u00a0 [&hellip;]<\/p>\n","protected":false},"featured_media":41635,"comment_status":"open","ping_status":"closed","template":"","meta":[],"product_brand":[265],"product_cat":[297],"product_tag":[],"class_list":{"0":"post-41639","1":"product","2":"type-product","3":"status-publish","4":"has-post-thumbnail","6":"product_brand-electrolux","7":"product_cat-sadzives-tehnika-elektriskas-plitis","9":"first","10":"instock","11":"shipping-taxable","12":"purchasable","13":"product-type-simple"},"_links":{"self":[{"href":"https:\/\/emeniro.lovehorses.lv\/ru\/wp-json\/wp\/v2\/product\/41639","targetHints":{"allow":["GET"]}}],"collection":[{"href":"https:\/\/emeniro.lovehorses.lv\/ru\/wp-json\/wp\/v2\/product"}],"about":[{"href":"https:\/\/emeniro.lovehorses.lv\/ru\/wp-json\/wp\/v2\/types\/product"}],"replies":[{"embeddable":true,"href":"https:\/\/emeniro.lovehorses.lv\/ru\/wp-json\/wp\/v2\/comments?post=41639"}],"wp:featuredmedia":[{"embeddable":true,"href":"https:\/\/emeniro.lovehorses.lv\/ru\/wp-json\/wp\/v2\/media\/41635"}],"wp:attachment":[{"href":"https:\/\/emeniro.lovehorses.lv\/ru\/wp-json\/wp\/v2\/media?parent=41639"}],"wp:term":[{"taxonomy":"product_brand","embeddable":true,"href":"https:\/\/emeniro.lovehorses.lv\/ru\/wp-json\/wp\/v2\/product_brand?post=41639"},{"taxonomy":"product_cat","embeddable":true,"href":"https:\/\/emeniro.lovehorses.lv\/ru\/wp-json\/wp\/v2\/product_cat?post=41639"},{"taxonomy":"product_tag","embeddable":true,"href":"https:\/\/emeniro.lovehorses.lv\/ru\/wp-json\/wp\/v2\/product_tag?post=41639"}],"curies":[{"name":"wp","href":"https:\/\/api.w.org\/{rel}","templated":true}]}}