{"id":41858,"date":"2026-05-01T06:10:44","date_gmt":"2026-05-01T06:10:44","guid":{"rendered":"https:\/\/emeniro.lovehorses.lv\/product\/beko-bcha275k4sn-177-5cm\/"},"modified":"2026-05-01T06:10:44","modified_gmt":"2026-05-01T06:10:44","slug":"beko-bcha275k4sn-177-5cm","status":"publish","type":"product","link":"https:\/\/emeniro.lovehorses.lv\/ru\/product\/beko-bcha275k4sn-177-5cm\/","title":{"rendered":"Beko BCHA275K4SN 177.5\u0441\u043c"},"content":{"rendered":"<p><\/p>\n<p>\u0420\u0430\u0441\u043f\u043e\u043b\u043e\u0436\u0435\u043d\u0438\u0435: \u0412\u0441\u0442\u0440\u0430\u0438\u0432\u0430\u0435\u043c\u044b\u0439\u00a0\u00a0<br \/>\u0420\u0430\u0441\u043f\u043e\u043b\u043e\u0436\u0435\u043d\u0438\u0435 \u043c\u043e\u0440\u043e\u0437\u0438\u043b\u044c\u043d\u043e\u0439 \u043a\u0430\u043c\u0435\u0440\u044b: \u0412\u043d\u0438\u0437\u0443\u00a0\u00a0<br \/>\u0422\u0438\u043f: \u0414\u0432\u0443\u0445\u043a\u0430\u043c\u0435\u0440\u043d\u044b\u0439 \u0445\u043e\u043b\u043e\u0434\u0438\u043b\u044c\u043d\u0438\u043a<br \/>\u0421\u0438\u0441\u0442\u0435\u043c\u0430 \u043a\u0440\u0435\u043f\u043b\u0435\u043d\u0438\u044f \u0444\u0430\u0441\u0430\u0434\u0430: \u0421\u0434\u0432\u0438\u0436\u043d\u0430\u044f \u0434\u0432\u0435\u0440\u044c\u00a0<br \/>ENER\u0122IJAS PAT\u0112RI\u0145\u0160<br \/>\u041a\u043b\u0430\u0441\u0441 \u044d\u043d\u0435\u0440\u0433\u043e\u043f\u043e\u0442\u0440\u0435\u0431\u043b\u0435\u043d\u0438\u044f: E\u00a0\u00a0<br \/>Ener\u0123ijas pat\u0113ri\u0146\u0161:\u00a0 224 kWh\/ gad\u0101\u00a0\u00a0<br \/>TILPUMS<br \/>Kop\u0113jais tilpums:\u00a0 262 L\u00a0\u00a0<br \/>Ledusskapja tilpums:\u00a0 193 L\u00a0\u00a0<br \/>Sald\u0113tavas tilpums:\u00a0 69 L\u00a0\u00a0<br \/>ATKAUS\u0112\u0160ANAS SIST\u0112MA<br \/>No Frost (Frost Free):\u00a0 No Frost tehnolo\u0123ija sald\u0113tavai\u00a0\u00a0<br \/>Ledusskapja atkaus\u0113\u0161ana:\u00a0 Autom\u0101tiska\u00a0\u00a0<br \/>Sald\u0113tavas atkaus\u0113\u0161ana:\u00a0 Autom\u0101tiska\u00a0\u00a0<br \/>VAD\u012aBA<br \/>Vad\u012bbas tips:\u00a0 Elektro-meh\u0101niska vad\u012bba\u00a0\u00a0<br \/>\u0414\u0438\u0441\u043f\u043b\u0435\u0439: \u041e\u0442\u0441\u0443\u0442\u0441\u0442\u0432\u0443\u0435\u0442\u00a0\u00a0<br \/>FUNKCIJAS<br \/>\u0100tr\u0101 atdzes\u0113\u0161ana:\u00a0 Nav\u00a0\u00a0<br \/>\u0100tr\u0101 sasald\u0113\u0161ana:\u00a0 Nav\u00a0 \u00a0<br \/>UNIK\u0100L\u0100S \u012aPA\u0160\u012aBAS<br \/>Temperat\u016bras izmai\u0146as signaliz\u0101cija:\u00a0 Nav\u00a0 \u00a0\u00a0<br \/>Svaiguma zona:\u00a0 Ir\u00a0\u00a0<br \/>Plaukts pudel\u0113m:\u00a0 Ir\u00a0 \u00a0\u00a0<br \/>KOP\u0112JIE PARAMETRI<br \/>\u0422\u0438\u043f \u043f\u043e\u043b\u043e\u043a: \u0417\u0430\u043a\u0430\u043b\u0451\u043d\u043d\u043e\u0435 \u0441\u0442\u0435\u043a\u043b\u043e\u00a0\u00a0<br \/>Termostats:\u00a0 Meh\u0101nisks\u00a0\u00a0<br \/>\u041e\u0442\u0434\u0435\u043b\u0435\u043d\u0438\u044f \u043c\u043e\u0440\u043e\u0437\u0438\u043b\u044c\u043d\u043e\u0439 \u043a\u0430\u043c\u0435\u0440\u044b: 3\u00a0\u00a0<br \/>Sald\u0113\u0161anas jauda:\u00a0 3,2 kg\/24st\u00a0\u00a0<br \/>\u041a\u043b\u0438\u043c\u0430\u0442\u0438\u0447\u0435\u0441\u043a\u0438\u0439 \u043a\u043b\u0430\u0441\u0441:\u00a0<br \/>SN-N-ST-T (\u043e\u0442 +10 \u0434\u043e +43\u00b0\u0421)\u00a0\u00a0<br \/>Sald\u0113tavas kameras klimatisk\u0101 klase:\u00a0 t**** (L\u012bdz -24C)\u00a0\u00a0<br \/>Temp. saglab\u0101\u0161anas ilgums elektroen. atsl. gad\u012bjum\u0101:\u00a0 13 st\u00a0\u00a0<br \/>Trok\u0161\u0146a l\u012bmenis:\u00a0 38 dB\u00a0\u00a0<br \/>Abpus\u0113ji veram\u0101s durvis:\u00a0 Ir\u00a0\u00a0<br \/>IZM\u0112RI<br \/>\u0420\u0430\u0437\u043c\u0435\u0440\u044b (\u0412x\u0428x\u0413):<br \/>177,5 x 54 x 54,5 \u0441\u043c\u00a0\u00a0<\/p>","protected":false},"excerpt":{"rendered":"<p>Izvieto\u0161ana: Ieb\u016bv\u0113jams\u00a0\u00a0Sald\u0113tavas izvietojums: Apak\u0161\u0101\u00a0\u00a0Tips: Divkameras ledusskapisFas\u0101des nostiprin\u0101\u0161anas sist\u0113ma: Sliding door\u00a0ENER\u0122IJAS PAT\u0112RI\u0145\u0160Energoefektivit\u0101tes klase: E\u00a0\u00a0Ener\u0123ijas pat\u0113ri\u0146\u0161:\u00a0 224 kWh\/ gad\u0101\u00a0\u00a0TILPUMSKop\u0113jais tilpums:\u00a0 262 L\u00a0\u00a0Ledusskapja tilpums:\u00a0 193 L\u00a0\u00a0Sald\u0113tavas tilpums:\u00a0 69 L\u00a0\u00a0ATKAUS\u0112\u0160ANAS SIST\u0112MANo Frost (Frost Free):\u00a0 No Frost tehnolo\u0123ija sald\u0113tavai\u00a0\u00a0Ledusskapja atkaus\u0113\u0161ana:\u00a0 Autom\u0101tiska\u00a0\u00a0Sald\u0113tavas atkaus\u0113\u0161ana:\u00a0 Autom\u0101tiska\u00a0\u00a0VAD\u012aBAVad\u012bbas tips:\u00a0 Elektro-meh\u0101niska vad\u012bba\u00a0\u00a0Displejs: Nav\u00a0\u00a0FUNKCIJAS\u0100tr\u0101 atdzes\u0113\u0161ana:\u00a0 Nav\u00a0\u00a0\u0100tr\u0101 sasald\u0113\u0161ana:\u00a0 Nav\u00a0 \u00a0UNIK\u0100L\u0100S \u012aPA\u0160\u012aBASTemperat\u016bras izmai\u0146as signaliz\u0101cija:\u00a0 Nav\u00a0 \u00a0\u00a0Svaiguma zona:\u00a0 Ir\u00a0\u00a0Plaukts pudel\u0113m:\u00a0 [&hellip;]<\/p>\n","protected":false},"featured_media":41853,"comment_status":"open","ping_status":"closed","template":"","meta":{"_joinchat":[]},"product_brand":[269],"product_cat":[296],"product_tag":[],"class_list":{"0":"post-41858","1":"product","2":"type-product","3":"status-publish","4":"has-post-thumbnail","6":"product_brand-beko","7":"product_cat-iebuvejama-sadzives-tehnika-iebuvejamie-ledusskapji","9":"first","10":"instock","11":"shipping-taxable","12":"purchasable","13":"product-type-simple"},"_links":{"self":[{"href":"https:\/\/emeniro.lovehorses.lv\/ru\/wp-json\/wp\/v2\/product\/41858","targetHints":{"allow":["GET"]}}],"collection":[{"href":"https:\/\/emeniro.lovehorses.lv\/ru\/wp-json\/wp\/v2\/product"}],"about":[{"href":"https:\/\/emeniro.lovehorses.lv\/ru\/wp-json\/wp\/v2\/types\/product"}],"replies":[{"embeddable":true,"href":"https:\/\/emeniro.lovehorses.lv\/ru\/wp-json\/wp\/v2\/comments?post=41858"}],"wp:featuredmedia":[{"embeddable":true,"href":"https:\/\/emeniro.lovehorses.lv\/ru\/wp-json\/wp\/v2\/media\/41853"}],"wp:attachment":[{"href":"https:\/\/emeniro.lovehorses.lv\/ru\/wp-json\/wp\/v2\/media?parent=41858"}],"wp:term":[{"taxonomy":"product_brand","embeddable":true,"href":"https:\/\/emeniro.lovehorses.lv\/ru\/wp-json\/wp\/v2\/product_brand?post=41858"},{"taxonomy":"product_cat","embeddable":true,"href":"https:\/\/emeniro.lovehorses.lv\/ru\/wp-json\/wp\/v2\/product_cat?post=41858"},{"taxonomy":"product_tag","embeddable":true,"href":"https:\/\/emeniro.lovehorses.lv\/ru\/wp-json\/wp\/v2\/product_tag?post=41858"}],"curies":[{"name":"wp","href":"https:\/\/api.w.org\/{rel}","templated":true}]}}