{"id":42179,"date":"2026-05-01T06:18:36","date_gmt":"2026-05-01T06:18:36","guid":{"rendered":"https:\/\/emeniro.lovehorses.lv\/product\/mpm-mpm30im12\/"},"modified":"2026-05-01T06:18:36","modified_gmt":"2026-05-01T06:18:36","slug":"mpm-mpm30im12","status":"publish","type":"product","link":"https:\/\/emeniro.lovehorses.lv\/ru\/product\/mpm-mpm30im12\/","title":{"rendered":"MPM MPM30IM12"},"content":{"rendered":"<p>\u00a0\u00a0\u00a0 Pre\u010du z\u012bme\u00a0\u00a0\u00a0 MPM<\/p>\n<p>\u00a0\u00a0\u00a0 Tips\u00a0\u00a0\u00a0 Indukcijas<br \/>\u00a0\u00a0\u00a0 Kr\u0101sa\u00a0\u00a0\u00a0 Melna<br \/>\u00a0\u00a0\u00a0 Sildri\u0146\u0137u skaits\u00a0\u00a0\u00a0 2<br \/>\u00a0\u00a0\u00a0 EAN\u00a0\u00a0\u00a0 5903151030818<br \/>\u0423\u043f\u0440\u0430\u0432\u043b\u0435\u043d\u0438\u0435<br \/>\u00a0\u00a0\u00a0 Vad\u012bba\u00a0\u00a0\u00a0 Sk\u0101rienvad\u012bba<br \/>\u00a0\u00a0\u00a0 Vad\u012bbas panelis\u00a0\u00a0\u00a0 Sk\u0101rienj\u016bt\u012bgs<br \/>\u0420\u0430\u0437\u043c\u0435\u0440\u044b \u0438 \u0432\u0435\u0441<br \/>\u00a0\u00a0\u00a0 Izm\u0113ri, cm\u00a0\u00a0\u00a0 6.2 x 29 x 52<br \/>\u00a0\u00a0\u00a0 Svars\u00a0\u00a0\u00a0 4.2 kg<br \/>\u00a0\u00a0\u00a0 Svars ar iepakojumu\u00a0\u00a0\u00a0 4.6 kg<br \/>\u0414\u0440\u0443\u0433\u0438\u0435 \u043f\u0430\u0440\u0430\u043c\u0435\u0442\u0440\u044b<br \/>\u00a0\u00a0\u00a0 Taimeris\u00a0\u00a0\u00a0 Ir, no 1-99 min<br \/>\u00a0\u00a0\u00a0 Kop\u0113j\u0101 jauda\u00a0\u00a0\u00a0 2900 kW<\/p><\/p>","protected":false},"excerpt":{"rendered":"<p>\u00a0\u00a0\u00a0 Pre\u010du z\u012bme\u00a0\u00a0\u00a0 MPM \u00a0\u00a0\u00a0 Tips\u00a0\u00a0\u00a0 Indukcijas\u00a0\u00a0\u00a0 Kr\u0101sa\u00a0\u00a0\u00a0 Melna\u00a0\u00a0\u00a0 Sildri\u0146\u0137u skaits\u00a0\u00a0\u00a0 2\u00a0\u00a0\u00a0 EAN\u00a0\u00a0\u00a0 5903151030818Vad\u012bba\u00a0\u00a0\u00a0 Vad\u012bba\u00a0\u00a0\u00a0 Sk\u0101rienvad\u012bba\u00a0\u00a0\u00a0 Vad\u012bbas panelis\u00a0\u00a0\u00a0 Sk\u0101rienj\u016bt\u012bgsIzm\u0113rs, svars\u00a0\u00a0\u00a0 Izm\u0113ri, cm\u00a0\u00a0\u00a0 6.2 x 29 x 52\u00a0\u00a0\u00a0 Svars\u00a0\u00a0\u00a0 4.2 kg\u00a0\u00a0\u00a0 Svars ar iepakojumu\u00a0\u00a0\u00a0 4.6 kgCiti parametri\u00a0\u00a0\u00a0 Taimeris\u00a0\u00a0\u00a0 Ir, no 1-99 min\u00a0\u00a0\u00a0 Kop\u0113j\u0101 jauda\u00a0\u00a0\u00a0 2900 kW<\/p>","protected":false},"featured_media":42175,"comment_status":"open","ping_status":"closed","template":"","meta":{"_joinchat":[]},"product_brand":[],"product_cat":[264],"product_tag":[],"class_list":{"0":"post-42179","1":"product","2":"type-product","3":"status-publish","4":"has-post-thumbnail","6":"product_cat-iebuvejama-sadzives-tehnika-iebuvejamas-elektriskas-plits-virsmas","8":"first","9":"instock","10":"shipping-taxable","11":"purchasable","12":"product-type-simple"},"_links":{"self":[{"href":"https:\/\/emeniro.lovehorses.lv\/ru\/wp-json\/wp\/v2\/product\/42179","targetHints":{"allow":["GET"]}}],"collection":[{"href":"https:\/\/emeniro.lovehorses.lv\/ru\/wp-json\/wp\/v2\/product"}],"about":[{"href":"https:\/\/emeniro.lovehorses.lv\/ru\/wp-json\/wp\/v2\/types\/product"}],"replies":[{"embeddable":true,"href":"https:\/\/emeniro.lovehorses.lv\/ru\/wp-json\/wp\/v2\/comments?post=42179"}],"wp:featuredmedia":[{"embeddable":true,"href":"https:\/\/emeniro.lovehorses.lv\/ru\/wp-json\/wp\/v2\/media\/42175"}],"wp:attachment":[{"href":"https:\/\/emeniro.lovehorses.lv\/ru\/wp-json\/wp\/v2\/media?parent=42179"}],"wp:term":[{"taxonomy":"product_brand","embeddable":true,"href":"https:\/\/emeniro.lovehorses.lv\/ru\/wp-json\/wp\/v2\/product_brand?post=42179"},{"taxonomy":"product_cat","embeddable":true,"href":"https:\/\/emeniro.lovehorses.lv\/ru\/wp-json\/wp\/v2\/product_cat?post=42179"},{"taxonomy":"product_tag","embeddable":true,"href":"https:\/\/emeniro.lovehorses.lv\/ru\/wp-json\/wp\/v2\/product_tag?post=42179"}],"curies":[{"name":"wp","href":"https:\/\/api.w.org\/{rel}","templated":true}]}}