{"id":42274,"date":"2026-05-01T06:21:12","date_gmt":"2026-05-01T06:21:12","guid":{"rendered":"https:\/\/emeniro.lovehorses.lv\/product\/gardena-smart-sileno-max-19906-35-1000-m%c2%b2\/"},"modified":"2026-05-01T06:21:12","modified_gmt":"2026-05-01T06:21:12","slug":"gardena-smart-sileno-max-19906-35-1000-m%c2%b2","status":"publish","type":"product","link":"https:\/\/emeniro.lovehorses.lv\/ru\/product\/gardena-smart-sileno-max-19906-35-1000-m%c2%b2\/","title":{"rendered":"Gardena smart SILENO max 19906-35, 1000 \u043c\u00b2"},"content":{"rendered":"<p>\u041e\u0431\u0449\u0438\u0435 \u043f\u0430\u0440\u0430\u043c\u0435\u0442\u0440\u044b<\/p>\n<p>Produkta veids\u00a0\u00a0\u00a0\u00a0 Z\u0101lienu p\u013cau\u0161anas roboti<br \/>Z\u012bmols\u00a0\u00a0\u00a0\u00a0 Gardena<br \/>Modelis\u00a0\u00a0\u00a0\u00a0 smart SILENO max<br \/>Robota ier\u012bces tips\u00a0\u00a0\u00a0\u00a0 Vadu mar\u0137\u0113jums<br \/>\u041f\u0430\u0440\u0430\u043c\u0435\u0442\u0440\u044b \u0441\u0442\u0440\u0438\u0436\u043a\u0438<br \/>Darba platums\u00a0\u00a0\u00a0\u00a0 22 cm<br \/>P\u013cau\u0161anas augstums (Min)\u00a0\u00a0\u00a0\u00a0 25 mm<br \/>P\u013cau\u0161anas augstums (Maks)\u00a0\u00a0\u00a0\u00a0 45 mm<br \/>P\u013cau\u0161anas augstuma regul\u0113\u0161ana\u00a0\u00a0\u00a0\u00a0 J\u0101<br \/>Elektrisk\u0101s p\u013caujma\u0161\u012bnas augstuma regul\u0113\u0161ana\u00a0\u00a0\u00a0\u00a0 J\u0101<br \/>P\u013cau\u0161anas augstuma poz\u012bcijas\u00a0\u00a0\u00a0\u00a0 5<br \/>Sensors\u00a0\u00a0\u00a0\u00a0 Gaisa kvalit\u0101tes sensors, Pac\u0113l\u0101js, Sadursme, Sasv\u0113r\u0161an\u0101s<br \/>Maksim\u0101lais noslogojums\u00a0\u00a0\u00a0\u00a0 30 %<br \/>\u0100trums\u00a0\u00a0\u00a0\u00a0 1.1 km\/h<br \/>Asme\u0146u skaits\u00a0\u00a0\u00a0\u00a0 3<br \/>Maksim\u0101l\u0101 p\u013cau\u0161anas plat\u012bba\u00a0\u00a0\u00a0\u00a0 1000 m\u00b2<br \/>Dro\u0161\u012bbas noteikumi\u00a0\u00a0\u00a0\u00a0 PIN kods<br \/>\u0410\u043a\u043a\u0443\u043c\u0443\u043b\u044f\u0442\u043e\u0440<br \/>Akumulatora tips\u00a0\u00a0\u00a0\u00a0 Li-Ion<br \/>Nepiecie\u0161amais akumulatoru skaits\u00a0\u00a0\u00a0\u00a0 1<br \/>Akumulators iek\u013cauts komplekt\u0101\u00a0\u00a0\u00a0\u00a0 J\u0101<br \/>Akumulatoru skaits komplekt\u0101\u00a0\u00a0\u00a0\u00a0 1<br \/>Akumulatora kapacit\u0101te\u00a0\u00a0\u00a0\u00a0 2000 mAh<br \/>Darb\u012bbas ilgums p\u0113c uzl\u0101des\u00a0\u00a0\u00a0\u00a0 50 min<br \/>Akumulatora spriegums\u00a0\u00a0\u00a0\u00a0 18 V<br \/>Palai\u0161anas sist\u0113ma\u00a0\u00a0\u00a0\u00a0 Autom\u0101tisks<br \/>Uzl\u0101des laiks\u00a0\u00a0\u00a0\u00a0 40 min<br \/>\u0424\u0438\u0437\u0438\u0447\u0435\u0441\u043a\u0438\u0435 \u043f\u0430\u0440\u0430\u043c\u0435\u0442\u0440\u044b<br \/>Materi\u0101ls\u00a0\u00a0\u00a0\u00a0 Plastmasa<br \/>Kr\u0101sa\u00a0\u00a0\u00a0\u00a0 Pel\u0113ka, Zila<br \/>Garums\u00a0\u00a0\u00a0\u00a0 63 mm<br \/>Platums\u00a0\u00a0\u00a0\u00a0 43 mm<br \/>Augstums\u00a0\u00a0\u00a0\u00a0 26 mm<br \/>Svars\u00a0\u00a0\u00a0\u00a0 10.6 kg<br \/>\u0414\u043e\u043f\u043e\u043b\u043d\u0438\u0442\u0435\u043b\u044c\u043d\u043e<br \/>Kabe\u013ca auklas garums\u00a0\u00a0\u00a0\u00a0 200 m<br \/>Trok\u0161\u0146a l\u012bmenis\u00a0\u00a0\u00a0\u00a0 57 dB<br \/>Garantija\u00a0\u00a0\u00a0\u00a0 24 m\u0113n<\/p><\/p>","protected":false},"excerpt":{"rendered":"<p>Kop\u0113jie parametri Produkta veids\u00a0\u00a0\u00a0\u00a0 Z\u0101lienu p\u013cau\u0161anas robotiZ\u012bmols\u00a0\u00a0\u00a0\u00a0 GardenaModelis\u00a0\u00a0\u00a0\u00a0 smart SILENO maxRobota ier\u012bces tips\u00a0\u00a0\u00a0\u00a0 Vadu mar\u0137\u0113jumsP\u013cau\u0161anas parametriDarba platums\u00a0\u00a0\u00a0\u00a0 22 cmP\u013cau\u0161anas augstums (Min)\u00a0\u00a0\u00a0\u00a0 25 mmP\u013cau\u0161anas augstums (Maks)\u00a0\u00a0\u00a0\u00a0 45 mmP\u013cau\u0161anas augstuma regul\u0113\u0161ana\u00a0\u00a0\u00a0\u00a0 J\u0101Elektrisk\u0101s p\u013caujma\u0161\u012bnas augstuma regul\u0113\u0161ana\u00a0\u00a0\u00a0\u00a0 J\u0101P\u013cau\u0161anas augstuma poz\u012bcijas\u00a0\u00a0\u00a0\u00a0 5Sensors\u00a0\u00a0\u00a0\u00a0 Gaisa kvalit\u0101tes sensors, Pac\u0113l\u0101js, Sadursme, Sasv\u0113r\u0161an\u0101sMaksim\u0101lais noslogojums\u00a0\u00a0\u00a0\u00a0 30 %\u0100trums\u00a0\u00a0\u00a0\u00a0 1.1 km\/hAsme\u0146u skaits\u00a0\u00a0\u00a0\u00a0 3Maksim\u0101l\u0101 p\u013cau\u0161anas plat\u012bba\u00a0\u00a0\u00a0\u00a0 1000 m\u00b2Dro\u0161\u012bbas noteikumi\u00a0\u00a0\u00a0\u00a0 [&hellip;]<\/p>\n","protected":false},"featured_media":42268,"comment_status":"open","ping_status":"closed","template":"","meta":[],"product_brand":[],"product_cat":[335],"product_tag":[],"class_list":{"0":"post-42274","1":"product","2":"type-product","3":"status-publish","4":"has-post-thumbnail","6":"product_cat-darza-tehnika-akumulatora-zales-plaveji","8":"first","9":"instock","10":"shipping-taxable","11":"purchasable","12":"product-type-simple"},"_links":{"self":[{"href":"https:\/\/emeniro.lovehorses.lv\/ru\/wp-json\/wp\/v2\/product\/42274","targetHints":{"allow":["GET"]}}],"collection":[{"href":"https:\/\/emeniro.lovehorses.lv\/ru\/wp-json\/wp\/v2\/product"}],"about":[{"href":"https:\/\/emeniro.lovehorses.lv\/ru\/wp-json\/wp\/v2\/types\/product"}],"replies":[{"embeddable":true,"href":"https:\/\/emeniro.lovehorses.lv\/ru\/wp-json\/wp\/v2\/comments?post=42274"}],"wp:featuredmedia":[{"embeddable":true,"href":"https:\/\/emeniro.lovehorses.lv\/ru\/wp-json\/wp\/v2\/media\/42268"}],"wp:attachment":[{"href":"https:\/\/emeniro.lovehorses.lv\/ru\/wp-json\/wp\/v2\/media?parent=42274"}],"wp:term":[{"taxonomy":"product_brand","embeddable":true,"href":"https:\/\/emeniro.lovehorses.lv\/ru\/wp-json\/wp\/v2\/product_brand?post=42274"},{"taxonomy":"product_cat","embeddable":true,"href":"https:\/\/emeniro.lovehorses.lv\/ru\/wp-json\/wp\/v2\/product_cat?post=42274"},{"taxonomy":"product_tag","embeddable":true,"href":"https:\/\/emeniro.lovehorses.lv\/ru\/wp-json\/wp\/v2\/product_tag?post=42274"}],"curies":[{"name":"wp","href":"https:\/\/api.w.org\/{rel}","templated":true}]}}