{"id":42504,"date":"2026-05-01T06:27:39","date_gmt":"2026-05-01T06:27:39","guid":{"rendered":"https:\/\/emeniro.lovehorses.lv\/product\/bosch-bfl524ms0\/"},"modified":"2026-05-01T06:27:39","modified_gmt":"2026-05-01T06:27:39","slug":"bosch-bfl524ms0","status":"publish","type":"product","link":"https:\/\/emeniro.lovehorses.lv\/ru\/product\/bosch-bfl524ms0\/","title":{"rendered":"Bosch BFL524MS0"},"content":{"rendered":"<table width=\"70%\">\n<tr>\n<td>\n<table class=\"spec\">\n<tr class=\"odd\">\n<td class=\"specleft\">\u041e\u0441\u043e\u0431\u044b\u0435 \u0445\u0430\u0440\u0430\u043a\u0442\u0435\u0440\u0438\u0441\u0442\u0438\u043a\u0438<\/td>\n<td class=\"specright\">AutoPilot 7 \u2013 \u0432\u0441\u0435 \u0431\u043b\u044e\u0434\u0430 \u0433\u043e\u0442\u043e\u0432\u044f\u0442\u0441\u044f \u0438\u0434\u0435\u0430\u043b\u044c\u043d\u043e \u0431\u043b\u0430\u0433\u043e\u0434\u0430\u0440\u044f 7 \u043f\u0440\u0435\u0434\u0443\u0441\u0442\u0430\u043d\u043e\u0432\u043b\u0435\u043d\u043d\u044b\u043c \u0430\u0432\u0442\u043e\u043c\u0430\u0442\u0438\u0447\u0435\u0441\u043a\u0438\u043c \u043f\u0440\u043e\u0433\u0440\u0430\u043c\u043c\u0430\u043c. \u0412\u0441\u0442\u0440\u043e\u0435\u043d\u043d\u044b\u0435 \u043a\u043d\u043e\u043f\u043a\u0438, 4 \u043f\u0440\u043e\u0433\u0440\u0430\u043c\u043c\u044b \u0440\u0430\u0437\u043c\u043e\u0440\u043e\u0437\u043a\u0438, \u0444\u0443\u043d\u043a\u0446\u0438\u044f \u043f\u0430\u043c\u044f\u0442\u0438<\/td>\n<\/tr>\n<tr class=\"even\">\n<td class=\"specleft\">\u0414\u0438\u0430\u043c\u0435\u0442\u0440 \u043e\u0441\u043d\u043e\u0432\u0430\u043d\u0438\u044f (\u0441\u043c)<\/td>\n<td class=\"specright\">25,5<\/td>\n<\/tr>\n<tr class=\"odd\">\n<td class=\"specleft\">\u0426\u0432\u0435\u0442<\/td>\n<td class=\"specright\">\u0427\u0435\u0440\u043d\u044b\u0439\/\u041d\u0435\u0440\u0436\u0430\u0432\u0435\u044e\u0449\u0430\u044f \u0441\u0442\u0430\u043b\u044c<\/td>\n<\/tr>\n<tr class=\"even\">\n<td class=\"specleft\">\u0413\u043b\u0443\u0431\u0438\u043d\u0430 (\u0441\u043c)<\/td>\n<td class=\"specright\">31,7<\/td>\n<\/tr>\n<tr class=\"odd\">\n<td class=\"specleft\">\u0414\u0438\u0441\u043f\u043b\u0435\u0439<\/td>\n<td class=\"specright\">+<\/td>\n<\/tr>\n<tr class=\"even\">\n<td class=\"specleft\">\u0413\u0440\u0438\u043b\u044c<\/td>\n<td class=\"specright\">\u2013<\/td>\n<\/tr>\n<tr class=\"odd\">\n<td class=\"specleft\">\u0412\u044b\u0441\u043e\u0442\u0430 (\u0441\u043c)<\/td>\n<td class=\"specright\">38,2<\/td>\n<\/tr>\n<tr class=\"even\">\n<td class=\"specleft\">\u0422\u0438\u043f \u043c\u0438\u043a\u0440\u043e\u0432\u043e\u043b\u043d\u043e\u0432\u043e\u0439 \u043f\u0435\u0447\u0438<\/td>\n<td class=\"specright\">\u0412\u0441\u0442\u0440\u0430\u0438\u0432\u0430\u0435\u043c\u0430\u044f<\/td>\n<\/tr>\n<tr class=\"odd\">\n<td class=\"specleft\">\u041c\u043e\u0449\u043d\u043e\u0441\u0442\u044c \u043c\u0438\u043a\u0440\u043e\u0432\u043e\u043b\u043d (\u0412\u0442)<\/td>\n<td class=\"specright\">800<\/td>\n<\/tr>\n<tr class=\"even\">\n<td class=\"specleft\">\u041e\u0431\u044a\u0435\u043c \u043a\u0430\u043c\u0435\u0440\u044b (\u043b)<\/td>\n<td class=\"specright\">20<\/td>\n<\/tr>\n<tr class=\"odd\">\n<td class=\"specleft\">\u0412\u0440\u0430\u0449\u0430\u044e\u0449\u0430\u044f\u0441\u044f \u043f\u043e\u0434\u0441\u0442\u0430\u0432\u043a\u0430<\/td>\n<td class=\"specright\">+<\/td>\n<\/tr>\n<tr class=\"even\">\n<td class=\"specleft\">\u0422\u0430\u0439\u043c\u0435\u0440<\/td>\n<td class=\"specright\">\u041c\u0435\u0445\u0430\u043d\u0438\u0447\u0435\u0441\u043a\u0438\u0439<\/td>\n<\/tr>\n<tr class=\"odd\">\n<td class=\"specleft\">\u0412\u0435\u0441 (\u043a\u0433)<\/td>\n<td class=\"specright\">17<\/td>\n<\/tr>\n<tr class=\"even\">\n<td class=\"specleft\">\u0428\u0438\u0440\u0438\u043d\u0430(\u0441\u043c)<\/td>\n<td class=\"specright\">59,4<\/td>\n<\/tr>\n<\/table>\n<\/td>\n<\/tr>\n<\/table>","protected":false},"excerpt":{"rendered":"<p>Special features AutoPilot 7 \u2013 k\u00f5ik toidud \u00f5nnestuvad suurep\u00e4raselt t\u00e4nu 7 eelseadistatud automaatprogrammile. Sissevajutatavad nupud, 4 sulatusprogrammi, m\u00e4lufunktsioon Base diameter (cm) 25,5 Color Black\/Stainless steel Depth (cm) 31,7 Display + Grill \u2013 Height (cm) 38,2 Microwave oven type Integratable Microwave power (W) 800 Oven Capacity (l) 20 Rotating base + Timer Mehhaaniline Svars (kg) 17 [&hellip;]<\/p>\n","protected":false},"featured_media":42500,"comment_status":"open","ping_status":"closed","template":"","meta":{"_joinchat":[]},"product_brand":[281],"product_cat":[321],"product_tag":[],"class_list":{"0":"post-42504","1":"product","2":"type-product","3":"status-publish","4":"has-post-thumbnail","6":"product_brand-bosch","7":"product_cat-iebuvejama-sadzives-tehnika-iebuvejamas-mikrovilnu-krasnis","9":"first","10":"instock","11":"shipping-taxable","12":"purchasable","13":"product-type-simple"},"_links":{"self":[{"href":"https:\/\/emeniro.lovehorses.lv\/ru\/wp-json\/wp\/v2\/product\/42504","targetHints":{"allow":["GET"]}}],"collection":[{"href":"https:\/\/emeniro.lovehorses.lv\/ru\/wp-json\/wp\/v2\/product"}],"about":[{"href":"https:\/\/emeniro.lovehorses.lv\/ru\/wp-json\/wp\/v2\/types\/product"}],"replies":[{"embeddable":true,"href":"https:\/\/emeniro.lovehorses.lv\/ru\/wp-json\/wp\/v2\/comments?post=42504"}],"wp:featuredmedia":[{"embeddable":true,"href":"https:\/\/emeniro.lovehorses.lv\/ru\/wp-json\/wp\/v2\/media\/42500"}],"wp:attachment":[{"href":"https:\/\/emeniro.lovehorses.lv\/ru\/wp-json\/wp\/v2\/media?parent=42504"}],"wp:term":[{"taxonomy":"product_brand","embeddable":true,"href":"https:\/\/emeniro.lovehorses.lv\/ru\/wp-json\/wp\/v2\/product_brand?post=42504"},{"taxonomy":"product_cat","embeddable":true,"href":"https:\/\/emeniro.lovehorses.lv\/ru\/wp-json\/wp\/v2\/product_cat?post=42504"},{"taxonomy":"product_tag","embeddable":true,"href":"https:\/\/emeniro.lovehorses.lv\/ru\/wp-json\/wp\/v2\/product_tag?post=42504"}],"curies":[{"name":"wp","href":"https:\/\/api.w.org\/{rel}","templated":true}]}}