{"id":42889,"date":"2026-05-01T06:40:48","date_gmt":"2026-05-01T06:40:48","guid":{"rendered":"https:\/\/emeniro.lovehorses.lv\/product\/bosch-gsv36vwev\/"},"modified":"2026-05-01T06:40:48","modified_gmt":"2026-05-01T06:40:48","slug":"bosch-gsv36vwev","status":"publish","type":"product","link":"https:\/\/emeniro.lovehorses.lv\/ru\/product\/bosch-gsv36vwev\/","title":{"rendered":"Bosch GSV36VWEV"},"content":{"rendered":"<table width=\"70%\">\n<tr>\n<td>\n<table class=\"spec\">\n<tr class=\"odd\">\n<td class=\"specleft\">\u0426\u0432\u0435\u0442<\/td>\n<td class=\"specright\">\u0411\u0435\u043b\u044b\u0439<\/td>\n<\/tr>\n<tr class=\"even\">\n<td class=\"specleft\">\u041c\u0435\u0442\u043e\u0434 \u0440\u0430\u0437\u043c\u043e\u0440\u043e\u0437\u043a\u0438<\/td>\n<td class=\"specright\">\u0421\u0442\u0430\u0442\u0438\u0447\u0435\u0441\u043a\u0438\u0439<\/td>\n<\/tr>\n<tr class=\"odd\">\n<td class=\"specleft\">\u0413\u043b\u0443\u0431\u0438\u043d\u0430 (\u0441\u043c)<\/td>\n<td class=\"specright\">65<\/td>\n<\/tr>\n<tr class=\"even\">\n<td class=\"specleft\">\u041a\u043b\u0430\u0441\u0441 \u044d\u043d\u0435\u0440\u0433\u043e\u044d\u0444\u0444\u0435\u043a\u0442\u0438\u0432\u043d\u043e\u0441\u0442\u0438<\/td>\n<td class=\"specright\">E<\/td>\n<\/tr>\n<tr class=\"odd\">\n<td class=\"specleft\">\u041e\u0431\u044a\u0435\u043c \u043c\u043e\u0440\u043e\u0437\u0438\u043b\u044c\u043d\u043e\u0439 \u043a\u0430\u043c\u0435\u0440\u044b, \u043d\u0435\u0442\u0442\u043e (\u043b)<\/td>\n<td class=\"specright\">237<\/td>\n<\/tr>\n<tr class=\"even\">\n<td class=\"specleft\">\u041c\u043e\u0449\u043d\u043e\u0441\u0442\u044c \u0437\u0430\u043c\u043e\u0440\u0430\u0436\u0438\u0432\u0430\u043d\u0438\u044f (\u043a\u0433\/24\u0447)<\/td>\n<td class=\"specright\">28<\/td>\n<\/tr>\n<tr class=\"odd\">\n<td class=\"specleft\">\u0422\u0438\u043f \u0445\u043e\u043b\u043e\u0434\u0438\u043b\u044c\u043d\u0438\u043a\u0430<\/td>\n<td class=\"specright\">\u041c\u043e\u0440\u043e\u0437\u0438\u043b\u044c\u043d\u044b\u0439 \u0448\u043a\u0430\u0444<\/td>\n<\/tr>\n<tr class=\"even\">\n<td class=\"specleft\">\u0424\u0443\u043d\u043a\u0446\u0438\u0438<\/td>\n<td class=\"specright\">Uks avaneb 90\u00b0, visuaalne ja akustiline hoiatuss\u00fcsteem, elektroonilised LED-juhtnupud, VitaControl: p\u00fcsiv temperatuur t\u00e4nu intelligentsele anduritehnoloogiale<\/td>\n<\/tr>\n<tr class=\"odd\">\n<td class=\"specleft\">\u0412\u0435\u0441 \u0431\u0440\u0443\u0442\u0442\u043e (\u0432\u0435\u0441 \u0443\u043f\u0430\u043a\u043e\u0432\u043a\u0438 \u043a\u0433)<\/td>\n<td class=\"specright\">75,4<\/td>\n<\/tr>\n<tr class=\"even\">\n<td class=\"specleft\">\u0412\u044b\u0441\u043e\u0442\u0430 (\u0441\u043c)<\/td>\n<td class=\"specright\">186<\/td>\n<\/tr>\n<tr class=\"odd\">\n<td class=\"specleft\">\u0423\u0440\u043e\u0432\u0435\u043d\u044c \u0448\u0443\u043c\u0430 (\u043a\u043b\u0430\u0441\u0441)<\/td>\n<td class=\"specright\">D<\/td>\n<\/tr>\n<tr class=\"even\">\n<td class=\"specleft\">\u0423\u0440\u043e\u0432\u0435\u043d\u044c \u0448\u0443\u043c\u0430 (\u0434\u0411)<\/td>\n<td class=\"specright\">42<\/td>\n<\/tr>\n<tr class=\"odd\">\n<td class=\"specleft\">\u041f\u0435\u0440\u0435\u0432\u0435\u0448\u0438\u0432\u0430\u0435\u043c\u0430\u044f \u0434\u0432\u0435\u0440\u044c<\/td>\n<td class=\"specright\">+<\/td>\n<\/tr>\n<tr class=\"even\">\n<td class=\"specleft\">\u0421\u0440\u043e\u043a \u0445\u0440\u0430\u043d\u0435\u043d\u0438\u044f \u043f\u0440\u0438 \u043e\u0442\u043a\u043b\u044e\u0447\u0435\u043d\u0438\u0438 \u044d\u043b\u0435\u043a\u0442\u0440\u0438\u0447\u0435\u0441\u0442\u0432\u0430 (\u0447)<\/td>\n<td class=\"specright\">22<\/td>\n<\/tr>\n<tr class=\"odd\">\n<td class=\"specleft\">\u041e\u0431\u0449\u0438\u0439 \u043e\u0431\u044a\u0435\u043c, \u043d\u0435\u0442\u0442\u043e (\u043b)<\/td>\n<td class=\"specright\">249<\/td>\n<\/tr>\n<tr class=\"even\">\n<td class=\"specleft\">\u0412\u0435\u0441 (\u043a\u0433)<\/td>\n<td class=\"specright\">74,69<\/td>\n<\/tr>\n<tr class=\"odd\">\n<td class=\"specleft\">\u0428\u0438\u0440\u0438\u043d\u0430(\u0441\u043c)<\/td>\n<td class=\"specright\">60<\/td>\n<\/tr>\n<tr class=\"even\">\n<td class=\"specleft\">\u0413\u043e\u0434\u043e\u0432\u043e\u0435 \u044d\u043d\u0435\u0440\u0433\u043e\u043f\u043e\u0442\u0440\u0435\u0431\u043b\u0435\u043d\u0438\u0435 (\u043a\u0412\u0442\u00b7\u0447)<\/td>\n<td class=\"specright\">216<\/td>\n<\/tr>\n<\/table>\n<\/td>\n<\/tr>\n<\/table>","protected":false},"excerpt":{"rendered":"<p>Color White Defrosting method Static Depth (cm) 65 Energoefektivit\u0101tes klase E Freezer volume, net (l) 237 Freezing power (kg\/24h) 28 Fridge type Freezer cabinet Functions Uks avaneb 90\u00b0, visuaalne ja akustiline hoiatuss\u00fcsteem, elektroonilised LED-juhtnupud, VitaControl: p\u00fcsiv temperatuur t\u00e4nu intelligentsele anduritehnoloogiale Gross weight (package kg) 75,4 Height (cm) 186 Noise level (class) D Noise level (dB) [&hellip;]<\/p>\n","protected":false},"featured_media":42885,"comment_status":"open","ping_status":"closed","template":"","meta":{"_joinchat":[]},"product_brand":[281],"product_cat":[295],"product_tag":[],"class_list":{"0":"post-42889","1":"product","2":"type-product","3":"status-publish","4":"has-post-thumbnail","6":"product_brand-bosch","7":"product_cat-iebuvejama-sadzives-tehnika-iebuvejamas-saldetavas","9":"first","10":"instock","11":"shipping-taxable","12":"purchasable","13":"product-type-simple"},"_links":{"self":[{"href":"https:\/\/emeniro.lovehorses.lv\/ru\/wp-json\/wp\/v2\/product\/42889","targetHints":{"allow":["GET"]}}],"collection":[{"href":"https:\/\/emeniro.lovehorses.lv\/ru\/wp-json\/wp\/v2\/product"}],"about":[{"href":"https:\/\/emeniro.lovehorses.lv\/ru\/wp-json\/wp\/v2\/types\/product"}],"replies":[{"embeddable":true,"href":"https:\/\/emeniro.lovehorses.lv\/ru\/wp-json\/wp\/v2\/comments?post=42889"}],"wp:featuredmedia":[{"embeddable":true,"href":"https:\/\/emeniro.lovehorses.lv\/ru\/wp-json\/wp\/v2\/media\/42885"}],"wp:attachment":[{"href":"https:\/\/emeniro.lovehorses.lv\/ru\/wp-json\/wp\/v2\/media?parent=42889"}],"wp:term":[{"taxonomy":"product_brand","embeddable":true,"href":"https:\/\/emeniro.lovehorses.lv\/ru\/wp-json\/wp\/v2\/product_brand?post=42889"},{"taxonomy":"product_cat","embeddable":true,"href":"https:\/\/emeniro.lovehorses.lv\/ru\/wp-json\/wp\/v2\/product_cat?post=42889"},{"taxonomy":"product_tag","embeddable":true,"href":"https:\/\/emeniro.lovehorses.lv\/ru\/wp-json\/wp\/v2\/product_tag?post=42889"}],"curies":[{"name":"wp","href":"https:\/\/api.w.org\/{rel}","templated":true}]}}