{"id":43323,"date":"2026-05-01T06:55:53","date_gmt":"2026-05-01T06:55:53","guid":{"rendered":"https:\/\/emeniro.lovehorses.lv\/product\/kohler-sdmo-generator-perform-3000-c5-2-8kw-sdmo\/"},"modified":"2026-05-01T06:55:53","modified_gmt":"2026-05-01T06:55:53","slug":"kohler-sdmo-generator-perform-3000-c5-2-8kw-sdmo","status":"publish","type":"product","link":"https:\/\/emeniro.lovehorses.lv\/ru\/product\/kohler-sdmo-generator-perform-3000-c5-2-8kw-sdmo\/","title":{"rendered":"Kohler Sdmo Generator PERFORM 3000 C5 2.8kW, SDMO"},"content":{"rendered":"<p>Produkta apraksts<\/p>\n<p>SVARS\u00a0\u00a0 45 kg<br \/>IZM\u0112RI\u00a0 65x51x46 cm<br \/>B\u0100KAS TILPUMS, L 4.1<br \/>DEGVIELA benz\u012bns<br \/>DEGVIELAS PAT\u0112RI\u0145\u0160 75%, L\/H\u00a0 1.3<br \/>FREKVENCE, HZ\u00a0 50<br \/>PALAI\u0160ANAS SIST\u0112MA\u00a0 rokas<br \/>RA\u017dOT\u0100JS\u00a0 KOHLER-SDMO<br \/>SPRIEGUMS, V\u00a0 230<br \/>JAUDA, KW\u00a0 2.8<br \/>TROK\u0160\u0145A L\u012aMENIS @7M, DBA\u00a0 67<\/p><\/p>","protected":false},"excerpt":{"rendered":"<p>Produkta apraksts SVARS\u00a0\u00a0 45 kgIZM\u0112RI\u00a0 65x51x46 cmB\u0100KAS TILPUMS, L 4.1DEGVIELA benz\u012bnsDEGVIELAS PAT\u0112RI\u0145\u0160 75%, L\/H\u00a0 1.3FREKVENCE, HZ\u00a0 50PALAI\u0160ANAS SIST\u0112MA\u00a0 rokasRA\u017dOT\u0100JS\u00a0 KOHLER-SDMOSPRIEGUMS, V\u00a0 230JAUDA, KW\u00a0 2.8TROK\u0160\u0145A L\u012aMENIS @7M, DBA\u00a0 67<\/p>","protected":false},"featured_media":43322,"comment_status":"open","ping_status":"closed","template":"","meta":{"_joinchat":[]},"product_brand":[],"product_cat":[318],"product_tag":[],"class_list":{"0":"post-43323","1":"product","2":"type-product","3":"status-publish","4":"has-post-thumbnail","6":"product_cat-darza-tehnika-generatori","8":"first","9":"instock","10":"shipping-taxable","11":"purchasable","12":"product-type-simple"},"_links":{"self":[{"href":"https:\/\/emeniro.lovehorses.lv\/ru\/wp-json\/wp\/v2\/product\/43323","targetHints":{"allow":["GET"]}}],"collection":[{"href":"https:\/\/emeniro.lovehorses.lv\/ru\/wp-json\/wp\/v2\/product"}],"about":[{"href":"https:\/\/emeniro.lovehorses.lv\/ru\/wp-json\/wp\/v2\/types\/product"}],"replies":[{"embeddable":true,"href":"https:\/\/emeniro.lovehorses.lv\/ru\/wp-json\/wp\/v2\/comments?post=43323"}],"wp:featuredmedia":[{"embeddable":true,"href":"https:\/\/emeniro.lovehorses.lv\/ru\/wp-json\/wp\/v2\/media\/43322"}],"wp:attachment":[{"href":"https:\/\/emeniro.lovehorses.lv\/ru\/wp-json\/wp\/v2\/media?parent=43323"}],"wp:term":[{"taxonomy":"product_brand","embeddable":true,"href":"https:\/\/emeniro.lovehorses.lv\/ru\/wp-json\/wp\/v2\/product_brand?post=43323"},{"taxonomy":"product_cat","embeddable":true,"href":"https:\/\/emeniro.lovehorses.lv\/ru\/wp-json\/wp\/v2\/product_cat?post=43323"},{"taxonomy":"product_tag","embeddable":true,"href":"https:\/\/emeniro.lovehorses.lv\/ru\/wp-json\/wp\/v2\/product_tag?post=43323"}],"curies":[{"name":"wp","href":"https:\/\/api.w.org\/{rel}","templated":true}]}}