{"id":43428,"date":"2026-05-01T06:59:23","date_gmt":"2026-05-01T06:59:23","guid":{"rendered":"https:\/\/emeniro.lovehorses.lv\/product\/lg-s70ty\/"},"modified":"2026-05-01T06:59:23","modified_gmt":"2026-05-01T06:59:23","slug":"lg-s70ty","status":"publish","type":"product","link":"https:\/\/emeniro.lovehorses.lv\/ru\/product\/lg-s70ty\/","title":{"rendered":"LG S70TY"},"content":{"rendered":"<table width=\"70%\">\n<tr>\n<td>\n<table class=\"spec\">\n<tr class=\"odd\">\n<td class=\"specleft\">\u041e\u0441\u043e\u0431\u044b\u0435 \u0445\u0430\u0440\u0430\u043a\u0442\u0435\u0440\u0438\u0441\u0442\u0438\u043a\u0438<\/td>\n<td class=\"specright\">Dolby Atmos ja DTS:X tugi, sisseehitatud Google Assistant ja Alexa tugi, mitmek\u00fclgsed \u00fchenduvusv\u00f5imalused<\/td>\n<\/tr>\n<tr class=\"even\">\n<td class=\"specleft\">\u0410\u0443\u0434\u0438\u043e \u043a\u0430\u043d\u0430\u043b\u044b<\/td>\n<td class=\"specright\">3.1.1<\/td>\n<\/tr>\n<tr class=\"odd\">\n<td class=\"specleft\">Bluetooth<\/td>\n<td class=\"specright\">+<\/td>\n<\/tr>\n<tr class=\"even\">\n<td class=\"specleft\">\u0426\u0432\u0435\u0442<\/td>\n<td class=\"specright\">\u0427\u0435\u0440\u043d\u044b\u0439<\/td>\n<\/tr>\n<tr class=\"odd\">\n<td class=\"specleft\">HDMI<\/td>\n<td class=\"specright\">2<\/td>\n<\/tr>\n<tr class=\"even\">\n<td class=\"specleft\">\u0413\u043b\u0443\u0431\u0438\u043d\u0430 \u043e\u0441\u043d\u043e\u0432\u043d\u043e\u0433\u043e \u0431\u043b\u043e\u043a\u0430 (\u0441\u043c)<\/td>\n<td class=\"specright\">11,5<\/td>\n<\/tr>\n<tr class=\"odd\">\n<td class=\"specleft\">\u0412\u044b\u0441\u043e\u0442\u0430 \u043e\u0441\u043d\u043e\u0432\u043d\u043e\u0433\u043e \u0431\u043b\u043e\u043a\u0430 (\u0441\u043c)<\/td>\n<td class=\"specright\">6,3<\/td>\n<\/tr>\n<tr class=\"even\">\n<td class=\"specleft\">\u0428\u0438\u0440\u0438\u043d\u0430 \u043e\u0441\u043d\u043e\u0432\u043d\u043e\u0433\u043e \u0431\u043b\u043e\u043a\u0430 (\u0441\u043c)<\/td>\n<td class=\"specright\">95<\/td>\n<\/tr>\n<tr class=\"odd\">\n<td class=\"specleft\">\u0422\u0435\u0445\u043d\u043e\u043b\u043e\u0433\u0438\u044f \u0437\u0432\u0443\u043a\u0430<\/td>\n<td class=\"specright\">Dolby Atmos, DTS:X, DTS Digital Surround<\/td>\n<\/tr>\n<tr class=\"even\">\n<td class=\"specleft\">\u0413\u043b\u0443\u0431\u0438\u043d\u0430 \u043a\u043e\u043b\u043e\u043d\u043a\u0438 (\u0441\u043c)<\/td>\n<td class=\"specright\">28,5<\/td>\n<\/tr>\n<tr class=\"odd\">\n<td class=\"specleft\">\u0412\u044b\u0441\u043e\u0442\u0430 \u043a\u043e\u043b\u043e\u043d\u043a\u0438 (\u0441\u043c)<\/td>\n<td class=\"specright\">20<\/td>\n<\/tr>\n<tr class=\"even\">\n<td class=\"specleft\">\u041c\u043e\u0449\u043d\u043e\u0441\u0442\u044c \u0434\u0438\u043d\u0430\u043c\u0438\u043a\u0430, RMS (\u0412\u0442)<\/td>\n<td class=\"specright\">400<\/td>\n<\/tr>\n<tr class=\"odd\">\n<td class=\"specleft\">\u0428\u0438\u0440\u0438\u043d\u0430 \u043a\u043e\u043b\u043e\u043d\u043a\u0438 (\u0441\u043c)<\/td>\n<td class=\"specright\">37,7<\/td>\n<\/tr>\n<tr class=\"even\">\n<td class=\"specleft\">USB<\/td>\n<td class=\"specright\">+<\/td>\n<\/tr>\n<\/table>\n<\/td>\n<\/tr>\n<\/table>","protected":false},"excerpt":{"rendered":"<p>Special features Dolby Atmos ja DTS:X tugi, sisseehitatud Google Assistant ja Alexa tugi, mitmek\u00fclgsed \u00fchenduvusv\u00f5imalused Audio channels 3.1.1 Bluetooth + Color Black HDMI 2 Main unit depth (cm) 11,5 Main unit height (cm) 6,3 Main unit width (cm) 95 Sound technology Dolby Atmos, DTS:X, DTS Digital Surround Speaker depth (cm) 28,5 Speaker height (cm) 20 [&hellip;]<\/p>\n","protected":false},"featured_media":43423,"comment_status":"open","ping_status":"closed","template":"","meta":[],"product_brand":[112],"product_cat":[304],"product_tag":[],"class_list":{"0":"post-43428","1":"product","2":"type-product","3":"status-publish","4":"has-post-thumbnail","6":"product_brand-lg","7":"product_cat-tv-foto-video-audio-audio-aparatura-skalruni","9":"first","10":"instock","11":"shipping-taxable","12":"purchasable","13":"product-type-simple"},"_links":{"self":[{"href":"https:\/\/emeniro.lovehorses.lv\/ru\/wp-json\/wp\/v2\/product\/43428","targetHints":{"allow":["GET"]}}],"collection":[{"href":"https:\/\/emeniro.lovehorses.lv\/ru\/wp-json\/wp\/v2\/product"}],"about":[{"href":"https:\/\/emeniro.lovehorses.lv\/ru\/wp-json\/wp\/v2\/types\/product"}],"replies":[{"embeddable":true,"href":"https:\/\/emeniro.lovehorses.lv\/ru\/wp-json\/wp\/v2\/comments?post=43428"}],"wp:featuredmedia":[{"embeddable":true,"href":"https:\/\/emeniro.lovehorses.lv\/ru\/wp-json\/wp\/v2\/media\/43423"}],"wp:attachment":[{"href":"https:\/\/emeniro.lovehorses.lv\/ru\/wp-json\/wp\/v2\/media?parent=43428"}],"wp:term":[{"taxonomy":"product_brand","embeddable":true,"href":"https:\/\/emeniro.lovehorses.lv\/ru\/wp-json\/wp\/v2\/product_brand?post=43428"},{"taxonomy":"product_cat","embeddable":true,"href":"https:\/\/emeniro.lovehorses.lv\/ru\/wp-json\/wp\/v2\/product_cat?post=43428"},{"taxonomy":"product_tag","embeddable":true,"href":"https:\/\/emeniro.lovehorses.lv\/ru\/wp-json\/wp\/v2\/product_tag?post=43428"}],"curies":[{"name":"wp","href":"https:\/\/api.w.org\/{rel}","templated":true}]}}