{"id":43471,"date":"2026-05-01T07:00:48","date_gmt":"2026-05-01T07:00:48","guid":{"rendered":"https:\/\/emeniro.lovehorses.lv\/product\/kenwood-khc29-o0si\/"},"modified":"2026-05-01T07:00:48","modified_gmt":"2026-05-01T07:00:48","slug":"kenwood-khc29-o0si","status":"publish","type":"product","link":"https:\/\/emeniro.lovehorses.lv\/ru\/product\/kenwood-khc29-o0si\/","title":{"rendered":"Kenwood KHC29.O0SI"},"content":{"rendered":"<table width=\"70%\">\n<tr>\n<td>\n<table class=\"spec\">\n<tr class=\"odd\">\n<td class=\"specleft\">\u041e\u0441\u043e\u0431\u044b\u0435 \u0445\u0430\u0440\u0430\u043a\u0442\u0435\u0440\u0438\u0441\u0442\u0438\u043a\u0438<\/td>\n<td class=\"specright\">Kaalumisfunktsioon, kaal l\u00fclitub patareide s\u00e4\u00e4stmiseks automaatselt v\u00e4lja<\/td>\n<\/tr>\n<tr class=\"even\">\n<td class=\"specleft\">\u0411\u043b\u0435\u043d\u0434\u0435\u0440<\/td>\n<td class=\"specright\">+<\/td>\n<\/tr>\n<tr class=\"odd\">\n<td class=\"specleft\">\u0426\u0432\u0435\u0442<\/td>\n<td class=\"specright\">\u041d\u0435\u0440\u0436\u0430\u0432\u0435\u044e\u0449\u0430\u044f \u0441\u0442\u0430\u043b\u044c<\/td>\n<\/tr>\n<tr class=\"even\">\n<td class=\"specleft\">\u0415\u043c\u043a\u043e\u0441\u0442\u044c \u043a\u043e\u043d\u0442\u0435\u0439\u043d\u0435\u0440\u0430 (\u043b)<\/td>\n<td class=\"specright\">4,3<\/td>\n<\/tr>\n<tr class=\"odd\">\n<td class=\"specleft\">\u0413\u043b\u0443\u0431\u0438\u043d\u0430 (\u0441\u043c)<\/td>\n<td class=\"specright\">29,5<\/td>\n<\/tr>\n<tr class=\"even\">\n<td class=\"specleft\">\u0414\u043e\u043f\u043e\u043b\u043d\u0438\u0442\u0435\u043b\u044c\u043d\u043e<\/td>\n<td class=\"specright\">Hakklihamasin, klaasist blender, tsitrusepress<\/td>\n<\/tr>\n<tr class=\"odd\">\n<td class=\"specleft\">\u0412\u044b\u0441\u043e\u0442\u0430 (\u0441\u043c)<\/td>\n<td class=\"specright\">35,7<\/td>\n<\/tr>\n<tr class=\"even\">\n<td class=\"specleft\">\u0412 \u043a\u043e\u043c\u043f\u043b\u0435\u043a\u0442\u0435<\/td>\n<td class=\"specright\">Kannmikser, l\u00f5ikur, tsitruspress, K-segur, pallvispel, taignakonks, 3 riiv-\/l\u00f5ikeketast<\/td>\n<\/tr>\n<tr class=\"odd\">\n<td class=\"specleft\">\u041c\u044f\u0441\u043e\u0440\u0443\u0431\u043a\u0430<\/td>\n<td class=\"specright\">+<\/td>\n<\/tr>\n<tr class=\"even\">\n<td class=\"specleft\">\u041c\u043e\u0449\u043d\u043e\u0441\u0442\u044c (\u0412\u0442)<\/td>\n<td class=\"specright\">1000<\/td>\n<\/tr>\n<tr class=\"odd\">\n<td class=\"specleft\">\u0422\u0438\u043f<\/td>\n<td class=\"specright\">\u041a\u0443\u0445\u043e\u043d\u043d\u044b\u0439 \u043a\u043e\u043c\u0431\u0430\u0439\u043d<\/td>\n<\/tr>\n<tr class=\"even\">\n<td class=\"specleft\">\u0428\u0438\u0440\u0438\u043d\u0430(\u0441\u043c)<\/td>\n<td class=\"specright\">26,2<\/td>\n<\/tr>\n<\/table>\n<\/td>\n<\/tr>\n<\/table>","protected":false},"excerpt":{"rendered":"<p>Special features Kaalumisfunktsioon, kaal l\u00fclitub patareide s\u00e4\u00e4stmiseks automaatselt v\u00e4lja Blender + Color Stainless steel Container capacity (l) 4,3 Depth (cm) 29,5 Extras Hakklihamasin, klaasist blender, tsitrusepress Height (cm) 35,7 Included Kannmikser, l\u00f5ikur, tsitruspress, K-segur, pallvispel, taignakonks, 3 riiv-\/l\u00f5ikeketast Meat mincer + Jauda (W) 1000 Type K\u00f6\u00f6gikombain Width(cm) 26,2<\/p>","protected":false},"featured_media":43466,"comment_status":"open","ping_status":"closed","template":"","meta":{"_joinchat":[]},"product_brand":[],"product_cat":[308],"product_tag":[],"class_list":{"0":"post-43471","1":"product","2":"type-product","3":"status-publish","4":"has-post-thumbnail","6":"product_cat-maza-sadzives-tehnika-virtuves-kombaini","8":"first","9":"instock","10":"shipping-taxable","11":"purchasable","12":"product-type-simple"},"_links":{"self":[{"href":"https:\/\/emeniro.lovehorses.lv\/ru\/wp-json\/wp\/v2\/product\/43471","targetHints":{"allow":["GET"]}}],"collection":[{"href":"https:\/\/emeniro.lovehorses.lv\/ru\/wp-json\/wp\/v2\/product"}],"about":[{"href":"https:\/\/emeniro.lovehorses.lv\/ru\/wp-json\/wp\/v2\/types\/product"}],"replies":[{"embeddable":true,"href":"https:\/\/emeniro.lovehorses.lv\/ru\/wp-json\/wp\/v2\/comments?post=43471"}],"wp:featuredmedia":[{"embeddable":true,"href":"https:\/\/emeniro.lovehorses.lv\/ru\/wp-json\/wp\/v2\/media\/43466"}],"wp:attachment":[{"href":"https:\/\/emeniro.lovehorses.lv\/ru\/wp-json\/wp\/v2\/media?parent=43471"}],"wp:term":[{"taxonomy":"product_brand","embeddable":true,"href":"https:\/\/emeniro.lovehorses.lv\/ru\/wp-json\/wp\/v2\/product_brand?post=43471"},{"taxonomy":"product_cat","embeddable":true,"href":"https:\/\/emeniro.lovehorses.lv\/ru\/wp-json\/wp\/v2\/product_cat?post=43471"},{"taxonomy":"product_tag","embeddable":true,"href":"https:\/\/emeniro.lovehorses.lv\/ru\/wp-json\/wp\/v2\/product_tag?post=43471"}],"curies":[{"name":"wp","href":"https:\/\/api.w.org\/{rel}","templated":true}]}}