{"id":43486,"date":"2026-05-01T07:01:23","date_gmt":"2026-05-01T07:01:23","guid":{"rendered":"https:\/\/emeniro.lovehorses.lv\/product\/braun-si1080vi-si\/"},"modified":"2026-05-01T07:01:23","modified_gmt":"2026-05-01T07:01:23","slug":"braun-si1080vi-si","status":"publish","type":"product","link":"https:\/\/emeniro.lovehorses.lv\/ru\/product\/braun-si1080vi-si\/","title":{"rendered":"Braun SI1080VI SI"},"content":{"rendered":"<table width=\"70%\">\n<tr>\n<td>\n<table class=\"spec\">\n<tr class=\"odd\">\n<td class=\"specleft\">\u041e\u0441\u043e\u0431\u044b\u0435 \u0445\u0430\u0440\u0430\u043a\u0442\u0435\u0440\u0438\u0441\u0442\u0438\u043a\u0438<\/td>\n<td class=\"specright\">Kiire soojenemine (35sek), AutoOff \u2013 automaatne v\u00e4ljal\u00fclitus, kui triikraud on puutumatult 8 min p\u00fcstiasendis v\u00f5i 30 sek horisontaalasendis<\/td>\n<\/tr>\n<tr class=\"even\">\n<td class=\"specleft\">Automatic shut-off<\/td>\n<td class=\"specright\">+<\/td>\n<\/tr>\n<tr class=\"odd\">\n<td class=\"specleft\">\u0426\u0432\u0435\u0442<\/td>\n<td class=\"specright\">Purple<\/td>\n<\/tr>\n<tr class=\"even\">\n<td class=\"specleft\">Continuos steam (g\/min)<\/td>\n<td class=\"specright\">25<\/td>\n<\/tr>\n<tr class=\"odd\">\n<td class=\"specleft\">Handle type<\/td>\n<td class=\"specright\">Closed<\/td>\n<\/tr>\n<tr class=\"even\">\n<td class=\"specleft\">Length electrical cord (m)<\/td>\n<td class=\"specright\">1,9<\/td>\n<\/tr>\n<tr class=\"odd\">\n<td class=\"specleft\">Jauda (W)<\/td>\n<td class=\"specright\">2000<\/td>\n<\/tr>\n<tr class=\"even\">\n<td class=\"specleft\">Steam boost (g\/min)<\/td>\n<td class=\"specright\">130<\/td>\n<\/tr>\n<tr class=\"odd\">\n<td class=\"specleft\">\u0422\u0438\u043f<\/td>\n<td class=\"specright\">Irons<\/td>\n<\/tr>\n<tr class=\"even\">\n<td class=\"specleft\">Water container capacity (ml)<\/td>\n<td class=\"specright\">220<\/td>\n<\/tr>\n<\/table>\n<\/td>\n<\/tr>\n<\/table>","protected":false},"excerpt":{"rendered":"<p>Special features Kiire soojenemine (35sek), AutoOff \u2013 automaatne v\u00e4ljal\u00fclitus, kui triikraud on puutumatult 8 min p\u00fcstiasendis v\u00f5i 30 sek horisontaalasendis Automatic shut-off + Color Purple Continuos steam (g\/min) 25 Handle type Closed Length electrical cord (m) 1,9 Jauda (W) 2000 Steam boost (g\/min) 130 Type Irons Water container capacity (ml) 220<\/p>","protected":false},"featured_media":43482,"comment_status":"open","ping_status":"closed","template":"","meta":[],"product_brand":[],"product_cat":[306],"product_tag":[],"class_list":{"0":"post-43486","1":"product","2":"type-product","3":"status-publish","4":"has-post-thumbnail","6":"product_cat-maza-sadzives-tehnika-gludekli","8":"first","9":"instock","10":"shipping-taxable","11":"purchasable","12":"product-type-simple"},"_links":{"self":[{"href":"https:\/\/emeniro.lovehorses.lv\/ru\/wp-json\/wp\/v2\/product\/43486","targetHints":{"allow":["GET"]}}],"collection":[{"href":"https:\/\/emeniro.lovehorses.lv\/ru\/wp-json\/wp\/v2\/product"}],"about":[{"href":"https:\/\/emeniro.lovehorses.lv\/ru\/wp-json\/wp\/v2\/types\/product"}],"replies":[{"embeddable":true,"href":"https:\/\/emeniro.lovehorses.lv\/ru\/wp-json\/wp\/v2\/comments?post=43486"}],"wp:featuredmedia":[{"embeddable":true,"href":"https:\/\/emeniro.lovehorses.lv\/ru\/wp-json\/wp\/v2\/media\/43482"}],"wp:attachment":[{"href":"https:\/\/emeniro.lovehorses.lv\/ru\/wp-json\/wp\/v2\/media?parent=43486"}],"wp:term":[{"taxonomy":"product_brand","embeddable":true,"href":"https:\/\/emeniro.lovehorses.lv\/ru\/wp-json\/wp\/v2\/product_brand?post=43486"},{"taxonomy":"product_cat","embeddable":true,"href":"https:\/\/emeniro.lovehorses.lv\/ru\/wp-json\/wp\/v2\/product_cat?post=43486"},{"taxonomy":"product_tag","embeddable":true,"href":"https:\/\/emeniro.lovehorses.lv\/ru\/wp-json\/wp\/v2\/product_tag?post=43486"}],"curies":[{"name":"wp","href":"https:\/\/api.w.org\/{rel}","templated":true}]}}