{"id":43525,"date":"2026-05-01T07:02:54","date_gmt":"2026-05-01T07:02:54","guid":{"rendered":"https:\/\/emeniro.lovehorses.lv\/product\/gorenje-sih3000rbc\/"},"modified":"2026-05-01T07:02:54","modified_gmt":"2026-05-01T07:02:54","slug":"gorenje-sih3000rbc","status":"publish","type":"product","link":"https:\/\/emeniro.lovehorses.lv\/ru\/product\/gorenje-sih3000rbc\/","title":{"rendered":"Gorenje SIH3000RBC"},"content":{"rendered":"<table width=\"70%\">\n<tr>\n<td>\n<table class=\"spec\">\n<tr class=\"odd\">\n<td class=\"specleft\">\u041e\u0441\u043e\u0431\u044b\u0435 \u0445\u0430\u0440\u0430\u043a\u0442\u0435\u0440\u0438\u0441\u0442\u0438\u043a\u0438<\/td>\n<td class=\"specright\">T\u00f5hus katlakivi eemaldav s\u00fcsteem, automaante v\u00e4ljal\u00fclitus, p\u00f6\u00f6ratav toitejuhe<\/td>\n<\/tr>\n<tr class=\"even\">\n<td class=\"specleft\">Automatic shut-off<\/td>\n<td class=\"specright\">+<\/td>\n<\/tr>\n<tr class=\"odd\">\n<td class=\"specleft\">\u0426\u0432\u0435\u0442<\/td>\n<td class=\"specright\">Red<\/td>\n<\/tr>\n<tr class=\"even\">\n<td class=\"specleft\">Continuos steam (g\/min)<\/td>\n<td class=\"specright\">40<\/td>\n<\/tr>\n<tr class=\"odd\">\n<td class=\"specleft\">Drip stop<\/td>\n<td class=\"specright\">+<\/td>\n<\/tr>\n<tr class=\"even\">\n<td class=\"specleft\">\u0412\u0435\u0441 \u0431\u0440\u0443\u0442\u0442\u043e (\u0432\u0435\u0441 \u0443\u043f\u0430\u043a\u043e\u0432\u043a\u0438 \u043a\u0433)<\/td>\n<td class=\"specright\">1,8<\/td>\n<\/tr>\n<tr class=\"odd\">\n<td class=\"specleft\">Handle type<\/td>\n<td class=\"specright\">Closed<\/td>\n<\/tr>\n<tr class=\"even\">\n<td class=\"specleft\">Length electrical cord (m)<\/td>\n<td class=\"specright\">2,5<\/td>\n<\/tr>\n<tr class=\"odd\">\n<td class=\"specleft\">Jauda (W)<\/td>\n<td class=\"specright\">3000<\/td>\n<\/tr>\n<tr class=\"even\">\n<td class=\"specleft\">Soleplate<\/td>\n<td class=\"specright\">Keraamiline<\/td>\n<\/tr>\n<tr class=\"odd\">\n<td class=\"specleft\">Steam boost (g\/min)<\/td>\n<td class=\"specright\">250<\/td>\n<\/tr>\n<tr class=\"even\">\n<td class=\"specleft\">\u0422\u0438\u043f<\/td>\n<td class=\"specright\">Irons<\/td>\n<\/tr>\n<tr class=\"odd\">\n<td class=\"specleft\">Water container capacity (ml)<\/td>\n<td class=\"specright\">350<\/td>\n<\/tr>\n<tr class=\"even\">\n<td class=\"specleft\">Svars (kg)<\/td>\n<td class=\"specright\">1,6<\/td>\n<\/tr>\n<\/table>\n<\/td>\n<\/tr>\n<\/table>","protected":false},"excerpt":{"rendered":"<p>Special features T\u00f5hus katlakivi eemaldav s\u00fcsteem, automaante v\u00e4ljal\u00fclitus, p\u00f6\u00f6ratav toitejuhe Automatic shut-off + Color Red Continuos steam (g\/min) 40 Drip stop + Gross weight (package kg) 1,8 Handle type Closed Length electrical cord (m) 2,5 Jauda (W) 3000 Soleplate Keraamiline Steam boost (g\/min) 250 Type Irons Water container capacity (ml) 350 Svars (kg) 1,6<\/p>","protected":false},"featured_media":43520,"comment_status":"open","ping_status":"closed","template":"","meta":[],"product_brand":[271],"product_cat":[306],"product_tag":[],"class_list":{"0":"post-43525","1":"product","2":"type-product","3":"status-publish","4":"has-post-thumbnail","6":"product_brand-gorenje","7":"product_cat-maza-sadzives-tehnika-gludekli","9":"first","10":"instock","11":"shipping-taxable","12":"purchasable","13":"product-type-simple"},"_links":{"self":[{"href":"https:\/\/emeniro.lovehorses.lv\/ru\/wp-json\/wp\/v2\/product\/43525","targetHints":{"allow":["GET"]}}],"collection":[{"href":"https:\/\/emeniro.lovehorses.lv\/ru\/wp-json\/wp\/v2\/product"}],"about":[{"href":"https:\/\/emeniro.lovehorses.lv\/ru\/wp-json\/wp\/v2\/types\/product"}],"replies":[{"embeddable":true,"href":"https:\/\/emeniro.lovehorses.lv\/ru\/wp-json\/wp\/v2\/comments?post=43525"}],"wp:featuredmedia":[{"embeddable":true,"href":"https:\/\/emeniro.lovehorses.lv\/ru\/wp-json\/wp\/v2\/media\/43520"}],"wp:attachment":[{"href":"https:\/\/emeniro.lovehorses.lv\/ru\/wp-json\/wp\/v2\/media?parent=43525"}],"wp:term":[{"taxonomy":"product_brand","embeddable":true,"href":"https:\/\/emeniro.lovehorses.lv\/ru\/wp-json\/wp\/v2\/product_brand?post=43525"},{"taxonomy":"product_cat","embeddable":true,"href":"https:\/\/emeniro.lovehorses.lv\/ru\/wp-json\/wp\/v2\/product_cat?post=43525"},{"taxonomy":"product_tag","embeddable":true,"href":"https:\/\/emeniro.lovehorses.lv\/ru\/wp-json\/wp\/v2\/product_tag?post=43525"}],"curies":[{"name":"wp","href":"https:\/\/api.w.org\/{rel}","templated":true}]}}