{"id":43684,"date":"2026-05-01T07:08:13","date_gmt":"2026-05-01T07:08:13","guid":{"rendered":"https:\/\/emeniro.lovehorses.lv\/product\/bosch-bbs711anm-2\/"},"modified":"2026-05-01T07:08:13","modified_gmt":"2026-05-01T07:08:13","slug":"bosch-bbs711anm-2","status":"publish","type":"product","link":"https:\/\/emeniro.lovehorses.lv\/ru\/product\/bosch-bbs711anm-2\/","title":{"rendered":"Bosch BBS711ANM"},"content":{"rendered":"<table width=\"70%\">\n<tr>\n<td>\n<table class=\"spec\">\n<tr class=\"odd\">\n<td class=\"specleft\">\u041e\u0441\u043e\u0431\u044b\u0435 \u0445\u0430\u0440\u0430\u043a\u0442\u0435\u0440\u0438\u0441\u0442\u0438\u043a\u0438<\/td>\n<td class=\"specright\">RotationClean \u2013 \u0444\u0438\u043b\u044c\u0442\u0440 \u043c\u043e\u0436\u043d\u043e \u0431\u044b\u0441\u0442\u0440\u043e \u0438 \u0443\u0434\u043e\u0431\u043d\u043e \u043e\u0447\u0438\u0441\u0442\u0438\u0442\u044c \u0431\u0435\u0437 \u043c\u044b\u0442\u044c\u044f. \u041f\u0440\u043e\u0434\u043b\u0451\u043d\u043d\u043e\u0435 \u0432\u0440\u0435\u043c\u044f \u0440\u0430\u0431\u043e\u0442\u044b \u2013 \u0441\u043c\u0435\u043d\u043d\u044b\u0439 \u0430\u043a\u043a\u0443\u043c\u0443\u043b\u044f\u0442\u043e\u0440 \u043f\u043e\u0437\u0432\u043e\u043b\u044f\u0435\u0442 \u043f\u0440\u0438 \u043d\u0435\u043e\u0431\u0445\u043e\u0434\u0438\u043c\u043e\u0441\u0442\u0438 \u0443\u0432\u0435\u043b\u0438\u0447\u0438\u0442\u044c \u0432\u0440\u0435\u043c\u044f \u0440\u0430\u0431\u043e\u0442\u044b. Power For All Alliance \u2013 \u0430\u043a\u043a\u0443\u043c\u0443\u043b\u044f\u0442\u043e\u0440 \u0441\u043e\u0432\u043c\u0435\u0441\u0442\u0438\u043c \u0441\u043e \u043c\u043d\u043e\u0433\u0438\u043c\u0438 \u043f\u0440\u043e\u0434\u0443\u043a\u0442\u0430\u043c\u0438 Bosch \u0438 \u0434\u0440\u0443\u0433\u0438\u0445 \u0431\u0440\u0435\u043d\u0434\u043e\u0432.<\/td>\n<\/tr>\n<tr class=\"even\">\n<td class=\"specleft\">\u0412\u0440\u0435\u043c\u044f \u0437\u0430\u0440\u044f\u0434\u043a\u0438 (\u0447)<\/td>\n<td class=\"specright\">5<\/td>\n<\/tr>\n<tr class=\"odd\">\n<td class=\"specleft\">\u0426\u0432\u0435\u0442<\/td>\n<td class=\"specright\">\u041a\u0440\u0430\u0441\u043d\u044b\u0439<\/td>\n<\/tr>\n<tr class=\"even\">\n<td class=\"specleft\">\u0413\u043b\u0443\u0431\u0438\u043d\u0430 (\u0441\u043c)<\/td>\n<td class=\"specright\">20,4<\/td>\n<\/tr>\n<tr class=\"odd\">\n<td class=\"specleft\">\u041e\u0431\u044a\u0435\u043c \u043a\u043e\u043d\u0442\u0435\u0439\u043d\u0435\u0440\u0430 \u0434\u043b\u044f \u043f\u044b\u043b\u0438 (\u043b)<\/td>\n<td class=\"specright\">0,3<\/td>\n<\/tr>\n<tr class=\"even\">\n<td class=\"specleft\">\u0412\u044b\u0441\u043e\u0442\u0430 (\u0441\u043c)<\/td>\n<td class=\"specright\">131,5<\/td>\n<\/tr>\n<tr class=\"odd\">\n<td class=\"specleft\">\u0423\u0440\u043e\u0432\u0435\u043d\u044c \u0448\u0443\u043c\u0430 (\u0434\u0411)<\/td>\n<td class=\"specright\">82<\/td>\n<\/tr>\n<tr class=\"even\">\n<td class=\"specleft\">\u0412\u0440\u0435\u043c\u044f \u0440\u0430\u0431\u043e\u0442\u044b (\u043c\u0438\u043d)<\/td>\n<td class=\"specright\">40<\/td>\n<\/tr>\n<tr class=\"odd\">\n<td class=\"specleft\">\u0420\u0435\u0433\u0443\u043b\u044f\u0442\u043e\u0440 \u043c\u043e\u0449\u043d\u043e\u0441\u0442\u0438<\/td>\n<td class=\"specright\">+<\/td>\n<\/tr>\n<tr class=\"even\">\n<td class=\"specleft\">\u0418\u0441\u0442\u043e\u0447\u043d\u0438\u043a \u043f\u0438\u0442\u0430\u043d\u0438\u044f<\/td>\n<td class=\"specright\">\u0411\u0430\u0442\u0430\u0440\u0435\u044f<\/td>\n<\/tr>\n<tr class=\"odd\">\n<td class=\"specleft\">\u0422\u0435\u043b\u0435\u0441\u043a\u043e\u043f\u0438\u0447\u0435\u0441\u043a\u0430\u044f \u0442\u0440\u0443\u0431\u043a\u0430<\/td>\n<td class=\"specright\">+<\/td>\n<\/tr>\n<tr class=\"even\">\n<td class=\"specleft\">\u0422\u0438\u043f \u043f\u044b\u043b\u0435\u0441\u043e\u0441\u0430<\/td>\n<td class=\"specright\">\u041f\u043b\u0430\u0441\u0442\u0438\u043a\u043e\u0432\u044b\u0439 \u043a\u043e\u043d\u0442\u0435\u0439\u043d\u0435\u0440 \u0434\u043b\u044f \u043f\u044b\u043b\u0438<\/td>\n<\/tr>\n<tr class=\"odd\">\n<td class=\"specleft\">\u0412\u0435\u0441 (\u043a\u0433)<\/td>\n<td class=\"specright\">2,9<\/td>\n<\/tr>\n<tr class=\"even\">\n<td class=\"specleft\">\u0428\u0438\u0440\u0438\u043d\u0430(\u0441\u043c)<\/td>\n<td class=\"specright\">25,2<\/td>\n<\/tr>\n<\/table>\n<\/td>\n<\/tr>\n<\/table>","protected":false},"excerpt":{"rendered":"<p>Special features RotationClean \u2013 filtrit saab puhastada kiiresti ja mugavalt ilma seda pesemata.Pikendatud t\u00f6\u00f6aeg\u2013vahetatav aku v\u00f5imaldab vajaduse korral t\u00f6\u00f6aega pikendada. Power For All Alliance\u2013aku \u00fchildub paljude Boschi ja teiste kaubam\u00e4rkide toodetega. Charging time (h) 5 Color Red Depth (cm) 20,4 Dust Container measure (l) 0,3 Height (cm) 131,5 Noise level (dB) 82 Operation time (min) [&hellip;]<\/p>\n","protected":false},"featured_media":43679,"comment_status":"open","ping_status":"closed","template":"","meta":{"_joinchat":[]},"product_brand":[281],"product_cat":[282],"product_tag":[],"class_list":{"0":"post-43684","1":"product","2":"type-product","3":"status-publish","4":"has-post-thumbnail","6":"product_brand-bosch","7":"product_cat-sadzives-tehnika-puteklu-suceji","9":"first","10":"instock","11":"shipping-taxable","12":"purchasable","13":"product-type-simple"},"_links":{"self":[{"href":"https:\/\/emeniro.lovehorses.lv\/ru\/wp-json\/wp\/v2\/product\/43684","targetHints":{"allow":["GET"]}}],"collection":[{"href":"https:\/\/emeniro.lovehorses.lv\/ru\/wp-json\/wp\/v2\/product"}],"about":[{"href":"https:\/\/emeniro.lovehorses.lv\/ru\/wp-json\/wp\/v2\/types\/product"}],"replies":[{"embeddable":true,"href":"https:\/\/emeniro.lovehorses.lv\/ru\/wp-json\/wp\/v2\/comments?post=43684"}],"wp:featuredmedia":[{"embeddable":true,"href":"https:\/\/emeniro.lovehorses.lv\/ru\/wp-json\/wp\/v2\/media\/43679"}],"wp:attachment":[{"href":"https:\/\/emeniro.lovehorses.lv\/ru\/wp-json\/wp\/v2\/media?parent=43684"}],"wp:term":[{"taxonomy":"product_brand","embeddable":true,"href":"https:\/\/emeniro.lovehorses.lv\/ru\/wp-json\/wp\/v2\/product_brand?post=43684"},{"taxonomy":"product_cat","embeddable":true,"href":"https:\/\/emeniro.lovehorses.lv\/ru\/wp-json\/wp\/v2\/product_cat?post=43684"},{"taxonomy":"product_tag","embeddable":true,"href":"https:\/\/emeniro.lovehorses.lv\/ru\/wp-json\/wp\/v2\/product_tag?post=43684"}],"curies":[{"name":"wp","href":"https:\/\/api.w.org\/{rel}","templated":true}]}}