{"id":44421,"date":"2026-05-01T07:34:30","date_gmt":"2026-05-01T07:34:30","guid":{"rendered":"https:\/\/emeniro.lovehorses.lv\/product\/samsung-ar12cxcaawkneu\/"},"modified":"2026-05-01T07:34:30","modified_gmt":"2026-05-01T07:34:30","slug":"samsung-ar12cxcaawkneu","status":"publish","type":"product","link":"https:\/\/emeniro.lovehorses.lv\/ru\/product\/samsung-ar12cxcaawkneu\/","title":{"rendered":"SAMSUNG AR12CXCAAWKNEU"},"content":{"rendered":"<p>Ra\u017eot\u0101js\u00a0\u00a0\u00a0\u00a0 Samsung<\/p>\n<p>Produkta kategorija\u00a0\u00a0\u00a0\u00a0 Kondicionieri<br \/>Kr\u0101sa\u00a0\u00a0\u00a0\u00a0 Balts<br \/>Garantijas laiks\u00a0\u00a0\u00a0\u00a0 36 m\u0113n.<br \/>Instal\u0101cijas veids \u2013\u00a0\u00a0\u00a0\u00a0 Siena<br \/>Komplekt\u0101 vad\u012bbas panelis\u00a0\u00a0\u00a0\u00a0 J\u0101<br \/>Integr\u0113ts sildelements\u00a0\u00a0\u00a0\u00a0 N\u0113<br \/>Integr\u0113ta vad\u012bba pa t\u0101lruni\u00a0\u00a0\u00a0\u00a0 J\u0101<br \/>Dzes\u0113\u0161anas jauda\u00a0\u00a0\u00a0\u00a0 3,5<br \/>Sild\u012b\u0161anas jauda\u00a0\u00a0\u00a0\u00a0 4<br \/>Integr\u0113ta wi-fi vad\u012bba\u00a0\u00a0\u00a0\u00a0 J\u0101<br \/>Oper\u0101cijas veids\u00a0\u00a0\u00a0\u00a0 \u2013<br \/>Elektrisk\u0101 str\u0101va\u00a0\u00a0\u00a0\u00a0 Vienf\u0101ze<br \/>Trok\u0161\u0146a l\u012bmenis dB\u00a0\u00a0\u00a0\u00a0 19<br \/>Papildu funkcijas\u00a0\u00a0\u00a0\u00a0 Hiljainen toiminta, Lietotne SmartThings, Wind-Free Cooling<br \/>Ener\u0123ijas klase\u00a0\u00a0\u00a0\u00a0 A + + +<br \/>Tips\u00a0\u00a0\u00a0\u00a0 Iek\u0161telpu vien\u012bba<\/p><\/p>","protected":false},"excerpt":{"rendered":"<p>Ra\u017eot\u0101js\u00a0\u00a0\u00a0\u00a0 Samsung Produkta kategorija\u00a0\u00a0\u00a0\u00a0 KondicionieriKr\u0101sa\u00a0\u00a0\u00a0\u00a0 BaltsGarantijas laiks\u00a0\u00a0\u00a0\u00a0 36 m\u0113n.Instal\u0101cijas veids \u2013\u00a0\u00a0\u00a0\u00a0 SienaKomplekt\u0101 vad\u012bbas panelis\u00a0\u00a0\u00a0\u00a0 J\u0101Integr\u0113ts sildelements\u00a0\u00a0\u00a0\u00a0 N\u0113Integr\u0113ta vad\u012bba pa t\u0101lruni\u00a0\u00a0\u00a0\u00a0 J\u0101Dzes\u0113\u0161anas jauda\u00a0\u00a0\u00a0\u00a0 3,5Sild\u012b\u0161anas jauda\u00a0\u00a0\u00a0\u00a0 4Integr\u0113ta wi-fi vad\u012bba\u00a0\u00a0\u00a0\u00a0 J\u0101Oper\u0101cijas veids\u00a0\u00a0\u00a0\u00a0 \u2013Elektrisk\u0101 str\u0101va\u00a0\u00a0\u00a0\u00a0 Vienf\u0101zeTrok\u0161\u0146a l\u012bmenis dB\u00a0\u00a0\u00a0\u00a0 19Papildu funkcijas\u00a0\u00a0\u00a0\u00a0 Hiljainen toiminta, Lietotne SmartThings, Wind-Free CoolingEner\u0123ijas klase\u00a0\u00a0\u00a0\u00a0 A + + +Tips\u00a0\u00a0\u00a0\u00a0 Iek\u0161telpu vien\u012bba<\/p>","protected":false},"featured_media":44416,"comment_status":"open","ping_status":"closed","template":"","meta":[],"product_brand":[139],"product_cat":[316],"product_tag":[],"class_list":{"0":"post-44421","1":"product","2":"type-product","3":"status-publish","4":"has-post-thumbnail","6":"product_brand-samsung","7":"product_cat-siltumtehnika-kondicionieri","9":"first","10":"instock","11":"shipping-taxable","12":"purchasable","13":"product-type-simple"},"_links":{"self":[{"href":"https:\/\/emeniro.lovehorses.lv\/ru\/wp-json\/wp\/v2\/product\/44421","targetHints":{"allow":["GET"]}}],"collection":[{"href":"https:\/\/emeniro.lovehorses.lv\/ru\/wp-json\/wp\/v2\/product"}],"about":[{"href":"https:\/\/emeniro.lovehorses.lv\/ru\/wp-json\/wp\/v2\/types\/product"}],"replies":[{"embeddable":true,"href":"https:\/\/emeniro.lovehorses.lv\/ru\/wp-json\/wp\/v2\/comments?post=44421"}],"wp:featuredmedia":[{"embeddable":true,"href":"https:\/\/emeniro.lovehorses.lv\/ru\/wp-json\/wp\/v2\/media\/44416"}],"wp:attachment":[{"href":"https:\/\/emeniro.lovehorses.lv\/ru\/wp-json\/wp\/v2\/media?parent=44421"}],"wp:term":[{"taxonomy":"product_brand","embeddable":true,"href":"https:\/\/emeniro.lovehorses.lv\/ru\/wp-json\/wp\/v2\/product_brand?post=44421"},{"taxonomy":"product_cat","embeddable":true,"href":"https:\/\/emeniro.lovehorses.lv\/ru\/wp-json\/wp\/v2\/product_cat?post=44421"},{"taxonomy":"product_tag","embeddable":true,"href":"https:\/\/emeniro.lovehorses.lv\/ru\/wp-json\/wp\/v2\/product_tag?post=44421"}],"curies":[{"name":"wp","href":"https:\/\/api.w.org\/{rel}","templated":true}]}}