{"id":44510,"date":"2026-05-01T07:37:07","date_gmt":"2026-05-01T07:37:07","guid":{"rendered":"https:\/\/emeniro.lovehorses.lv\/product\/schlosser-pgh4511bffd\/"},"modified":"2026-05-01T07:37:07","modified_gmt":"2026-05-01T07:37:07","slug":"schlosser-pgh4511bffd","status":"publish","type":"product","link":"https:\/\/emeniro.lovehorses.lv\/ru\/product\/schlosser-pgh4511bffd\/","title":{"rendered":"Schlosser PGH4511BFFD"},"content":{"rendered":"<\/p>\n<p>\u0422\u043e\u0440\u0433\u043e\u0432\u0430\u044f \u043c\u0430\u0440\u043a\u0430 Schlosser<br \/>\u0426\u0432\u0435\u0442 \u0427\u0435\u0440\u043d\u044b\u0439<br \/>\u041a\u043e\u043b\u0438\u0447\u0435\u0441\u0442\u0432\u043e \u0433\u0430\u0437\u043e\u0432\u044b\u0445 \u043a\u043e\u043d\u0444\u043e\u0440\u043e\u043a 3<br \/>\u042d\u043b\u0435\u043a\u0442\u0440\u043e\u043d\u043d\u0430\u044f \u0440\u043e\u0437\u0436\u0438\u0433 \u0415\u0441\u0442\u044c<br \/>\u0420\u0430\u0437\u043c\u0435\u0440\u044b, \u0432\u0435\u0441<br \/>Izm\u0113ri, cm 45\u00d752<br \/>\u0414\u0440\u0443\u0433\u0438\u0435 \u043f\u0430\u0440\u0430\u043c\u0435\u0442\u0440\u044b<br \/>\u0420\u0435\u0448\u0435\u0442\u043a\u0438 \u0427\u0443\u0433\u0443\u043d\u043d\u044b\u0435<br \/>\u0423\u043f\u0440\u0430\u0432\u043b\u0435\u043d\u0438\u0435 \u041c\u0435\u0445\u0430\u043d\u0438\u0447\u0435\u0441\u043a\u043e\u0435<\/p>","protected":false},"excerpt":{"rendered":"<p>Pre\u010du z\u012bme SchlosserKr\u0101sa MelnaG\u0101zes deg\u013cu skaits 3Elektrisk\u0101 aizdedze IrIzm\u0113ri, svarsIzm\u0113ri, cm 45\u00d752Citi parametriRestes \u010cugunaVad\u012bba Meh\u0101niska<\/p>","protected":false},"featured_media":44508,"comment_status":"open","ping_status":"closed","template":"","meta":{"_joinchat":[]},"product_brand":[],"product_cat":[268],"product_tag":[],"class_list":{"0":"post-44510","1":"product","2":"type-product","3":"status-publish","4":"has-post-thumbnail","6":"product_cat-iebuvejama-sadzives-tehnika-iebuvejamas-gazes-plits-virsmas","8":"first","9":"instock","10":"shipping-taxable","11":"purchasable","12":"product-type-simple"},"_links":{"self":[{"href":"https:\/\/emeniro.lovehorses.lv\/ru\/wp-json\/wp\/v2\/product\/44510","targetHints":{"allow":["GET"]}}],"collection":[{"href":"https:\/\/emeniro.lovehorses.lv\/ru\/wp-json\/wp\/v2\/product"}],"about":[{"href":"https:\/\/emeniro.lovehorses.lv\/ru\/wp-json\/wp\/v2\/types\/product"}],"replies":[{"embeddable":true,"href":"https:\/\/emeniro.lovehorses.lv\/ru\/wp-json\/wp\/v2\/comments?post=44510"}],"wp:featuredmedia":[{"embeddable":true,"href":"https:\/\/emeniro.lovehorses.lv\/ru\/wp-json\/wp\/v2\/media\/44508"}],"wp:attachment":[{"href":"https:\/\/emeniro.lovehorses.lv\/ru\/wp-json\/wp\/v2\/media?parent=44510"}],"wp:term":[{"taxonomy":"product_brand","embeddable":true,"href":"https:\/\/emeniro.lovehorses.lv\/ru\/wp-json\/wp\/v2\/product_brand?post=44510"},{"taxonomy":"product_cat","embeddable":true,"href":"https:\/\/emeniro.lovehorses.lv\/ru\/wp-json\/wp\/v2\/product_cat?post=44510"},{"taxonomy":"product_tag","embeddable":true,"href":"https:\/\/emeniro.lovehorses.lv\/ru\/wp-json\/wp\/v2\/product_tag?post=44510"}],"curies":[{"name":"wp","href":"https:\/\/api.w.org\/{rel}","templated":true}]}}