{"id":44582,"date":"2026-05-01T07:39:19","date_gmt":"2026-05-01T07:39:19","guid":{"rendered":"https:\/\/emeniro.lovehorses.lv\/product\/makita-duh523z\/"},"modified":"2026-05-01T07:39:19","modified_gmt":"2026-05-01T07:39:19","slug":"makita-duh523z","status":"publish","type":"product","link":"https:\/\/emeniro.lovehorses.lv\/ru\/product\/makita-duh523z\/","title":{"rendered":"Makita DUH523Z"},"content":{"rendered":"<p>\u0425\u0430\u0440\u0430\u043a\u0442\u0435\u0440\u0438\u0441\u0442\u0438\u043a\u0438<\/p>\n<p>\u0410\u043a\u043a\u0443\u043c\u0443\u043b\u044f\u0442\u043e\u0440\u043d\u0430\u044f \u0441\u0438\u0441\u0442\u0435\u043c\u0430: 18V LXT \u00ae<br \/>\u0414\u043b\u0438\u043d\u0430 \u043b\u0435\u0437\u0432\u0438\u044f (\u043c\u043c): 520<br \/>\u041d\u0430\u043f\u0440\u044f\u0436\u0435\u043d\u0438\u0435 \u043f\u0438\u0442\u0430\u043d\u0438\u044f (\u0412): 18<br \/>\u0421\u043a\u043e\u0440\u043e\u0441\u0442\u044c \u043d\u0430 \u0445\u043e\u043b\u043e\u0441\u0442\u043e\u043c \u0445\u043e\u0434\u0443 (\u043c\u0438\u043d-1): 2700<br \/>\u0412\u0440\u0435\u043c\u044f \u0440\u0430\u0431\u043e\u0442\u044b \u043f\u0440\u0438 \u043f\u043e\u043b\u043d\u043e\u0439 \u0437\u0430\u0440\u044f\u0434\u043a\u0435 (\u043c\u0438\u043d): 75 (3.0Ah)<br \/>\u041c\u0430\u043a\u0441\u0438\u043c\u0430\u043b\u044c\u043d\u0430\u044f \u0433\u043b\u0443\u0431\u0438\u043d\u0430 \u0440\u0435\u0437\u0430 \u043f\u043e \u0434\u0435\u0440\u0435\u0432\u0443 (\u043c\u043c): 15<br \/>\u041f\u0440\u043e\u0438\u0437\u0432\u043e\u0434\u0438\u0442\u0435\u043b\u044c: Makita<br \/>\u0423\u0440\u043e\u0432\u0435\u043d\u044c \u0437\u0432\u0443\u043a\u043e\u0432\u043e\u0439 \u043c\u043e\u0449\u043d\u043e\u0441\u0442\u0438 (Lwa)(\u0434\u0411(\u0410)): 84.3<br \/>\u041a\u043e\u044d\u0444\u0444\u0438\u0446\u0438\u0435\u043d\u0442 \u043f\u043e\u0433\u0440\u0435\u0448\u043d\u043e\u0441\u0442\u0438 \u0443\u0440\u043e\u0432\u043d\u044f \u0437\u0432\u0443\u043a\u0430 (\u0434\u0411(\u0410)): 2.5<br \/>\u0423\u0440\u043e\u0432\u0435\u043d\u044c \u0437\u0432\u0443\u043a\u043e\u0432\u043e\u0433\u043e \u0434\u0430\u0432\u043b\u0435\u043d\u0438\u044f (Lpa)(\u0434\u0411(\u0410)): 77<br \/>Svars kop\u0101 ar akum. \u2013 EPTA (kg): 3.0 \u2013 3.4<br \/>\u041a\u043e\u044d\u0444\u0444\u0438\u0446\u0438\u0435\u043d\u0442 \u043f\u043e\u0433\u0440\u0435\u0448\u043d\u043e\u0441\u0442\u0438 \u0432\u0438\u0431\u0440\u0430\u0446\u0438\u0438 (\u043c\/\u0441\u00b2): 1,5<br \/>Vibr\u0101ciju l\u012bmenis (m\/s\u00b2): < 2.5<br \/>\u041e\u043f\u0438\u0441\u0430\u043d\u0438\u0435 \u0442\u043e\u0432\u0430\u0440\u0430<\/p>\n<p>Bez akumulatora un bez uzl\u0101des iek\u0101rtas \u2013 Z versija.<br \/>\u041a\u043e\u043c\u043f\u0430\u043a\u0442\u043d\u044b\u0435 \u043d\u043e\u0436\u043d\u0438\u0446\u044b \u0434\u043b\u044f \u0436\u0438\u0432\u043e\u0439 \u0438\u0437\u0433\u043e\u0440\u043e\u0434\u0438 \u0434\u043b\u044f \u0434\u043e\u043c\u0430\u0448\u043d\u0435\u0433\u043e \u0438\u0441\u043f\u043e\u043b\u044c\u0437\u043e\u0432\u0430\u043d\u0438\u044f.<br \/>\u0410\u043a\u043a\u0443\u043c\u0443\u043b\u044f\u0442\u043e\u0440\u043d\u044b\u0439 \u0442\u0440\u0438\u043c\u043c\u0435\u0440 \u0434\u043b\u044f \u0436\u0438\u0432\u043e\u0439 \u0438\u0437\u0433\u043e\u0440\u043e\u0434\u0438 \u0441 \u043b\u0435\u0437\u0432\u0438\u0435\u043c 520 \u043c\u043c \u0434\u043b\u044f \u0441\u0430\u0434\u043e\u0432\u044b\u0445 \u0440\u0430\u0431\u043e\u0442.<br \/>\u0414\u0432\u0443\u0445\u0440\u0443\u0447\u043a\u043e\u0432\u044b\u0435 \u043f\u0440\u0435\u0434\u043e\u0445\u0440\u0430\u043d\u0438\u0442\u0435\u043b\u044c\u043d\u044b\u0435 \u0432\u044b\u043a\u043b\u044e\u0447\u0430\u0442\u0435\u043b\u0438 \u0434\u043b\u044f \u0434\u043e\u043f\u043e\u043b\u043d\u0438\u0442\u0435\u043b\u044c\u043d\u043e\u0439 \u0431\u0435\u0437\u043e\u043f\u0430\u0441\u043d\u043e\u0441\u0442\u0438.<br \/>\u041d\u0438\u0437\u043a\u0438\u0439 \u0443\u0440\u043e\u0432\u0435\u043d\u044c \u0448\u0443\u043c\u0430.<br \/>\u041a\u043e\u0440\u043f\u0443\u0441 \u0441 \u0441\u0438\u0441\u0442\u0435\u043c\u043e\u0439 \u0433\u0430\u0448\u0435\u043d\u0438\u044f \u0432\u0438\u0431\u0440\u0430\u0446\u0438\u0438.<br \/>\u041f\u0440\u0435\u0438\u043c\u0443\u0449\u0435\u0441\u0442\u0432\u0430 \u0434\u043b\u044f \u043f\u043e\u043b\u044c\u0437\u043e\u0432\u0430\u0442\u0435\u043b\u044f:<br \/>- \u0414\u043b\u0438\u043d\u043d\u043e\u0435 \u043b\u0435\u0437\u0432\u0438\u0435 \u0441 \u0434\u0432\u0443\u043d\u0430\u043f\u0440\u0430\u0432\u043b\u0435\u043d\u043d\u044b\u043c \u0440\u0435\u0437\u043e\u043c \u0438 \u0441\u043f\u0435\u0446\u0438\u0430\u043b\u044c\u043d\u043e\u0439 \u043f\u043e\u0432\u0435\u0440\u0445\u043d\u043e\u0441\u0442\u044c\u044e.<br \/>- \u0411\u0435\u0437\u043e\u043f\u0430\u0441\u043d\u0430\u044f \u0440\u0430\u0431\u043e\u0442\u0430 \u0431\u043b\u0430\u0433\u043e\u0434\u0430\u0440\u044f \u0431\u044b\u0441\u0442\u0440\u043e\u043c\u0443 \u0442\u043e\u0440\u043c\u043e\u0436\u0435\u043d\u0438\u044e \u043b\u0435\u0437\u0432\u0438\u044f.<br \/>- \u0418\u043d\u0434\u0438\u043a\u0430\u0442\u043e\u0440 \u043d\u0438\u0437\u043a\u043e\u0433\u043e \u0443\u0440\u043e\u0432\u043d\u044f \u0437\u0430\u0440\u044f\u0434\u0430 \u0430\u043a\u043a\u0443\u043c\u0443\u043b\u044f\u0442\u043e\u0440\u0430.<br \/>\u0412\u0440\u0435\u043c\u044f \u0440\u0430\u0431\u043e\u0442\u044b \u0441 \u0430\u043a\u043a\u0443\u043c\u0443\u043b\u044f\u0442\u043e\u0440\u043e\u043c 3,0 Ah \u2014 70 \u043c\u0438\u043d, \u0441 \u0430\u043a\u043a\u0443\u043c\u0443\u043b\u044f\u0442\u043e\u0440\u043e\u043c 1,3 Ah \u2014 30 \u043c\u0438\u043d.<\/p><\/p>","protected":false},"excerpt":{"rendered":"<p>Specifik\u0101cija Akumulatoru sist\u0113ma: 18V LXT \u00aeAsmens garums (mm): 520Baro\u0161anas spriegums (V): 18Br\u012bvgaitas \u0101trums (min-1): 2700Darba laiks ar pilnu uzl\u0101di (min): 75 (3.0Ah)Maksim\u0101l\u0101 grieztsp\u0113ja kok\u0101 (mm): 15Ra\u017eot\u0101js: MakitaSka\u0146as jaudas l\u012bmenis (Lwa)(dB(A)): 84.3Ska\u0146as l\u012bme\u0146a k\u013c\u016bdas koef. (dB(A)): 2.5Ska\u0146as spiediena l\u012bmenis (Lpa)(dB(A)): 77Svars kop\u0101 ar akum. \u2013 EPTA (kg): 3.0 \u2013 3.4Vibr\u0101ciju k\u013c\u016bdas koef. (m\/s\u00b2): 1,5Vibr\u0101ciju l\u012bmenis (m\/s\u00b2): [&hellip;]<\/p>\n","protected":false},"featured_media":44577,"comment_status":"open","ping_status":"closed","template":"","meta":{"_joinchat":[]},"product_brand":[],"product_cat":[328],"product_tag":[],"class_list":{"0":"post-44582","1":"product","2":"type-product","3":"status-publish","4":"has-post-thumbnail","6":"product_cat-darza-tehnika-dzivzogu-skeres","8":"first","9":"instock","10":"shipping-taxable","11":"purchasable","12":"product-type-simple"},"_links":{"self":[{"href":"https:\/\/emeniro.lovehorses.lv\/ru\/wp-json\/wp\/v2\/product\/44582","targetHints":{"allow":["GET"]}}],"collection":[{"href":"https:\/\/emeniro.lovehorses.lv\/ru\/wp-json\/wp\/v2\/product"}],"about":[{"href":"https:\/\/emeniro.lovehorses.lv\/ru\/wp-json\/wp\/v2\/types\/product"}],"replies":[{"embeddable":true,"href":"https:\/\/emeniro.lovehorses.lv\/ru\/wp-json\/wp\/v2\/comments?post=44582"}],"wp:featuredmedia":[{"embeddable":true,"href":"https:\/\/emeniro.lovehorses.lv\/ru\/wp-json\/wp\/v2\/media\/44577"}],"wp:attachment":[{"href":"https:\/\/emeniro.lovehorses.lv\/ru\/wp-json\/wp\/v2\/media?parent=44582"}],"wp:term":[{"taxonomy":"product_brand","embeddable":true,"href":"https:\/\/emeniro.lovehorses.lv\/ru\/wp-json\/wp\/v2\/product_brand?post=44582"},{"taxonomy":"product_cat","embeddable":true,"href":"https:\/\/emeniro.lovehorses.lv\/ru\/wp-json\/wp\/v2\/product_cat?post=44582"},{"taxonomy":"product_tag","embeddable":true,"href":"https:\/\/emeniro.lovehorses.lv\/ru\/wp-json\/wp\/v2\/product_tag?post=44582"}],"curies":[{"name":"wp","href":"https:\/\/api.w.org\/{rel}","templated":true}]}}