{"id":44677,"date":"2026-05-01T07:42:14","date_gmt":"2026-05-01T07:42:14","guid":{"rendered":"https:\/\/emeniro.lovehorses.lv\/product\/samsung-brb26705dww-177-5cm-iebuvejams\/"},"modified":"2026-05-01T07:42:14","modified_gmt":"2026-05-01T07:42:14","slug":"samsung-brb26705dww-177-5cm-iebuvejams","status":"publish","type":"product","link":"https:\/\/emeniro.lovehorses.lv\/ru\/product\/samsung-brb26705dww-177-5cm-iebuvejams\/","title":{"rendered":"Samsung BRB26705DWW 177.5\u0441\u043c \u0412\u0441\u0442\u0440\u0430\u0438\u0432\u0430\u0435\u043c\u044b\u0439!"},"content":{"rendered":"<p>SKU\u00a0\u00a0\u00a0\u00a0 HZSAMLK2DBRB268<\/p>\n<p>Sv\u012btrkods\u00a0\u00a0\u00a0\u00a0 8806092211308<br \/>Ener\u0123ijas mar\u0137\u0113jums\u00a0\u00a0\u00a0\u00a0 Pobierz<br \/>Tips\u00a0\u00a0\u00a0\u00a0 \u0112ka<br \/>B\u016bvniec\u012bba\u00a0\u00a0\u00a0\u00a0 apak\u0161\u0113j\u0101 sald\u0113tava<br \/>Sald\u0113tavas ietilp\u012bba\u00a0\u00a0\u00a0\u00a0 74<br \/>Sald\u0113\u0161anas jauda\u00a0\u00a0\u00a0\u00a0 190<br \/>sald\u0113tavas atkaus\u0113\u0161ana\u00a0\u00a0\u00a0\u00a0 autom\u0101tiski<br \/>ledusskapja atkaus\u0113\u0161ana\u00a0\u00a0\u00a0\u00a0 autom\u0101tiski<br \/>Sald\u0113\u0161anas jauda\u00a0\u00a0\u00a0\u00a0 6<br \/>Uzglab\u0101\u0161ana bez baro\u0161anas avota\u00a0\u00a0\u00a0\u00a0 6<br \/>tehnolo\u0123ija\u00a0\u00a0\u00a0\u00a0 Nav sala<br \/>funkcijas\u00a0\u00a0\u00a0\u00a0 Jauda Cool<br \/>funkcijas\u00a0\u00a0\u00a0\u00a0 Sv\u0113tki<br \/>funkcijas\u00a0\u00a0\u00a0\u00a0 svaigs \/ nulle<br \/>funkcijas\u00a0\u00a0\u00a0\u00a0 Atver durvis<br \/>funkcijas\u00a0\u00a0\u00a0\u00a0 Power Freeze<br \/>Kontrole\u00a0\u00a0\u00a0\u00a0 elektroniski<br \/>Displejs\/Vad\u012bbas panelis\u00a0\u00a0\u00a0\u00a0 j\u0101<br \/>Vien\u012bbu skaits\u00a0\u00a0\u00a0\u00a0 1<br \/>Troksnis\u00a0\u00a0\u00a0\u00a0 35<br \/>Ener\u0123ijas klase\u00a0\u00a0\u00a0\u00a0 D<br \/>Trok\u0161\u0146a klase\u00a0\u00a0\u00a0\u00a0 B<br \/>Kr\u0101sa\u00a0\u00a0\u00a0\u00a0 Nav piem\u0113rojams<br \/>Augstums\u00a0\u00a0\u00a0\u00a0 177.5<br \/>Platums\u00a0\u00a0\u00a0\u00a0 54<br \/>Dzi\u013cums\u00a0\u00a0\u00a0\u00a0 55<br \/>Svars\u00a0\u00a0\u00a0\u00a0 68<br \/>Apz\u012bm\u0113jums\u00a0\u00a0\u00a0\u00a0 CE+WEEE<\/p><\/p>","protected":false},"excerpt":{"rendered":"<p>SKU\u00a0\u00a0\u00a0\u00a0 HZSAMLK2DBRB268 Sv\u012btrkods\u00a0\u00a0\u00a0\u00a0 8806092211308Ener\u0123ijas mar\u0137\u0113jums\u00a0\u00a0\u00a0\u00a0 PobierzTips\u00a0\u00a0\u00a0\u00a0 \u0112kaB\u016bvniec\u012bba\u00a0\u00a0\u00a0\u00a0 apak\u0161\u0113j\u0101 sald\u0113tavaSald\u0113tavas ietilp\u012bba\u00a0\u00a0\u00a0\u00a0 74Sald\u0113\u0161anas jauda\u00a0\u00a0\u00a0\u00a0 190sald\u0113tavas atkaus\u0113\u0161ana\u00a0\u00a0\u00a0\u00a0 autom\u0101tiskiledusskapja atkaus\u0113\u0161ana\u00a0\u00a0\u00a0\u00a0 autom\u0101tiskiSald\u0113\u0161anas jauda\u00a0\u00a0\u00a0\u00a0 6Uzglab\u0101\u0161ana bez baro\u0161anas avota\u00a0\u00a0\u00a0\u00a0 6tehnolo\u0123ija\u00a0\u00a0\u00a0\u00a0 Nav salafunkcijas\u00a0\u00a0\u00a0\u00a0 Jauda Coolfunkcijas\u00a0\u00a0\u00a0\u00a0 Sv\u0113tkifunkcijas\u00a0\u00a0\u00a0\u00a0 svaigs \/ nullefunkcijas\u00a0\u00a0\u00a0\u00a0 Atver durvisfunkcijas\u00a0\u00a0\u00a0\u00a0 Power FreezeKontrole\u00a0\u00a0\u00a0\u00a0 elektroniskiDisplejs\/Vad\u012bbas panelis\u00a0\u00a0\u00a0\u00a0 j\u0101Vien\u012bbu skaits\u00a0\u00a0\u00a0\u00a0 1Troksnis\u00a0\u00a0\u00a0\u00a0 35Ener\u0123ijas klase\u00a0\u00a0\u00a0\u00a0 DTrok\u0161\u0146a klase\u00a0\u00a0\u00a0\u00a0 BKr\u0101sa\u00a0\u00a0\u00a0\u00a0 Nav piem\u0113rojamsAugstums\u00a0\u00a0\u00a0\u00a0 177.5Platums\u00a0\u00a0\u00a0\u00a0 54Dzi\u013cums\u00a0\u00a0\u00a0\u00a0 55Svars\u00a0\u00a0\u00a0\u00a0 68Apz\u012bm\u0113jums\u00a0\u00a0\u00a0\u00a0 CE+WEEE<\/p>","protected":false},"featured_media":44670,"comment_status":"open","ping_status":"closed","template":"","meta":{"_joinchat":[]},"product_brand":[139],"product_cat":[296],"product_tag":[],"class_list":{"0":"post-44677","1":"product","2":"type-product","3":"status-publish","4":"has-post-thumbnail","6":"product_brand-samsung","7":"product_cat-iebuvejama-sadzives-tehnika-iebuvejamie-ledusskapji","9":"first","10":"instock","11":"shipping-taxable","12":"purchasable","13":"product-type-simple"},"_links":{"self":[{"href":"https:\/\/emeniro.lovehorses.lv\/ru\/wp-json\/wp\/v2\/product\/44677","targetHints":{"allow":["GET"]}}],"collection":[{"href":"https:\/\/emeniro.lovehorses.lv\/ru\/wp-json\/wp\/v2\/product"}],"about":[{"href":"https:\/\/emeniro.lovehorses.lv\/ru\/wp-json\/wp\/v2\/types\/product"}],"replies":[{"embeddable":true,"href":"https:\/\/emeniro.lovehorses.lv\/ru\/wp-json\/wp\/v2\/comments?post=44677"}],"wp:featuredmedia":[{"embeddable":true,"href":"https:\/\/emeniro.lovehorses.lv\/ru\/wp-json\/wp\/v2\/media\/44670"}],"wp:attachment":[{"href":"https:\/\/emeniro.lovehorses.lv\/ru\/wp-json\/wp\/v2\/media?parent=44677"}],"wp:term":[{"taxonomy":"product_brand","embeddable":true,"href":"https:\/\/emeniro.lovehorses.lv\/ru\/wp-json\/wp\/v2\/product_brand?post=44677"},{"taxonomy":"product_cat","embeddable":true,"href":"https:\/\/emeniro.lovehorses.lv\/ru\/wp-json\/wp\/v2\/product_cat?post=44677"},{"taxonomy":"product_tag","embeddable":true,"href":"https:\/\/emeniro.lovehorses.lv\/ru\/wp-json\/wp\/v2\/product_tag?post=44677"}],"curies":[{"name":"wp","href":"https:\/\/api.w.org\/{rel}","templated":true}]}}