{"id":44701,"date":"2026-05-01T07:42:56","date_gmt":"2026-05-01T07:42:56","guid":{"rendered":"https:\/\/emeniro.lovehorses.lv\/product\/candy-tca283dr2-s-8kg-41cm\/"},"modified":"2026-05-01T07:42:56","modified_gmt":"2026-05-01T07:42:56","slug":"candy-tca283dr2-s-8kg-41cm","status":"publish","type":"product","link":"https:\/\/emeniro.lovehorses.lv\/ru\/product\/candy-tca283dr2-s-8kg-41cm\/","title":{"rendered":"Candy TCA283DR2-S 8kg , 41cm"},"content":{"rendered":"<p>Produkta veids Ve\u013cas ma\u0161\u012bnas<\/p>\n<p>Z\u012bmols Candy<br \/>Modelis TCA283D2-S<br \/>Kr\u0101sa Sudraba kr\u0101s.<br \/>Ener\u0123ijas un \u016bdens pat\u0113ri\u0146\u0161<br \/>Ve\u013cas ietilp\u012bba 8 kg<br \/>\u041a\u043b\u0430\u0441\u0441 \u044d\u043d\u0435\u0440\u0433\u043e\u043f\u043e\u0442\u0440\u0435\u0431\u043b\u0435\u043d\u0438\u044f D<br \/>Energoefektivit\u0101tes kla\u0161u skala A \u2013 G<br \/>Ener\u0123ijas pat\u0113ri\u0146\u0161 uz 100 cikliem 73 kWh<br \/>Centrif\u016bgas efektivit\u0101tes klase B<br \/>Centrif\u016bgas apgriezieni, apgr.\/min 1200<br \/>Trok\u0161\u0146a l\u012bmenis izgrie\u0161anas laik\u0101 79 dB<br \/>\u016adens pat\u0113ri\u0146\u0161 cikl\u0101 44 l<br \/>Ieb\u016bv\u0113jams N\u0113<br \/>\u0420\u0430\u0437\u043c\u0435\u0440\u044b<br \/>Platums 41 cm<br \/>Augstums 86 cm<br \/>\u0413\u043b\u0443\u0431\u0438\u043d\u0430 60 \u0441\u043c<br \/>Dzi\u013cums ar izvirz\u012btaj\u0101m da\u013c\u0101m 60 cm<br \/>\u0423\u043f\u0440\u0430\u0432\u043b\u0435\u043d\u0438\u0435 \u042d\u043b\u0435\u043a\u0442\u0440\u043e\u043d\u043d\u043e\u0435<br \/>\u042d\u043a\u0440\u0430\u043d \u0414\u0430<br \/>\u041f\u0440\u043e\u0433\u0440\u0430\u043c\u043c\u044b \u0438 \u0444\u0443\u043d\u043a\u0446\u0438\u0438<br \/>Mazg\u0101\u0161anas programmas Mazg\u0101\u0161ana aukst\u0101 \u016bden\u012b, \u0100tra mazg\u0101\u0161ana<br \/>\u017d\u0101v\u0113\u0161ana N\u0113<br \/>Programma starta atlik\u0161anai N\u0113<br \/>\u0411\u0435\u0437\u043e\u043f\u0430\u0441\u043d\u043e\u0441\u0442\u044c<br \/>B\u0113rnu dro\u0161\u012bbas funkcija N\u0113<br \/>\u0417\u0430\u0449\u0438\u0442\u0430 \u043e\u0442 \u043f\u0440\u043e\u0442\u0435\u0447\u0435\u043a \u0432\u043e\u0434\u044b \u0414\u0430<\/p><\/p>","protected":false},"excerpt":{"rendered":"<p>Produkta veids Ve\u013cas ma\u0161\u012bnas Z\u012bmols CandyModelis TCA283D2-SKr\u0101sa Sudraba kr\u0101s.Ener\u0123ijas un \u016bdens pat\u0113ri\u0146\u0161Ve\u013cas ietilp\u012bba 8 kgEnergoefektivit\u0101tes klase DEnergoefektivit\u0101tes kla\u0161u skala A \u2013 GEner\u0123ijas pat\u0113ri\u0146\u0161 uz 100 cikliem 73 kWhCentrif\u016bgas efektivit\u0101tes klase BCentrif\u016bgas apgriezieni, apgr.\/min 1200Trok\u0161\u0146a l\u012bmenis izgrie\u0161anas laik\u0101 79 dB\u016adens pat\u0113ri\u0146\u0161 cikl\u0101 44 lIeb\u016bv\u0113jams N\u0113Izm\u0113riPlatums 41 cmAugstums 86 cmDzi\u013cums 60 cmDzi\u013cums ar izvirz\u012btaj\u0101m da\u013c\u0101m 60 cmVad\u012bba [&hellip;]<\/p>\n","protected":false},"featured_media":44693,"comment_status":"open","ping_status":"closed","template":"","meta":[],"product_brand":[267],"product_cat":[309],"product_tag":[],"class_list":{"0":"post-44701","1":"product","2":"type-product","3":"status-publish","4":"has-post-thumbnail","6":"product_brand-candy","7":"product_cat-sadzives-tehnika-velas-masinas-ar-vertikalo-ieladi","9":"first","10":"instock","11":"shipping-taxable","12":"purchasable","13":"product-type-simple"},"_links":{"self":[{"href":"https:\/\/emeniro.lovehorses.lv\/ru\/wp-json\/wp\/v2\/product\/44701","targetHints":{"allow":["GET"]}}],"collection":[{"href":"https:\/\/emeniro.lovehorses.lv\/ru\/wp-json\/wp\/v2\/product"}],"about":[{"href":"https:\/\/emeniro.lovehorses.lv\/ru\/wp-json\/wp\/v2\/types\/product"}],"replies":[{"embeddable":true,"href":"https:\/\/emeniro.lovehorses.lv\/ru\/wp-json\/wp\/v2\/comments?post=44701"}],"wp:featuredmedia":[{"embeddable":true,"href":"https:\/\/emeniro.lovehorses.lv\/ru\/wp-json\/wp\/v2\/media\/44693"}],"wp:attachment":[{"href":"https:\/\/emeniro.lovehorses.lv\/ru\/wp-json\/wp\/v2\/media?parent=44701"}],"wp:term":[{"taxonomy":"product_brand","embeddable":true,"href":"https:\/\/emeniro.lovehorses.lv\/ru\/wp-json\/wp\/v2\/product_brand?post=44701"},{"taxonomy":"product_cat","embeddable":true,"href":"https:\/\/emeniro.lovehorses.lv\/ru\/wp-json\/wp\/v2\/product_cat?post=44701"},{"taxonomy":"product_tag","embeddable":true,"href":"https:\/\/emeniro.lovehorses.lv\/ru\/wp-json\/wp\/v2\/product_tag?post=44701"}],"curies":[{"name":"wp","href":"https:\/\/api.w.org\/{rel}","templated":true}]}}