{"id":44717,"date":"2026-05-01T07:43:22","date_gmt":"2026-05-01T07:43:22","guid":{"rendered":"https:\/\/emeniro.lovehorses.lv\/product\/candy-tca273d3-s-7kg-41cm\/"},"modified":"2026-05-01T07:43:22","modified_gmt":"2026-05-01T07:43:22","slug":"candy-tca273d3-s-7kg-41cm","status":"publish","type":"product","link":"https:\/\/emeniro.lovehorses.lv\/ru\/product\/candy-tca273d3-s-7kg-41cm\/","title":{"rendered":"Candy TCA273D3-S 7kg , 41cm"},"content":{"rendered":"<p>Pre\u010du z\u012bme\u00a0 \u00a0 Candy<\/p>\n<p>\u00a0 \u00a0 Kr\u0101sa\u00a0 \u00a0 Balta<br \/>\u00a0 \u00a0 Iek\u0101rtas tips\u00a0 \u00a0 Br\u012bvst\u0101vo\u0161s<br \/>\u00a0 \u00a0 Ve\u013cas mazg\u0101jam\u0101s ma\u0161\u012bnas veids\u00a0 \u00a0 Ar vertik\u0101lo iel\u0101di<br \/>\u00a0 \u00a0 EAN\u00a0 \u00a0 8059019093772<br \/>\u041d\u043e\u0432\u0430\u044f \u044d\u043d\u0435\u0440\u0433\u0435\u0442\u0438\u0447\u0435\u0441\u043a\u0430\u044f \u043c\u0430\u0440\u043a\u0438\u0440\u043e\u0432\u043a\u0430 \u0441 2021 \u0433\u043e\u0434\u0430<br \/>\u00a0 \u00a0 Energoefektivit\u0101tes klase\u00a0 \u00a0 C<br \/>\u00a0 \u00a0 Elektroener\u0123ijas pat\u0113ri\u0146\u0161 100 mazg\u0101\u0161anas ciklos\u00a0 \u00a0 59 kWh<br \/>\u0401\u043c\u043a\u043e\u0441\u0442\u044c<br \/>\u00a0 \u00a0 Ve\u013cas ietilp\u012bba mazg\u0101jot\u00a0 \u00a0 7 kg<br \/>Mazg\u0101\u0161ana<br \/>\u00a0 \u00a0 Mazg\u0101\u0161anas cikla \u201cEco 40-60\u201d ilgums\u00a0 \u00a0 3:28<br \/>\u00a0 \u00a0 \u016adens pat\u0113ri\u0146\u0161 vien\u0101 mazg\u0101\u0161anas cikl\u0101\u00a0 \u00a0 42 l<br \/>Centrif\u016bga<br \/>\u00a0 \u00a0 Centrif\u016bgas apgriezieni min\u016bt\u0113\u00a0 \u00a0 1200<br \/>\u00a0 \u00a0 Centrif\u016bgas energoefektivit\u0101tes klase\u00a0 \u00a0 B<br \/>\u00a0 \u00a0 Trok\u0161\u0146a l\u012bmenis centrif\u016bgas re\u017e\u012bm\u0101\u00a0 \u00a0 79 dB<br \/>\u00a0 \u00a0 Akustisk\u0101 trok\u0161\u0146a emisijas klase\u00a0 \u00a0 C<br \/>\u0420\u0430\u0437\u043c\u0435\u0440\u044b, \u0432\u0435\u0441<br \/>\u00a0 \u00a0 Augstums\u00a0 \u00a0 86 cm<br \/>\u00a0 \u00a0 Platums\u00a0 \u00a0 41 cm<br \/>\u00a0 \u00a0 Dzi\u013cums\u00a0 \u00a0 60 cm<br \/>\u00a0 \u00a0 Svars\u00a0 \u00a0 55.5 kg<br \/>\u00a0 \u00a0 Svars ar iepakojumu\u00a0 \u00a0 57 kg<br \/>\u0423\u043f\u0440\u0430\u0432\u043b\u0435\u043d\u0438\u0435<br \/>\u00a0 \u00a0 Elektroniskais displejs\u00a0 \u00a0 Ir<br \/>\u00a0 \u00a0 Vad\u012bba\u00a0 \u00a0 Elektroniska<br \/>\u00a0 \u00a0 Wi-Fi\u00a0 \u00a0 Ir<br \/>\u0414\u0440\u0443\u0433\u0438\u0435 \u043f\u0430\u0440\u0430\u043c\u0435\u0442\u0440\u044b<br \/>\u00a0 \u00a0 Programmu skaits\u00a0 \u00a0 17<br \/>\u00a0 \u00a0 Atlikt\u0101s mazg\u0101\u0161anas taimeris\u00a0 \u00a0 Ir<\/p><\/p>","protected":false},"excerpt":{"rendered":"<p>Pre\u010du z\u012bme\u00a0 \u00a0 Candy \u00a0 \u00a0 Kr\u0101sa\u00a0 \u00a0 Balta\u00a0 \u00a0 Iek\u0101rtas tips\u00a0 \u00a0 Br\u012bvst\u0101vo\u0161s\u00a0 \u00a0 Ve\u013cas mazg\u0101jam\u0101s ma\u0161\u012bnas veids\u00a0 \u00a0 Ar vertik\u0101lo iel\u0101di\u00a0 \u00a0 EAN\u00a0 \u00a0 8059019093772Jaunais energomar\u0137\u0113jums no 2021.gada\u00a0 \u00a0 Energoefektivit\u0101tes klase\u00a0 \u00a0 C\u00a0 \u00a0 Elektroener\u0123ijas pat\u0113ri\u0146\u0161 100 mazg\u0101\u0161anas ciklos\u00a0 \u00a0 59 kWhIetilp\u012bba\u00a0 \u00a0 Ve\u013cas ietilp\u012bba mazg\u0101jot\u00a0 \u00a0 7 kgMazg\u0101\u0161ana\u00a0 \u00a0 Mazg\u0101\u0161anas cikla \u201cEco [&hellip;]<\/p>\n","protected":false},"featured_media":44710,"comment_status":"open","ping_status":"closed","template":"","meta":[],"product_brand":[267],"product_cat":[309],"product_tag":[],"class_list":{"0":"post-44717","1":"product","2":"type-product","3":"status-publish","4":"has-post-thumbnail","6":"product_brand-candy","7":"product_cat-sadzives-tehnika-velas-masinas-ar-vertikalo-ieladi","9":"first","10":"instock","11":"shipping-taxable","12":"purchasable","13":"product-type-simple"},"_links":{"self":[{"href":"https:\/\/emeniro.lovehorses.lv\/ru\/wp-json\/wp\/v2\/product\/44717","targetHints":{"allow":["GET"]}}],"collection":[{"href":"https:\/\/emeniro.lovehorses.lv\/ru\/wp-json\/wp\/v2\/product"}],"about":[{"href":"https:\/\/emeniro.lovehorses.lv\/ru\/wp-json\/wp\/v2\/types\/product"}],"replies":[{"embeddable":true,"href":"https:\/\/emeniro.lovehorses.lv\/ru\/wp-json\/wp\/v2\/comments?post=44717"}],"wp:featuredmedia":[{"embeddable":true,"href":"https:\/\/emeniro.lovehorses.lv\/ru\/wp-json\/wp\/v2\/media\/44710"}],"wp:attachment":[{"href":"https:\/\/emeniro.lovehorses.lv\/ru\/wp-json\/wp\/v2\/media?parent=44717"}],"wp:term":[{"taxonomy":"product_brand","embeddable":true,"href":"https:\/\/emeniro.lovehorses.lv\/ru\/wp-json\/wp\/v2\/product_brand?post=44717"},{"taxonomy":"product_cat","embeddable":true,"href":"https:\/\/emeniro.lovehorses.lv\/ru\/wp-json\/wp\/v2\/product_cat?post=44717"},{"taxonomy":"product_tag","embeddable":true,"href":"https:\/\/emeniro.lovehorses.lv\/ru\/wp-json\/wp\/v2\/product_tag?post=44717"}],"curies":[{"name":"wp","href":"https:\/\/api.w.org\/{rel}","templated":true}]}}