{"id":44874,"date":"2026-05-01T07:47:45","date_gmt":"2026-05-01T07:47:45","guid":{"rendered":"https:\/\/emeniro.lovehorses.lv\/product\/braun-multiquick-mq7045x\/"},"modified":"2026-05-01T07:47:45","modified_gmt":"2026-05-01T07:47:45","slug":"braun-multiquick-mq7045x","status":"publish","type":"product","link":"https:\/\/emeniro.lovehorses.lv\/ru\/product\/braun-multiquick-mq7045x\/","title":{"rendered":"Braun MultiQuick MQ7045X"},"content":{"rendered":"<p>Ra\u017eot\u0101js\u00a0\u00a0\u00a0\u00a0 Braun<\/p>\n<p>\u0422\u0435\u0445\u043d\u0438\u0447\u0435\u0441\u043a\u0438\u0435 \u0445\u0430\u0440\u0430\u043a\u0442\u0435\u0440\u0438\u0441\u0442\u0438\u043a\u0438<br \/>Kap\u0101jamais nazis\u00a0\u00a0\u00a0\u00a0 Yes<br \/>Bruto svars\u00a0\u00a0\u00a0\u00a0 2.42 kg<br \/>Neto svars\u00a0\u00a0\u00a0\u00a0 1.74 kg<br \/>Garantija\u00a0\u00a0\u00a0\u00a0 24 m\u0113ne\u0161i<br \/>Tips\u00a0\u00a0\u00a0\u00a0 MultiQuick 7 Hand Blender<br \/>Auklas garums\u00a0\u00a0\u00a0\u00a0 1.2 m<br \/>\u041a\u043e\u043d\u0441\u0442\u0440\u0443\u043a\u0446\u0438\u044f<br \/>Produkta kr\u0101sa\u00a0\u00a0\u00a0\u00a0 Melns, ner\u016bs\u0113jo\u0161ais t\u0113rauds<br \/>Apvalka materi\u0101ls\u00a0\u00a0\u00a0\u00a0 Stainless steel<br \/>\u0421\u043e\u0434\u0435\u0440\u0436\u0438\u043c\u043e\u0435 \u0443\u043f\u0430\u043a\u043e\u0432\u043a\u0438<br \/>Putojamais\u00a0\u00a0\u00a0\u00a0 Yes<br \/>\u041e\u0441\u043e\u0431\u0435\u043d\u043d\u043e\u0441\u0442\u0438<br \/>\u016adensiztur\u012bgas da\u013cas\u00a0\u00a0\u00a0\u00a0 Yes<br \/>\u0420\u0430\u0431\u043e\u0447\u0438\u0435 \u043f\u043e\u043a\u0430\u0437\u0430\u0442\u0435\u043b\u0438<br \/>\u0100trumu skaits\u00a0\u00a0\u00a0\u00a0 6<br \/>\u042d\u0440\u0433\u043e\u043d\u043e\u043c\u0438\u043a\u0430<br \/>Soft-Grip rokturis\u00a0\u00a0\u00a0\u00a0 Yes<br \/>\u041e\u0431\u0449\u0438\u0435 \u043f\u0430\u0440\u0430\u043c\u0435\u0442\u0440\u044b<br \/>Producer\u00a0\u00a0\u00a0\u00a0 Braun<br \/>EEIA nodoklis\u00a0\u00a0\u00a0\u00a0 Yes<br \/>Turbo mode\u00a0\u00a0\u00a0\u00a0 No<br \/>Bruto platums (mm)\u00a0\u00a0\u00a0\u00a0 180.00 mm<br \/>Bruto augstums (mm)\u00a0\u00a0\u00a0\u00a0 280.00 mm<br \/>Bruto dzi\u013cums (mm)\u00a0\u00a0\u00a0\u00a0 260.00 mm<br \/>Izl\u0101d\u0113ts akumulators\u00a0\u00a0\u00a0\u00a0 No<br \/>WEE klasifik\u0101cija\u00a0\u00a0\u00a0\u00a0 CL109:5:2017-04-01<br \/>Koka\u00a0\u00a0\u00a0\u00a0 4.00 g<br \/>Palete Qty\u00a0\u00a0\u00a0\u00a0 41.00 pc(s)<br \/>Met\u0101ls\u00a0\u00a0\u00a0\u00a0 2.00 g<br \/>Plastmasa (bez PET)\u00a0\u00a0\u00a0\u00a0 32.00 g<br \/>Pap\u012brs \/ Kartons\u00a0\u00a0\u00a0\u00a0 637.00 g<br \/>Taras svars (kg)\u00a0\u00a0\u00a0\u00a0 0.68 kg<br \/>Veids.\u00a0\u00a0\u00a0\u00a0 Hand Blender<br \/>Jauda\u00a0\u00a0\u00a0\u00a0 1000 W<br \/>Ra\u017eot\u0101ja produkta nosaukums\u00a0\u00a0\u00a0\u00a0 MQ 7045X<\/p><\/p>","protected":false},"excerpt":{"rendered":"<p>Ra\u017eot\u0101js\u00a0\u00a0\u00a0\u00a0 Braun Tehnisk\u0101s deta\u013casKap\u0101jamais nazis\u00a0\u00a0\u00a0\u00a0 YesBruto svars\u00a0\u00a0\u00a0\u00a0 2.42 kgNeto svars\u00a0\u00a0\u00a0\u00a0 1.74 kgGarantija\u00a0\u00a0\u00a0\u00a0 24 m\u0113ne\u0161iTips\u00a0\u00a0\u00a0\u00a0 MultiQuick 7 Hand BlenderAuklas garums\u00a0\u00a0\u00a0\u00a0 1.2 mKonstrukcijaProdukta kr\u0101sa\u00a0\u00a0\u00a0\u00a0 Melns, ner\u016bs\u0113jo\u0161ais t\u0113raudsApvalka materi\u0101ls\u00a0\u00a0\u00a0\u00a0 Stainless steelIepakojuma satursPutojamais\u00a0\u00a0\u00a0\u00a0 Yes\u012apa\u0161\u012bbas\u016adensiztur\u012bgas da\u013cas\u00a0\u00a0\u00a0\u00a0 YesDarb\u012bbas r\u0101d\u012bt\u0101ji\u0100trumu skaits\u00a0\u00a0\u00a0\u00a0 6ErgonomikaSoft-Grip rokturis\u00a0\u00a0\u00a0\u00a0 YesKop\u0113jie parametriProducer\u00a0\u00a0\u00a0\u00a0 BraunEEIA nodoklis\u00a0\u00a0\u00a0\u00a0 YesTurbo mode\u00a0\u00a0\u00a0\u00a0 NoBruto platums (mm)\u00a0\u00a0\u00a0\u00a0 180.00 mmBruto augstums (mm)\u00a0\u00a0\u00a0\u00a0 280.00 mmBruto dzi\u013cums (mm)\u00a0\u00a0\u00a0\u00a0 260.00 mmIzl\u0101d\u0113ts [&hellip;]<\/p>\n","protected":false},"featured_media":44871,"comment_status":"open","ping_status":"closed","template":"","meta":[],"product_brand":[],"product_cat":[325],"product_tag":[],"class_list":{"0":"post-44874","1":"product","2":"type-product","3":"status-publish","4":"has-post-thumbnail","6":"product_cat-maza-sadzives-tehnika-blenderi-smalcinataji","8":"first","9":"instock","10":"shipping-taxable","11":"purchasable","12":"product-type-simple"},"_links":{"self":[{"href":"https:\/\/emeniro.lovehorses.lv\/ru\/wp-json\/wp\/v2\/product\/44874","targetHints":{"allow":["GET"]}}],"collection":[{"href":"https:\/\/emeniro.lovehorses.lv\/ru\/wp-json\/wp\/v2\/product"}],"about":[{"href":"https:\/\/emeniro.lovehorses.lv\/ru\/wp-json\/wp\/v2\/types\/product"}],"replies":[{"embeddable":true,"href":"https:\/\/emeniro.lovehorses.lv\/ru\/wp-json\/wp\/v2\/comments?post=44874"}],"wp:featuredmedia":[{"embeddable":true,"href":"https:\/\/emeniro.lovehorses.lv\/ru\/wp-json\/wp\/v2\/media\/44871"}],"wp:attachment":[{"href":"https:\/\/emeniro.lovehorses.lv\/ru\/wp-json\/wp\/v2\/media?parent=44874"}],"wp:term":[{"taxonomy":"product_brand","embeddable":true,"href":"https:\/\/emeniro.lovehorses.lv\/ru\/wp-json\/wp\/v2\/product_brand?post=44874"},{"taxonomy":"product_cat","embeddable":true,"href":"https:\/\/emeniro.lovehorses.lv\/ru\/wp-json\/wp\/v2\/product_cat?post=44874"},{"taxonomy":"product_tag","embeddable":true,"href":"https:\/\/emeniro.lovehorses.lv\/ru\/wp-json\/wp\/v2\/product_tag?post=44874"}],"curies":[{"name":"wp","href":"https:\/\/api.w.org\/{rel}","templated":true}]}}