{"id":44909,"date":"2026-05-01T07:48:50","date_gmt":"2026-05-01T07:48:50","guid":{"rendered":"https:\/\/emeniro.lovehorses.lv\/product\/gorenje-wd2pa964adw\/"},"modified":"2026-05-01T07:48:50","modified_gmt":"2026-05-01T07:48:50","slug":"gorenje-wd2pa964adw","status":"publish","type":"product","link":"https:\/\/emeniro.lovehorses.lv\/ru\/product\/gorenje-wd2pa964adw\/","title":{"rendered":"GORENJE WD2PA964ADW"},"content":{"rendered":"<p>Kr\u0101sa:\u00a0\u00a0\u00a0 White<\/p>\n<p>B\u0113rnu dro\u0161\u012bbas aizsardz\u012bba:\u00a0\u00a0\u00a0 J\u0101<br \/>Energoefektivit\u0101tes klase:\u00a0\u00a0\u00a0 A<br \/>Standartiz\u0113ts platums:\u00a0\u00a0\u00a0 60 cm<br \/>Wi-Fi:\u00a0\u00a0\u00a0 J\u0101<br \/>Platums:\u00a0\u00a0\u00a0 59.5 cm<br \/>Ra\u017eot\u0101js:\u00a0\u00a0\u00a0 Gorenje<br \/>Uzst\u0101d\u012b\u0161anas veids:\u00a0\u00a0\u00a0 Free standing<br \/>Standartiz\u0113ts augstums:\u00a0\u00a0\u00a0 85 cm<br \/>Dzi\u013cums:\u00a0\u00a0\u00a0 55 cm<br \/>Augstums:\u00a0\u00a0\u00a0 84.5 cm<br \/>Motora veids:\u00a0\u00a0\u00a0 Inverter<br \/>Aizsardz\u012bba pret \u016bdens nopl\u016bdi:\u00a0\u00a0\u00a0 J\u0101<br \/>Ve\u013cas ma\u0161\u012bnas veids:\u00a0\u00a0\u00a0 Washer-dryer<br \/>Autom\u0101tisk\u0101 doz\u0113\u0161anas tehnolo\u0123ija:\u00a0\u00a0\u00a0 N\u0113<br \/>Vied\u0101 mazg\u0101\u0161anas tehnolo\u0123ija:\u00a0\u00a0\u00a0 No<br \/>Siltums\u016bk\u0146a \u017e\u0101v\u0113\u0161anas tehnolo\u0123ija:\u00a0\u00a0\u00a0 N\u0113<br \/>Vilnas mazg\u0101\u0161anas sertifik\u0101ts:\u00a0\u00a0\u00a0 N\u0113<br \/>Iesp\u0113ja pievienot ve\u013cu p\u0113c programmas s\u0101k\u0161anas:\u00a0\u00a0\u00a0 J\u0101<br \/>\u0100tr\u0101s mazg\u0101\u0161anas programma:\u00a0\u00a0\u00a0 J\u0101<br \/>P\u016bku filtrs:\u00a0\u00a0\u00a0 N\u0113<br \/>Maksim\u0101lais apgriezienu skaits:\u00a0\u00a0\u00a0 1400 aps.\/min.<br \/>Mazg\u0101\u0161anas ietilp\u012bba:\u00a0\u00a0\u00a0 9 kg<br \/>Maksim\u0101lais dzi\u013cums:\u00a0\u00a0\u00a0 59 cm<br \/>\u017d\u0101v\u0113\u0161anas ietilp\u012bba:\u00a0\u00a0\u00a0 6 kg<br \/>Trok\u0161\u0146a l\u012bmenis:\u00a0\u00a0\u00a0 72 dB<br \/>JAUNA Energoefektivit\u0101tes klase:\u00a0\u00a0\u00a0 A<br \/>Trok\u0161\u0146u l\u012bme\u0146a klase:\u00a0\u00a0\u00a0 A<br \/>Energoefektivit\u0101tes klase (Mazg\u0101\u0161ana + \u017d\u0101v\u0113\u0161ana):\u00a0\u00a0\u00a0 D<br \/>Centrif\u016bgas efektivit\u0101tes klase:\u00a0\u00a0\u00a0 B<br \/>\u016adens pat\u0113ri\u0146\u0161 1 cikl\u0101:\u00a0\u00a0\u00a0 40 l<br \/>Programmu skaits:\u00a0\u00a0\u00a0 16<br \/>Cikla ilgums:\u00a0\u00a0\u00a0 228 min.<br \/>Elektroenergijas pat\u0113ri\u0146\u0161 100 ciklos (Mazg\u0101\u0161ana + \u017d\u0101v\u0113\u0161ana):\u00a0\u00a0\u00a0 307 kWh<br \/>Tvaika tehnolo\u0123ija:\u00a0\u00a0\u00a0 Ar tvaiku<br \/>Atvilktne kapsul\u0101m:\u00a0\u00a0\u00a0 N\u0117ra<br \/>Elektroener\u0123ijas pat\u0113ri\u0146\u0161 100 ciklos:\u00a0\u00a0\u00a0 34 kWh<br \/>\u016adens pat\u0113ri\u0146\u0161 1 cikl\u0101 (Mazg\u0101\u0161ana + \u017d\u0101v\u0113\u0161ana):\u00a0\u00a0\u00a0 89 l<br \/>Cikla ilgums (Mazg\u0101\u0161ana + \u017d\u0101v\u0113\u0161ana):\u00a0\u00a0\u00a0 479 min.<\/p><\/p>","protected":false},"excerpt":{"rendered":"<p>Kr\u0101sa:\u00a0\u00a0\u00a0 White B\u0113rnu dro\u0161\u012bbas aizsardz\u012bba:\u00a0\u00a0\u00a0 J\u0101Energoefektivit\u0101tes klase:\u00a0\u00a0\u00a0 AStandartiz\u0113ts platums:\u00a0\u00a0\u00a0 60 cmWi-Fi:\u00a0\u00a0\u00a0 J\u0101Platums:\u00a0\u00a0\u00a0 59.5 cmRa\u017eot\u0101js:\u00a0\u00a0\u00a0 GorenjeUzst\u0101d\u012b\u0161anas veids:\u00a0\u00a0\u00a0 Free standingStandartiz\u0113ts augstums:\u00a0\u00a0\u00a0 85 cmDzi\u013cums:\u00a0\u00a0\u00a0 55 cmAugstums:\u00a0\u00a0\u00a0 84.5 cmMotora veids:\u00a0\u00a0\u00a0 InverterAizsardz\u012bba pret \u016bdens nopl\u016bdi:\u00a0\u00a0\u00a0 J\u0101Ve\u013cas ma\u0161\u012bnas veids:\u00a0\u00a0\u00a0 Washer-dryerAutom\u0101tisk\u0101 doz\u0113\u0161anas tehnolo\u0123ija:\u00a0\u00a0\u00a0 N\u0113Vied\u0101 mazg\u0101\u0161anas tehnolo\u0123ija:\u00a0\u00a0\u00a0 NoSiltums\u016bk\u0146a \u017e\u0101v\u0113\u0161anas tehnolo\u0123ija:\u00a0\u00a0\u00a0 N\u0113Vilnas mazg\u0101\u0161anas sertifik\u0101ts:\u00a0\u00a0\u00a0 N\u0113Iesp\u0113ja pievienot ve\u013cu p\u0113c programmas s\u0101k\u0161anas:\u00a0\u00a0\u00a0 J\u0101\u0100tr\u0101s mazg\u0101\u0161anas programma:\u00a0\u00a0\u00a0 J\u0101P\u016bku [&hellip;]<\/p>\n","protected":false},"featured_media":44898,"comment_status":"open","ping_status":"closed","template":"","meta":{"_joinchat":[]},"product_brand":[271],"product_cat":[315],"product_tag":[],"class_list":{"0":"post-44909","1":"product","2":"type-product","3":"status-publish","4":"has-post-thumbnail","6":"product_brand-gorenje","7":"product_cat-sadzives-tehnika-velas-masinas-velas-mazgajamas-masinas-ar-zavetaju","9":"first","10":"instock","11":"shipping-taxable","12":"purchasable","13":"product-type-simple"},"_links":{"self":[{"href":"https:\/\/emeniro.lovehorses.lv\/ru\/wp-json\/wp\/v2\/product\/44909","targetHints":{"allow":["GET"]}}],"collection":[{"href":"https:\/\/emeniro.lovehorses.lv\/ru\/wp-json\/wp\/v2\/product"}],"about":[{"href":"https:\/\/emeniro.lovehorses.lv\/ru\/wp-json\/wp\/v2\/types\/product"}],"replies":[{"embeddable":true,"href":"https:\/\/emeniro.lovehorses.lv\/ru\/wp-json\/wp\/v2\/comments?post=44909"}],"wp:featuredmedia":[{"embeddable":true,"href":"https:\/\/emeniro.lovehorses.lv\/ru\/wp-json\/wp\/v2\/media\/44898"}],"wp:attachment":[{"href":"https:\/\/emeniro.lovehorses.lv\/ru\/wp-json\/wp\/v2\/media?parent=44909"}],"wp:term":[{"taxonomy":"product_brand","embeddable":true,"href":"https:\/\/emeniro.lovehorses.lv\/ru\/wp-json\/wp\/v2\/product_brand?post=44909"},{"taxonomy":"product_cat","embeddable":true,"href":"https:\/\/emeniro.lovehorses.lv\/ru\/wp-json\/wp\/v2\/product_cat?post=44909"},{"taxonomy":"product_tag","embeddable":true,"href":"https:\/\/emeniro.lovehorses.lv\/ru\/wp-json\/wp\/v2\/product_tag?post=44909"}],"curies":[{"name":"wp","href":"https:\/\/api.w.org\/{rel}","templated":true}]}}