{"id":44928,"date":"2026-05-01T07:49:23","date_gmt":"2026-05-01T07:49:23","guid":{"rendered":"https:\/\/emeniro.lovehorses.lv\/product\/gardena-city-400-m%c2%b2\/"},"modified":"2026-05-01T07:49:23","modified_gmt":"2026-05-01T07:49:23","slug":"gardena-city-400-m%c2%b2","status":"publish","type":"product","link":"https:\/\/emeniro.lovehorses.lv\/ru\/product\/gardena-city-400-m%c2%b2\/","title":{"rendered":"Gardena City 400 \u043c\u00b2"},"content":{"rendered":"<p>\u041e\u0431\u0449\u0438\u0435 \u043f\u0430\u0440\u0430\u043c\u0435\u0442\u0440\u044b<\/p>\n<p>Produkta veids\u00a0\u00a0\u00a0\u00a0 Z\u0101lienu p\u013cau\u0161anas roboti<br \/>Z\u012bmols\u00a0\u00a0\u00a0\u00a0 Gardena<br \/>Modelis\u00a0\u00a0\u00a0\u00a0 City 400 m\u00b2<br \/>Robota ier\u012bces tips\u00a0\u00a0\u00a0\u00a0 Vadu mar\u0137\u0113jums<br \/>\u041f\u0430\u0440\u0430\u043c\u0435\u0442\u0440\u044b \u0441\u0442\u0440\u0438\u0436\u043a\u0438<br \/>Darba platums\u00a0\u00a0\u00a0\u00a0 16 cm<br \/>P\u013cau\u0161anas augstums (Min)\u00a0\u00a0\u00a0\u00a0 20 mm<br \/>P\u013cau\u0161anas augstums (Maks)\u00a0\u00a0\u00a0\u00a0 50 mm<br \/>P\u013cau\u0161anas augstuma regul\u0113\u0161ana\u00a0\u00a0\u00a0\u00a0 J\u0101<br \/>Sensors\u00a0\u00a0\u00a0\u00a0 Sasv\u0113r\u0161an\u0101s<br \/>Maksim\u0101lais noslogojums\u00a0\u00a0\u00a0\u00a0 100 %<br \/>Maksim\u0101l\u0101 p\u013cau\u0161anas plat\u012bba\u00a0\u00a0\u00a0\u00a0 400 m\u00b2<br \/>Dro\u0161\u012bbas noteikumi\u00a0\u00a0\u00a0\u00a0 PIN kods<br \/>\u0410\u043a\u043a\u0443\u043c\u0443\u043b\u044f\u0442\u043e\u0440<br \/>Uzl\u0101des laiks\u00a0\u00a0\u00a0\u00a0 60 min<br \/>\u0424\u0438\u0437\u0438\u0447\u0435\u0441\u043a\u0438\u0435 \u043f\u0430\u0440\u0430\u043c\u0435\u0442\u0440\u044b<br \/>Kr\u0101sa\u00a0\u00a0\u00a0\u00a0 Melna<br \/>Svars\u00a0\u00a0\u00a0\u00a0 7.5 kg<br \/>\u0414\u043e\u043f\u043e\u043b\u043d\u0438\u0442\u0435\u043b\u044c\u043d\u043e<br \/>Trok\u0161\u0146a l\u012bmenis\u00a0\u00a0\u00a0\u00a0 57 dB<br \/>Garantija\u00a0\u00a0\u00a0\u00a0 24 m\u0113n<\/p><\/p>","protected":false},"excerpt":{"rendered":"<p>Kop\u0113jie parametri Produkta veids\u00a0\u00a0\u00a0\u00a0 Z\u0101lienu p\u013cau\u0161anas robotiZ\u012bmols\u00a0\u00a0\u00a0\u00a0 GardenaModelis\u00a0\u00a0\u00a0\u00a0 City 400 m\u00b2Robota ier\u012bces tips\u00a0\u00a0\u00a0\u00a0 Vadu mar\u0137\u0113jumsP\u013cau\u0161anas parametriDarba platums\u00a0\u00a0\u00a0\u00a0 16 cmP\u013cau\u0161anas augstums (Min)\u00a0\u00a0\u00a0\u00a0 20 mmP\u013cau\u0161anas augstums (Maks)\u00a0\u00a0\u00a0\u00a0 50 mmP\u013cau\u0161anas augstuma regul\u0113\u0161ana\u00a0\u00a0\u00a0\u00a0 J\u0101Sensors\u00a0\u00a0\u00a0\u00a0 Sasv\u0113r\u0161an\u0101sMaksim\u0101lais noslogojums\u00a0\u00a0\u00a0\u00a0 100 %Maksim\u0101l\u0101 p\u013cau\u0161anas plat\u012bba\u00a0\u00a0\u00a0\u00a0 400 m\u00b2Dro\u0161\u012bbas noteikumi\u00a0\u00a0\u00a0\u00a0 PIN kodsAkumulatorsUzl\u0101des laiks\u00a0\u00a0\u00a0\u00a0 60 minFiziskie parametriKr\u0101sa\u00a0\u00a0\u00a0\u00a0 MelnaSvars\u00a0\u00a0\u00a0\u00a0 7.5 kgPapildusTrok\u0161\u0146a l\u012bmenis\u00a0\u00a0\u00a0\u00a0 57 dBGarantija\u00a0\u00a0\u00a0\u00a0 24 m\u0113n<\/p>","protected":false},"featured_media":44922,"comment_status":"open","ping_status":"closed","template":"","meta":{"_joinchat":[]},"product_brand":[],"product_cat":[335],"product_tag":[],"class_list":{"0":"post-44928","1":"product","2":"type-product","3":"status-publish","4":"has-post-thumbnail","6":"product_cat-darza-tehnika-akumulatora-zales-plaveji","8":"first","9":"instock","10":"shipping-taxable","11":"purchasable","12":"product-type-simple"},"_links":{"self":[{"href":"https:\/\/emeniro.lovehorses.lv\/ru\/wp-json\/wp\/v2\/product\/44928","targetHints":{"allow":["GET"]}}],"collection":[{"href":"https:\/\/emeniro.lovehorses.lv\/ru\/wp-json\/wp\/v2\/product"}],"about":[{"href":"https:\/\/emeniro.lovehorses.lv\/ru\/wp-json\/wp\/v2\/types\/product"}],"replies":[{"embeddable":true,"href":"https:\/\/emeniro.lovehorses.lv\/ru\/wp-json\/wp\/v2\/comments?post=44928"}],"wp:featuredmedia":[{"embeddable":true,"href":"https:\/\/emeniro.lovehorses.lv\/ru\/wp-json\/wp\/v2\/media\/44922"}],"wp:attachment":[{"href":"https:\/\/emeniro.lovehorses.lv\/ru\/wp-json\/wp\/v2\/media?parent=44928"}],"wp:term":[{"taxonomy":"product_brand","embeddable":true,"href":"https:\/\/emeniro.lovehorses.lv\/ru\/wp-json\/wp\/v2\/product_brand?post=44928"},{"taxonomy":"product_cat","embeddable":true,"href":"https:\/\/emeniro.lovehorses.lv\/ru\/wp-json\/wp\/v2\/product_cat?post=44928"},{"taxonomy":"product_tag","embeddable":true,"href":"https:\/\/emeniro.lovehorses.lv\/ru\/wp-json\/wp\/v2\/product_tag?post=44928"}],"curies":[{"name":"wp","href":"https:\/\/api.w.org\/{rel}","templated":true}]}}