{"id":44944,"date":"2026-05-01T07:49:54","date_gmt":"2026-05-01T07:49:54","guid":{"rendered":"https:\/\/emeniro.lovehorses.lv\/product\/gardena-sileno-life-19704-75-1500-m%c2%b2\/"},"modified":"2026-05-01T07:49:54","modified_gmt":"2026-05-01T07:49:54","slug":"gardena-sileno-life-19704-75-1500-m%c2%b2","status":"publish","type":"product","link":"https:\/\/emeniro.lovehorses.lv\/ru\/product\/gardena-sileno-life-19704-75-1500-m%c2%b2\/","title":{"rendered":"Gardena Sileno Life 19704-75, 1500 \u043c\u00b2"},"content":{"rendered":"<p>\u041e\u0431\u0449\u0438\u0435 \u043f\u0430\u0440\u0430\u043c\u0435\u0442\u0440\u044b<\/p>\n<p>Produkta veids\u00a0\u00a0\u00a0\u00a0 Z\u0101lienu p\u013cau\u0161anas roboti<br \/>Z\u012bmols\u00a0\u00a0\u00a0\u00a0 Gardena<br \/>Modelis\u00a0\u00a0\u00a0\u00a0 Sileno Life<br \/>Robota ier\u012bces tips\u00a0\u00a0\u00a0\u00a0 Vadu mar\u0137\u0113jums<br \/>\u041f\u0430\u0440\u0430\u043c\u0435\u0442\u0440\u044b \u0441\u0442\u0440\u0438\u0436\u043a\u0438<br \/>Darba platums\u00a0\u00a0\u00a0\u00a0 22 cm<br \/>P\u013cau\u0161anas augstums (Min)\u00a0\u00a0\u00a0\u00a0 20 mm<br \/>P\u013cau\u0161anas augstums (Maks)\u00a0\u00a0\u00a0\u00a0 50 mm<br \/>P\u013cau\u0161anas augstuma regul\u0113\u0161ana\u00a0\u00a0\u00a0\u00a0 J\u0101<br \/>P\u013cau\u0161anas augstuma poz\u012bcijas\u00a0\u00a0\u00a0\u00a0 3<br \/>Sensors\u00a0\u00a0\u00a0\u00a0 Pac\u0113l\u0101js, Sasv\u0113r\u0161an\u0101s, Tuvuma sensors<br \/>Maksim\u0101lais noslogojums\u00a0\u00a0\u00a0\u00a0 35 %<br \/>Asme\u0146u skaits\u00a0\u00a0\u00a0\u00a0 3<br \/>Maksim\u0101l\u0101 p\u013cau\u0161anas plat\u012bba\u00a0\u00a0\u00a0\u00a0 1500 m\u00b2<br \/>Dro\u0161\u012bbas noteikumi\u00a0\u00a0\u00a0\u00a0 PIN kods, Signaliz\u0101cija<br \/>\u0410\u043a\u043a\u0443\u043c\u0443\u043b\u044f\u0442\u043e\u0440<br \/>Akumulatora tips\u00a0\u00a0\u00a0\u00a0 Li-Ion<br \/>Akumulators iek\u013cauts komplekt\u0101\u00a0\u00a0\u00a0\u00a0 J\u0101<br \/>Darb\u012bbas ilgums p\u0113c uzl\u0101des\u00a0\u00a0\u00a0\u00a0 65 min<br \/>Uzl\u0101des laiks\u00a0\u00a0\u00a0\u00a0 60 min<br \/>\u0424\u0438\u0437\u0438\u0447\u0435\u0441\u043a\u0438\u0435 \u043f\u0430\u0440\u0430\u043c\u0435\u0442\u0440\u044b<br \/>Kr\u0101sa\u00a0\u00a0\u00a0\u00a0 Melna, Zila<br \/>Garums\u00a0\u00a0\u00a0\u00a0 580 mm<br \/>Platums\u00a0\u00a0\u00a0\u00a0 390 mm<br \/>Augstums\u00a0\u00a0\u00a0\u00a0 230 mm<br \/>Svars\u00a0\u00a0\u00a0\u00a0 8.3 kg<br \/>\u0414\u043e\u043f\u043e\u043b\u043d\u0438\u0442\u0435\u043b\u044c\u043d\u043e<br \/>Kabe\u013ca auklas garums\u00a0\u00a0\u00a0\u00a0 250 m<br \/>Stieples skavu skaits\u00a0\u00a0\u00a0\u00a0 300<br \/>Trok\u0161\u0146a l\u012bmenis\u00a0\u00a0\u00a0\u00a0 57 dB<br \/>Garantija\u00a0\u00a0\u00a0\u00a0 24 m\u0113n<\/p><\/p>","protected":false},"excerpt":{"rendered":"<p>Kop\u0113jie parametri Produkta veids\u00a0\u00a0\u00a0\u00a0 Z\u0101lienu p\u013cau\u0161anas robotiZ\u012bmols\u00a0\u00a0\u00a0\u00a0 GardenaModelis\u00a0\u00a0\u00a0\u00a0 Sileno LifeRobota ier\u012bces tips\u00a0\u00a0\u00a0\u00a0 Vadu mar\u0137\u0113jumsP\u013cau\u0161anas parametriDarba platums\u00a0\u00a0\u00a0\u00a0 22 cmP\u013cau\u0161anas augstums (Min)\u00a0\u00a0\u00a0\u00a0 20 mmP\u013cau\u0161anas augstums (Maks)\u00a0\u00a0\u00a0\u00a0 50 mmP\u013cau\u0161anas augstuma regul\u0113\u0161ana\u00a0\u00a0\u00a0\u00a0 J\u0101P\u013cau\u0161anas augstuma poz\u012bcijas\u00a0\u00a0\u00a0\u00a0 3Sensors\u00a0\u00a0\u00a0\u00a0 Pac\u0113l\u0101js, Sasv\u0113r\u0161an\u0101s, Tuvuma sensorsMaksim\u0101lais noslogojums\u00a0\u00a0\u00a0\u00a0 35 %Asme\u0146u skaits\u00a0\u00a0\u00a0\u00a0 3Maksim\u0101l\u0101 p\u013cau\u0161anas plat\u012bba\u00a0\u00a0\u00a0\u00a0 1500 m\u00b2Dro\u0161\u012bbas noteikumi\u00a0\u00a0\u00a0\u00a0 PIN kods, Signaliz\u0101cijaAkumulatorsAkumulatora tips\u00a0\u00a0\u00a0\u00a0 Li-IonAkumulators iek\u013cauts komplekt\u0101\u00a0\u00a0\u00a0\u00a0 J\u0101Darb\u012bbas ilgums [&hellip;]<\/p>\n","protected":false},"featured_media":44941,"comment_status":"open","ping_status":"closed","template":"","meta":{"_joinchat":[]},"product_brand":[],"product_cat":[335],"product_tag":[],"class_list":{"0":"post-44944","1":"product","2":"type-product","3":"status-publish","4":"has-post-thumbnail","6":"product_cat-darza-tehnika-akumulatora-zales-plaveji","8":"first","9":"instock","10":"shipping-taxable","11":"purchasable","12":"product-type-simple"},"_links":{"self":[{"href":"https:\/\/emeniro.lovehorses.lv\/ru\/wp-json\/wp\/v2\/product\/44944","targetHints":{"allow":["GET"]}}],"collection":[{"href":"https:\/\/emeniro.lovehorses.lv\/ru\/wp-json\/wp\/v2\/product"}],"about":[{"href":"https:\/\/emeniro.lovehorses.lv\/ru\/wp-json\/wp\/v2\/types\/product"}],"replies":[{"embeddable":true,"href":"https:\/\/emeniro.lovehorses.lv\/ru\/wp-json\/wp\/v2\/comments?post=44944"}],"wp:featuredmedia":[{"embeddable":true,"href":"https:\/\/emeniro.lovehorses.lv\/ru\/wp-json\/wp\/v2\/media\/44941"}],"wp:attachment":[{"href":"https:\/\/emeniro.lovehorses.lv\/ru\/wp-json\/wp\/v2\/media?parent=44944"}],"wp:term":[{"taxonomy":"product_brand","embeddable":true,"href":"https:\/\/emeniro.lovehorses.lv\/ru\/wp-json\/wp\/v2\/product_brand?post=44944"},{"taxonomy":"product_cat","embeddable":true,"href":"https:\/\/emeniro.lovehorses.lv\/ru\/wp-json\/wp\/v2\/product_cat?post=44944"},{"taxonomy":"product_tag","embeddable":true,"href":"https:\/\/emeniro.lovehorses.lv\/ru\/wp-json\/wp\/v2\/product_tag?post=44944"}],"curies":[{"name":"wp","href":"https:\/\/api.w.org\/{rel}","templated":true}]}}