{"id":44977,"date":"2026-05-01T07:50:57","date_gmt":"2026-05-01T07:50:57","guid":{"rendered":"https:\/\/emeniro.lovehorses.lv\/product\/gardena-sileno-minimo-15202-35-500-%d0%bc%c2%b2\/"},"modified":"2026-05-01T07:50:57","modified_gmt":"2026-05-01T07:50:57","slug":"gardena-sileno-minimo-15202-35-500-%d0%bc%c2%b2","status":"publish","type":"product","link":"https:\/\/emeniro.lovehorses.lv\/ru\/product\/gardena-sileno-minimo-15202-35-500-%d0%bc%c2%b2\/","title":{"rendered":"Gardena Sileno Minimo 15202-35, 500 \u043c\u00b2"},"content":{"rendered":"<p>\u041e\u0431\u0449\u0438\u0435 \u043f\u0430\u0440\u0430\u043c\u0435\u0442\u0440\u044b<\/p>\n<p>Produkta veids\u00a0\u00a0\u00a0\u00a0 Z\u0101lienu p\u013cau\u0161anas roboti<br \/>Z\u012bmols\u00a0\u00a0\u00a0\u00a0 Gardena<br \/>Modelis\u00a0\u00a0\u00a0\u00a0 Sileno Minimo<br \/>Robota ier\u012bces tips\u00a0\u00a0\u00a0\u00a0 Vadu mar\u0137\u0113jums<br \/>\u041f\u0430\u0440\u0430\u043c\u0435\u0442\u0440\u044b \u0441\u0442\u0440\u0438\u0436\u043a\u0438<br \/>Darba platums\u00a0\u00a0\u00a0\u00a0 16 cm<br \/>P\u013cau\u0161anas augstums (Min)\u00a0\u00a0\u00a0\u00a0 20 mm<br \/>P\u013cau\u0161anas augstums (Maks)\u00a0\u00a0\u00a0\u00a0 50 mm<br \/>P\u013cau\u0161anas augstuma regul\u0113\u0161ana\u00a0\u00a0\u00a0\u00a0 J\u0101<br \/>Elektrisk\u0101s p\u013caujma\u0161\u012bnas augstuma regul\u0113\u0161ana\u00a0\u00a0\u00a0\u00a0 N\u0113<br \/>P\u013cau\u0161anas augstuma poz\u012bcijas\u00a0\u00a0\u00a0\u00a0 5<br \/>Sensors\u00a0\u00a0\u00a0\u00a0 Pac\u0113l\u0101js, Sasv\u0113r\u0161an\u0101s, Tuvuma sensors<br \/>Maksim\u0101lais noslogojums\u00a0\u00a0\u00a0\u00a0 25 %<br \/>Asme\u0146u skaits\u00a0\u00a0\u00a0\u00a0 3<br \/>Maksim\u0101l\u0101 p\u013cau\u0161anas plat\u012bba\u00a0\u00a0\u00a0\u00a0 500 m\u00b2<br \/>Dro\u0161\u012bbas noteikumi\u00a0\u00a0\u00a0\u00a0 PIN kods<br \/>\u0410\u043a\u043a\u0443\u043c\u0443\u043b\u044f\u0442\u043e\u0440<br \/>Akumulatora tips\u00a0\u00a0\u00a0\u00a0 Li-Ion<br \/>Nepiecie\u0161amais akumulatoru skaits\u00a0\u00a0\u00a0\u00a0 1<br \/>Akumulators iek\u013cauts komplekt\u0101\u00a0\u00a0\u00a0\u00a0 J\u0101<br \/>Akumulatoru skaits komplekt\u0101\u00a0\u00a0\u00a0\u00a0 1<br \/>Akumulatora kapacit\u0101te\u00a0\u00a0\u00a0\u00a0 2100 mAh<br \/>Darb\u012bbas ilgums p\u0113c uzl\u0101des\u00a0\u00a0\u00a0\u00a0 70 min<br \/>Akumulatora spriegums\u00a0\u00a0\u00a0\u00a0 18 V<br \/>Palai\u0161anas sist\u0113ma\u00a0\u00a0\u00a0\u00a0 Autom\u0101tisks<br \/>Uzl\u0101des laiks\u00a0\u00a0\u00a0\u00a0 75 min<br \/>\u0424\u0438\u0437\u0438\u0447\u0435\u0441\u043a\u0438\u0435 \u043f\u0430\u0440\u0430\u043c\u0435\u0442\u0440\u044b<br \/>Materi\u0101ls\u00a0\u00a0\u00a0\u00a0 Plastmasa<br \/>Kr\u0101sa\u00a0\u00a0\u00a0\u00a0 Pel\u0113ka<br \/>Garums\u00a0\u00a0\u00a0\u00a0 520 mm<br \/>Platums\u00a0\u00a0\u00a0\u00a0 340 mm<br \/>Augstums\u00a0\u00a0\u00a0\u00a0 220 \u2013 245 mm<br \/>Svars\u00a0\u00a0\u00a0\u00a0 6.1 kg<br \/>\u0414\u043e\u043f\u043e\u043b\u043d\u0438\u0442\u0435\u043b\u044c\u043d\u043e<br \/>Kabe\u013ca auklas garums\u00a0\u00a0\u00a0\u00a0 150 m<br \/>Stieples skavu skaits\u00a0\u00a0\u00a0\u00a0 150<br \/>Trok\u0161\u0146a l\u012bmenis\u00a0\u00a0\u00a0\u00a0 58 dB<br \/>Garantija\u00a0\u00a0\u00a0\u00a0 24 m\u0113n<br \/>Papildus inform\u0101cija\u00a0\u00a0\u00a0\u00a0 Trok\u0161\u0146a l\u012bmenis: 58 dB. Kr\u0101sa: Pel\u0113ka. Garums: 520 mm. Platums: 340 mm. Augstums: 220 \u2013 245 mm. Uzl\u0101des laiks: 75 min<\/p><\/p>","protected":false},"excerpt":{"rendered":"<p>Kop\u0113jie parametri Produkta veids\u00a0\u00a0\u00a0\u00a0 Z\u0101lienu p\u013cau\u0161anas robotiZ\u012bmols\u00a0\u00a0\u00a0\u00a0 GardenaModelis\u00a0\u00a0\u00a0\u00a0 Sileno MinimoRobota ier\u012bces tips\u00a0\u00a0\u00a0\u00a0 Vadu mar\u0137\u0113jumsP\u013cau\u0161anas parametriDarba platums\u00a0\u00a0\u00a0\u00a0 16 cmP\u013cau\u0161anas augstums (Min)\u00a0\u00a0\u00a0\u00a0 20 mmP\u013cau\u0161anas augstums (Maks)\u00a0\u00a0\u00a0\u00a0 50 mmP\u013cau\u0161anas augstuma regul\u0113\u0161ana\u00a0\u00a0\u00a0\u00a0 J\u0101Elektrisk\u0101s p\u013caujma\u0161\u012bnas augstuma regul\u0113\u0161ana\u00a0\u00a0\u00a0\u00a0 N\u0113P\u013cau\u0161anas augstuma poz\u012bcijas\u00a0\u00a0\u00a0\u00a0 5Sensors\u00a0\u00a0\u00a0\u00a0 Pac\u0113l\u0101js, Sasv\u0113r\u0161an\u0101s, Tuvuma sensorsMaksim\u0101lais noslogojums\u00a0\u00a0\u00a0\u00a0 25 %Asme\u0146u skaits\u00a0\u00a0\u00a0\u00a0 3Maksim\u0101l\u0101 p\u013cau\u0161anas plat\u012bba\u00a0\u00a0\u00a0\u00a0 500 m\u00b2Dro\u0161\u012bbas noteikumi\u00a0\u00a0\u00a0\u00a0 PIN kodsAkumulatorsAkumulatora tips\u00a0\u00a0\u00a0\u00a0 Li-IonNepiecie\u0161amais akumulatoru [&hellip;]<\/p>\n","protected":false},"featured_media":44971,"comment_status":"open","ping_status":"closed","template":"","meta":{"_joinchat":[]},"product_brand":[],"product_cat":[335],"product_tag":[],"class_list":{"0":"post-44977","1":"product","2":"type-product","3":"status-publish","4":"has-post-thumbnail","6":"product_cat-darza-tehnika-akumulatora-zales-plaveji","8":"first","9":"instock","10":"shipping-taxable","11":"purchasable","12":"product-type-simple"},"_links":{"self":[{"href":"https:\/\/emeniro.lovehorses.lv\/ru\/wp-json\/wp\/v2\/product\/44977","targetHints":{"allow":["GET"]}}],"collection":[{"href":"https:\/\/emeniro.lovehorses.lv\/ru\/wp-json\/wp\/v2\/product"}],"about":[{"href":"https:\/\/emeniro.lovehorses.lv\/ru\/wp-json\/wp\/v2\/types\/product"}],"replies":[{"embeddable":true,"href":"https:\/\/emeniro.lovehorses.lv\/ru\/wp-json\/wp\/v2\/comments?post=44977"}],"wp:featuredmedia":[{"embeddable":true,"href":"https:\/\/emeniro.lovehorses.lv\/ru\/wp-json\/wp\/v2\/media\/44971"}],"wp:attachment":[{"href":"https:\/\/emeniro.lovehorses.lv\/ru\/wp-json\/wp\/v2\/media?parent=44977"}],"wp:term":[{"taxonomy":"product_brand","embeddable":true,"href":"https:\/\/emeniro.lovehorses.lv\/ru\/wp-json\/wp\/v2\/product_brand?post=44977"},{"taxonomy":"product_cat","embeddable":true,"href":"https:\/\/emeniro.lovehorses.lv\/ru\/wp-json\/wp\/v2\/product_cat?post=44977"},{"taxonomy":"product_tag","embeddable":true,"href":"https:\/\/emeniro.lovehorses.lv\/ru\/wp-json\/wp\/v2\/product_tag?post=44977"}],"curies":[{"name":"wp","href":"https:\/\/api.w.org\/{rel}","templated":true}]}}