{"id":44984,"date":"2026-05-01T07:51:12","date_gmt":"2026-05-01T07:51:12","guid":{"rendered":"https:\/\/emeniro.lovehorses.lv\/product\/makita-duh507z\/"},"modified":"2026-05-01T07:51:12","modified_gmt":"2026-05-01T07:51:12","slug":"makita-duh507z","status":"publish","type":"product","link":"https:\/\/emeniro.lovehorses.lv\/ru\/product\/makita-duh507z\/","title":{"rendered":"Makita DUH507Z"},"content":{"rendered":"<p>\u041e\u0431\u0449\u0438\u0435 \u043f\u0430\u0440\u0430\u043c\u0435\u0442\u0440\u044b<\/p>\n<p>Produkta veids\u00a0\u00a0\u00a0\u00a0 Bezvadu dz\u012bv\u017eoga \u0161\u0137eres<br \/>Z\u012bmols\u00a0\u00a0\u00a0\u00a0 Makita<br \/>Modelis\u00a0\u00a0\u00a0\u00a0 DUH507Z<br \/>Kr\u0101sa\u00a0\u00a0\u00a0\u00a0 Melna<br \/>Materi\u0101ls\u00a0\u00a0\u00a0\u00a0 Plastmasa, T\u0113rauds<br \/>Jauda\u00a0\u00a0\u00a0\u00a0 250 W<br \/>\u0160\u0137\u0113ru tips\u00a0\u00a0\u00a0\u00a0 Akumulatora<br \/>Svars\u00a0\u00a0\u00a0\u00a0 2 kg<br \/>Sliedes garums\u00a0\u00a0\u00a0\u00a0 50 cm<br \/>Kust\u012bbu skaits min\u016bt\u0113\u00a0\u00a0\u00a0\u00a0 2700<br \/>Akumulators iek\u013cauts komplekt\u0101\u00a0\u00a0\u00a0\u00a0 N\u0113<br \/>Akumulatora tips\u00a0\u00a0\u00a0\u00a0 Li-Ion<br \/>Akumulatora spriegums\u00a0\u00a0\u00a0\u00a0 18 V<br \/>L\u0101d\u0113t\u0101js iek\u013cauts\u00a0\u00a0\u00a0\u00a0 N\u0113<br \/>Darb\u012bbas ilgums p\u0113c uzl\u0101des\u00a0\u00a0\u00a0\u00a0 1 min<br \/>Regul\u0113jams rokturis\u00a0\u00a0\u00a0\u00a0 N\u0113<br \/>Na\u017ea maksts\u00a0\u00a0\u00a0\u00a0 J\u0101<br \/>Garantija juridisk\u0101m person\u0101m\u00a0\u00a0\u00a0\u00a0 12 m\u0113n<br \/>Papildus inform\u0101cija\u00a0\u00a0\u00a0\u00a0 \u2013 L\u012bdz 10 % viegl\u0101ks nek\u0101 iepriek\u0161\u0113jais modelis DUH523.- Jauns asmens dizains ar samazin\u0101tu berzi ilg\u0101kam darbm\u016b\u017eam.- Antivibr\u0101cijas strukt\u016bra samazina vibr\u0101cijas p\u0101rnesi uz str\u0101dnieku.- Maksim\u0101l\u0101 grie\u0161anas jauda 15 mm.- Aizsardz\u012bba pret nejau\u0161u iesl\u0113g\u0161anos: iesl\u0113g\u0161ana ar div\u0101m rok\u0101m.- Elektronisk\u0101 bremze dro\u0161ai darb\u012bbai.<br \/>Izcelsmes valsts\u00a0\u00a0\u00a0\u00a0 \u0136\u012bna<\/p><\/p>","protected":false},"excerpt":{"rendered":"<p>Kop\u0113jie parametri Produkta veids\u00a0\u00a0\u00a0\u00a0 Bezvadu dz\u012bv\u017eoga \u0161\u0137eresZ\u012bmols\u00a0\u00a0\u00a0\u00a0 MakitaModelis\u00a0\u00a0\u00a0\u00a0 DUH507ZKr\u0101sa\u00a0\u00a0\u00a0\u00a0 MelnaMateri\u0101ls\u00a0\u00a0\u00a0\u00a0 Plastmasa, T\u0113raudsJauda\u00a0\u00a0\u00a0\u00a0 250 W\u0160\u0137\u0113ru tips\u00a0\u00a0\u00a0\u00a0 AkumulatoraSvars\u00a0\u00a0\u00a0\u00a0 2 kgSliedes garums\u00a0\u00a0\u00a0\u00a0 50 cmKust\u012bbu skaits min\u016bt\u0113\u00a0\u00a0\u00a0\u00a0 2700Akumulators iek\u013cauts komplekt\u0101\u00a0\u00a0\u00a0\u00a0 N\u0113Akumulatora tips\u00a0\u00a0\u00a0\u00a0 Li-IonAkumulatora spriegums\u00a0\u00a0\u00a0\u00a0 18 VL\u0101d\u0113t\u0101js iek\u013cauts\u00a0\u00a0\u00a0\u00a0 N\u0113Darb\u012bbas ilgums p\u0113c uzl\u0101des\u00a0\u00a0\u00a0\u00a0 1 minRegul\u0113jams rokturis\u00a0\u00a0\u00a0\u00a0 N\u0113Na\u017ea maksts\u00a0\u00a0\u00a0\u00a0 J\u0101Garantija juridisk\u0101m person\u0101m\u00a0\u00a0\u00a0\u00a0 12 m\u0113nPapildus inform\u0101cija\u00a0\u00a0\u00a0\u00a0 \u2013 L\u012bdz 10 % viegl\u0101ks nek\u0101 iepriek\u0161\u0113jais [&hellip;]<\/p>\n","protected":false},"featured_media":44978,"comment_status":"open","ping_status":"closed","template":"","meta":[],"product_brand":[],"product_cat":[328],"product_tag":[],"class_list":{"0":"post-44984","1":"product","2":"type-product","3":"status-publish","4":"has-post-thumbnail","6":"product_cat-darza-tehnika-dzivzogu-skeres","8":"first","9":"instock","10":"shipping-taxable","11":"purchasable","12":"product-type-simple"},"_links":{"self":[{"href":"https:\/\/emeniro.lovehorses.lv\/ru\/wp-json\/wp\/v2\/product\/44984","targetHints":{"allow":["GET"]}}],"collection":[{"href":"https:\/\/emeniro.lovehorses.lv\/ru\/wp-json\/wp\/v2\/product"}],"about":[{"href":"https:\/\/emeniro.lovehorses.lv\/ru\/wp-json\/wp\/v2\/types\/product"}],"replies":[{"embeddable":true,"href":"https:\/\/emeniro.lovehorses.lv\/ru\/wp-json\/wp\/v2\/comments?post=44984"}],"wp:featuredmedia":[{"embeddable":true,"href":"https:\/\/emeniro.lovehorses.lv\/ru\/wp-json\/wp\/v2\/media\/44978"}],"wp:attachment":[{"href":"https:\/\/emeniro.lovehorses.lv\/ru\/wp-json\/wp\/v2\/media?parent=44984"}],"wp:term":[{"taxonomy":"product_brand","embeddable":true,"href":"https:\/\/emeniro.lovehorses.lv\/ru\/wp-json\/wp\/v2\/product_brand?post=44984"},{"taxonomy":"product_cat","embeddable":true,"href":"https:\/\/emeniro.lovehorses.lv\/ru\/wp-json\/wp\/v2\/product_cat?post=44984"},{"taxonomy":"product_tag","embeddable":true,"href":"https:\/\/emeniro.lovehorses.lv\/ru\/wp-json\/wp\/v2\/product_tag?post=44984"}],"curies":[{"name":"wp","href":"https:\/\/api.w.org\/{rel}","templated":true}]}}