{"id":45000,"date":"2026-05-01T07:51:46","date_gmt":"2026-05-01T07:51:46","guid":{"rendered":"https:\/\/emeniro.lovehorses.lv\/product\/beko-b5rcna366hxb-186-cm\/"},"modified":"2026-05-01T07:51:46","modified_gmt":"2026-05-01T07:51:46","slug":"beko-b5rcna366hxb-186-cm","status":"publish","type":"product","link":"https:\/\/emeniro.lovehorses.lv\/ru\/product\/beko-b5rcna366hxb-186-cm\/","title":{"rendered":"Beko B5RCNA366HXB 186 \u0441\u043c"},"content":{"rendered":"<p>\u0422\u0438\u043f \u0445\u043e\u043b\u043e\u0434\u0438\u043b\u044c\u043d\u0438\u043a\u0430 \u041c\u043e\u0440\u043e\u0437\u0438\u043b\u044c\u043d\u0430\u044f \u043a\u0430\u043c\u0435\u0440\u0430 \u0441\u043d\u0438\u0437\u0443<\/p>\n<p>\u0411\u0440\u0435\u043d\u0434 Beko<br \/>\u041c\u043e\u0434\u0435\u043b\u044c B5RCNA366HXB<br \/>\u0426\u0432\u0435\u0442 \u041d\u0435\u0440\u0436\u0430\u0432\u0435\u044e\u0449\u0430\u044f \u0441\u0442\u0430\u043b\u044c<br \/>\u0420\u0430\u0437\u043c\u0435\u0440\u044b \u0438 \u0432\u0435\u0441<br \/>\u0412\u044b\u0441\u043e\u0442\u0430 186.5 cm<br \/>\u0428\u0438\u0440\u0438\u043d\u0430 59.6 \u0441\u043c<br \/>\u0413\u043b\u0443\u0431\u0438\u043d\u0430 66.3 \u0441\u043c<br \/>\u0412\u0435\u0441 69.3 \u043a\u0433<br \/>\u042d\u043d\u0435\u0440\u0433\u043e\u043f\u043e\u0442\u0440\u0435\u0431\u043b\u0435\u043d\u0438\u0435<br \/>\u041a\u043b\u0430\u0441\u0441 \u044d\u043d\u0435\u0440\u0433\u043e\u044d\u0444\u0444\u0435\u043a\u0442\u0438\u0432\u043d\u043e\u0441\u0442\u0438 C<br \/>Energoefektivit\u0101tes kla\u0161u skala A \u2013 G<br \/>\u041a\u0430\u043c\u0435\u0440\u0430 \u0445\u043e\u043b\u043e\u0434\u0438\u043b\u044c\u043d\u0438\u043a\u0430<br \/>\u041e\u0431\u0449\u0438\u0439 \u043e\u0431\u044a\u0435\u043c \u0445\u043e\u043b\u043e\u0434\u0438\u043b\u044c\u043d\u0438\u043a\u0430 367 \u043b<br \/>\u041f\u043e\u043b\u0435\u0437\u043d\u044b\u0439 \u043e\u0431\u044a\u0435\u043c \u0445\u043e\u043b\u043e\u0434\u0438\u043b\u044c\u043d\u0438\u043a\u0430 210 \u043b<br \/>\u041a\u043e\u043b\u0438\u0447\u0435\u0441\u0442\u0432\u043e \u043f\u043e\u043b\u043e\u043a 3<br \/>\u041c\u0430\u0442\u0435\u0440\u0438\u0430\u043b \u043f\u043e\u043b\u043e\u043a<br \/>\u0417\u0430\u043a\u0430\u043b\u0435\u043d\u043d\u043e\u0435 \u0441\u0442\u0435\u043a\u043b\u043e<br \/>\u041e\u0442\u0434\u0435\u043b\u0435\u043d\u0438\u0435 \u0434\u043b\u044f \u043e\u0432\u043e\u0449\u0435\u0439 \u0438 \u0444\u0440\u0443\u043a\u0442\u043e\u0432 \u0414\u0430<br \/>\u0422\u0438\u043f \u043e\u0441\u0432\u0435\u0449\u0435\u043d\u0438\u044f LED<br \/>\u041a\u0430\u043c\u0435\u0440\u0430 \u043c\u043e\u0440\u043e\u0437\u0438\u043b\u044c\u043d\u0438\u043a\u0430<br \/>\u041f\u043e\u043b\u0435\u0437\u043d\u044b\u0439 \u043e\u0431\u044a\u0435\u043c \u043c\u043e\u0440\u043e\u0437\u0438\u043b\u044c\u043d\u043e\u0439 \u043a\u0430\u043c\u0435\u0440\u044b 106 \u043b<br \/>\u041a\u043e\u043b\u0438\u0447\u0435\u0441\u0442\u0432\u043e \u043c\u043e\u0440\u043e\u0437\u0438\u043b\u044c\u043d\u044b\u0445 \u044f\u0449\u0438\u043a\u043e\u0432 3<br \/>\u0421\u0438\u0441\u0442\u0435\u043c\u0430 \u0440\u0430\u0437\u043c\u043e\u0440\u0430\u0436\u0438\u0432\u0430\u043d\u0438\u044f \u0438 \u0437\u0430\u043c\u043e\u0440\u043e\u0437\u043a\u0438<br \/>\u0422\u0435\u0440\u043c\u043e\u0441\u0442\u0430\u0442 \u0414\u0430<br \/>\u0422\u0438\u043f \u0442\u0435\u0440\u043c\u043e\u0441\u0442\u0430\u0442\u0430 \u042d\u043b\u0435\u043a\u0442\u0440\u043e\u043d\u043d\u044b\u0439<br \/>\u0417\u043e\u043d\u0430 \u0431\u043b\u0438\u0437\u043a\u0430\u044f \u043a 0 \u00b0C \u0414\u0430<br \/>\u0410\u0432\u0442\u043e\u043c\u0430\u0442\u0438\u0447\u0435\u0441\u043a\u0430\u044f \u0440\u0430\u0437\u043c\u043e\u0440\u043e\u0437\u043a\u0430 \u0414\u0430<br \/>\u041f\u0440\u043e\u0438\u0437\u0432\u043e\u0434\u0438\u0442\u0435\u043b\u044c\u043d\u043e\u0441\u0442\u044c \u0437\u0430\u043c\u043e\u0440\u043e\u0437\u043a\u0438, \u043a\u0433\/24\u0447 6<br \/>\u0423\u043f\u0440\u0430\u0432\u043b\u0435\u043d\u0438\u0435<br \/>\u0412\u043e\u0437\u043c\u043e\u0436\u043d\u043e\u0441\u0442\u044c \u0441\u043c\u0435\u043d\u044b \u043d\u0430\u043f\u0440\u0430\u0432\u043b\u0435\u043d\u0438\u044f \u043e\u0442\u043a\u0440\u044b\u0432\u0430\u043d\u0438\u044f \u0434\u0432\u0435\u0440\u0438 \u0414\u0430<br \/>\u0423\u043f\u0440\u0430\u0432\u043b\u0435\u043d\u0438\u0435 \u042d\u043b\u0435\u043a\u0442\u0440\u043e\u043d\u043d\u043e\u0435, \u0441\u0435\u043d\u0441\u043e\u0440\u043d\u043e\u0435<br \/>\u042d\u043a\u0440\u0430\u043d \u0414\u0430<br \/>\u0414\u043e\u043f\u043e\u043b\u043d\u0438\u0442\u0435\u043b\u044c\u043d\u043e<br \/>\u0423\u0440\u043e\u0432\u0435\u043d\u044c \u0448\u0443\u043c\u0430 35 \u0434\u0411<br \/>\u0422\u0438\u043f \u0443\u0441\u0442\u0430\u043d\u043e\u0432\u043a\u0438 \u041e\u0442\u0434\u0435\u043b\u044c\u043d\u043e\u0441\u0442\u043e\u044f\u0449\u0438\u0439<br \/>\u0421\u0442\u0440\u0430\u043d\u0430 \u043f\u0440\u043e\u0438\u0441\u0445\u043e\u0436\u0434\u0435\u043d\u0438\u044f \u0420\u0443\u043c\u044b\u043d\u0438\u044f<\/p><\/p>","protected":false},"excerpt":{"rendered":"<p>Ledusskapja veids Sald\u0113tava apak\u0161\u0101 Z\u012bmolsBekoModelis B5RCNA366HXBKr\u0101sas nosaukums Ner\u016bs\u0113jo\u0161\u0101 t\u0113rauda kr\u0101s.Izm\u0113ri un svarsAugstums 186.5 cmPlatums 59.6 cmDzi\u013cums 66.3 cmSvars 69.3 kgEner\u0123ijas pat\u0113ri\u0146\u0161Energoefektivit\u0101tes klase CEnergoefektivit\u0101tes kla\u0161u skala A \u2013 GLedusskapja kameraKop\u0113jais ledusskapja tilpums 367 lIzmantojamais ledusskapja tilpums 210 lPlauktu skaits 3Plauktu materi\u0101lsR\u016bd\u012btais stiklsD\u0101rze\u0146u un aug\u013cu nodal\u012bjums J\u0101Apgaismojuma tips LEDSald\u0113tavas kameraIzmantojamais sald\u0113tavas tilpums 106 lSald\u0113\u0161anas atvilkt\u0146u skaits 3Atsald\u0113\u0161anas [&hellip;]<\/p>\n","protected":false},"featured_media":44991,"comment_status":"open","ping_status":"closed","template":"","meta":{"_joinchat":[]},"product_brand":[269],"product_cat":[272],"product_tag":[],"class_list":{"0":"post-45000","1":"product","2":"type-product","3":"status-publish","4":"has-post-thumbnail","6":"product_brand-beko","7":"product_cat-sadzives-tehnika-ledusskapji","9":"first","10":"instock","11":"shipping-taxable","12":"purchasable","13":"product-type-simple"},"_links":{"self":[{"href":"https:\/\/emeniro.lovehorses.lv\/ru\/wp-json\/wp\/v2\/product\/45000","targetHints":{"allow":["GET"]}}],"collection":[{"href":"https:\/\/emeniro.lovehorses.lv\/ru\/wp-json\/wp\/v2\/product"}],"about":[{"href":"https:\/\/emeniro.lovehorses.lv\/ru\/wp-json\/wp\/v2\/types\/product"}],"replies":[{"embeddable":true,"href":"https:\/\/emeniro.lovehorses.lv\/ru\/wp-json\/wp\/v2\/comments?post=45000"}],"wp:featuredmedia":[{"embeddable":true,"href":"https:\/\/emeniro.lovehorses.lv\/ru\/wp-json\/wp\/v2\/media\/44991"}],"wp:attachment":[{"href":"https:\/\/emeniro.lovehorses.lv\/ru\/wp-json\/wp\/v2\/media?parent=45000"}],"wp:term":[{"taxonomy":"product_brand","embeddable":true,"href":"https:\/\/emeniro.lovehorses.lv\/ru\/wp-json\/wp\/v2\/product_brand?post=45000"},{"taxonomy":"product_cat","embeddable":true,"href":"https:\/\/emeniro.lovehorses.lv\/ru\/wp-json\/wp\/v2\/product_cat?post=45000"},{"taxonomy":"product_tag","embeddable":true,"href":"https:\/\/emeniro.lovehorses.lv\/ru\/wp-json\/wp\/v2\/product_tag?post=45000"}],"curies":[{"name":"wp","href":"https:\/\/api.w.org\/{rel}","templated":true}]}}