{"id":45099,"date":"2026-05-01T07:55:15","date_gmt":"2026-05-01T07:55:15","guid":{"rendered":"https:\/\/emeniro.lovehorses.lv\/product\/bosch-axt-25-tc\/"},"modified":"2026-05-01T07:55:15","modified_gmt":"2026-05-01T07:55:15","slug":"bosch-axt-25-tc","status":"publish","type":"product","link":"https:\/\/emeniro.lovehorses.lv\/ru\/product\/bosch-axt-25-tc\/","title":{"rendered":"Bosch AXT 25 TC"},"content":{"rendered":"<p>\u041e\u0431\u0449\u0438\u0435 \u043f\u0430\u0440\u0430\u043c\u0435\u0442\u0440\u044b<\/p>\n<p>Produkta veids\u00a0\u00a0\u00a0\u00a0 Zaru smalcin\u0101t\u0101ji<br \/>Z\u012bmols\u00a0\u00a0\u00a0\u00a0 Bosch<br \/>Modelis\u00a0\u00a0\u00a0\u00a0 AXT 25 TC<br \/>Garums\u00a0\u00a0\u00a0\u00a0 685 mm<br \/>Platums\u00a0\u00a0\u00a0\u00a0 397 mm<br \/>Augstums\u00a0\u00a0\u00a0\u00a0 742 mm<br \/>Kr\u0101sa\u00a0\u00a0\u00a0\u00a0 Melna, Za\u013ca<br \/>Materi\u0101ls\u00a0\u00a0\u00a0\u00a0 T\u0113rauds<br \/>Jauda\u00a0\u00a0\u00a0\u00a0 2500 W<br \/>Spriegums\u00a0\u00a0\u00a0\u00a0 220 V<br \/>\u0422\u0438\u043f \u0438\u0437\u043c\u0435\u043b\u044c\u0447\u0435\u043d\u0438\u044f<br \/>\u00a0\u00a0\u00a0 Turbine-Cut<br \/>Maksim\u0101lais sasmalcin\u0101mo zaru biezums\u00a0\u00a0\u00a0\u00a0 45 mm<br \/>Sav\u0101k\u0161anas maiss\u00a0\u00a0\u00a0\u00a0 J\u0101<br \/>Sav\u0101k\u0161anas maisa tilpums\u00a0\u00a0\u00a0\u00a0 53 l<br \/>Trok\u0161\u0146a l\u012bmenis\u00a0\u00a0\u00a0\u00a0 89 dB<br \/>Smalcin\u0101\u0161anas \u0101trums\u00a0\u00a0\u00a0\u00a0 41 rpm<br \/>Aizsardz\u012bba pret spr\u016b\u0161anu\u00a0\u00a0\u00a0\u00a0 J\u0101<br \/>Ar rite\u0146iem\u00a0\u00a0\u00a0\u00a0 J\u0101<br \/>Autom\u0101tiska roktura nospie\u0161ana\u00a0\u00a0\u00a0\u00a0 J\u0101<br \/>Rokturis zaru stum\u0161anai\u00a0\u00a0\u00a0\u00a0 N\u0113<br \/>Reversais p\u0101rnesums\u00a0\u00a0\u00a0\u00a0 N\u0113<br \/>Dzin\u0113ja tips\u00a0\u00a0\u00a0\u00a0 Elektriskais<br \/>Degvielas tvertnes tilpums\u00a0\u00a0\u00a0\u00a0 53 l<br \/>Garantija\u00a0\u00a0\u00a0\u00a0 24 m\u0113n<br \/>Papildus inform\u0101cija\u00a0\u00a0\u00a0\u00a0 Univers\u0101lais daudzfunkcion\u0101lais smalcin\u0101t\u0101js \u201cAxt 25 tc\u201d ar uzst\u0101d\u012bto \u201cTurbine-Cut\u201d sist\u0113mu nodro\u0161ina \u012bpa\u0161i \u0101tru materi\u0101lu apstr\u0101di bez aiz\u0137er\u0161an\u0101s.<br \/>Izcelsmes valsts\u00a0\u00a0\u00a0\u00a0 Ung\u0101rija<\/p><\/p>","protected":false},"excerpt":{"rendered":"<p>Kop\u0113jie parametri Produkta veids\u00a0\u00a0\u00a0\u00a0 Zaru smalcin\u0101t\u0101jiZ\u012bmols\u00a0\u00a0\u00a0\u00a0 BoschModelis\u00a0\u00a0\u00a0\u00a0 AXT 25 TCGarums\u00a0\u00a0\u00a0\u00a0 685 mmPlatums\u00a0\u00a0\u00a0\u00a0 397 mmAugstums\u00a0\u00a0\u00a0\u00a0 742 mmKr\u0101sa\u00a0\u00a0\u00a0\u00a0 Melna, Za\u013caMateri\u0101ls\u00a0\u00a0\u00a0\u00a0 T\u0113raudsJauda\u00a0\u00a0\u00a0\u00a0 2500 WSpriegums\u00a0\u00a0\u00a0\u00a0 220 VP\u013cau\u0161anas veids\u00a0\u00a0\u00a0 Turbine-CutMaksim\u0101lais sasmalcin\u0101mo zaru biezums\u00a0\u00a0\u00a0\u00a0 45 mmSav\u0101k\u0161anas maiss\u00a0\u00a0\u00a0\u00a0 J\u0101Sav\u0101k\u0161anas maisa tilpums\u00a0\u00a0\u00a0\u00a0 53 lTrok\u0161\u0146a l\u012bmenis\u00a0\u00a0\u00a0\u00a0 89 dBSmalcin\u0101\u0161anas \u0101trums\u00a0\u00a0\u00a0\u00a0 41 rpmAizsardz\u012bba pret spr\u016b\u0161anu\u00a0\u00a0\u00a0\u00a0 J\u0101Ar rite\u0146iem\u00a0\u00a0\u00a0\u00a0 J\u0101Autom\u0101tiska roktura nospie\u0161ana\u00a0\u00a0\u00a0\u00a0 J\u0101Rokturis zaru stum\u0161anai\u00a0\u00a0\u00a0\u00a0 N\u0113Reversais p\u0101rnesums\u00a0\u00a0\u00a0\u00a0 N\u0113Dzin\u0113ja [&hellip;]<\/p>\n","protected":false},"featured_media":45093,"comment_status":"open","ping_status":"closed","template":"","meta":{"_joinchat":[]},"product_brand":[281],"product_cat":[337],"product_tag":[],"class_list":{"0":"post-45099","1":"product","2":"type-product","3":"status-publish","4":"has-post-thumbnail","6":"product_brand-bosch","7":"product_cat-darza-tehnika-zaru-smalcinataji","9":"first","10":"instock","11":"shipping-taxable","12":"purchasable","13":"product-type-simple"},"_links":{"self":[{"href":"https:\/\/emeniro.lovehorses.lv\/ru\/wp-json\/wp\/v2\/product\/45099","targetHints":{"allow":["GET"]}}],"collection":[{"href":"https:\/\/emeniro.lovehorses.lv\/ru\/wp-json\/wp\/v2\/product"}],"about":[{"href":"https:\/\/emeniro.lovehorses.lv\/ru\/wp-json\/wp\/v2\/types\/product"}],"replies":[{"embeddable":true,"href":"https:\/\/emeniro.lovehorses.lv\/ru\/wp-json\/wp\/v2\/comments?post=45099"}],"wp:featuredmedia":[{"embeddable":true,"href":"https:\/\/emeniro.lovehorses.lv\/ru\/wp-json\/wp\/v2\/media\/45093"}],"wp:attachment":[{"href":"https:\/\/emeniro.lovehorses.lv\/ru\/wp-json\/wp\/v2\/media?parent=45099"}],"wp:term":[{"taxonomy":"product_brand","embeddable":true,"href":"https:\/\/emeniro.lovehorses.lv\/ru\/wp-json\/wp\/v2\/product_brand?post=45099"},{"taxonomy":"product_cat","embeddable":true,"href":"https:\/\/emeniro.lovehorses.lv\/ru\/wp-json\/wp\/v2\/product_cat?post=45099"},{"taxonomy":"product_tag","embeddable":true,"href":"https:\/\/emeniro.lovehorses.lv\/ru\/wp-json\/wp\/v2\/product_tag?post=45099"}],"curies":[{"name":"wp","href":"https:\/\/api.w.org\/{rel}","templated":true}]}}