{"id":45110,"date":"2026-05-01T07:56:03","date_gmt":"2026-05-01T07:56:03","guid":{"rendered":"https:\/\/emeniro.lovehorses.lv\/product\/bosch-axt-rapid-2000\/"},"modified":"2026-05-01T07:56:03","modified_gmt":"2026-05-01T07:56:03","slug":"bosch-axt-rapid-2000","status":"publish","type":"product","link":"https:\/\/emeniro.lovehorses.lv\/ru\/product\/bosch-axt-rapid-2000\/","title":{"rendered":"Bosch AXT Rapid 2000"},"content":{"rendered":"<p>\u041e\u0431\u0449\u0438\u0435 \u043f\u0430\u0440\u0430\u043c\u0435\u0442\u0440\u044b<\/p>\n<p>Produkta veids\u00a0\u00a0\u00a0\u00a0 Zaru smalcin\u0101t\u0101ji<br \/>Z\u012bmols\u00a0\u00a0\u00a0\u00a0 Bosch<br \/>Modelis\u00a0\u00a0\u00a0\u00a0 AXT Rapid 2000<br \/>Garums\u00a0\u00a0\u00a0\u00a0 616 mm<br \/>Platums\u00a0\u00a0\u00a0\u00a0 467 mm<br \/>Augstums\u00a0\u00a0\u00a0\u00a0 902 mm<br \/>Kr\u0101sa\u00a0\u00a0\u00a0\u00a0 Za\u013ca<br \/>Materi\u0101ls\u00a0\u00a0\u00a0\u00a0 T\u0113rauds<br \/>Jauda\u00a0\u00a0\u00a0\u00a0 2000 W<br \/>Spriegums\u00a0\u00a0\u00a0\u00a0 220 V<br \/>\u0422\u0438\u043f \u0438\u0437\u043c\u0435\u043b\u044c\u0447\u0435\u043d\u0438\u044f<br \/>\u00a0\u00a0\u00a0 \u041d\u043e\u0436<br \/>Maksim\u0101lais sasmalcin\u0101mo zaru biezums\u00a0\u00a0\u00a0\u00a0 35 mm<br \/>Sav\u0101k\u0161anas maiss\u00a0\u00a0\u00a0\u00a0 N\u0113<br \/>Trok\u0161\u0146a l\u012bmenis\u00a0\u00a0\u00a0\u00a0 103 dB<br \/>Aizsardz\u012bba pret spr\u016b\u0161anu\u00a0\u00a0\u00a0\u00a0 J\u0101<br \/>Ar rite\u0146iem\u00a0\u00a0\u00a0\u00a0 J\u0101<br \/>Autom\u0101tiska roktura nospie\u0161ana\u00a0\u00a0\u00a0\u00a0 N\u0113<br \/>Rokturis zaru stum\u0161anai\u00a0\u00a0\u00a0\u00a0 J\u0101<br \/>Reversais p\u0101rnesums\u00a0\u00a0\u00a0\u00a0 N\u0113<br \/>Dzin\u0113ja tips\u00a0\u00a0\u00a0\u00a0 Elektriskais<br \/>Garantija\u00a0\u00a0\u00a0\u00a0 24 m\u0113n<br \/>Papildus inform\u0101cija\u00a0\u00a0\u00a0\u00a0 Axt rapid 2000 smalcin\u0101t\u0101js ir \u0101trs un jaud\u012bgs, ar iztur\u012bgiem l\u0101zera griezuma prec\u012bzijas asme\u0146iem, kas nodro\u0161ina augstu smalcin\u0101\u0161anas veiktsp\u0113ju.<\/p><\/p>","protected":false},"excerpt":{"rendered":"<p>Kop\u0113jie parametri Produkta veids\u00a0\u00a0\u00a0\u00a0 Zaru smalcin\u0101t\u0101jiZ\u012bmols\u00a0\u00a0\u00a0\u00a0 BoschModelis\u00a0\u00a0\u00a0\u00a0 AXT Rapid 2000Garums\u00a0\u00a0\u00a0\u00a0 616 mmPlatums\u00a0\u00a0\u00a0\u00a0 467 mmAugstums\u00a0\u00a0\u00a0\u00a0 902 mmKr\u0101sa\u00a0\u00a0\u00a0\u00a0 Za\u013caMateri\u0101ls\u00a0\u00a0\u00a0\u00a0 T\u0113raudsJauda\u00a0\u00a0\u00a0\u00a0 2000 WSpriegums\u00a0\u00a0\u00a0\u00a0 220 VP\u013cau\u0161anas veids\u00a0\u00a0\u00a0 AsmensMaksim\u0101lais sasmalcin\u0101mo zaru biezums\u00a0\u00a0\u00a0\u00a0 35 mmSav\u0101k\u0161anas maiss\u00a0\u00a0\u00a0\u00a0 N\u0113Trok\u0161\u0146a l\u012bmenis\u00a0\u00a0\u00a0\u00a0 103 dBAizsardz\u012bba pret spr\u016b\u0161anu\u00a0\u00a0\u00a0\u00a0 J\u0101Ar rite\u0146iem\u00a0\u00a0\u00a0\u00a0 J\u0101Autom\u0101tiska roktura nospie\u0161ana\u00a0\u00a0\u00a0\u00a0 N\u0113Rokturis zaru stum\u0161anai\u00a0\u00a0\u00a0\u00a0 J\u0101Reversais p\u0101rnesums\u00a0\u00a0\u00a0\u00a0 N\u0113Dzin\u0113ja tips\u00a0\u00a0\u00a0\u00a0 ElektriskaisGarantija\u00a0\u00a0\u00a0\u00a0 24 m\u0113nPapildus inform\u0101cija\u00a0\u00a0\u00a0\u00a0 Axt rapid 2000 [&hellip;]<\/p>\n","protected":false},"featured_media":45106,"comment_status":"open","ping_status":"closed","template":"","meta":{"_joinchat":[]},"product_brand":[281],"product_cat":[337],"product_tag":[],"class_list":{"0":"post-45110","1":"product","2":"type-product","3":"status-publish","4":"has-post-thumbnail","6":"product_brand-bosch","7":"product_cat-darza-tehnika-zaru-smalcinataji","9":"first","10":"instock","11":"shipping-taxable","12":"purchasable","13":"product-type-simple"},"_links":{"self":[{"href":"https:\/\/emeniro.lovehorses.lv\/ru\/wp-json\/wp\/v2\/product\/45110","targetHints":{"allow":["GET"]}}],"collection":[{"href":"https:\/\/emeniro.lovehorses.lv\/ru\/wp-json\/wp\/v2\/product"}],"about":[{"href":"https:\/\/emeniro.lovehorses.lv\/ru\/wp-json\/wp\/v2\/types\/product"}],"replies":[{"embeddable":true,"href":"https:\/\/emeniro.lovehorses.lv\/ru\/wp-json\/wp\/v2\/comments?post=45110"}],"wp:featuredmedia":[{"embeddable":true,"href":"https:\/\/emeniro.lovehorses.lv\/ru\/wp-json\/wp\/v2\/media\/45106"}],"wp:attachment":[{"href":"https:\/\/emeniro.lovehorses.lv\/ru\/wp-json\/wp\/v2\/media?parent=45110"}],"wp:term":[{"taxonomy":"product_brand","embeddable":true,"href":"https:\/\/emeniro.lovehorses.lv\/ru\/wp-json\/wp\/v2\/product_brand?post=45110"},{"taxonomy":"product_cat","embeddable":true,"href":"https:\/\/emeniro.lovehorses.lv\/ru\/wp-json\/wp\/v2\/product_cat?post=45110"},{"taxonomy":"product_tag","embeddable":true,"href":"https:\/\/emeniro.lovehorses.lv\/ru\/wp-json\/wp\/v2\/product_tag?post=45110"}],"curies":[{"name":"wp","href":"https:\/\/api.w.org\/{rel}","templated":true}]}}