{"id":45114,"date":"2026-05-01T07:56:13","date_gmt":"2026-05-01T07:56:13","guid":{"rendered":"https:\/\/emeniro.lovehorses.lv\/product\/scheppach-gs55\/"},"modified":"2026-05-01T07:56:13","modified_gmt":"2026-05-01T07:56:13","slug":"scheppach-gs55","status":"publish","type":"product","link":"https:\/\/emeniro.lovehorses.lv\/ru\/product\/scheppach-gs55\/","title":{"rendered":"Scheppach GS55"},"content":{"rendered":"<p>\u041e\u0431\u0449\u0438\u0435 \u043f\u0430\u0440\u0430\u043c\u0435\u0442\u0440\u044b<\/p>\n<p>Produkta veids\u00a0\u00a0\u00a0\u00a0 Zaru smalcin\u0101t\u0101ji<br \/>Z\u012bmols\u00a0\u00a0\u00a0\u00a0 Scheppach<br \/>Modelis\u00a0\u00a0\u00a0\u00a0 GS55<br \/>Garums\u00a0\u00a0\u00a0\u00a0 510 mm<br \/>Platums\u00a0\u00a0\u00a0\u00a0 350 mm<br \/>Augstums\u00a0\u00a0\u00a0\u00a0 910 mm<br \/>Kr\u0101sa\u00a0\u00a0\u00a0\u00a0 Sarkana<br \/>Materi\u0101ls\u00a0\u00a0\u00a0\u00a0 Plastmasa<br \/>Jauda\u00a0\u00a0\u00a0\u00a0 2400 W<br \/>Spriegums\u00a0\u00a0\u00a0\u00a0 230 \u2013 240 V<br \/>\u0422\u0438\u043f \u0438\u0437\u043c\u0435\u043b\u044c\u0447\u0435\u043d\u0438\u044f<br \/>\u00a0\u00a0\u00a0 \u041d\u043e\u0436<br \/>Maksim\u0101lais sasmalcin\u0101mo zaru biezums\u00a0\u00a0\u00a0\u00a0 45 mm<br \/>Sav\u0101k\u0161anas maiss\u00a0\u00a0\u00a0\u00a0 J\u0101<br \/>Sav\u0101k\u0161anas maisa tilpums\u00a0\u00a0\u00a0\u00a0 45 l<br \/>Trok\u0161\u0146a l\u012bmenis\u00a0\u00a0\u00a0\u00a0 48 dB<br \/>Smalcin\u0101\u0161anas \u0101trums\u00a0\u00a0\u00a0\u00a0 4100 rpm<br \/>Aizsardz\u012bba pret spr\u016b\u0161anu\u00a0\u00a0\u00a0\u00a0 N\u0113<br \/>Ar rite\u0146iem\u00a0\u00a0\u00a0\u00a0 J\u0101<br \/>Rokturis zaru stum\u0161anai\u00a0\u00a0\u00a0\u00a0 N\u0113<br \/>Reversais p\u0101rnesums\u00a0\u00a0\u00a0\u00a0 N\u0113<br \/>Dzin\u0113ja tips\u00a0\u00a0\u00a0\u00a0 Elektriskais<\/p><\/p>","protected":false},"excerpt":{"rendered":"<p>Kop\u0113jie parametri Produkta veids\u00a0\u00a0\u00a0\u00a0 Zaru smalcin\u0101t\u0101jiZ\u012bmols\u00a0\u00a0\u00a0\u00a0 ScheppachModelis\u00a0\u00a0\u00a0\u00a0 GS55Garums\u00a0\u00a0\u00a0\u00a0 510 mmPlatums\u00a0\u00a0\u00a0\u00a0 350 mmAugstums\u00a0\u00a0\u00a0\u00a0 910 mmKr\u0101sa\u00a0\u00a0\u00a0\u00a0 SarkanaMateri\u0101ls\u00a0\u00a0\u00a0\u00a0 PlastmasaJauda\u00a0\u00a0\u00a0\u00a0 2400 WSpriegums\u00a0\u00a0\u00a0\u00a0 230 \u2013 240 VP\u013cau\u0161anas veids\u00a0\u00a0\u00a0 AsmensMaksim\u0101lais sasmalcin\u0101mo zaru biezums\u00a0\u00a0\u00a0\u00a0 45 mmSav\u0101k\u0161anas maiss\u00a0\u00a0\u00a0\u00a0 J\u0101Sav\u0101k\u0161anas maisa tilpums\u00a0\u00a0\u00a0\u00a0 45 lTrok\u0161\u0146a l\u012bmenis\u00a0\u00a0\u00a0\u00a0 48 dBSmalcin\u0101\u0161anas \u0101trums\u00a0\u00a0\u00a0\u00a0 4100 rpmAizsardz\u012bba pret spr\u016b\u0161anu\u00a0\u00a0\u00a0\u00a0 N\u0113Ar rite\u0146iem\u00a0\u00a0\u00a0\u00a0 J\u0101Rokturis zaru stum\u0161anai\u00a0\u00a0\u00a0\u00a0 N\u0113Reversais p\u0101rnesums\u00a0\u00a0\u00a0\u00a0 N\u0113Dzin\u0113ja tips\u00a0\u00a0\u00a0\u00a0 Elektriskais<\/p>","protected":false},"featured_media":45111,"comment_status":"open","ping_status":"closed","template":"","meta":{"_joinchat":[]},"product_brand":[],"product_cat":[337],"product_tag":[],"class_list":{"0":"post-45114","1":"product","2":"type-product","3":"status-publish","4":"has-post-thumbnail","6":"product_cat-darza-tehnika-zaru-smalcinataji","8":"first","9":"instock","10":"shipping-taxable","11":"purchasable","12":"product-type-simple"},"_links":{"self":[{"href":"https:\/\/emeniro.lovehorses.lv\/ru\/wp-json\/wp\/v2\/product\/45114","targetHints":{"allow":["GET"]}}],"collection":[{"href":"https:\/\/emeniro.lovehorses.lv\/ru\/wp-json\/wp\/v2\/product"}],"about":[{"href":"https:\/\/emeniro.lovehorses.lv\/ru\/wp-json\/wp\/v2\/types\/product"}],"replies":[{"embeddable":true,"href":"https:\/\/emeniro.lovehorses.lv\/ru\/wp-json\/wp\/v2\/comments?post=45114"}],"wp:featuredmedia":[{"embeddable":true,"href":"https:\/\/emeniro.lovehorses.lv\/ru\/wp-json\/wp\/v2\/media\/45111"}],"wp:attachment":[{"href":"https:\/\/emeniro.lovehorses.lv\/ru\/wp-json\/wp\/v2\/media?parent=45114"}],"wp:term":[{"taxonomy":"product_brand","embeddable":true,"href":"https:\/\/emeniro.lovehorses.lv\/ru\/wp-json\/wp\/v2\/product_brand?post=45114"},{"taxonomy":"product_cat","embeddable":true,"href":"https:\/\/emeniro.lovehorses.lv\/ru\/wp-json\/wp\/v2\/product_cat?post=45114"},{"taxonomy":"product_tag","embeddable":true,"href":"https:\/\/emeniro.lovehorses.lv\/ru\/wp-json\/wp\/v2\/product_tag?post=45114"}],"curies":[{"name":"wp","href":"https:\/\/api.w.org\/{rel}","templated":true}]}}