{"id":45122,"date":"2026-05-01T07:56:24","date_gmt":"2026-05-01T07:56:24","guid":{"rendered":"https:\/\/emeniro.lovehorses.lv\/product\/stiga-bio-master-2200\/"},"modified":"2026-05-01T07:56:24","modified_gmt":"2026-05-01T07:56:24","slug":"stiga-bio-master-2200","status":"publish","type":"product","link":"https:\/\/emeniro.lovehorses.lv\/ru\/product\/stiga-bio-master-2200\/","title":{"rendered":"Stiga Bio Master 2200"},"content":{"rendered":"<p>\u041e\u0431\u0449\u0438\u0435 \u043f\u0430\u0440\u0430\u043c\u0435\u0442\u0440\u044b<\/p>\n<p>Produkta veids\u00a0\u00a0\u00a0\u00a0 Zaru smalcin\u0101t\u0101ji<br \/>Z\u012bmols\u00a0\u00a0\u00a0\u00a0 Stiga<br \/>Modelis\u00a0\u00a0\u00a0\u00a0 Bio Master 2200<br \/>Garums\u00a0\u00a0\u00a0\u00a0 443 mm<br \/>Platums\u00a0\u00a0\u00a0\u00a0 487 mm<br \/>Augstums\u00a0\u00a0\u00a0\u00a0 945 mm<br \/>Kr\u0101sa\u00a0\u00a0\u00a0\u00a0 Dzeltena, Melna<br \/>Materi\u0101ls\u00a0\u00a0\u00a0\u00a0 Met\u0101ls, Plastmasa<br \/>Jauda\u00a0\u00a0\u00a0\u00a0 2200 W<br \/>\u0422\u0438\u043f \u0438\u0437\u043c\u0435\u043b\u044c\u0447\u0435\u043d\u0438\u044f<br \/>\u00a0\u00a0\u00a0 \u041d\u043e\u0436<br \/>Maksim\u0101lais sasmalcin\u0101mo zaru biezums\u00a0\u00a0\u00a0\u00a0 40 mm<br \/>Sav\u0101k\u0161anas maiss\u00a0\u00a0\u00a0\u00a0 J\u0101<br \/>Sav\u0101k\u0161anas maisa tilpums\u00a0\u00a0\u00a0\u00a0 50 l<br \/>Trok\u0161\u0146a l\u012bmenis\u00a0\u00a0\u00a0\u00a0 102 dB<br \/>Smalcin\u0101\u0161anas \u0101trums\u00a0\u00a0\u00a0\u00a0 3650 rpm<br \/>Aizsardz\u012bba pret spr\u016b\u0161anu\u00a0\u00a0\u00a0\u00a0 J\u0101<br \/>Ar rite\u0146iem\u00a0\u00a0\u00a0\u00a0 J\u0101<br \/>Autom\u0101tiska roktura nospie\u0161ana\u00a0\u00a0\u00a0\u00a0 N\u0113<br \/>Rokturis zaru stum\u0161anai\u00a0\u00a0\u00a0\u00a0 J\u0101<br \/>Reversais p\u0101rnesums\u00a0\u00a0\u00a0\u00a0 N\u0113<br \/>Dzin\u0113ja tips\u00a0\u00a0\u00a0\u00a0 Elektriskais<br \/>Degvielas tvertnes tilpums\u00a0\u00a0\u00a0\u00a0 50 l<br \/>Papildus inform\u0101cija\u00a0\u00a0\u00a0\u00a0 Maksim\u0101lais \u0101trums: 3650 apgr.\/min.<\/p><\/p>","protected":false},"excerpt":{"rendered":"<p>Kop\u0113jie parametri Produkta veids\u00a0\u00a0\u00a0\u00a0 Zaru smalcin\u0101t\u0101jiZ\u012bmols\u00a0\u00a0\u00a0\u00a0 StigaModelis\u00a0\u00a0\u00a0\u00a0 Bio Master 2200Garums\u00a0\u00a0\u00a0\u00a0 443 mmPlatums\u00a0\u00a0\u00a0\u00a0 487 mmAugstums\u00a0\u00a0\u00a0\u00a0 945 mmKr\u0101sa\u00a0\u00a0\u00a0\u00a0 Dzeltena, MelnaMateri\u0101ls\u00a0\u00a0\u00a0\u00a0 Met\u0101ls, PlastmasaJauda\u00a0\u00a0\u00a0\u00a0 2200 WP\u013cau\u0161anas veids\u00a0\u00a0\u00a0 AsmensMaksim\u0101lais sasmalcin\u0101mo zaru biezums\u00a0\u00a0\u00a0\u00a0 40 mmSav\u0101k\u0161anas maiss\u00a0\u00a0\u00a0\u00a0 J\u0101Sav\u0101k\u0161anas maisa tilpums\u00a0\u00a0\u00a0\u00a0 50 lTrok\u0161\u0146a l\u012bmenis\u00a0\u00a0\u00a0\u00a0 102 dBSmalcin\u0101\u0161anas \u0101trums\u00a0\u00a0\u00a0\u00a0 3650 rpmAizsardz\u012bba pret spr\u016b\u0161anu\u00a0\u00a0\u00a0\u00a0 J\u0101Ar rite\u0146iem\u00a0\u00a0\u00a0\u00a0 J\u0101Autom\u0101tiska roktura nospie\u0161ana\u00a0\u00a0\u00a0\u00a0 N\u0113Rokturis zaru stum\u0161anai\u00a0\u00a0\u00a0\u00a0 J\u0101Reversais p\u0101rnesums\u00a0\u00a0\u00a0\u00a0 N\u0113Dzin\u0113ja tips\u00a0\u00a0\u00a0\u00a0 [&hellip;]<\/p>\n","protected":false},"featured_media":45115,"comment_status":"open","ping_status":"closed","template":"","meta":{"_joinchat":[]},"product_brand":[],"product_cat":[337],"product_tag":[],"class_list":{"0":"post-45122","1":"product","2":"type-product","3":"status-publish","4":"has-post-thumbnail","6":"product_cat-darza-tehnika-zaru-smalcinataji","8":"first","9":"instock","10":"shipping-taxable","11":"purchasable","12":"product-type-simple"},"_links":{"self":[{"href":"https:\/\/emeniro.lovehorses.lv\/ru\/wp-json\/wp\/v2\/product\/45122","targetHints":{"allow":["GET"]}}],"collection":[{"href":"https:\/\/emeniro.lovehorses.lv\/ru\/wp-json\/wp\/v2\/product"}],"about":[{"href":"https:\/\/emeniro.lovehorses.lv\/ru\/wp-json\/wp\/v2\/types\/product"}],"replies":[{"embeddable":true,"href":"https:\/\/emeniro.lovehorses.lv\/ru\/wp-json\/wp\/v2\/comments?post=45122"}],"wp:featuredmedia":[{"embeddable":true,"href":"https:\/\/emeniro.lovehorses.lv\/ru\/wp-json\/wp\/v2\/media\/45115"}],"wp:attachment":[{"href":"https:\/\/emeniro.lovehorses.lv\/ru\/wp-json\/wp\/v2\/media?parent=45122"}],"wp:term":[{"taxonomy":"product_brand","embeddable":true,"href":"https:\/\/emeniro.lovehorses.lv\/ru\/wp-json\/wp\/v2\/product_brand?post=45122"},{"taxonomy":"product_cat","embeddable":true,"href":"https:\/\/emeniro.lovehorses.lv\/ru\/wp-json\/wp\/v2\/product_cat?post=45122"},{"taxonomy":"product_tag","embeddable":true,"href":"https:\/\/emeniro.lovehorses.lv\/ru\/wp-json\/wp\/v2\/product_tag?post=45122"}],"curies":[{"name":"wp","href":"https:\/\/api.w.org\/{rel}","templated":true}]}}