{"id":45129,"date":"2026-05-01T07:56:41","date_gmt":"2026-05-01T07:56:41","guid":{"rendered":"https:\/\/emeniro.lovehorses.lv\/product\/al-ko-mh-2500-slice\/"},"modified":"2026-05-01T07:56:41","modified_gmt":"2026-05-01T07:56:41","slug":"al-ko-mh-2500-slice","status":"publish","type":"product","link":"https:\/\/emeniro.lovehorses.lv\/ru\/product\/al-ko-mh-2500-slice\/","title":{"rendered":"AL-KO MH 2500 SLICE"},"content":{"rendered":"<p>\u041e\u0431\u0449\u0438\u0435 \u043f\u0430\u0440\u0430\u043c\u0435\u0442\u0440\u044b<\/p>\n<p>Produkta veids\u00a0\u00a0\u00a0\u00a0 Zaru smalcin\u0101t\u0101ji<br \/>Z\u012bmols\u00a0\u00a0\u00a0\u00a0 AL-KO<br \/>Modelis\u00a0\u00a0\u00a0\u00a0 MH 2500 SLICE<br \/>Kr\u0101sa\u00a0\u00a0\u00a0\u00a0 Melna, Sarkana<br \/>Materi\u0101ls\u00a0\u00a0\u00a0\u00a0 Met\u0101ls, Plastmasa<br \/>Jauda\u00a0\u00a0\u00a0\u00a0 2500 W<br \/>Spriegums\u00a0\u00a0\u00a0\u00a0 220 \u2013 240 V<br \/>\u0422\u0438\u043f \u0438\u0437\u043c\u0435\u043b\u044c\u0447\u0435\u043d\u0438\u044f<br \/>\u00a0\u00a0\u00a0 \u041d\u043e\u0436<br \/>Maksim\u0101lais sasmalcin\u0101mo zaru biezums\u00a0\u00a0\u00a0\u00a0 40 mm<br \/>Sav\u0101k\u0161anas maiss\u00a0\u00a0\u00a0\u00a0 J\u0101<br \/>Sav\u0101k\u0161anas maisa tilpums\u00a0\u00a0\u00a0\u00a0 50 l<br \/>Aizsardz\u012bba pret spr\u016b\u0161anu\u00a0\u00a0\u00a0\u00a0 J\u0101<br \/>Ar rite\u0146iem\u00a0\u00a0\u00a0\u00a0 J\u0101<br \/>Rokturis zaru stum\u0161anai\u00a0\u00a0\u00a0\u00a0 J\u0101<br \/>Reversais p\u0101rnesums\u00a0\u00a0\u00a0\u00a0 J\u0101<br \/>Dzin\u0113ja tips\u00a0\u00a0\u00a0\u00a0 Elektriskais<br \/>Garantija\u00a0\u00a0\u00a0\u00a0 24 m\u0113n<br \/>Papildus inform\u0101cija\u00a0\u00a0\u00a0\u00a0 Svars: 13.4 kg<\/p><\/p>","protected":false},"excerpt":{"rendered":"<p>Kop\u0113jie parametri Produkta veids\u00a0\u00a0\u00a0\u00a0 Zaru smalcin\u0101t\u0101jiZ\u012bmols\u00a0\u00a0\u00a0\u00a0 AL-KOModelis\u00a0\u00a0\u00a0\u00a0 MH 2500 SLICEKr\u0101sa\u00a0\u00a0\u00a0\u00a0 Melna, SarkanaMateri\u0101ls\u00a0\u00a0\u00a0\u00a0 Met\u0101ls, PlastmasaJauda\u00a0\u00a0\u00a0\u00a0 2500 WSpriegums\u00a0\u00a0\u00a0\u00a0 220 \u2013 240 VP\u013cau\u0161anas veids\u00a0\u00a0\u00a0 AsmensMaksim\u0101lais sasmalcin\u0101mo zaru biezums\u00a0\u00a0\u00a0\u00a0 40 mmSav\u0101k\u0161anas maiss\u00a0\u00a0\u00a0\u00a0 J\u0101Sav\u0101k\u0161anas maisa tilpums\u00a0\u00a0\u00a0\u00a0 50 lAizsardz\u012bba pret spr\u016b\u0161anu\u00a0\u00a0\u00a0\u00a0 J\u0101Ar rite\u0146iem\u00a0\u00a0\u00a0\u00a0 J\u0101Rokturis zaru stum\u0161anai\u00a0\u00a0\u00a0\u00a0 J\u0101Reversais p\u0101rnesums\u00a0\u00a0\u00a0\u00a0 J\u0101Dzin\u0113ja tips\u00a0\u00a0\u00a0\u00a0 ElektriskaisGarantija\u00a0\u00a0\u00a0\u00a0 24 m\u0113nPapildus inform\u0101cija\u00a0\u00a0\u00a0\u00a0 Svars: 13.4 kg<\/p>","protected":false},"featured_media":45123,"comment_status":"open","ping_status":"closed","template":"","meta":{"_joinchat":[]},"product_brand":[],"product_cat":[337],"product_tag":[],"class_list":{"0":"post-45129","1":"product","2":"type-product","3":"status-publish","4":"has-post-thumbnail","6":"product_cat-darza-tehnika-zaru-smalcinataji","8":"first","9":"instock","10":"shipping-taxable","11":"purchasable","12":"product-type-simple"},"_links":{"self":[{"href":"https:\/\/emeniro.lovehorses.lv\/ru\/wp-json\/wp\/v2\/product\/45129","targetHints":{"allow":["GET"]}}],"collection":[{"href":"https:\/\/emeniro.lovehorses.lv\/ru\/wp-json\/wp\/v2\/product"}],"about":[{"href":"https:\/\/emeniro.lovehorses.lv\/ru\/wp-json\/wp\/v2\/types\/product"}],"replies":[{"embeddable":true,"href":"https:\/\/emeniro.lovehorses.lv\/ru\/wp-json\/wp\/v2\/comments?post=45129"}],"wp:featuredmedia":[{"embeddable":true,"href":"https:\/\/emeniro.lovehorses.lv\/ru\/wp-json\/wp\/v2\/media\/45123"}],"wp:attachment":[{"href":"https:\/\/emeniro.lovehorses.lv\/ru\/wp-json\/wp\/v2\/media?parent=45129"}],"wp:term":[{"taxonomy":"product_brand","embeddable":true,"href":"https:\/\/emeniro.lovehorses.lv\/ru\/wp-json\/wp\/v2\/product_brand?post=45129"},{"taxonomy":"product_cat","embeddable":true,"href":"https:\/\/emeniro.lovehorses.lv\/ru\/wp-json\/wp\/v2\/product_cat?post=45129"},{"taxonomy":"product_tag","embeddable":true,"href":"https:\/\/emeniro.lovehorses.lv\/ru\/wp-json\/wp\/v2\/product_tag?post=45129"}],"curies":[{"name":"wp","href":"https:\/\/api.w.org\/{rel}","templated":true}]}}