{"id":45145,"date":"2026-05-01T07:57:07","date_gmt":"2026-05-01T07:57:07","guid":{"rendered":"https:\/\/emeniro.lovehorses.lv\/product\/electrolux-eacm-12-cg-n6\/"},"modified":"2026-05-01T07:57:07","modified_gmt":"2026-05-01T07:57:07","slug":"electrolux-eacm-12-cg-n6","status":"publish","type":"product","link":"https:\/\/emeniro.lovehorses.lv\/ru\/product\/electrolux-eacm-12-cg-n6\/","title":{"rendered":"Electrolux EACM-12 CG\/N6"},"content":{"rendered":"<p>Tips:\u00a0\u00a0\u00a0 Mobilais kondicionieris\u00a0 \u00a0<\/p>\n<p>Vid\u0113jais elektr\u012bbas pat\u0113ri\u0146\u0161 stund\u0101:\u00a0\u00a0\u00a0 5.9 kwh\u00a0 \u00a0<br \/>Apkalpojam\u0101 plat\u012bba:\u00a0\u00a0\u00a0 30 m2 \u00a0<br \/>Darb\u012bbas re\u017e\u012bmi:\u00a0\u00a0\u00a0 Dzes\u0113\u0161ana\/ sild\u012b\u0161ana \u00a0<br \/>Antibakteri\u0101ls filtrs:\u00a0\u00a0\u00a0 Nav \u00a0<br \/>Trok\u0161\u0146a l\u012bmenis:\u00a0\u00a0\u00a0 53 dB\u00a0 \u00a0<br \/>T\u0101lvad\u012bbas pults:\u00a0\u00a0\u00a0 Ir \u00a0<br \/>Kr\u0101sa:\u00a0\u00a0\u00a0 Balta \u00a0<br \/>\u042d\u043d\u0435\u0440\u0433\u043e\u043f\u043e\u0442\u0440\u0435\u0431\u043b\u0435\u043d\u0438\u0435<br \/>Energoefektivt\u0101tes klase:\u00a0\u00a0\u00a0 A \u00a0<br \/>Ener\u0123ijas pat\u0113ri\u0146\u0161:\u00a0\u00a0\u00a0 3,5 kWh\/st\u00a0 \u00a0<br \/>\u0413\u0430\u0440\u0430\u043d\u0442\u0438\u044f<br \/>Garantija fizisk\u0101m person\u0101m:\u00a0\u00a0\u00a0 2 gadi\u00a0 \u00a0<br \/>Garantija juridisk\u0101m person\u0101m:\u00a0\u00a0\u00a0 1 gads\u00a0\u00a0<\/p><\/p>","protected":false},"excerpt":{"rendered":"<p>Tips:\u00a0\u00a0\u00a0 Mobilais kondicionieris\u00a0 \u00a0 Vid\u0113jais elektr\u012bbas pat\u0113ri\u0146\u0161 stund\u0101:\u00a0\u00a0\u00a0 5.9 kwh\u00a0 \u00a0Apkalpojam\u0101 plat\u012bba:\u00a0\u00a0\u00a0 30 m2 \u00a0Darb\u012bbas re\u017e\u012bmi:\u00a0\u00a0\u00a0 Dzes\u0113\u0161ana\/ sild\u012b\u0161ana \u00a0Antibakteri\u0101ls filtrs:\u00a0\u00a0\u00a0 Nav \u00a0Trok\u0161\u0146a l\u012bmenis:\u00a0\u00a0\u00a0 53 dB\u00a0 \u00a0T\u0101lvad\u012bbas pults:\u00a0\u00a0\u00a0 Ir \u00a0Kr\u0101sa:\u00a0\u00a0\u00a0 Balta \u00a0Ener\u0123ijas pat\u0113ri\u0146\u0161Energoefektivt\u0101tes klase:\u00a0\u00a0\u00a0 A \u00a0Ener\u0123ijas pat\u0113ri\u0146\u0161:\u00a0\u00a0\u00a0 3,5 kWh\/st\u00a0 \u00a0GarantijaGarantija fizisk\u0101m person\u0101m:\u00a0\u00a0\u00a0 2 gadi\u00a0 \u00a0Garantija juridisk\u0101m person\u0101m:\u00a0\u00a0\u00a0 1 gads\u00a0\u00a0<\/p>","protected":false},"featured_media":45141,"comment_status":"open","ping_status":"closed","template":"","meta":{"_joinchat":[]},"product_brand":[265],"product_cat":[316],"product_tag":[],"class_list":{"0":"post-45145","1":"product","2":"type-product","3":"status-publish","4":"has-post-thumbnail","6":"product_brand-electrolux","7":"product_cat-siltumtehnika-kondicionieri","9":"first","10":"instock","11":"shipping-taxable","12":"purchasable","13":"product-type-simple"},"_links":{"self":[{"href":"https:\/\/emeniro.lovehorses.lv\/ru\/wp-json\/wp\/v2\/product\/45145","targetHints":{"allow":["GET"]}}],"collection":[{"href":"https:\/\/emeniro.lovehorses.lv\/ru\/wp-json\/wp\/v2\/product"}],"about":[{"href":"https:\/\/emeniro.lovehorses.lv\/ru\/wp-json\/wp\/v2\/types\/product"}],"replies":[{"embeddable":true,"href":"https:\/\/emeniro.lovehorses.lv\/ru\/wp-json\/wp\/v2\/comments?post=45145"}],"wp:featuredmedia":[{"embeddable":true,"href":"https:\/\/emeniro.lovehorses.lv\/ru\/wp-json\/wp\/v2\/media\/45141"}],"wp:attachment":[{"href":"https:\/\/emeniro.lovehorses.lv\/ru\/wp-json\/wp\/v2\/media?parent=45145"}],"wp:term":[{"taxonomy":"product_brand","embeddable":true,"href":"https:\/\/emeniro.lovehorses.lv\/ru\/wp-json\/wp\/v2\/product_brand?post=45145"},{"taxonomy":"product_cat","embeddable":true,"href":"https:\/\/emeniro.lovehorses.lv\/ru\/wp-json\/wp\/v2\/product_cat?post=45145"},{"taxonomy":"product_tag","embeddable":true,"href":"https:\/\/emeniro.lovehorses.lv\/ru\/wp-json\/wp\/v2\/product_tag?post=45145"}],"curies":[{"name":"wp","href":"https:\/\/api.w.org\/{rel}","templated":true}]}}