{"id":45153,"date":"2026-05-01T07:57:24","date_gmt":"2026-05-01T07:57:24","guid":{"rendered":"https:\/\/emeniro.lovehorses.lv\/product\/bosch-cl3000i-26-e\/"},"modified":"2026-05-01T07:57:24","modified_gmt":"2026-05-01T07:57:24","slug":"bosch-cl3000i-26-e","status":"publish","type":"product","link":"https:\/\/emeniro.lovehorses.lv\/ru\/product\/bosch-cl3000i-26-e\/","title":{"rendered":"Bosch CL3000i 26 E"},"content":{"rendered":"<p>\u041e\u0431\u0449\u0438\u0435 \u043f\u0430\u0440\u0430\u043c\u0435\u0442\u0440\u044b<\/p>\n<p>Produkta veids\u00a0\u00a0\u00a0\u00a0 Gaisa kondicionieri<br \/>Z\u012bmols\u00a0\u00a0\u00a0\u00a0 Bosch<br \/>Modelis\u00a0\u00a0\u00a0\u00a0 CL3000i 26 E<br \/>Gaisa kondicionieri tips\u00a0\u00a0\u00a0\u00a0 Sienas kondicionieri<br \/>Sald\u0113\u0161anas materi\u0101ls\u00a0\u00a0\u00a0\u00a0 R32<br \/>Svars\u00a0\u00a0\u00a0\u00a0 23.5 kg<br \/>Kr\u0101sa\u00a0\u00a0\u00a0\u00a0 Balta<br \/>Sild\u012b\u0161anas jauda\u00a0\u00a0\u00a0\u00a0 2.9 kW<br \/>Dzes\u0113\u0161anas jauda\u00a0\u00a0\u00a0\u00a0 2.6 kW<br \/>Sezonas energoefektivit\u0101tes koeficients (SEER)\u00a0\u00a0\u00a0\u00a0 7.4<br \/>Platums\u00a0\u00a0\u00a0\u00a0 79 cm<br \/>Dzi\u013cums\u00a0\u00a0\u00a0\u00a0 27 cm<br \/>Augstums\u00a0\u00a0\u00a0\u00a0 49.5 cm<br \/>Energoefektivit\u0101tes klase\u00a0\u00a0\u00a0\u00a0 A++<br \/>Energoefektivit\u0101tes kla\u0161u skala\u00a0\u00a0\u00a0\u00a0 A+++ \u2013 D<br \/>Energoefektivit\u0101tes klase dzes\u0113\u0161anai\u00a0\u00a0\u00a0\u00a0 A++<br \/>Energoefektivit\u0101tes klase apkurei\u00a0\u00a0\u00a0\u00a0 A+<br \/>\u0423\u0440\u043e\u0432\u0435\u043d\u044c \u0448\u0443\u043c\u0430<br \/>\u00a0\u00a0\u00a0 62 \u0434\u0411<br \/>Att\u0101lin\u0101t\u0101s vad\u012bbas funkcija\u00a0\u00a0\u00a0\u00a0 N\u0113<br \/>Ekr\u0101ns\u00a0\u00a0\u00a0\u00a0 N\u0113<br \/>Funkcijas\u00a0\u00a0\u00a0\u00a0 Dzes\u0113\u0161ana, Gaisa sausin\u0101\u0161ana, Sild\u012b\u0161ana, T\u012br\u012b\u0161ana, Ventil\u0101cija<br \/>Garantija\u00a0\u00a0\u00a0\u00a0 24 m\u0113n<br \/>Papildus inform\u0101cija\u00a0\u00a0\u00a0\u00a0 Komplekt\u0101 ietilpst iek\u0161\u0113jais bloks CL3000IU W 26 E (preces kods 000101027710)<br \/>Kondicioniera da\u013ca\u00a0\u00a0\u00a0\u00a0 \u0100ra bloks<br \/>\u0423\u043b\u0438\u0447\u043d\u044b\u0439 \u0431\u043b\u043e\u043a<br \/>Maksim\u0101lais ener\u0123ijas pat\u0113ri\u0146\u0161\u00a0\u00a0\u00a0\u00a0 2150 W<br \/>Elektriskais savienojums\u00a0\u00a0\u00a0\u00a0 240 V<br \/>\u0100ra bloka ska\u0146as spiediena l\u012bmenis\u00a0\u00a0\u00a0\u00a0 56 dB<br \/>Izcelsmes valsts\u00a0\u00a0\u00a0\u00a0 \u0136\u012bna<\/p><\/p>","protected":false},"excerpt":{"rendered":"<p>Kop\u0113jie parametri Produkta veids\u00a0\u00a0\u00a0\u00a0 Gaisa kondicionieriZ\u012bmols\u00a0\u00a0\u00a0\u00a0 BoschModelis\u00a0\u00a0\u00a0\u00a0 CL3000i 26 EGaisa kondicionieri tips\u00a0\u00a0\u00a0\u00a0 Sienas kondicionieriSald\u0113\u0161anas materi\u0101ls\u00a0\u00a0\u00a0\u00a0 R32Svars\u00a0\u00a0\u00a0\u00a0 23.5 kgKr\u0101sa\u00a0\u00a0\u00a0\u00a0 BaltaSild\u012b\u0161anas jauda\u00a0\u00a0\u00a0\u00a0 2.9 kWDzes\u0113\u0161anas jauda\u00a0\u00a0\u00a0\u00a0 2.6 kWSezonas energoefektivit\u0101tes koeficients (SEER)\u00a0\u00a0\u00a0\u00a0 7.4Platums\u00a0\u00a0\u00a0\u00a0 79 cmDzi\u013cums\u00a0\u00a0\u00a0\u00a0 27 cmAugstums\u00a0\u00a0\u00a0\u00a0 49.5 cmEnergoefektivit\u0101tes klase\u00a0\u00a0\u00a0\u00a0 A++Energoefektivit\u0101tes kla\u0161u skala\u00a0\u00a0\u00a0\u00a0 A+++ \u2013 DEnergoefektivit\u0101tes klase dzes\u0113\u0161anai\u00a0\u00a0\u00a0\u00a0 A++Energoefektivit\u0101tes klase apkurei\u00a0\u00a0\u00a0\u00a0 A+Trok\u0161\u0146a l\u012bmenis\u00a0\u00a0\u00a0 62 dBAtt\u0101lin\u0101t\u0101s vad\u012bbas funkcija\u00a0\u00a0\u00a0\u00a0 N\u0113Ekr\u0101ns\u00a0\u00a0\u00a0\u00a0 N\u0113Funkcijas\u00a0\u00a0\u00a0\u00a0 [&hellip;]<\/p>\n","protected":false},"featured_media":45150,"comment_status":"open","ping_status":"closed","template":"","meta":[],"product_brand":[281],"product_cat":[316],"product_tag":[],"class_list":{"0":"post-45153","1":"product","2":"type-product","3":"status-publish","4":"has-post-thumbnail","6":"product_brand-bosch","7":"product_cat-siltumtehnika-kondicionieri","9":"first","10":"instock","11":"shipping-taxable","12":"purchasable","13":"product-type-simple"},"_links":{"self":[{"href":"https:\/\/emeniro.lovehorses.lv\/ru\/wp-json\/wp\/v2\/product\/45153","targetHints":{"allow":["GET"]}}],"collection":[{"href":"https:\/\/emeniro.lovehorses.lv\/ru\/wp-json\/wp\/v2\/product"}],"about":[{"href":"https:\/\/emeniro.lovehorses.lv\/ru\/wp-json\/wp\/v2\/types\/product"}],"replies":[{"embeddable":true,"href":"https:\/\/emeniro.lovehorses.lv\/ru\/wp-json\/wp\/v2\/comments?post=45153"}],"wp:featuredmedia":[{"embeddable":true,"href":"https:\/\/emeniro.lovehorses.lv\/ru\/wp-json\/wp\/v2\/media\/45150"}],"wp:attachment":[{"href":"https:\/\/emeniro.lovehorses.lv\/ru\/wp-json\/wp\/v2\/media?parent=45153"}],"wp:term":[{"taxonomy":"product_brand","embeddable":true,"href":"https:\/\/emeniro.lovehorses.lv\/ru\/wp-json\/wp\/v2\/product_brand?post=45153"},{"taxonomy":"product_cat","embeddable":true,"href":"https:\/\/emeniro.lovehorses.lv\/ru\/wp-json\/wp\/v2\/product_cat?post=45153"},{"taxonomy":"product_tag","embeddable":true,"href":"https:\/\/emeniro.lovehorses.lv\/ru\/wp-json\/wp\/v2\/product_tag?post=45153"}],"curies":[{"name":"wp","href":"https:\/\/api.w.org\/{rel}","templated":true}]}}