{"id":45169,"date":"2026-05-01T07:58:07","date_gmt":"2026-05-01T07:58:07","guid":{"rendered":"https:\/\/emeniro.lovehorses.lv\/product\/hisense-75e7nq-4k-qled\/"},"modified":"2026-05-01T07:58:07","modified_gmt":"2026-05-01T07:58:07","slug":"hisense-75e7nq-4k-qled","status":"publish","type":"product","link":"https:\/\/emeniro.lovehorses.lv\/ru\/product\/hisense-75e7nq-4k-qled\/","title":{"rendered":"Hisense 75E7NQ 4K QLED"},"content":{"rendered":"<p>\u041e\u0431\u0449\u0438\u0435 \u043f\u0430\u0440\u0430\u043c\u0435\u0442\u0440\u044b<\/p>\n<p>Ekr\u0101na izm\u0113rs pa diagon\u0101li\u00a0\u00a0\u00a0\u00a0 75 \u201c<br \/>TV diagon\u0101le\u00a0\u00a0\u00a0\u00a0 76-85\u2033<br \/>Z\u012bmols\u00a0\u00a0\u00a0\u00a0 Hisense<br \/>S\u0113rija\u00a0\u00a0\u00a0\u00a0 E7NQ<br \/>Modelis\u00a0\u00a0\u00a0\u00a0 75E7NQ<br \/>Energoefektivit\u0101tes klase\u00a0\u00a0\u00a0 E<br \/>Energoefektivit\u0101tes kla\u0161u skala\u00a0\u00a0\u00a0\u00a0 A \u2013 G<br \/>Kr\u0101sa\u00a0\u00a0\u00a0\u00a0 Melna<br \/>\u041c\u043e\u0434\u0435\u043b\u044c \u043f\u0440\u043e\u0446\u0435\u0441\u0441\u043e\u0440\u0430<br \/>\u00a0\u00a0\u00a0 Quad Core\/MT9603<br \/>Spriegums\u00a0\u00a0\u00a0\u00a0 100 \u2013 240 V<br \/>Gatav\u012bbas re\u017e\u012bma elektropat\u0113ri\u0146\u0161\u00a0\u00a0\u00a0\u00a0 2 W<br \/>Izsl\u0113gta re\u017e\u012bma elektropat\u0113ri\u0146\u0161\u00a0\u00a0\u00a0\u00a0 0.5 W<br \/>Ener\u0123ijas pat\u0113ri\u0146\u0161, kWh\/1000 h\u00a0\u00a0\u00a0\u00a0 105<br \/>\u042d\u043a\u0440\u0430\u043d<br \/>Ekr\u0101na iz\u0161\u0137irtsp\u0113ja\u00a0\u00a0\u00a0 3840 x 2160<br \/>Ekr\u0101na tips\u00a0\u00a0\u00a0\u00a0 QLED<br \/>Ekr\u0101na iz\u0161\u0137irtsp\u0113jas veids\u00a0\u00a0\u00a0\u00a0 4K UHD<br \/>Oper\u0113t\u0101jsist\u0113ma\u00a0\u00a0\u00a0\u00a0 Cit\u0101s<br \/>Ekr\u0101na frekvence\u00a0\u00a0\u00a0 60 Hz<br \/>Ekr\u0101na forma\u00a0\u00a0\u00a0\u00a0 Plakana<br \/>Att\u0113la uzlabo\u0161anas sist\u0113mas\u00a0\u00a0\u00a0\u00a0 Dolby Vision \/ HDR10+ \/ HDR10 \/ HLG<br \/>3D funkcija\u00a0\u00a0\u00a0 N\u0113<br \/>Apgaismojums\u00a0\u00a0\u00a0 N\u0113<br \/>\u0421\u043c\u0430\u0440\u0442 \u0422\u0412 \u0438 \u0438\u043d\u0442\u0435\u0440\u043d\u0435\u0442<br \/>\u201cSmart TV\u201d\u00a0\u00a0\u00a0 J\u0101<br \/>\u0423\u043f\u0440\u0430\u0432\u043b\u0435\u043d\u0438\u0435 \u0438 \u0430\u0443\u0434\u0438\u043e<br \/>Ska\u0146as jauda\u00a0\u00a0\u00a0 30 W<br \/>Ska\u0146as sist\u0113ma\u00a0\u00a0\u00a0 Dolby Atmos, Dolby Audio<br \/>\u0411\u0435\u0441\u043f\u0440\u043e\u0432\u043e\u0434\u043d\u044b\u0435 \u0438 \u0444\u0438\u0437\u0438\u0447\u0435\u0441\u043a\u0438\u0435 \u043f\u043e\u0434\u043a\u043b\u044e\u0447\u0435\u043d\u0438\u044f<br \/>USB 2.0 savienot\u0101ju skaits\u00a0\u00a0\u00a0 2<br \/>HDMI piesl\u0113gvietu skaits\u00a0\u00a0\u00a0 3<br \/>HDMI piesl\u0113gvietu tips\u00a0\u00a0\u00a0\u00a0 HDMI 2.1<br \/>S\/PDIF savienot\u0101js\u00a0\u00a0\u00a0\u00a0 J\u0101<br \/>3.5mm austi\u0146u kontakts\u00a0\u00a0\u00a0\u00a0 J\u0101<br \/>WiFi savienojums\u00a0\u00a0\u00a0 J\u0101<br \/>Ethernet LAN (RJ-45) kontakts\u00a0\u00a0\u00a0\u00a0 J\u0101<br \/>Bluetooth interfeiss\u00a0\u00a0\u00a0\u00a0 J\u0101<br \/>DLNA\u00a0\u00a0\u00a0 J\u0101<br \/>NFC\u00a0\u00a0\u00a0 N\u0113<br \/>Citi savienojumi\u00a0\u00a0\u00a0\u00a0 2 x RF, CI+<br \/>\u0420\u0430\u0437\u043c\u0435\u0440\u044b \u0438 \u0432\u0435\u0441<br \/>Platums\u00a0\u00a0\u00a0\u00a0 167.6 cm<br \/>Dzi\u013cums\u00a0\u00a0\u00a0\u00a0 8.7 cm<br \/>Augstums\u00a0\u00a0\u00a0\u00a0 96 cm<br \/>Dzi\u013cums ar stat\u012bvu\u00a0\u00a0\u00a0\u00a0 37 cm<br \/>Augstums ar stat\u012bvu\u00a0\u00a0\u00a0\u00a0 104.4 cm<br \/>Svars\u00a0\u00a0\u00a0\u00a0 23.1 kg<br \/>VESA standarts\u00a0\u00a0\u00a0\u00a0 400 x 300<br \/>\u0414\u043e\u043f\u043e\u043b\u043d\u0438\u0442\u0435\u043b\u044c\u043d\u043e<br \/>\u0422\u0438\u043f \u0446\u0438\u0444\u0440\u043e\u0432\u043e\u0433\u043e \u043f\u0440\u0438\u0435\u043c\u043d\u0438\u043a\u0430<br \/>\u00a0\u00a0\u00a0 DVB-C, DVB-S, DVB-S2, DVB-T, DVB-T2<br \/>Ra\u017eo\u0161anas gads\u00a0\u00a0\u00a0\u00a0 2024<br \/>Garantija\u00a0\u00a0\u00a0\u00a0 24 m\u0113n<\/p><\/p>","protected":false},"excerpt":{"rendered":"<p>Kop\u0113jie parametri Ekr\u0101na izm\u0113rs pa diagon\u0101li\u00a0\u00a0\u00a0\u00a0 75 \u201cTV diagon\u0101le\u00a0\u00a0\u00a0\u00a0 76-85\u2033Z\u012bmols\u00a0\u00a0\u00a0\u00a0 HisenseS\u0113rija\u00a0\u00a0\u00a0\u00a0 E7NQModelis\u00a0\u00a0\u00a0\u00a0 75E7NQEnergoefektivit\u0101tes klase\u00a0\u00a0\u00a0 EEnergoefektivit\u0101tes kla\u0161u skala\u00a0\u00a0\u00a0\u00a0 A \u2013 GKr\u0101sa\u00a0\u00a0\u00a0\u00a0 MelnaProcesora modelis\u00a0\u00a0\u00a0 Quad Core\/MT9603Spriegums\u00a0\u00a0\u00a0\u00a0 100 \u2013 240 VGatav\u012bbas re\u017e\u012bma elektropat\u0113ri\u0146\u0161\u00a0\u00a0\u00a0\u00a0 2 WIzsl\u0113gta re\u017e\u012bma elektropat\u0113ri\u0146\u0161\u00a0\u00a0\u00a0\u00a0 0.5 WEner\u0123ijas pat\u0113ri\u0146\u0161, kWh\/1000 h\u00a0\u00a0\u00a0\u00a0 105Ekr\u0101nsEkr\u0101na iz\u0161\u0137irtsp\u0113ja\u00a0\u00a0\u00a0 3840 x 2160Ekr\u0101na tips\u00a0\u00a0\u00a0\u00a0 QLEDEkr\u0101na iz\u0161\u0137irtsp\u0113jas veids\u00a0\u00a0\u00a0\u00a0 4K UHDOper\u0113t\u0101jsist\u0113ma\u00a0\u00a0\u00a0\u00a0 Cit\u0101sEkr\u0101na frekvence\u00a0\u00a0\u00a0 60 HzEkr\u0101na forma\u00a0\u00a0\u00a0\u00a0 [&hellip;]<\/p>\n","protected":false},"featured_media":45159,"comment_status":"open","ping_status":"closed","template":"","meta":{"_joinchat":[]},"product_brand":[341],"product_cat":[294],"product_tag":[],"class_list":{"0":"post-45169","1":"product","2":"type-product","3":"status-publish","4":"has-post-thumbnail","6":"product_brand-hisense","7":"product_cat-tv-foto-video-audio-televizori-un-aksesuari-led-televizori","9":"first","10":"instock","11":"shipping-taxable","12":"purchasable","13":"product-type-simple"},"_links":{"self":[{"href":"https:\/\/emeniro.lovehorses.lv\/ru\/wp-json\/wp\/v2\/product\/45169","targetHints":{"allow":["GET"]}}],"collection":[{"href":"https:\/\/emeniro.lovehorses.lv\/ru\/wp-json\/wp\/v2\/product"}],"about":[{"href":"https:\/\/emeniro.lovehorses.lv\/ru\/wp-json\/wp\/v2\/types\/product"}],"replies":[{"embeddable":true,"href":"https:\/\/emeniro.lovehorses.lv\/ru\/wp-json\/wp\/v2\/comments?post=45169"}],"wp:featuredmedia":[{"embeddable":true,"href":"https:\/\/emeniro.lovehorses.lv\/ru\/wp-json\/wp\/v2\/media\/45159"}],"wp:attachment":[{"href":"https:\/\/emeniro.lovehorses.lv\/ru\/wp-json\/wp\/v2\/media?parent=45169"}],"wp:term":[{"taxonomy":"product_brand","embeddable":true,"href":"https:\/\/emeniro.lovehorses.lv\/ru\/wp-json\/wp\/v2\/product_brand?post=45169"},{"taxonomy":"product_cat","embeddable":true,"href":"https:\/\/emeniro.lovehorses.lv\/ru\/wp-json\/wp\/v2\/product_cat?post=45169"},{"taxonomy":"product_tag","embeddable":true,"href":"https:\/\/emeniro.lovehorses.lv\/ru\/wp-json\/wp\/v2\/product_tag?post=45169"}],"curies":[{"name":"wp","href":"https:\/\/api.w.org\/{rel}","templated":true}]}}