{"id":45233,"date":"2026-05-01T08:00:07","date_gmt":"2026-05-01T08:00:07","guid":{"rendered":"https:\/\/emeniro.lovehorses.lv\/product\/daewoo-dat-2000e\/"},"modified":"2026-05-01T08:00:07","modified_gmt":"2026-05-01T08:00:07","slug":"daewoo-dat-2000e","status":"publish","type":"product","link":"https:\/\/emeniro.lovehorses.lv\/ru\/product\/daewoo-dat-2000e\/","title":{"rendered":"Daewoo DAT 2000E"},"content":{"rendered":"<p>\u041e\u0431\u0449\u0438\u0435 \u043f\u0430\u0440\u0430\u043c\u0435\u0442\u0440\u044b<\/p>\n<p>Produkta veids\u00a0\u00a0\u00a0\u00a0 Kultivators<br \/>Z\u012bmols\u00a0\u00a0\u00a0\u00a0 Daewoo<br \/>Modelis\u00a0\u00a0\u00a0\u00a0 DAT 2000E<br \/>Garums\u00a0\u00a0\u00a0\u00a0 445 mm<br \/>Platums\u00a0\u00a0\u00a0\u00a0 370 mm<br \/>Augstums\u00a0\u00a0\u00a0\u00a0 530 mm<br \/>Svars\u00a0\u00a0\u00a0\u00a0 12 kg<br \/>Darb\u012bbas platums\u00a0\u00a0\u00a0\u00a0 400 mm<br \/>Darb\u012bbas dzi\u013cums\u00a0\u00a0\u00a0\u00a0 230 mm<br \/>Jauda\u00a0\u00a0\u00a0\u00a0 1500 W<br \/>Kultivatora tips\u00a0\u00a0\u00a0\u00a0 Elektriskais<br \/>Spriegums\u00a0\u00a0\u00a0\u00a0 230 V<br \/>Dzin\u0113ja \u0101trums\u00a0\u00a0\u00a0\u00a0 360 rpm<br \/>Dzin\u0113ja modelis\u00a0\u00a0\u00a0\u00a0 Eco Engine<br \/>Dzin\u0113ja ra\u017eot\u0101js\u00a0\u00a0\u00a0\u00a0 Daewoo<br \/>Asme\u0146u skaits\u00a0\u00a0\u00a0\u00a0 24<br \/>P\u0101rnesumu skaits\u00a0\u00a0\u00a0\u00a0 1<br \/>Regul\u0113jams roktura augstums\u00a0\u00a0\u00a0\u00a0 J\u0101<br \/>Trok\u0161\u0146a l\u012bmenis\u00a0\u00a0\u00a0\u00a0 93 dB<\/p><\/p>","protected":false},"excerpt":{"rendered":"<p>Kop\u0113jie parametri Produkta veids\u00a0\u00a0\u00a0\u00a0 KultivatorsZ\u012bmols\u00a0\u00a0\u00a0\u00a0 DaewooModelis\u00a0\u00a0\u00a0\u00a0 DAT 2000EGarums\u00a0\u00a0\u00a0\u00a0 445 mmPlatums\u00a0\u00a0\u00a0\u00a0 370 mmAugstums\u00a0\u00a0\u00a0\u00a0 530 mmSvars\u00a0\u00a0\u00a0\u00a0 12 kgDarb\u012bbas platums\u00a0\u00a0\u00a0\u00a0 400 mmDarb\u012bbas dzi\u013cums\u00a0\u00a0\u00a0\u00a0 230 mmJauda\u00a0\u00a0\u00a0\u00a0 1500 WKultivatora tips\u00a0\u00a0\u00a0\u00a0 ElektriskaisSpriegums\u00a0\u00a0\u00a0\u00a0 230 VDzin\u0113ja \u0101trums\u00a0\u00a0\u00a0\u00a0 360 rpmDzin\u0113ja modelis\u00a0\u00a0\u00a0\u00a0 Eco EngineDzin\u0113ja ra\u017eot\u0101js\u00a0\u00a0\u00a0\u00a0 DaewooAsme\u0146u skaits\u00a0\u00a0\u00a0\u00a0 24P\u0101rnesumu skaits\u00a0\u00a0\u00a0\u00a0 1Regul\u0113jams roktura augstums\u00a0\u00a0\u00a0\u00a0 J\u0101Trok\u0161\u0146a l\u012bmenis\u00a0\u00a0\u00a0\u00a0 93 dB<\/p>","protected":false},"featured_media":45229,"comment_status":"open","ping_status":"closed","template":"","meta":{"_joinchat":[]},"product_brand":[],"product_cat":[390],"product_tag":[],"class_list":{"0":"post-45233","1":"product","2":"type-product","3":"status-publish","4":"has-post-thumbnail","6":"product_cat-darza-tehnika-kultivatori-zemes-frezes-un-to-piederumi","8":"first","9":"instock","10":"shipping-taxable","11":"purchasable","12":"product-type-simple"},"_links":{"self":[{"href":"https:\/\/emeniro.lovehorses.lv\/ru\/wp-json\/wp\/v2\/product\/45233","targetHints":{"allow":["GET"]}}],"collection":[{"href":"https:\/\/emeniro.lovehorses.lv\/ru\/wp-json\/wp\/v2\/product"}],"about":[{"href":"https:\/\/emeniro.lovehorses.lv\/ru\/wp-json\/wp\/v2\/types\/product"}],"replies":[{"embeddable":true,"href":"https:\/\/emeniro.lovehorses.lv\/ru\/wp-json\/wp\/v2\/comments?post=45233"}],"wp:featuredmedia":[{"embeddable":true,"href":"https:\/\/emeniro.lovehorses.lv\/ru\/wp-json\/wp\/v2\/media\/45229"}],"wp:attachment":[{"href":"https:\/\/emeniro.lovehorses.lv\/ru\/wp-json\/wp\/v2\/media?parent=45233"}],"wp:term":[{"taxonomy":"product_brand","embeddable":true,"href":"https:\/\/emeniro.lovehorses.lv\/ru\/wp-json\/wp\/v2\/product_brand?post=45233"},{"taxonomy":"product_cat","embeddable":true,"href":"https:\/\/emeniro.lovehorses.lv\/ru\/wp-json\/wp\/v2\/product_cat?post=45233"},{"taxonomy":"product_tag","embeddable":true,"href":"https:\/\/emeniro.lovehorses.lv\/ru\/wp-json\/wp\/v2\/product_tag?post=45233"}],"curies":[{"name":"wp","href":"https:\/\/api.w.org\/{rel}","templated":true}]}}