{"id":45242,"date":"2026-05-01T08:00:29","date_gmt":"2026-05-01T08:00:29","guid":{"rendered":"https:\/\/emeniro.lovehorses.lv\/product\/daewoo-dat-900r\/"},"modified":"2026-05-01T08:00:29","modified_gmt":"2026-05-01T08:00:29","slug":"daewoo-dat-900r","status":"publish","type":"product","link":"https:\/\/emeniro.lovehorses.lv\/ru\/product\/daewoo-dat-900r\/","title":{"rendered":"Daewoo DAT 900R"},"content":{"rendered":"<p>\u041e\u0431\u0449\u0438\u0435 \u043f\u0430\u0440\u0430\u043c\u0435\u0442\u0440\u044b<\/p>\n<p>Produkta veids\u00a0\u00a0\u00a0\u00a0 Kultivators<br \/>Z\u012bmols\u00a0\u00a0\u00a0\u00a0 Daewoo<br \/>Modelis\u00a0\u00a0\u00a0\u00a0 DAT 900R<br \/>Garums\u00a0\u00a0\u00a0\u00a0 770 mm<br \/>Platums\u00a0\u00a0\u00a0\u00a0 440 mm<br \/>Augstums\u00a0\u00a0\u00a0\u00a0 870 mm<br \/>Svars\u00a0\u00a0\u00a0\u00a0 65 kg<br \/>Kultivatora tips\u00a0\u00a0\u00a0\u00a0 Benz\u012bna<br \/>Jauda\u00a0\u00a0\u00a0\u00a0 5100 W<br \/>Kr\u0101sa\u00a0\u00a0\u00a0\u00a0 Melna, Oran\u017ea<br \/>Materi\u0101ls\u00a0\u00a0\u00a0\u00a0 Met\u0101ls<br \/>Darb\u012bbas platums\u00a0\u00a0\u00a0\u00a0 600 \u2013 900 mm<br \/>Darb\u012bbas dzi\u013cums\u00a0\u00a0\u00a0\u00a0 360 mm<br \/>Dzin\u0113ja tips\u00a0\u00a0\u00a0\u00a0 \u010cetrtaktu benz\u012bna<br \/>Dzin\u0113ja ra\u017eot\u0101js\u00a0\u00a0\u00a0\u00a0 Daewoo<br \/>Dzin\u0113ja modelis\u00a0\u00a0\u00a0\u00a0 215 Series<br \/>Dzin\u0113ja cilindra tilpums\u00a0\u00a0\u00a0\u00a0 212 cm\u00b3<br \/>Degvielas tvertnes tilpums\u00a0\u00a0\u00a0\u00a0 4.7 l<br \/>Asme\u0146u skaits\u00a0\u00a0\u00a0\u00a0 24<br \/>P\u0101rnesumu skaits\u00a0\u00a0\u00a0\u00a0 3<br \/>P\u0101rnesumu skaits uz priek\u0161u\u00a0\u00a0\u00a0\u00a0 2<br \/>P\u0101rnesumu skaits atpaka\u013c gait\u0101\u00a0\u00a0\u00a0\u00a0 1<br \/>Regul\u0113jams roktura augstums\u00a0\u00a0\u00a0\u00a0 J\u0101<br \/>Kultivatora rite\u0146i\u00a0\u00a0\u00a0\u00a0 1 priek\u0161\u0113jais<br \/>Trok\u0161\u0146a l\u012bmenis\u00a0\u00a0\u00a0\u00a0 91 dB<br \/>Iesp\u0113ja piestiprin\u0101t piederumus\u00a0\u00a0\u00a0\u00a0 N\u0113<br \/>Garantija\u00a0\u00a0\u00a0\u00a0 24 m\u0113n<br \/>\u0411\u0415\u041d\u0417\u0418\u041d\u041e\u0412\u042b\u0419 \u041a\u0423\u041b\u042c\u0422\u0418\u0412\u0410\u0422\u041e\u0420 DAEWOO DAT 900R, 5100 \u0412\u0442<\/p>\n<p>\u00a0\u00a0\u00a0 \u0414\u0432\u0438\u0433\u0430\u0442\u0435\u043b\u044c \u0441\u0435\u0440\u0438\u0438 DAEWOO 215<br \/>\u00a0\u00a0\u00a0 \u0420\u0435\u0434\u0443\u043a\u0442\u043e\u0440 \u0441 \u0437\u0443\u0431\u0447\u0430\u0442\u043e\u0439 \u043f\u0435\u0440\u0435\u0434\u0430\u0447\u0435\u0439 \u0438 \u0446\u0435\u043f\u043d\u044b\u043c \u043f\u0440\u0438\u0432\u043e\u0434\u043e\u043c<br \/>\u00a0\u00a0\u00a0 \u0423\u0441\u0438\u043b\u0435\u043d\u043d\u044b\u0439 \u0440\u0435\u0434\u0443\u043a\u0442\u043e\u0440 \u0432 \u043f\u0440\u043e\u0447\u043d\u043e\u043c \u0430\u043b\u044e\u043c\u0438\u043d\u0438\u0435\u0432\u043e\u043c \u043a\u043e\u0440\u043f\u0443\u0441\u0435<br \/>\u00a0\u00a0\u00a0 \u041a\u043e\u0440\u043e\u0431\u043a\u0430 \u043f\u0435\u0440\u0435\u0434\u0430\u0447: 2 \u0432\u043f\u0435\u0440\u0435\u0434 + 1 \u043d\u0430\u0437\u0430\u0434<br \/>\u00a0\u00a0\u00a0 \u0418\u0434\u0435\u0430\u043b\u044c\u043d\u044b\u0439 \u0431\u0430\u043b\u0430\u043d\u0441<br \/>\u00a0\u00a0\u00a0 \u0428\u0438\u0440\u043e\u043a\u0438\u0439 \u0430\u0441\u0441\u043e\u0440\u0442\u0438\u043c\u0435\u043d\u0442 \u043a\u0440\u0435\u043f\u043b\u0435\u043d\u0438\u0439<br \/>\u00a0\u00a0\u00a0 6 \u0437\u0443\u0431\u0447\u0430\u0442\u044b\u0445 \u043a\u043e\u0432\u0430\u043d\u043d\u044b\u0445 \u0444\u0440\u0435\u0437<br \/>\u00a0\u00a0\u00a0 \u0412\u043e\u0437\u0434\u0443\u0448\u043d\u044b\u0439 \u0444\u0438\u043b\u044c\u0442\u0440 \u0441 \u0446\u0438\u043a\u043b\u043e\u043d\u043d\u043e\u0439 \u0441\u0438\u0441\u0442\u0435\u043c\u043e\u0439<br \/>\u00a0\u00a0\u00a0 \u0423\u0441\u0438\u043b\u0435\u043d\u043d\u044b\u0439 \u0443\u043d\u0438\u043a\u0430\u043b\u044c\u043d\u043e\u0439 \u0444\u043e\u0440\u043c\u044b \u0440\u0435\u043b\u0438\u0437\u0435\u0440<br \/>\u00a0\u00a0\u00a0 \u0420\u0435\u0433\u0443\u043b\u0438\u0440\u0443\u0435\u043c\u0430\u044f \u043f\u0430\u043d\u0435\u043b\u044c \u0443\u043f\u0440\u0430\u0432\u043b\u0435\u043d\u0438\u044f \u0432 4 \u043f\u043b\u043e\u0441\u043a\u043e\u0441\u0442\u044f\u0445<br \/>\u00a0\u00a0\u00a0 \u041f\u0440\u043e\u0444\u0435\u0441\u0441\u0438\u043e\u043d\u0430\u043b\u044c\u043d\u0430\u044f \u0440\u0443\u043a\u043e\u044f\u0442\u043a\u0430 \u0430\u043a\u0442\u0438\u0432\u0430\u0446\u0438\u0438<br \/>\u00a0\u00a0\u00a0 \u0417\u0430\u0449\u0438\u0442\u0430 \u043e\u0442 \u043a\u043e\u0440\u0440\u043e\u0437\u0438\u0438<\/p><\/p>","protected":false},"excerpt":{"rendered":"<p>Kop\u0113jie parametri Produkta veids\u00a0\u00a0\u00a0\u00a0 KultivatorsZ\u012bmols\u00a0\u00a0\u00a0\u00a0 DaewooModelis\u00a0\u00a0\u00a0\u00a0 DAT 900RGarums\u00a0\u00a0\u00a0\u00a0 770 mmPlatums\u00a0\u00a0\u00a0\u00a0 440 mmAugstums\u00a0\u00a0\u00a0\u00a0 870 mmSvars\u00a0\u00a0\u00a0\u00a0 65 kgKultivatora tips\u00a0\u00a0\u00a0\u00a0 Benz\u012bnaJauda\u00a0\u00a0\u00a0\u00a0 5100 WKr\u0101sa\u00a0\u00a0\u00a0\u00a0 Melna, Oran\u017eaMateri\u0101ls\u00a0\u00a0\u00a0\u00a0 Met\u0101lsDarb\u012bbas platums\u00a0\u00a0\u00a0\u00a0 600 \u2013 900 mmDarb\u012bbas dzi\u013cums\u00a0\u00a0\u00a0\u00a0 360 mmDzin\u0113ja tips\u00a0\u00a0\u00a0\u00a0 \u010cetrtaktu benz\u012bnaDzin\u0113ja ra\u017eot\u0101js\u00a0\u00a0\u00a0\u00a0 DaewooDzin\u0113ja modelis\u00a0\u00a0\u00a0\u00a0 215 SeriesDzin\u0113ja cilindra tilpums\u00a0\u00a0\u00a0\u00a0 212 cm\u00b3Degvielas tvertnes tilpums\u00a0\u00a0\u00a0\u00a0 4.7 lAsme\u0146u skaits\u00a0\u00a0\u00a0\u00a0 24P\u0101rnesumu skaits\u00a0\u00a0\u00a0\u00a0 3P\u0101rnesumu skaits uz priek\u0161u\u00a0\u00a0\u00a0\u00a0 2P\u0101rnesumu [&hellip;]<\/p>\n","protected":false},"featured_media":45234,"comment_status":"open","ping_status":"closed","template":"","meta":{"_joinchat":[]},"product_brand":[],"product_cat":[390],"product_tag":[],"class_list":{"0":"post-45242","1":"product","2":"type-product","3":"status-publish","4":"has-post-thumbnail","6":"product_cat-darza-tehnika-kultivatori-zemes-frezes-un-to-piederumi","8":"first","9":"instock","10":"shipping-taxable","11":"purchasable","12":"product-type-simple"},"_links":{"self":[{"href":"https:\/\/emeniro.lovehorses.lv\/ru\/wp-json\/wp\/v2\/product\/45242","targetHints":{"allow":["GET"]}}],"collection":[{"href":"https:\/\/emeniro.lovehorses.lv\/ru\/wp-json\/wp\/v2\/product"}],"about":[{"href":"https:\/\/emeniro.lovehorses.lv\/ru\/wp-json\/wp\/v2\/types\/product"}],"replies":[{"embeddable":true,"href":"https:\/\/emeniro.lovehorses.lv\/ru\/wp-json\/wp\/v2\/comments?post=45242"}],"wp:featuredmedia":[{"embeddable":true,"href":"https:\/\/emeniro.lovehorses.lv\/ru\/wp-json\/wp\/v2\/media\/45234"}],"wp:attachment":[{"href":"https:\/\/emeniro.lovehorses.lv\/ru\/wp-json\/wp\/v2\/media?parent=45242"}],"wp:term":[{"taxonomy":"product_brand","embeddable":true,"href":"https:\/\/emeniro.lovehorses.lv\/ru\/wp-json\/wp\/v2\/product_brand?post=45242"},{"taxonomy":"product_cat","embeddable":true,"href":"https:\/\/emeniro.lovehorses.lv\/ru\/wp-json\/wp\/v2\/product_cat?post=45242"},{"taxonomy":"product_tag","embeddable":true,"href":"https:\/\/emeniro.lovehorses.lv\/ru\/wp-json\/wp\/v2\/product_tag?post=45242"}],"curies":[{"name":"wp","href":"https:\/\/api.w.org\/{rel}","templated":true}]}}