{"id":45308,"date":"2026-05-01T08:02:55","date_gmt":"2026-05-01T08:02:55","guid":{"rendered":"https:\/\/emeniro.lovehorses.lv\/product\/bosch-art-27\/"},"modified":"2026-05-01T08:02:55","modified_gmt":"2026-05-01T08:02:55","slug":"bosch-art-27","status":"publish","type":"product","link":"https:\/\/emeniro.lovehorses.lv\/ru\/product\/bosch-art-27\/","title":{"rendered":"Bosch ART 27+"},"content":{"rendered":"<p>Produkta veids\u00a0\u00a0\u00a0\u00a0 Trimmeri<\/p>\n<p>Z\u012bmols\u00a0\u00a0\u00a0\u00a0 Bosch<br \/>Modelis\u00a0\u00a0\u00a0\u00a0 ART 27+<br \/>Jauda\u00a0\u00a0\u00a0\u00a0 450 W<br \/>Elektrisk\u0101 dzin\u0113ja tips\u00a0\u00a0\u00a0\u00a0 Ar suk\u0101m<br \/>Trok\u0161\u0146a l\u012bmenis\u00a0\u00a0\u00a0\u00a0 93 dB<br \/>\u0420\u0430\u0437\u043c\u0435\u0440\u044b, \u0432\u0435\u0441 \u0438 \u0446\u0432\u0435\u0442<br \/>Svars\u00a0\u00a0\u00a0\u00a0 2.9 kg<br \/>Kr\u0101sa\u00a0\u00a0\u00a0\u00a0 Melna, Za\u013ca<br \/>\u041f\u0430\u0440\u0430\u043c\u0435\u0442\u0440\u044b \u0441\u0442\u0440\u0438\u0436\u043a\u0438<br \/>P\u013cau\u0161anas veids\u00a0\u00a0\u00a0\u00a0 Aukla<br \/>Darba platums\u00a0\u00a0\u00a0\u00a0 27 cm<br \/>V\u0101rpstas tips\u00a0\u00a0\u00a0\u00a0 Teleskopiska caurule<br \/>Ieteicamais stiep\u013cu virves grie\u0161anas diametrs\u00a0\u00a0\u00a0\u00a0 1.6 mm<br \/>Maksim\u0101lais motora darb\u012bbas \u0101trums\u00a0\u00a0\u00a0\u00a0 10500 rpm<br \/>\u041f\u0438\u0442\u0430\u043d\u0438\u0435<br \/>Spriegums\u00a0\u00a0\u00a0\u00a0 230 V<br \/>\u0414\u043e\u043f\u043e\u043b\u043d\u0438\u0442\u0435\u043b\u044c\u043d\u043e<br \/>Ar dro\u0161\u012bbas jostu\u00a0\u00a0\u00a0\u00a0 N\u0113<br \/>Roktura veids\u00a0\u00a0\u00a0\u00a0 Cilpa<br \/>Garantija\u00a0\u00a0\u00a0\u00a0 24 m\u0113n<br \/>Papildus inform\u0101cija\u00a0\u00a0\u00a0\u00a0 Grie\u0161anas l\u012bnija 1,6 mm; 2\u00d73 m<br \/>Izcelsmes valsts\u00a0\u00a0\u00a0\u00a0 Ung\u0101rija<\/p><\/p>","protected":false},"excerpt":{"rendered":"<p>Produkta veids\u00a0\u00a0\u00a0\u00a0 Trimmeri Z\u012bmols\u00a0\u00a0\u00a0\u00a0 BoschModelis\u00a0\u00a0\u00a0\u00a0 ART 27+Jauda\u00a0\u00a0\u00a0\u00a0 450 WElektrisk\u0101 dzin\u0113ja tips\u00a0\u00a0\u00a0\u00a0 Ar suk\u0101mTrok\u0161\u0146a l\u012bmenis\u00a0\u00a0\u00a0\u00a0 93 dBIzm\u0113ri, svars un kr\u0101saSvars\u00a0\u00a0\u00a0\u00a0 2.9 kgKr\u0101sa\u00a0\u00a0\u00a0\u00a0 Melna, Za\u013caP\u013cau\u0161anas parametriP\u013cau\u0161anas veids\u00a0\u00a0\u00a0\u00a0 AuklaDarba platums\u00a0\u00a0\u00a0\u00a0 27 cmV\u0101rpstas tips\u00a0\u00a0\u00a0\u00a0 Teleskopiska cauruleIeteicamais stiep\u013cu virves grie\u0161anas diametrs\u00a0\u00a0\u00a0\u00a0 1.6 mmMaksim\u0101lais motora darb\u012bbas \u0101trums\u00a0\u00a0\u00a0\u00a0 10500 rpmBaro\u0161anaSpriegums\u00a0\u00a0\u00a0\u00a0 230 VPapildusAr dro\u0161\u012bbas jostu\u00a0\u00a0\u00a0\u00a0 N\u0113Roktura veids\u00a0\u00a0\u00a0\u00a0 CilpaGarantija\u00a0\u00a0\u00a0\u00a0 24 m\u0113nPapildus inform\u0101cija\u00a0\u00a0\u00a0\u00a0 Grie\u0161anas l\u012bnija [&hellip;]<\/p>\n","protected":false},"featured_media":45305,"comment_status":"open","ping_status":"closed","template":"","meta":{"_joinchat":[]},"product_brand":[281],"product_cat":[312],"product_tag":[],"class_list":{"0":"post-45308","1":"product","2":"type-product","3":"status-publish","4":"has-post-thumbnail","6":"product_brand-bosch","7":"product_cat-darza-tehnika-trimmeri","9":"first","10":"instock","11":"shipping-taxable","12":"purchasable","13":"product-type-simple"},"_links":{"self":[{"href":"https:\/\/emeniro.lovehorses.lv\/ru\/wp-json\/wp\/v2\/product\/45308","targetHints":{"allow":["GET"]}}],"collection":[{"href":"https:\/\/emeniro.lovehorses.lv\/ru\/wp-json\/wp\/v2\/product"}],"about":[{"href":"https:\/\/emeniro.lovehorses.lv\/ru\/wp-json\/wp\/v2\/types\/product"}],"replies":[{"embeddable":true,"href":"https:\/\/emeniro.lovehorses.lv\/ru\/wp-json\/wp\/v2\/comments?post=45308"}],"wp:featuredmedia":[{"embeddable":true,"href":"https:\/\/emeniro.lovehorses.lv\/ru\/wp-json\/wp\/v2\/media\/45305"}],"wp:attachment":[{"href":"https:\/\/emeniro.lovehorses.lv\/ru\/wp-json\/wp\/v2\/media?parent=45308"}],"wp:term":[{"taxonomy":"product_brand","embeddable":true,"href":"https:\/\/emeniro.lovehorses.lv\/ru\/wp-json\/wp\/v2\/product_brand?post=45308"},{"taxonomy":"product_cat","embeddable":true,"href":"https:\/\/emeniro.lovehorses.lv\/ru\/wp-json\/wp\/v2\/product_cat?post=45308"},{"taxonomy":"product_tag","embeddable":true,"href":"https:\/\/emeniro.lovehorses.lv\/ru\/wp-json\/wp\/v2\/product_tag?post=45308"}],"curies":[{"name":"wp","href":"https:\/\/api.w.org\/{rel}","templated":true}]}}