{"id":45328,"date":"2026-05-01T08:03:25","date_gmt":"2026-05-01T08:03:25","guid":{"rendered":"https:\/\/emeniro.lovehorses.lv\/product\/candy-csow44644twmb6-s-60cm-ar-zavetaju\/"},"modified":"2026-05-01T08:03:25","modified_gmt":"2026-05-01T08:03:25","slug":"candy-csow44644twmb6-s-60cm-ar-zavetaju","status":"publish","type":"product","link":"https:\/\/emeniro.lovehorses.lv\/ru\/product\/candy-csow44644twmb6-s-60cm-ar-zavetaju\/","title":{"rendered":"Candy CSOW44644TWMB6-S 60 \u0441\u043c \u0441 \u0441\u0443\u0448\u043a\u043e\u0439!"},"content":{"rendered":"<\/p>\n<p class=\"translation-block\"><p><\/p><p>\u0412\u044b\u0441\u043e\u0442\u0430 (\u0441\u043c)&nbsp;&nbsp;&nbsp; 85<br>\u0412\u0435\u0441 \u0431\u0440\u0443\u0442\u0442\u043e (\u0441 \u0443\u043f\u0430\u043a\u043e\u0432\u043a\u043e\u0439 \u043a\u0433)&nbsp;&nbsp;&nbsp; 61<br>\u041c\u0430\u043a\u0441\u0438\u043c\u0430\u043b\u044c\u043d\u0430\u044f \u0441\u043a\u043e\u0440\u043e\u0441\u0442\u044c \u043e\u0442\u0436\u0438\u043c\u0430 (\u043e\u0431\/\u043c\u0438\u043d)&nbsp;&nbsp;&nbsp; 1400<br>\u0414\u043b\u0438\u0442\u0435\u043b\u044c\u043d\u043e\u0441\u0442\u044c \u0446\u0438\u043a\u043b\u0430, \u0441\u0442\u0438\u0440\u043a\u0430 (\u0427:\u041c\u041c)&nbsp;&nbsp;&nbsp; 3:18<br>\u0414\u043b\u0438\u0442\u0435\u043b\u044c\u043d\u043e\u0441\u0442\u044c \u0446\u0438\u043a\u043b\u0430, \u0441\u0442\u0438\u0440\u043a\u0430 + \u0441\u0443\u0448\u043a\u0430 (\u0427:\u041c\u041c)&nbsp;&nbsp;&nbsp; 7:00<br>\u0414\u0438\u0441\u043f\u043b\u0435\u0439&nbsp;&nbsp;&nbsp; +<br>\u0413\u043b\u0443\u0431\u0438\u043d\u0430 (\u0441\u043c)&nbsp;&nbsp;&nbsp; 45<br>\u041a\u043b\u0430\u0441\u0441 \u044d\u043d\u0435\u0440\u0433\u043e\u043f\u043e\u0442\u0440\u0435\u0431\u043b\u0435\u043d\u0438\u044f (\u0441\u0442\u0438\u0440\u043a\u0430 + \u0441\u0443\u0448\u043a\u0430)&nbsp;&nbsp;&nbsp; E<br>\u041a\u043b\u0430\u0441\u0441 \u044d\u043d\u0435\u0440\u0433\u043e\u043f\u043e\u0442\u0440\u0435\u0431\u043b\u0435\u043d\u0438\u044f (\u0441\u0442\u0438\u0440\u043a\u0430)&nbsp;&nbsp;&nbsp; A<br>\u041f\u043e\u0442\u0440\u0435\u0431\u043b\u0435\u043d\u0438\u0435 \u044d\u043d\u0435\u0440\u0433\u0438\u0438 \u043d\u0430 100 \u0446\u0438\u043a\u043b\u043e\u0432, \u0441\u0442\u0438\u0440\u043a\u0430 (\u043a\u0412\u0442\u0447)&nbsp;&nbsp;&nbsp; 38<br>\u041f\u043e\u0442\u0440\u0435\u0431\u043b\u0435\u043d\u0438\u0435 \u044d\u043d\u0435\u0440\u0433\u0438\u0438 \u043d\u0430 100 \u0446\u0438\u043a\u043b\u043e\u0432, \u0441\u0442\u0438\u0440\u043a\u0430 + \u0441\u0443\u0448\u043a\u0430 (\u043a\u0412\u0442\u0447)&nbsp;&nbsp;&nbsp; 267<br>\u041c\u043e\u0442\u043e\u0440 \u0438\u043d\u0432\u0435\u0440\u0442\u043e\u0440\u043d\u043e\u0433\u043e \u0442\u0438\u043f\u0430&nbsp;&nbsp;&nbsp; +<br>\u0426\u0432\u0435\u0442&nbsp;&nbsp;&nbsp; \u0411\u0435\u043b\u044b\u0439<br>\u041c\u0430\u043a\u0441\u0438\u043c\u0430\u043b\u044c\u043d\u0430\u044f \u0437\u0430\u0433\u0440\u0443\u0437\u043a\u0430 \u043f\u0440\u0438 \u0441\u0442\u0438\u0440\u043a\u0435 + \u0441\u0443\u0448\u043a\u0435 (\u043a\u0433)&nbsp;&nbsp;&nbsp; 4<br>\u0422\u0438\u043f \u043c\u0430\u0448\u0438\u043d\u044b&nbsp;&nbsp;&nbsp; \u0424\u0440\u043e\u043d\u0442\u0430\u043b\u044c\u043d\u0430\u044f \u0437\u0430\u0433\u0440\u0443\u0437\u043a\u0430 \u0441\u043e \u0441\u0443\u0448\u043a\u043e\u0439<br>\u0428\u0438\u0440\u0438\u043d\u0430 (\u0441\u043c)&nbsp;&nbsp;&nbsp; 60<br>\u0412\u0435\u0441 (\u043a\u0433)&nbsp;&nbsp;&nbsp; 59<br>\u0423\u0440\u043e\u0432\u0435\u043d\u044c \u0448\u0443\u043c\u0430 \u043f\u0440\u0438 \u043e\u0442\u0436\u0438\u043c\u0435 (\u0434\u0411)&nbsp;&nbsp;&nbsp; 74<br>\u041a\u043b\u0430\u0441\u0441 \u0448\u0443\u043c\u0430 \u043f\u0440\u0438 \u043e\u0442\u0436\u0438\u043c\u0435&nbsp;&nbsp;&nbsp; B<br>\u041f\u043e\u0442\u0440\u0435\u0431\u043b\u0435\u043d\u0438\u0435 \u0432\u043e\u0434\u044b \u0437\u0430 \u0446\u0438\u043a\u043b, \u0441\u0442\u0438\u0440\u043a\u0430 (\u043b)&nbsp;&nbsp;&nbsp; 40<br>\u041f\u043e\u0442\u0440\u0435\u0431\u043b\u0435\u043d\u0438\u0435 \u0432\u043e\u0434\u044b \u0437\u0430 \u0446\u0438\u043a\u043b, \u0441\u0442\u0438\u0440\u043a\u0430 + \u0441\u0443\u0448\u043a\u0430 (\u043b)&nbsp;&nbsp;&nbsp; 67<br>\u0417\u0430\u0433\u0440\u0443\u0437\u043a\u0430 \u043f\u0440\u0438 \u0441\u0442\u0438\u0440\u043a\u0435 (\u043a\u0433)&nbsp;&nbsp;&nbsp; 6<br>WiFi\/\u043f\u0440\u0438\u043b\u043e\u0436\u0435\u043d\u0438\u0435&nbsp;&nbsp;&nbsp; +<\/p><p><\/p><\/p><\/p>","protected":false},"excerpt":{"rendered":"<p>Augstums (cm)\u00a0\u00a0\u00a0 85Bruto svars ( ar iepakojumu kg)\u00a0\u00a0\u00a0 61Cetrif\u016bgas \u0101trums (p\/min max)\u00a0\u00a0\u00a0 1400Cikla ilgums, mazg\u0101\u0161ana (H:MM)\u00a0\u00a0\u00a0 3:18Cikla ilgums, mazg\u0101\u0161ana + \u017e\u0101v\u0113\u0161ana (H:MM)\u00a0\u00a0\u00a0 7:00Displejs\u00a0\u00a0\u00a0 +Dzi\u013cums (cm)\u00a0\u00a0\u00a0 45Ener\u0123ijas klase (mazg\u0101\u0161ana + \u017e\u0101v\u0113\u0161ana)\u00a0\u00a0\u00a0 EEner\u0123ijas klase (mazg\u0101\u0161ana)\u00a0\u00a0\u00a0 AEner\u0123ijas pat\u0113ri\u0146\u0161 uz 100 cikliem, mazg\u0101\u0161ana (kWh)\u00a0\u00a0\u00a0 38Ener\u0123ijas pat\u0113ri\u0146\u0161 uz 100 cikliem, mazg\u0101\u0161ana + \u017e\u0101v\u0113\u0161ana (kWh)\u00a0\u00a0\u00a0 267Invertora tipa motors\u00a0\u00a0\u00a0 +Kr\u0101sa\u00a0\u00a0\u00a0 BaltsMaksim\u0101lais ve\u013cas [&hellip;]<\/p>\n","protected":false},"featured_media":45320,"comment_status":"open","ping_status":"closed","template":"","meta":{"_joinchat":[]},"product_brand":[267],"product_cat":[315],"product_tag":[],"class_list":{"0":"post-45328","1":"product","2":"type-product","3":"status-publish","4":"has-post-thumbnail","6":"product_brand-candy","7":"product_cat-sadzives-tehnika-velas-masinas-velas-mazgajamas-masinas-ar-zavetaju","9":"first","10":"instock","11":"shipping-taxable","12":"purchasable","13":"product-type-simple"},"_links":{"self":[{"href":"https:\/\/emeniro.lovehorses.lv\/ru\/wp-json\/wp\/v2\/product\/45328","targetHints":{"allow":["GET"]}}],"collection":[{"href":"https:\/\/emeniro.lovehorses.lv\/ru\/wp-json\/wp\/v2\/product"}],"about":[{"href":"https:\/\/emeniro.lovehorses.lv\/ru\/wp-json\/wp\/v2\/types\/product"}],"replies":[{"embeddable":true,"href":"https:\/\/emeniro.lovehorses.lv\/ru\/wp-json\/wp\/v2\/comments?post=45328"}],"wp:featuredmedia":[{"embeddable":true,"href":"https:\/\/emeniro.lovehorses.lv\/ru\/wp-json\/wp\/v2\/media\/45320"}],"wp:attachment":[{"href":"https:\/\/emeniro.lovehorses.lv\/ru\/wp-json\/wp\/v2\/media?parent=45328"}],"wp:term":[{"taxonomy":"product_brand","embeddable":true,"href":"https:\/\/emeniro.lovehorses.lv\/ru\/wp-json\/wp\/v2\/product_brand?post=45328"},{"taxonomy":"product_cat","embeddable":true,"href":"https:\/\/emeniro.lovehorses.lv\/ru\/wp-json\/wp\/v2\/product_cat?post=45328"},{"taxonomy":"product_tag","embeddable":true,"href":"https:\/\/emeniro.lovehorses.lv\/ru\/wp-json\/wp\/v2\/product_tag?post=45328"}],"curies":[{"name":"wp","href":"https:\/\/api.w.org\/{rel}","templated":true}]}}