{"id":45352,"date":"2026-05-01T08:04:03","date_gmt":"2026-05-01T08:04:03","guid":{"rendered":"https:\/\/emeniro.lovehorses.lv\/product\/samsung-dv90dg52a0aele\/"},"modified":"2026-05-01T08:04:03","modified_gmt":"2026-05-01T08:04:03","slug":"samsung-dv90dg52a0aele","status":"publish","type":"product","link":"https:\/\/emeniro.lovehorses.lv\/ru\/product\/samsung-dv90dg52a0aele\/","title":{"rendered":"Samsung DV90DG52A0AELE"},"content":{"rendered":"<p>\u017d\u0101v\u0113t\u0101ja tips:\u00a0\u00a0\u00a0 Kondens\u0101cijas\u00a0 \u00a0<\/p>\n<p>Ve\u013cas iekrau\u0161ana:\u00a0\u00a0\u00a0 9 kg \u00a0<br \/>\u042d\u043d\u0435\u0440\u0433\u043e\u043f\u043e\u0442\u0440\u0435\u0431\u043b\u0435\u043d\u0438\u0435<br \/>Ener\u0123ijas pat\u0113ri\u0146a klase:\u00a0\u00a0\u00a0 A+++ \u00a0<br \/>Ener\u0123ijas gada pat\u0113ri\u0146a nov\u0113rt\u0113jums (160 cikli) (kWh):\u00a0\u00a0\u00a0 194\u00a0 \u00a0<br \/>\u0423\u043f\u0440\u0430\u0432\u043b\u0435\u043d\u0438\u0435<br \/>Vad\u012bbas tips:\u00a0\u00a0\u00a0 Elektroniska\/ Sk\u0101rienjut\u012bga vad\u012bba \u00a0<br \/>Displeja tips:\u00a0\u00a0\u00a0 LED displejs\u00a0 \u00a0<br \/>\u017d\u0101v\u0113\u0161anas programmas beigu sign\u0101ls:\u00a0\u00a0\u00a0 Ir\u00a0 \u00a0<br \/>\u041f\u0440\u043e\u0433\u0440\u0430\u043c\u043c\u044b \u0438 \u0444\u0443\u043d\u043a\u0446\u0438\u0438<br \/>Programmu daudzums:\u00a0\u00a0\u00a0 14\u00a0 \u00a0<br \/>Saudz\u012bg\u0101 \u017e\u0101v\u0113\u0161ana:\u00a0\u00a0\u00a0 Ir\u00a0 \u00a0<br \/>Viegla gludin\u0101\u0161ana:\u00a0\u00a0\u00a0 Ir \u00a0<br \/>Pretburz\u012b\u0161an\u0101s funkcija:\u00a0\u00a0\u00a0 Ir\u00a0 \u00a0<br \/>Atliktais starts:\u00a0\u00a0\u00a0 Ir\u00a0 \u00a0<br \/>Regul\u0113jama \u017e\u0101v\u0113\u0161anas temperat\u016bra:\u00a0\u00a0\u00a0 Ir (Autom\u0101tiski)\u00a0 \u00a0<br \/>\u0423\u043d\u0438\u043a\u0430\u043b\u044c\u043d\u044b\u0435 \u0441\u0432\u043e\u0439\u0441\u0442\u0432\u0430<br \/>Wi-Fi:\u00a0\u00a0\u00a0 Ir \u00a0<br \/>\u017d\u0101v\u0113\u0161anas statnis vilnai un apaviem:\u00a0\u00a0\u00a0 Nav\u00a0 \u00a0<br \/>Dzes\u0113\u0161ana p\u0113c \u017e\u0101v\u0113\u0161anas:\u00a0\u00a0\u00a0 Ir\u00a0 \u00a0<br \/>P\u016bku filtrs:\u00a0\u00a0\u00a0 Ir \u00a0<br \/>Apstr\u0101de ar tvaiku:\u00a0\u00a0\u00a0 Ir\u00a0 \u00a0<br \/>B\u0101kas apgaismojums:\u00a0\u00a0\u00a0 Ir\u00a0 \u00a0<br \/>\u041e\u0431\u0449\u0435\u0435 \u043e\u043f\u0438\u0441\u0430\u043d\u0438\u0435<br \/>Vad\u012bbas blo\u0137\u0113\u0161ana \u201caizsardz\u012bba no b\u0113rniem\u201d:\u00a0\u00a0\u00a0 Ir \u00a0<br \/>Trok\u0161\u0146a l\u012bmenis:\u00a0\u00a0\u00a0 65 dB\u00a0 \u00a0<br \/>Trok\u0161\u0146a mazin\u0101\u0161anas sist\u0113ma:\u00a0\u00a0\u00a0 Silent System\u00a0 \u00a0<br \/>Kr\u0101sa:\u00a0\u00a0\u00a0 Balta \u00a0<br \/>Izm\u0113ri (AxPxDz):\u00a0\u00a0\u00a0 85 x 60 x 65 cm\u00a0 \u00a0<br \/>Garantija fizisk\u0101m person\u0101m:\u00a0\u00a0\u00a0 2 gadi\u00a0\u00a0<\/p><\/p>","protected":false},"excerpt":{"rendered":"<p>\u017d\u0101v\u0113t\u0101ja tips:\u00a0\u00a0\u00a0 Kondens\u0101cijas\u00a0 \u00a0 Ve\u013cas iekrau\u0161ana:\u00a0\u00a0\u00a0 9 kg \u00a0Ener\u0123ijas pat\u0113ri\u0146\u0161Ener\u0123ijas pat\u0113ri\u0146a klase:\u00a0\u00a0\u00a0 A+++ \u00a0Ener\u0123ijas gada pat\u0113ri\u0146a nov\u0113rt\u0113jums (160 cikli) (kWh):\u00a0\u00a0\u00a0 194\u00a0 \u00a0Vad\u012bbaVad\u012bbas tips:\u00a0\u00a0\u00a0 Elektroniska\/ Sk\u0101rienjut\u012bga vad\u012bba \u00a0Displeja tips:\u00a0\u00a0\u00a0 LED displejs\u00a0 \u00a0\u017d\u0101v\u0113\u0161anas programmas beigu sign\u0101ls:\u00a0\u00a0\u00a0 Ir\u00a0 \u00a0Programmas un funkcijasProgrammu daudzums:\u00a0\u00a0\u00a0 14\u00a0 \u00a0Saudz\u012bg\u0101 \u017e\u0101v\u0113\u0161ana:\u00a0\u00a0\u00a0 Ir\u00a0 \u00a0Viegla gludin\u0101\u0161ana:\u00a0\u00a0\u00a0 Ir \u00a0Pretburz\u012b\u0161an\u0101s funkcija:\u00a0\u00a0\u00a0 Ir\u00a0 \u00a0Atliktais starts:\u00a0\u00a0\u00a0 Ir\u00a0 \u00a0Regul\u0113jama \u017e\u0101v\u0113\u0161anas temperat\u016bra:\u00a0\u00a0\u00a0 [&hellip;]<\/p>\n","protected":false},"featured_media":45341,"comment_status":"open","ping_status":"closed","template":"","meta":{"_joinchat":[]},"product_brand":[139],"product_cat":[261],"product_tag":[],"class_list":{"0":"post-45352","1":"product","2":"type-product","3":"status-publish","4":"has-post-thumbnail","6":"product_brand-samsung","7":"product_cat-sadzives-tehnika-velas-zavetaji","9":"first","10":"instock","11":"shipping-taxable","12":"purchasable","13":"product-type-simple"},"_links":{"self":[{"href":"https:\/\/emeniro.lovehorses.lv\/ru\/wp-json\/wp\/v2\/product\/45352","targetHints":{"allow":["GET"]}}],"collection":[{"href":"https:\/\/emeniro.lovehorses.lv\/ru\/wp-json\/wp\/v2\/product"}],"about":[{"href":"https:\/\/emeniro.lovehorses.lv\/ru\/wp-json\/wp\/v2\/types\/product"}],"replies":[{"embeddable":true,"href":"https:\/\/emeniro.lovehorses.lv\/ru\/wp-json\/wp\/v2\/comments?post=45352"}],"wp:featuredmedia":[{"embeddable":true,"href":"https:\/\/emeniro.lovehorses.lv\/ru\/wp-json\/wp\/v2\/media\/45341"}],"wp:attachment":[{"href":"https:\/\/emeniro.lovehorses.lv\/ru\/wp-json\/wp\/v2\/media?parent=45352"}],"wp:term":[{"taxonomy":"product_brand","embeddable":true,"href":"https:\/\/emeniro.lovehorses.lv\/ru\/wp-json\/wp\/v2\/product_brand?post=45352"},{"taxonomy":"product_cat","embeddable":true,"href":"https:\/\/emeniro.lovehorses.lv\/ru\/wp-json\/wp\/v2\/product_cat?post=45352"},{"taxonomy":"product_tag","embeddable":true,"href":"https:\/\/emeniro.lovehorses.lv\/ru\/wp-json\/wp\/v2\/product_tag?post=45352"}],"curies":[{"name":"wp","href":"https:\/\/api.w.org\/{rel}","templated":true}]}}