{"id":45365,"date":"2026-05-01T08:04:35","date_gmt":"2026-05-01T08:04:35","guid":{"rendered":"https:\/\/emeniro.lovehorses.lv\/product\/panasonic-sc-ux100e-k\/"},"modified":"2026-05-01T08:04:35","modified_gmt":"2026-05-01T08:04:35","slug":"panasonic-sc-ux100e-k","status":"publish","type":"product","link":"https:\/\/emeniro.lovehorses.lv\/ru\/product\/panasonic-sc-ux100e-k\/","title":{"rendered":"Panasonic SC-UX100E-K"},"content":{"rendered":"<p>Bluetooth\u00a0\u00a0\u00a0\u00a0 J\u0101<\/p>\n<p>Kr\u0101sa\u00a0\u00a0\u00a0\u00a0 Melns<br \/>Izm\u0113ri\u00a0\u00a0\u00a0\u00a0 250 x 132 x 227 mm galven\u0101 ier\u012bce, 181 x 308 x 165 mm ska\u013crunis<br \/>Pieg\u0101des kastes dzi\u013cums\u00a0\u00a0\u00a0\u00a0 36 cm<br \/>Pieg\u0101des kastes augstums\u00a0\u00a0\u00a0\u00a0 37,8 cm<br \/>Pieg\u0101des kastes svars\u00a0\u00a0\u00a0\u00a0 6,8 kg<br \/>Pieg\u0101des kastes platums\u00a0\u00a0\u00a0\u00a0 35,8 cm<br \/>Brutto tilpuma vien\u012bba\u00a0\u00a0\u00a0\u00a0 0,04872 kub<br \/>Neto svara vien\u012bba\u00a0\u00a0\u00a0\u00a0 5,7 kg<br \/>Bruto svara vien\u012bba\u00a0\u00a0\u00a0\u00a0 6,8 kg<br \/>CnCode\u00a0\u00a0\u00a0\u00a0 85271300<br \/>Vien\u012bbas kastes platums\u00a0\u00a0\u00a0\u00a0 0,358<br \/>Vien\u012bbas kastes garums\u00a0\u00a0\u00a0\u00a0 0.36<br \/>Vien\u012bbas kastes augstums\u00a0\u00a0\u00a0\u00a0 0,378<br \/>Kategorijas kods\u00a0\u00a0\u00a0\u00a0 HAV<\/p><\/p>","protected":false},"excerpt":{"rendered":"<p>Bluetooth\u00a0\u00a0\u00a0\u00a0 J\u0101 Kr\u0101sa\u00a0\u00a0\u00a0\u00a0 MelnsIzm\u0113ri\u00a0\u00a0\u00a0\u00a0 250 x 132 x 227 mm galven\u0101 ier\u012bce, 181 x 308 x 165 mm ska\u013crunisPieg\u0101des kastes dzi\u013cums\u00a0\u00a0\u00a0\u00a0 36 cmPieg\u0101des kastes augstums\u00a0\u00a0\u00a0\u00a0 37,8 cmPieg\u0101des kastes svars\u00a0\u00a0\u00a0\u00a0 6,8 kgPieg\u0101des kastes platums\u00a0\u00a0\u00a0\u00a0 35,8 cmBrutto tilpuma vien\u012bba\u00a0\u00a0\u00a0\u00a0 0,04872 kubNeto svara vien\u012bba\u00a0\u00a0\u00a0\u00a0 5,7 kgBruto svara vien\u012bba\u00a0\u00a0\u00a0\u00a0 6,8 kgCnCode\u00a0\u00a0\u00a0\u00a0 85271300Vien\u012bbas kastes platums\u00a0\u00a0\u00a0\u00a0 0,358Vien\u012bbas kastes garums\u00a0\u00a0\u00a0\u00a0 0.36Vien\u012bbas kastes [&hellip;]<\/p>\n","protected":false},"featured_media":45361,"comment_status":"open","ping_status":"closed","template":"","meta":{"_joinchat":[]},"product_brand":[],"product_cat":[365],"product_tag":[],"class_list":{"0":"post-45365","1":"product","2":"type-product","3":"status-publish","4":"has-post-thumbnail","6":"product_cat-tv-foto-video-audio-audio-aparatura-muzikas-centri","8":"first","9":"instock","10":"shipping-taxable","11":"purchasable","12":"product-type-simple"},"_links":{"self":[{"href":"https:\/\/emeniro.lovehorses.lv\/ru\/wp-json\/wp\/v2\/product\/45365","targetHints":{"allow":["GET"]}}],"collection":[{"href":"https:\/\/emeniro.lovehorses.lv\/ru\/wp-json\/wp\/v2\/product"}],"about":[{"href":"https:\/\/emeniro.lovehorses.lv\/ru\/wp-json\/wp\/v2\/types\/product"}],"replies":[{"embeddable":true,"href":"https:\/\/emeniro.lovehorses.lv\/ru\/wp-json\/wp\/v2\/comments?post=45365"}],"wp:featuredmedia":[{"embeddable":true,"href":"https:\/\/emeniro.lovehorses.lv\/ru\/wp-json\/wp\/v2\/media\/45361"}],"wp:attachment":[{"href":"https:\/\/emeniro.lovehorses.lv\/ru\/wp-json\/wp\/v2\/media?parent=45365"}],"wp:term":[{"taxonomy":"product_brand","embeddable":true,"href":"https:\/\/emeniro.lovehorses.lv\/ru\/wp-json\/wp\/v2\/product_brand?post=45365"},{"taxonomy":"product_cat","embeddable":true,"href":"https:\/\/emeniro.lovehorses.lv\/ru\/wp-json\/wp\/v2\/product_cat?post=45365"},{"taxonomy":"product_tag","embeddable":true,"href":"https:\/\/emeniro.lovehorses.lv\/ru\/wp-json\/wp\/v2\/product_tag?post=45365"}],"curies":[{"name":"wp","href":"https:\/\/api.w.org\/{rel}","templated":true}]}}