{"id":45406,"date":"2026-05-01T08:06:07","date_gmt":"2026-05-01T08:06:07","guid":{"rendered":"https:\/\/emeniro.lovehorses.lv\/product\/stanley-sg-7500\/"},"modified":"2026-05-01T08:06:07","modified_gmt":"2026-05-01T08:06:07","slug":"stanley-sg-7500","status":"publish","type":"product","link":"https:\/\/emeniro.lovehorses.lv\/ru\/product\/stanley-sg-7500\/","title":{"rendered":"Stanley SG 7500"},"content":{"rendered":"<p>\u041e\u0431\u0449\u0438\u0435 \u043f\u0430\u0440\u0430\u043c\u0435\u0442\u0440\u044b<\/p>\n<p>Produkta veids\u00a0\u00a0\u00a0\u00a0 Str\u0101vas \u0123eneratori<br \/>Z\u012bmols\u00a0\u00a0\u00a0\u00a0 Stanley<br \/>Modelis\u00a0\u00a0\u00a0\u00a0 SG 7500<br \/>\u0122ener\u0101tora tips\u00a0\u00a0\u00a0\u00a0 Vienf\u0101zes\/Tr\u012bsf\u0101\u017eu<br \/>Dzin\u0113ja tips\u00a0\u00a0\u00a0\u00a0 Ar benz\u012bna dzin\u0113ju<br \/>Degvielas veids\u00a0\u00a0\u00a0\u00a0 Benz\u012bns<br \/>Maksim\u0101l\u0101 jauda\u00a0\u00a0\u00a0\u00a0 7500 W<br \/>Nomin\u0101l\u0101 jauda\u00a0\u00a0\u00a0\u00a0 7000 W<br \/>Trok\u0161\u0146a l\u012bmenis\u00a0\u00a0\u00a0\u00a0 97 dB<br \/>Degvielas tvertnes tilpums\u00a0\u00a0\u00a0\u00a0 25 l<br \/>Degvielas pat\u0113ri\u0146\u0161\u00a0\u00a0\u00a0\u00a0 4 l\/h<br \/>Startera tips\u00a0\u00a0\u00a0\u00a0 Elektrisk\u0101<br \/>Past\u0101v\u012bgs izejas spriegums\u00a0\u00a0\u00a0\u00a0 230\/400<br \/>E\u013c\u013cas l\u012bme\u0146a aizsardz\u012bba\u00a0\u00a0\u00a0\u00a0 J\u0101<br \/>Aizsardz\u012bba pret p\u0101rslodzi\u00a0\u00a0\u00a0\u00a0 J\u0101<br \/>Darba ilgums ar pilnu degvielas tvertni\u00a0\u00a0\u00a0\u00a0 378 min<br \/>Vienf\u0101zes piesl\u0113gumu skaits\u00a0\u00a0\u00a0\u00a0 2<br \/>Tr\u012bsf\u0101\u017eu piesl\u0113gumu skaits\u00a0\u00a0\u00a0\u00a0 1<br \/>Sprieguma m\u0113r\u012bt\u0101js\u00a0\u00a0\u00a0\u00a0 J\u0101<br \/>Sprieguma regul\u0113\u0161anas sist\u0113ma\u00a0\u00a0\u00a0\u00a0 J\u0101<br \/>Ar rite\u0146iem\u00a0\u00a0\u00a0\u00a0 J\u0101<br \/>Garums\u00a0\u00a0\u00a0\u00a0 740 mm<br \/>Ar rokturi\u00a0\u00a0\u00a0\u00a0 J\u0101<br \/>Platums\u00a0\u00a0\u00a0\u00a0 590 mm<br \/>Augstums\u00a0\u00a0\u00a0\u00a0 600 mm<br \/>Garantija\u00a0\u00a0\u00a0\u00a0 24 m\u0113n<br \/>Svars\u00a0\u00a0\u00a0\u00a0 94.5 kg<br \/>Garantija juridisk\u0101m person\u0101m\u00a0\u00a0\u00a0\u00a0 12 m\u0113n<br \/>Izcelsmes valsts\u00a0\u00a0\u00a0\u00a0 V\u0101cija<\/p><\/p>","protected":false},"excerpt":{"rendered":"<p>Kop\u0113jie parametri Produkta veids\u00a0\u00a0\u00a0\u00a0 Str\u0101vas \u0123eneratoriZ\u012bmols\u00a0\u00a0\u00a0\u00a0 StanleyModelis\u00a0\u00a0\u00a0\u00a0 SG 7500\u0122ener\u0101tora tips\u00a0\u00a0\u00a0\u00a0 Vienf\u0101zes\/Tr\u012bsf\u0101\u017euDzin\u0113ja tips\u00a0\u00a0\u00a0\u00a0 Ar benz\u012bna dzin\u0113juDegvielas veids\u00a0\u00a0\u00a0\u00a0 Benz\u012bnsMaksim\u0101l\u0101 jauda\u00a0\u00a0\u00a0\u00a0 7500 WNomin\u0101l\u0101 jauda\u00a0\u00a0\u00a0\u00a0 7000 WTrok\u0161\u0146a l\u012bmenis\u00a0\u00a0\u00a0\u00a0 97 dBDegvielas tvertnes tilpums\u00a0\u00a0\u00a0\u00a0 25 lDegvielas pat\u0113ri\u0146\u0161\u00a0\u00a0\u00a0\u00a0 4 l\/hStartera tips\u00a0\u00a0\u00a0\u00a0 Elektrisk\u0101Past\u0101v\u012bgs izejas spriegums\u00a0\u00a0\u00a0\u00a0 230\/400E\u013c\u013cas l\u012bme\u0146a aizsardz\u012bba\u00a0\u00a0\u00a0\u00a0 J\u0101Aizsardz\u012bba pret p\u0101rslodzi\u00a0\u00a0\u00a0\u00a0 J\u0101Darba ilgums ar pilnu degvielas tvertni\u00a0\u00a0\u00a0\u00a0 378 minVienf\u0101zes piesl\u0113gumu skaits\u00a0\u00a0\u00a0\u00a0 2Tr\u012bsf\u0101\u017eu piesl\u0113gumu [&hellip;]<\/p>\n","protected":false},"featured_media":45403,"comment_status":"open","ping_status":"closed","template":"","meta":{"_joinchat":[]},"product_brand":[],"product_cat":[318],"product_tag":[],"class_list":{"0":"post-45406","1":"product","2":"type-product","3":"status-publish","4":"has-post-thumbnail","6":"product_cat-darza-tehnika-generatori","8":"first","9":"instock","10":"shipping-taxable","11":"purchasable","12":"product-type-simple"},"_links":{"self":[{"href":"https:\/\/emeniro.lovehorses.lv\/ru\/wp-json\/wp\/v2\/product\/45406","targetHints":{"allow":["GET"]}}],"collection":[{"href":"https:\/\/emeniro.lovehorses.lv\/ru\/wp-json\/wp\/v2\/product"}],"about":[{"href":"https:\/\/emeniro.lovehorses.lv\/ru\/wp-json\/wp\/v2\/types\/product"}],"replies":[{"embeddable":true,"href":"https:\/\/emeniro.lovehorses.lv\/ru\/wp-json\/wp\/v2\/comments?post=45406"}],"wp:featuredmedia":[{"embeddable":true,"href":"https:\/\/emeniro.lovehorses.lv\/ru\/wp-json\/wp\/v2\/media\/45403"}],"wp:attachment":[{"href":"https:\/\/emeniro.lovehorses.lv\/ru\/wp-json\/wp\/v2\/media?parent=45406"}],"wp:term":[{"taxonomy":"product_brand","embeddable":true,"href":"https:\/\/emeniro.lovehorses.lv\/ru\/wp-json\/wp\/v2\/product_brand?post=45406"},{"taxonomy":"product_cat","embeddable":true,"href":"https:\/\/emeniro.lovehorses.lv\/ru\/wp-json\/wp\/v2\/product_cat?post=45406"},{"taxonomy":"product_tag","embeddable":true,"href":"https:\/\/emeniro.lovehorses.lv\/ru\/wp-json\/wp\/v2\/product_tag?post=45406"}],"curies":[{"name":"wp","href":"https:\/\/api.w.org\/{rel}","templated":true}]}}