{"id":45419,"date":"2026-05-01T08:06:40","date_gmt":"2026-05-01T08:06:40","guid":{"rendered":"https:\/\/emeniro.lovehorses.lv\/product\/daewoo-gda3500dfe\/"},"modified":"2026-05-01T08:06:40","modified_gmt":"2026-05-01T08:06:40","slug":"daewoo-gda3500dfe","status":"publish","type":"product","link":"https:\/\/emeniro.lovehorses.lv\/ru\/product\/daewoo-gda3500dfe\/","title":{"rendered":"Daewoo GDA3500DFE"},"content":{"rendered":"<p>\u041e\u0431\u0449\u0438\u0435 \u043f\u0430\u0440\u0430\u043c\u0435\u0442\u0440\u044b<\/p>\n<p>Produkta veids\u00a0\u00a0\u00a0\u00a0 Str\u0101vas \u0123eneratori<br \/>Z\u012bmols\u00a0\u00a0\u00a0\u00a0 Daewoo<br \/>Modelis\u00a0\u00a0\u00a0\u00a0 GDA3500DFE<br \/>\u0122ener\u0101tora tips\u00a0\u00a0\u00a0\u00a0 Vienf\u0101zes<br \/>Dzin\u0113ja tips\u00a0\u00a0\u00a0\u00a0 \u010cetrtaktu benz\u012bna<br \/>Degvielas veids\u00a0\u00a0\u00a0\u00a0 Benz\u012bns, G\u0101ze<br \/>Maksim\u0101l\u0101 jauda\u00a0\u00a0\u00a0\u00a0 3200 W<br \/>Nomin\u0101l\u0101 jauda\u00a0\u00a0\u00a0\u00a0 2800 W<br \/>Trok\u0161\u0146a l\u012bmenis\u00a0\u00a0\u00a0\u00a0 96 dB<br \/>Degvielas tvertnes tilpums\u00a0\u00a0\u00a0\u00a0 18 l<br \/>Degvielas pat\u0113ri\u0146\u0161\u00a0\u00a0\u00a0\u00a0 1.2 l\/h<br \/>Startera tips\u00a0\u00a0\u00a0\u00a0 Elektrisk\u0101<br \/>Past\u0101v\u012bgs izejas spriegums\u00a0\u00a0\u00a0\u00a0 230<br \/>Aizsardz\u012bba pret p\u0101rslodzi\u00a0\u00a0\u00a0\u00a0 J\u0101<br \/>Darba ilgums ar pilnu degvielas tvertni\u00a0\u00a0\u00a0\u00a0 900 min<br \/>Vienf\u0101zes piesl\u0113gumu skaits\u00a0\u00a0\u00a0\u00a0 2<br \/>Ar rite\u0146iem\u00a0\u00a0\u00a0\u00a0 N\u0113<br \/>Garums\u00a0\u00a0\u00a0\u00a0 605 mm<br \/>Ar rokturi\u00a0\u00a0\u00a0\u00a0 J\u0101<br \/>Platums\u00a0\u00a0\u00a0\u00a0 430 mm<br \/>Augstums\u00a0\u00a0\u00a0\u00a0 425 mm<br \/>Garantija\u00a0\u00a0\u00a0\u00a0 24 m\u0113n<br \/>Svars\u00a0\u00a0\u00a0\u00a0 45 kg<br \/>Garantija juridisk\u0101m person\u0101m\u00a0\u00a0\u00a0\u00a0 12 m\u0113n<\/p><\/p>","protected":false},"excerpt":{"rendered":"<p>Kop\u0113jie parametri Produkta veids\u00a0\u00a0\u00a0\u00a0 Str\u0101vas \u0123eneratoriZ\u012bmols\u00a0\u00a0\u00a0\u00a0 DaewooModelis\u00a0\u00a0\u00a0\u00a0 GDA3500DFE\u0122ener\u0101tora tips\u00a0\u00a0\u00a0\u00a0 Vienf\u0101zesDzin\u0113ja tips\u00a0\u00a0\u00a0\u00a0 \u010cetrtaktu benz\u012bnaDegvielas veids\u00a0\u00a0\u00a0\u00a0 Benz\u012bns, G\u0101zeMaksim\u0101l\u0101 jauda\u00a0\u00a0\u00a0\u00a0 3200 WNomin\u0101l\u0101 jauda\u00a0\u00a0\u00a0\u00a0 2800 WTrok\u0161\u0146a l\u012bmenis\u00a0\u00a0\u00a0\u00a0 96 dBDegvielas tvertnes tilpums\u00a0\u00a0\u00a0\u00a0 18 lDegvielas pat\u0113ri\u0146\u0161\u00a0\u00a0\u00a0\u00a0 1.2 l\/hStartera tips\u00a0\u00a0\u00a0\u00a0 Elektrisk\u0101Past\u0101v\u012bgs izejas spriegums\u00a0\u00a0\u00a0\u00a0 230Aizsardz\u012bba pret p\u0101rslodzi\u00a0\u00a0\u00a0\u00a0 J\u0101Darba ilgums ar pilnu degvielas tvertni\u00a0\u00a0\u00a0\u00a0 900 minVienf\u0101zes piesl\u0113gumu skaits\u00a0\u00a0\u00a0\u00a0 2Ar rite\u0146iem\u00a0\u00a0\u00a0\u00a0 N\u0113Garums\u00a0\u00a0\u00a0\u00a0 605 mmAr rokturi\u00a0\u00a0\u00a0\u00a0 [&hellip;]<\/p>\n","protected":false},"featured_media":45409,"comment_status":"open","ping_status":"closed","template":"","meta":{"_joinchat":[]},"product_brand":[],"product_cat":[318],"product_tag":[],"class_list":{"0":"post-45419","1":"product","2":"type-product","3":"status-publish","4":"has-post-thumbnail","6":"product_cat-darza-tehnika-generatori","8":"first","9":"instock","10":"shipping-taxable","11":"purchasable","12":"product-type-simple"},"_links":{"self":[{"href":"https:\/\/emeniro.lovehorses.lv\/ru\/wp-json\/wp\/v2\/product\/45419","targetHints":{"allow":["GET"]}}],"collection":[{"href":"https:\/\/emeniro.lovehorses.lv\/ru\/wp-json\/wp\/v2\/product"}],"about":[{"href":"https:\/\/emeniro.lovehorses.lv\/ru\/wp-json\/wp\/v2\/types\/product"}],"replies":[{"embeddable":true,"href":"https:\/\/emeniro.lovehorses.lv\/ru\/wp-json\/wp\/v2\/comments?post=45419"}],"wp:featuredmedia":[{"embeddable":true,"href":"https:\/\/emeniro.lovehorses.lv\/ru\/wp-json\/wp\/v2\/media\/45409"}],"wp:attachment":[{"href":"https:\/\/emeniro.lovehorses.lv\/ru\/wp-json\/wp\/v2\/media?parent=45419"}],"wp:term":[{"taxonomy":"product_brand","embeddable":true,"href":"https:\/\/emeniro.lovehorses.lv\/ru\/wp-json\/wp\/v2\/product_brand?post=45419"},{"taxonomy":"product_cat","embeddable":true,"href":"https:\/\/emeniro.lovehorses.lv\/ru\/wp-json\/wp\/v2\/product_cat?post=45419"},{"taxonomy":"product_tag","embeddable":true,"href":"https:\/\/emeniro.lovehorses.lv\/ru\/wp-json\/wp\/v2\/product_tag?post=45419"}],"curies":[{"name":"wp","href":"https:\/\/api.w.org\/{rel}","templated":true}]}}