{"id":45428,"date":"2026-05-01T08:06:59","date_gmt":"2026-05-01T08:06:59","guid":{"rendered":"https:\/\/emeniro.lovehorses.lv\/product\/daewoo-gda-6500e\/"},"modified":"2026-05-01T08:06:59","modified_gmt":"2026-05-01T08:06:59","slug":"daewoo-gda-6500e","status":"publish","type":"product","link":"https:\/\/emeniro.lovehorses.lv\/ru\/product\/daewoo-gda-6500e\/","title":{"rendered":"Daewoo GDA 6500E"},"content":{"rendered":"<p>\u041e\u0431\u0449\u0438\u0435 \u043f\u0430\u0440\u0430\u043c\u0435\u0442\u0440\u044b<\/p>\n<p>Produkta veids\u00a0\u00a0\u00a0\u00a0 Str\u0101vas \u0123eneratori<br \/>Z\u012bmols\u00a0\u00a0\u00a0\u00a0 Daewoo<br \/>Modelis\u00a0\u00a0\u00a0\u00a0 GDA 6500E<br \/>\u0122ener\u0101tora tips\u00a0\u00a0\u00a0\u00a0 Vienf\u0101zes<br \/>Dzin\u0113ja tips\u00a0\u00a0\u00a0\u00a0 Ar benz\u012bna dzin\u0113ju<br \/>Degvielas veids\u00a0\u00a0\u00a0\u00a0 Benz\u012bns<br \/>Maksim\u0101l\u0101 jauda\u00a0\u00a0\u00a0\u00a0 5500 W<br \/>Nomin\u0101l\u0101 jauda\u00a0\u00a0\u00a0\u00a0 5000 W<br \/>Trok\u0161\u0146a l\u012bmenis\u00a0\u00a0\u00a0\u00a0 95 dB<br \/>Degvielas tvertnes tilpums\u00a0\u00a0\u00a0\u00a0 30 l<br \/>Startera tips\u00a0\u00a0\u00a0\u00a0 Elektrisk\u0101<br \/>Past\u0101v\u012bgs izejas spriegums\u00a0\u00a0\u00a0\u00a0 230<br \/>E\u013c\u013cas l\u012bme\u0146a aizsardz\u012bba\u00a0\u00a0\u00a0\u00a0 J\u0101<br \/>Aizsardz\u012bba pret p\u0101rslodzi\u00a0\u00a0\u00a0\u00a0 J\u0101<br \/>Darba ilgums ar pilnu degvielas tvertni\u00a0\u00a0\u00a0\u00a0 1080 min<br \/>Vienf\u0101zes piesl\u0113gumu skaits\u00a0\u00a0\u00a0\u00a0 2<br \/>Sprieguma m\u0113r\u012bt\u0101js\u00a0\u00a0\u00a0\u00a0 J\u0101<br \/>Sprieguma regul\u0113\u0161anas sist\u0113ma\u00a0\u00a0\u00a0\u00a0 N\u0113<br \/>Ar rite\u0146iem\u00a0\u00a0\u00a0\u00a0 J\u0101<br \/>Garums\u00a0\u00a0\u00a0\u00a0 695 mm<br \/>Ar rokturi\u00a0\u00a0\u00a0\u00a0 J\u0101<br \/>Platums\u00a0\u00a0\u00a0\u00a0 545 mm<br \/>Augstums\u00a0\u00a0\u00a0\u00a0 555 mm<br \/>Garantija\u00a0\u00a0\u00a0\u00a0 24 m\u0113n<br \/>Svars\u00a0\u00a0\u00a0\u00a0 78.6 kg<br \/>Garantija juridisk\u0101m person\u0101m\u00a0\u00a0\u00a0\u00a0 12 m\u0113n<br \/>Papildus inform\u0101cija\u00a0\u00a0\u00a0\u00a0 Kontaktligzdas 1x16A, 1x32A<br \/>Daewoo GDA 6500E<\/p>\n<p>\u00a0\u00a0\u00a0 \u0414\u0432\u0438\u0433\u0430\u0442\u0435\u043b\u044c Daewoo \u0434\u043b\u044f \u043f\u0440\u043e\u0444\u0435\u0441\u0441\u0438\u043e\u043d\u0430\u043b\u043e\u0432<br \/>\u00a0\u00a0\u00a0 \u0423\u0432\u0435\u043b\u0438\u0447\u0435\u043d\u043d\u044b\u0439 \u043e\u0431\u044a\u0435\u043c \u0442\u043e\u043f\u043b\u0438\u0432\u043d\u043e\u0433\u043e \u0431\u0430\u043a\u0430 \u0434\u043e 18 \u043b\u0438\u0442\u0440\u043e\u0432<br \/>\u00a0\u00a0\u00a0 \u042d\u043b\u0435\u043a\u0442\u0440\u0438\u0447\u0435\u0441\u043a\u0438\u0439 \u0437\u0430\u043f\u0443\u0441\u043a<br \/>\u00a0\u00a0\u00a0 \u041c\u043d\u043e\u0433\u043e\u0444\u0443\u043d\u043a\u0446\u0438\u043e\u043d\u0430\u043b\u044c\u043d\u044b\u0439 \u0434\u0438\u0441\u043f\u043b\u0435\u0439 3 \u0432 1<br \/>\u00a0\u00a0\u00a0 AVR (\u0430\u0432\u0442\u043e\u043c\u0430\u0442\u0438\u0447\u0435\u0441\u043a\u0438\u0439 \u0440\u0435\u0433\u0443\u043b\u044f\u0442\u043e\u0440 \u043d\u0430\u043f\u0440\u044f\u0436\u0435\u043d\u0438\u044f)<br \/>\u00a0\u00a0\u00a0 \u0423\u043c\u043d\u0430\u044f \u0437\u0430\u0449\u0438\u0442\u0430 \u043e\u0442 \u043f\u0435\u0440\u0435\u0433\u0440\u0443\u0437\u043a\u0438<br \/>\u00a0\u00a0\u00a0 \u041e\u0442\u043a\u043b\u044e\u0447\u0435\u043d\u0438\u0435 \u043f\u0440\u0438 \u043d\u0438\u0437\u043a\u043e\u043c \u0443\u0440\u043e\u0432\u043d\u0435 \u043c\u0430\u0441\u043b\u0430<br \/>\u00a0\u00a0\u00a0 \u041d\u0438\u0437\u043a\u0438\u0439 \u0443\u0440\u043e\u0432\u0435\u043d\u044c \u0448\u0443\u043c\u0430<br \/>\u00a0\u00a0\u00a0 \u041f\u0440\u043e\u0447\u043d\u044b\u0439 \u043a\u0430\u0440\u043a\u0430\u0441<br \/>\u00a0\u00a0\u00a0 \u041c\u0435\u0434\u043d\u044b\u0439 \u0433\u0435\u043d\u0435\u0440\u0430\u0442\u043e\u0440<br \/>\u00a0\u00a0\u00a0 \u041a\u043e\u043c\u043f\u043b\u0435\u043a\u0442 \u0434\u043b\u044f \u0442\u0440\u0430\u043d\u0441\u043f\u043e\u0440\u0442\u0438\u0440\u043e\u0432\u043a\u0438 (\u043e\u043f\u0446\u0438\u044f)<br \/>\u00a0\u00a0\u00a0 \u0412\u0441\u0442\u0440\u043e\u0435\u043d\u043d\u043e\u0435 \u0437\u0430\u0440\u044f\u0434\u043d\u043e\u0435 \u0443\u0441\u0442\u0440\u043e\u0439\u0441\u0442\u0432\u043e 12 \u0412<\/p>\n<p>\u041d\u0430\u0434\u0435\u0436\u043d\u044b\u0439 \u0434\u0432\u0438\u0433\u0430\u0442\u0435\u043b\u044c DAEWOO<br \/>\u0421\u043f\u0435\u0446\u0438\u0430\u043b\u044c\u043d\u043e \u0440\u0430\u0437\u0440\u0430\u0431\u043e\u0442\u0430\u043d \u0434\u043b\u044f \u0441\u0435\u0440\u0438\u0438 \u0433\u0435\u043d\u0435\u0440\u0430\u0442\u043e\u0440\u043e\u0432 Master Line. \u0421\u0440\u043e\u043a \u0441\u043b\u0443\u0436\u0431\u044b \u0434\u0432\u0438\u0433\u0430\u0442\u0435\u043b\u044f \u0441\u043e\u0441\u0442\u0430\u0432\u043b\u044f\u0435\u0442 1500 \u0447\u0430\u0441\u043e\u0432. \u041a\u043e\u043d\u0442\u0440\u043e\u043b\u044c \u043a\u0430\u0447\u0435\u0441\u0442\u0432\u0430 \u043d\u0430 \u0432\u0441\u0435\u0445 \u044d\u0442\u0430\u043f\u0430\u0445 \u043f\u0440\u043e\u0438\u0437\u0432\u043e\u0434\u0441\u0442\u0432\u0430 \u0433\u0430\u0440\u0430\u043d\u0442\u0438\u0440\u0443\u0435\u0442 \u0443\u043d\u0438\u043a\u0430\u043b\u044c\u043d\u044b\u0439 \u0441\u0435\u0440\u0438\u0439\u043d\u044b\u0439 \u043d\u043e\u043c\u0435\u0440 \u0434\u0432\u0438\u0433\u0430\u0442\u0435\u043b\u044f.<br \/>\u0423\u0432\u0435\u043b\u0438\u0447\u0435\u043d\u043d\u0430\u044f \u0435\u043c\u043a\u043e\u0441\u0442\u044c \u0442\u043e\u043f\u043b\u0438\u0432\u043d\u043e\u0433\u043e \u0431\u0430\u043a\u0430 \u0434\u043e 30 \u043b\u0438\u0442\u0440\u043e\u0432<br \/>\u0422\u043e\u043f\u043b\u0438\u0432\u043d\u044b\u0439 \u0431\u0430\u043a \u0438\u0437 \u0441\u0442\u0430\u043b\u0438 \u0431\u043e\u043b\u044c\u0448\u043e\u0439 \u0435\u043c\u043a\u043e\u0441\u0442\u0438 \u043e\u0441\u043d\u0430\u0449\u0435\u043d \u0432\u0441\u0442\u0440\u043e\u0435\u043d\u043d\u044b\u043c \u0438\u0437\u043c\u0435\u0440\u0438\u0442\u0435\u043b\u044c\u043d\u044b\u043c \u043f\u0440\u0438\u0431\u043e\u0440\u043e\u043c. \u0423\u0432\u0435\u043b\u0438\u0447\u0435\u043d\u043d\u044b\u0439 \u0431\u0430\u043a \u043f\u043e\u0437\u0432\u043e\u043b\u044f\u0435\u0442 \u0443\u0441\u0442\u0440\u043e\u0439\u0441\u0442\u0432\u0443 \u0440\u0430\u0431\u043e\u0442\u0430\u0442\u044c \u043d\u0430 20 % \u0434\u043e\u043b\u044c\u0448\u0435 \u0431\u0435\u0437 \u0434\u043e\u0437\u0430\u043f\u0440\u0430\u0432\u043a\u0438. \u0411\u0430\u043a \u043f\u043e\u043a\u0440\u044b\u0442 \u0441\u043f\u0435\u0446\u0438\u0430\u043b\u044c\u043d\u043e\u0439 \u043c\u0430\u0442\u043e\u0432\u043e\u0439 \u043a\u0440\u0430\u0441\u043a\u043e\u0439, \u0443\u0441\u0442\u043e\u0439\u0447\u0438\u0432\u043e\u0439 \u043a \u043a\u043e\u0440\u0440\u043e\u0437\u0438\u0438 \u0438 \u0445\u0438\u043c\u0438\u0447\u0435\u0441\u043a\u043e\u043c\u0443 \u0432\u043e\u0437\u0434\u0435\u0439\u0441\u0442\u0432\u0438\u044e.<br \/>\u041c\u043d\u043e\u0433\u043e\u0444\u0443\u043d\u043a\u0446\u0438\u043e\u043d\u0430\u043b\u044c\u043d\u044b\u0439 \u0434\u0438\u0441\u043f\u043b\u0435\u0439<br \/>\u041d\u0430 \u043c\u043d\u043e\u0433\u043e\u0444\u0443\u043d\u043a\u0446\u0438\u043e\u043d\u0430\u043b\u044c\u043d\u043e\u043c \u0434\u0438\u0441\u043f\u043b\u0435\u0435 \u0432 \u0440\u0435\u0430\u043b\u044c\u043d\u043e\u043c \u0432\u0440\u0435\u043c\u0435\u043d\u0438 \u043e\u0442\u043e\u0431\u0440\u0430\u0436\u0430\u044e\u0442\u0441\u044f \u0432\u0441\u0435 \u043e\u0441\u043d\u043e\u0432\u043d\u044b\u0435 \u0440\u0430\u0431\u043e\u0447\u0438\u0435 \u043f\u0430\u0440\u0430\u043c\u0435\u0442\u0440\u044b, \u0442\u0430\u043a\u0438\u0435 \u043a\u0430\u043a: \u043d\u0430\u043f\u0440\u044f\u0436\u0435\u043d\u0438\u0435, \u0447\u0430\u0441\u0442\u043e\u0442\u0430 \u0438 \u043a\u043e\u043b\u0438\u0447\u0435\u0441\u0442\u0432\u043e \u0447\u0430\u0441\u043e\u0432 \u0440\u0430\u0431\u043e\u0442\u044b, \u0434\u043e\u0441\u0442\u0443\u043f\u043d\u044b\u0435 \u0434\u043e \u0441\u043b\u0435\u0434\u0443\u044e\u0449\u0435\u0433\u043e \u043e\u0431\u0441\u043b\u0443\u0436\u0438\u0432\u0430\u043d\u0438\u044f \u0433\u0435\u043d\u0435\u0440\u0430\u0442\u043e\u0440\u0430.<br \/>\u042d\u043b\u0435\u043a\u0442\u0440\u0438\u0447\u0435\u0441\u043a\u0438\u0439 \u0441\u0442\u0430\u0440\u0442\u0435\u0440<br \/>\u0412\u0441\u0442\u0440\u043e\u0435\u043d\u043d\u044b\u0439 \u044d\u043b\u0435\u043a\u0442\u0440\u0438\u0447\u0435\u0441\u043a\u0438\u0439 \u0441\u0442\u0430\u0440\u0442\u0435\u0440 \u0438 \u0430\u043a\u043a\u0443\u043c\u0443\u043b\u044f\u0442\u043e\u0440 \u043e\u0431\u043b\u0435\u0433\u0447\u0430\u044e\u0442 \u0440\u0430\u0431\u043e\u0442\u0443 \u043e\u043f\u0435\u0440\u0430\u0442\u043e\u0440\u0430\u043c, \u0442\u0430\u043a \u043a\u0430\u043a \u0437\u0430\u043f\u0443\u0441\u043a \u043f\u0440\u043e\u0438\u0441\u0445\u043e\u0434\u0438\u0442 \u043f\u043e\u0432\u043e\u0440\u043e\u0442\u043e\u043c \u043a\u043b\u044e\u0447\u0430 \u0437\u0430\u0436\u0438\u0433\u0430\u043d\u0438\u044f \u0431\u0435\u0437 \u043d\u0435\u043e\u0431\u0445\u043e\u0434\u0438\u043c\u043e\u0441\u0442\u0438 \u0434\u0435\u0440\u0433\u0430\u0442\u044c \u0441\u0442\u0430\u0440\u0442\u0435\u0440. \u0411\u043b\u0430\u0433\u043e\u0434\u0430\u0440\u044f \u043a\u043b\u044e\u0447\u0443 \u0437\u0430\u043f\u0443\u0441\u043a \u043f\u0440\u043e\u0441\u0442\u043e\u0439 \u0438 \u0443\u0434\u043e\u0431\u043d\u044b\u0439 \u0434\u043b\u044f \u043f\u043e\u043b\u044c\u0437\u043e\u0432\u0430\u0442\u0435\u043b\u0435\u0439.<\/p><\/p>","protected":false},"excerpt":{"rendered":"<p>Kop\u0113jie parametri Produkta veids\u00a0\u00a0\u00a0\u00a0 Str\u0101vas \u0123eneratoriZ\u012bmols\u00a0\u00a0\u00a0\u00a0 DaewooModelis\u00a0\u00a0\u00a0\u00a0 GDA 6500E\u0122ener\u0101tora tips\u00a0\u00a0\u00a0\u00a0 Vienf\u0101zesDzin\u0113ja tips\u00a0\u00a0\u00a0\u00a0 Ar benz\u012bna dzin\u0113juDegvielas veids\u00a0\u00a0\u00a0\u00a0 Benz\u012bnsMaksim\u0101l\u0101 jauda\u00a0\u00a0\u00a0\u00a0 5500 WNomin\u0101l\u0101 jauda\u00a0\u00a0\u00a0\u00a0 5000 WTrok\u0161\u0146a l\u012bmenis\u00a0\u00a0\u00a0\u00a0 95 dBDegvielas tvertnes tilpums\u00a0\u00a0\u00a0\u00a0 30 lStartera tips\u00a0\u00a0\u00a0\u00a0 Elektrisk\u0101Past\u0101v\u012bgs izejas spriegums\u00a0\u00a0\u00a0\u00a0 230E\u013c\u013cas l\u012bme\u0146a aizsardz\u012bba\u00a0\u00a0\u00a0\u00a0 J\u0101Aizsardz\u012bba pret p\u0101rslodzi\u00a0\u00a0\u00a0\u00a0 J\u0101Darba ilgums ar pilnu degvielas tvertni\u00a0\u00a0\u00a0\u00a0 1080 minVienf\u0101zes piesl\u0113gumu skaits\u00a0\u00a0\u00a0\u00a0 2Sprieguma m\u0113r\u012bt\u0101js\u00a0\u00a0\u00a0\u00a0 J\u0101Sprieguma regul\u0113\u0161anas sist\u0113ma\u00a0\u00a0\u00a0\u00a0 [&hellip;]<\/p>\n","protected":false},"featured_media":45420,"comment_status":"open","ping_status":"closed","template":"","meta":{"_joinchat":[]},"product_brand":[],"product_cat":[318],"product_tag":[],"class_list":{"0":"post-45428","1":"product","2":"type-product","3":"status-publish","4":"has-post-thumbnail","6":"product_cat-darza-tehnika-generatori","8":"first","9":"instock","10":"shipping-taxable","11":"purchasable","12":"product-type-simple"},"_links":{"self":[{"href":"https:\/\/emeniro.lovehorses.lv\/ru\/wp-json\/wp\/v2\/product\/45428","targetHints":{"allow":["GET"]}}],"collection":[{"href":"https:\/\/emeniro.lovehorses.lv\/ru\/wp-json\/wp\/v2\/product"}],"about":[{"href":"https:\/\/emeniro.lovehorses.lv\/ru\/wp-json\/wp\/v2\/types\/product"}],"replies":[{"embeddable":true,"href":"https:\/\/emeniro.lovehorses.lv\/ru\/wp-json\/wp\/v2\/comments?post=45428"}],"wp:featuredmedia":[{"embeddable":true,"href":"https:\/\/emeniro.lovehorses.lv\/ru\/wp-json\/wp\/v2\/media\/45420"}],"wp:attachment":[{"href":"https:\/\/emeniro.lovehorses.lv\/ru\/wp-json\/wp\/v2\/media?parent=45428"}],"wp:term":[{"taxonomy":"product_brand","embeddable":true,"href":"https:\/\/emeniro.lovehorses.lv\/ru\/wp-json\/wp\/v2\/product_brand?post=45428"},{"taxonomy":"product_cat","embeddable":true,"href":"https:\/\/emeniro.lovehorses.lv\/ru\/wp-json\/wp\/v2\/product_cat?post=45428"},{"taxonomy":"product_tag","embeddable":true,"href":"https:\/\/emeniro.lovehorses.lv\/ru\/wp-json\/wp\/v2\/product_tag?post=45428"}],"curies":[{"name":"wp","href":"https:\/\/api.w.org\/{rel}","templated":true}]}}