{"id":45433,"date":"2026-05-01T08:07:07","date_gmt":"2026-05-01T08:07:07","guid":{"rendered":"https:\/\/emeniro.lovehorses.lv\/product\/scheppach-sg-7100\/"},"modified":"2026-05-01T08:07:07","modified_gmt":"2026-05-01T08:07:07","slug":"scheppach-sg-7100","status":"publish","type":"product","link":"https:\/\/emeniro.lovehorses.lv\/ru\/product\/scheppach-sg-7100\/","title":{"rendered":"Scheppach SG 7100"},"content":{"rendered":"<p>\u041e\u0431\u0449\u0438\u0435 \u043f\u0430\u0440\u0430\u043c\u0435\u0442\u0440\u044b<\/p>\n<p>Produkta veids\u00a0\u00a0\u00a0\u00a0 Str\u0101vas \u0123eneratori<br \/>Z\u012bmols\u00a0\u00a0\u00a0\u00a0 Scheppach<br \/>Modelis\u00a0\u00a0\u00a0\u00a0 SG 7100<br \/>\u0122ener\u0101tora tips\u00a0\u00a0\u00a0\u00a0 Vienf\u0101zes\/Tr\u012bsf\u0101\u017eu<br \/>Dzin\u0113ja tips\u00a0\u00a0\u00a0\u00a0 \u010cetrtaktu benz\u012bna<br \/>Degvielas veids\u00a0\u00a0\u00a0\u00a0 Benz\u012bns<br \/>Maksim\u0101l\u0101 jauda\u00a0\u00a0\u00a0\u00a0 5500 W<br \/>Nomin\u0101l\u0101 jauda\u00a0\u00a0\u00a0\u00a0 5000 W<br \/>Trok\u0161\u0146a l\u012bmenis\u00a0\u00a0\u00a0\u00a0 95 dB<br \/>Degvielas tvertnes tilpums\u00a0\u00a0\u00a0\u00a0 25 l<br \/>Degvielas pat\u0113ri\u0146\u0161\u00a0\u00a0\u00a0\u00a0 3 l\/h<br \/>Startera tips\u00a0\u00a0\u00a0\u00a0 Elektrisk\u0101<br \/>Past\u0101v\u012bgs izejas spriegums\u00a0\u00a0\u00a0\u00a0 230\/400<br \/>E\u013c\u013cas l\u012bme\u0146a aizsardz\u012bba\u00a0\u00a0\u00a0\u00a0 J\u0101<br \/>Aizsardz\u012bba pret p\u0101rslodzi\u00a0\u00a0\u00a0\u00a0 J\u0101<br \/>Darba ilgums ar pilnu degvielas tvertni\u00a0\u00a0\u00a0\u00a0 500 min<br \/>Vienf\u0101zes piesl\u0113gumu skaits\u00a0\u00a0\u00a0\u00a0 1<br \/>Tr\u012bsf\u0101\u017eu piesl\u0113gumu skaits\u00a0\u00a0\u00a0\u00a0 1<br \/>Sprieguma m\u0113r\u012bt\u0101js\u00a0\u00a0\u00a0\u00a0 J\u0101<br \/>Sprieguma regul\u0113\u0161anas sist\u0113ma\u00a0\u00a0\u00a0\u00a0 J\u0101<br \/>Ar rite\u0146iem\u00a0\u00a0\u00a0\u00a0 J\u0101<br \/>Garums\u00a0\u00a0\u00a0\u00a0 820 mm<br \/>Platums\u00a0\u00a0\u00a0\u00a0 560 mm<br \/>Augstums\u00a0\u00a0\u00a0\u00a0 560 mm<br \/>Garantija\u00a0\u00a0\u00a0\u00a0 24 m\u0113n<br \/>Svars\u00a0\u00a0\u00a0\u00a0 85 kg<br \/>Garantija juridisk\u0101m person\u0101m\u00a0\u00a0\u00a0\u00a0 12 m\u0113n<br \/>\u0413\u0415\u041d\u0415\u0420\u0410\u0422\u041e\u0420 \u0427\u0415\u0422\u042b\u0420\u0401\u0425\u0422\u0410\u041a\u0422\u041d\u042b\u0419 \u0411\u0415\u041d\u0417\u0418\u041d\u041e\u0412\u042b\u0419 SCHEPPACH SG 7100, 5000 W<\/p>\n<p>\u00a0\u00a0\u00a0 \u0422\u0435\u0445\u043d\u0438\u0447\u0435\u0441\u043a\u0438\u0435 \u0445\u0430\u0440\u0430\u043a\u0442\u0435\u0440\u0438\u0441\u0442\u0438\u043a\u0438 \u0434\u0432\u0438\u0433\u0430\u0442\u0435\u043b\u044f<br \/>\u00a0\u00a0\u00a0 \u041e\u0434\u043d\u043e\u0446\u0438\u043b\u0438\u043d\u0434\u0440\u043e\u0432\u044b\u0439 4-\u0442\u0430\u043a\u0442\u043d\u044b\u0439 \u0431\u0435\u043d\u0437\u0438\u043d\u043e\u0432\u044b\u0439 \u0434\u0432\u0438\u0433\u0430\u0442\u0435\u043b\u044c<br \/>\u00a0\u00a0\u00a0 \u041c\u043e\u0449\u043d\u043e\u0441\u0442\u044c (\u043b.\u0441.) 15<br \/>\u00a0\u00a0\u00a0 \u0420\u0430\u0431\u043e\u0447\u0438\u0439 \u043e\u0431\u044a\u0451\u043c 420 \u0441\u043c3<br \/>\u00a0\u00a0\u00a0 \u0417\u0430\u043f\u0443\u0441\u043a \u042d\u043b\u0435\u043a\u0442\u0440\u0438\u0447\u0435\u0441\u043a\u0438\u0439 \u0441\u0442\u0430\u0440\u0442\u0435\u0440<br \/>\u00a0\u00a0\u00a0 \u0420\u0430\u0441\u0445\u043e\u0434 \u0442\u043e\u043f\u043b\u0438\u0432\u0430 3 \u043b\/\u0447<br \/>\u00a0\u00a0\u00a0 \u041e\u0431\u044a\u0451\u043c \u0442\u043e\u043f\u043b\u0438\u0432\u0430 25 \u043b<br \/>\u00a0\u00a0\u00a0 \u041c\u043e\u0449\u043d\u043e\u0441\u0442\u044c 5500 W \/ 5000 W<br \/>\u00a0\u00a0\u00a0 Izejas 1\u00d7230 V\/1\u00d7400<br \/>\u00a0\u00a0\u00a0 \u0417\u0430\u0449\u0438\u0442\u0430 \u043e\u0442 \u043f\u0435\u0440\u0435\u0433\u0440\u0443\u0437\u043a\u0438<br \/>\u00a0\u00a0\u00a0 \u0417\u0430\u0449\u0438\u0442\u0430 \u043e\u0442 \u043d\u0438\u0437\u043a\u043e\u0433\u043e \u0443\u0440\u043e\u0432\u043d\u044f \u043c\u0430\u0441\u043b\u0430<br \/>\u00a0\u00a0\u00a0 \u0412\u043e\u043b\u044c\u0442\u043c\u0435\u0442\u0440<br \/>\u00a0\u00a0\u00a0 \u0421\u0438\u0441\u0442\u0435\u043c\u0430 \u043a\u043e\u043d\u0442\u0440\u043e\u043b\u044f \u043d\u0430\u043f\u0440\u044f\u0436\u0435\u043d\u0438\u044f AVR<\/p><\/p>","protected":false},"excerpt":{"rendered":"<p>Kop\u0113jie parametri Produkta veids\u00a0\u00a0\u00a0\u00a0 Str\u0101vas \u0123eneratoriZ\u012bmols\u00a0\u00a0\u00a0\u00a0 ScheppachModelis\u00a0\u00a0\u00a0\u00a0 SG 7100\u0122ener\u0101tora tips\u00a0\u00a0\u00a0\u00a0 Vienf\u0101zes\/Tr\u012bsf\u0101\u017euDzin\u0113ja tips\u00a0\u00a0\u00a0\u00a0 \u010cetrtaktu benz\u012bnaDegvielas veids\u00a0\u00a0\u00a0\u00a0 Benz\u012bnsMaksim\u0101l\u0101 jauda\u00a0\u00a0\u00a0\u00a0 5500 WNomin\u0101l\u0101 jauda\u00a0\u00a0\u00a0\u00a0 5000 WTrok\u0161\u0146a l\u012bmenis\u00a0\u00a0\u00a0\u00a0 95 dBDegvielas tvertnes tilpums\u00a0\u00a0\u00a0\u00a0 25 lDegvielas pat\u0113ri\u0146\u0161\u00a0\u00a0\u00a0\u00a0 3 l\/hStartera tips\u00a0\u00a0\u00a0\u00a0 Elektrisk\u0101Past\u0101v\u012bgs izejas spriegums\u00a0\u00a0\u00a0\u00a0 230\/400E\u013c\u013cas l\u012bme\u0146a aizsardz\u012bba\u00a0\u00a0\u00a0\u00a0 J\u0101Aizsardz\u012bba pret p\u0101rslodzi\u00a0\u00a0\u00a0\u00a0 J\u0101Darba ilgums ar pilnu degvielas tvertni\u00a0\u00a0\u00a0\u00a0 500 minVienf\u0101zes piesl\u0113gumu skaits\u00a0\u00a0\u00a0\u00a0 1Tr\u012bsf\u0101\u017eu piesl\u0113gumu skaits\u00a0\u00a0\u00a0\u00a0 [&hellip;]<\/p>\n","protected":false},"featured_media":45429,"comment_status":"open","ping_status":"closed","template":"","meta":{"_joinchat":[]},"product_brand":[],"product_cat":[318],"product_tag":[],"class_list":{"0":"post-45433","1":"product","2":"type-product","3":"status-publish","4":"has-post-thumbnail","6":"product_cat-darza-tehnika-generatori","8":"first","9":"instock","10":"shipping-taxable","11":"purchasable","12":"product-type-simple"},"_links":{"self":[{"href":"https:\/\/emeniro.lovehorses.lv\/ru\/wp-json\/wp\/v2\/product\/45433","targetHints":{"allow":["GET"]}}],"collection":[{"href":"https:\/\/emeniro.lovehorses.lv\/ru\/wp-json\/wp\/v2\/product"}],"about":[{"href":"https:\/\/emeniro.lovehorses.lv\/ru\/wp-json\/wp\/v2\/types\/product"}],"replies":[{"embeddable":true,"href":"https:\/\/emeniro.lovehorses.lv\/ru\/wp-json\/wp\/v2\/comments?post=45433"}],"wp:featuredmedia":[{"embeddable":true,"href":"https:\/\/emeniro.lovehorses.lv\/ru\/wp-json\/wp\/v2\/media\/45429"}],"wp:attachment":[{"href":"https:\/\/emeniro.lovehorses.lv\/ru\/wp-json\/wp\/v2\/media?parent=45433"}],"wp:term":[{"taxonomy":"product_brand","embeddable":true,"href":"https:\/\/emeniro.lovehorses.lv\/ru\/wp-json\/wp\/v2\/product_brand?post=45433"},{"taxonomy":"product_cat","embeddable":true,"href":"https:\/\/emeniro.lovehorses.lv\/ru\/wp-json\/wp\/v2\/product_cat?post=45433"},{"taxonomy":"product_tag","embeddable":true,"href":"https:\/\/emeniro.lovehorses.lv\/ru\/wp-json\/wp\/v2\/product_tag?post=45433"}],"curies":[{"name":"wp","href":"https:\/\/api.w.org\/{rel}","templated":true}]}}