{"id":45828,"date":"2026-05-01T08:20:30","date_gmt":"2026-05-01T08:20:30","guid":{"rendered":"https:\/\/emeniro.lovehorses.lv\/product\/candy-csoeh7a2te-s-7kg-59cm\/"},"modified":"2026-05-01T08:20:30","modified_gmt":"2026-05-01T08:20:30","slug":"candy-csoeh7a2te-s-7kg-59cm","status":"publish","type":"product","link":"https:\/\/emeniro.lovehorses.lv\/ru\/product\/candy-csoeh7a2te-s-7kg-59cm\/","title":{"rendered":"Candy CSOEH7A2TE-S 7 \u043a\u0433, 59 \u0441\u043c"},"content":{"rendered":"<p>Pre\u010du z\u012bme\u00a0 \u00a0 Candy<\/p>\n<p>\u00a0 \u00a0 Kr\u0101sa\u00a0 \u00a0 Balta<br \/>\u00a0 \u00a0 EAN\u00a0 \u00a0 8059019023502<br \/>\u0401\u043c\u043a\u043e\u0441\u0442\u044c<br \/>\u00a0 \u00a0 Ve\u013cas ietilp\u012bba \u017e\u0101v\u0113jot\u00a0 \u00a0 7 kg<br \/>\u041f\u043e\u0442\u0440\u0435\u0431\u043b\u0435\u043d\u0438\u0435 \u044d\u043b\u0435\u043a\u0442\u0440\u043e\u044d\u043d\u0435\u0440\u0433\u0438\u0438<br \/>\u00a0 \u00a0 Energoefektivit\u0101tes klase\u00a0 \u00a0 E<br \/>\u00a0 \u00a0 Elektroener\u0123ijas pat\u0113ri\u0146\u0161 100 \u017e\u0101v\u0113\u0161anas ciklos\u00a0 \u00a0 115 kWh<br \/>\u0421\u0443\u0448\u043a\u0430<br \/>\u00a0 \u00a0 Kondens\u0101cijas efektivit\u0101tes klase\u00a0 \u00a0 C<br \/>\u00a0 \u00a0 Kondens\u0101cijas efektivit\u0101te\u00a0 \u00a0 84%<br \/>\u00a0 \u00a0 Akustisk\u0101 trok\u0161\u0146a emisijas klase\u00a0 \u00a0 C<br \/>\u00a0 \u00a0 Trok\u0161\u0146a l\u012bmenis\u00a0 \u00a0 67 dB<br \/>\u00a0 \u00a0 \u017d\u0101v\u0113\u0161anas cikla \u201cEkoprogramma\u201d ilgums\u00a0 \u00a0 3:22<br \/>\u0420\u0430\u0437\u043c\u0435\u0440\u044b, \u0432\u0435\u0441<br \/>\u00a0 \u00a0 Augstums\u00a0 \u00a0 85 cm<br \/>\u00a0 \u00a0 Platums\u00a0 \u00a0 59.6 cm<br \/>\u00a0 \u00a0 Dzi\u013cums\u00a0 \u00a0 58.5 cm<br \/>\u00a0 \u00a0 Svars\u00a0 \u00a0 41.5 kg<br \/>\u00a0 \u00a0 Svars ar iepakojumu\u00a0 \u00a0 43 kg<br \/>\u0423\u043f\u0440\u0430\u0432\u043b\u0435\u043d\u0438\u0435<br \/>\u00a0 \u00a0 Vad\u012bba\u00a0 \u00a0 Elektroniska<br \/>\u00a0 \u00a0 Displejs\u00a0 \u00a0 Ir<br \/>\u00a0 \u00a0 Wi-Fi\u00a0 \u00a0 Ir<br \/>\u0414\u0440\u0443\u0433\u0438\u0435 \u043f\u0430\u0440\u0430\u043c\u0435\u0442\u0440\u044b<br \/>\u00a0 \u00a0 Atliktais starts\u00a0 \u00a0 Ir<\/p><\/p>","protected":false},"excerpt":{"rendered":"<p>Pre\u010du z\u012bme\u00a0 \u00a0 Candy \u00a0 \u00a0 Kr\u0101sa\u00a0 \u00a0 Balta\u00a0 \u00a0 EAN\u00a0 \u00a0 8059019023502Ietilp\u012bba\u00a0 \u00a0 Ve\u013cas ietilp\u012bba \u017e\u0101v\u0113jot\u00a0 \u00a0 7 kgElektroener\u0123ijas pat\u0113ri\u0146\u0161\u00a0 \u00a0 Energoefektivit\u0101tes klase\u00a0 \u00a0 E\u00a0 \u00a0 Elektroener\u0123ijas pat\u0113ri\u0146\u0161 100 \u017e\u0101v\u0113\u0161anas ciklos\u00a0 \u00a0 115 kWh\u017d\u0101v\u0113\u0161ana\u00a0 \u00a0 Kondens\u0101cijas efektivit\u0101tes klase\u00a0 \u00a0 C\u00a0 \u00a0 Kondens\u0101cijas efektivit\u0101te\u00a0 \u00a0 84%\u00a0 \u00a0 Akustisk\u0101 trok\u0161\u0146a emisijas klase\u00a0 \u00a0 C\u00a0 \u00a0 Trok\u0161\u0146a [&hellip;]<\/p>\n","protected":false},"featured_media":45823,"comment_status":"open","ping_status":"closed","template":"","meta":{"_joinchat":[]},"product_brand":[267],"product_cat":[261],"product_tag":[],"class_list":{"0":"post-45828","1":"product","2":"type-product","3":"status-publish","4":"has-post-thumbnail","6":"product_brand-candy","7":"product_cat-sadzives-tehnika-velas-zavetaji","9":"first","10":"instock","11":"shipping-taxable","12":"purchasable","13":"product-type-simple"},"_links":{"self":[{"href":"https:\/\/emeniro.lovehorses.lv\/ru\/wp-json\/wp\/v2\/product\/45828","targetHints":{"allow":["GET"]}}],"collection":[{"href":"https:\/\/emeniro.lovehorses.lv\/ru\/wp-json\/wp\/v2\/product"}],"about":[{"href":"https:\/\/emeniro.lovehorses.lv\/ru\/wp-json\/wp\/v2\/types\/product"}],"replies":[{"embeddable":true,"href":"https:\/\/emeniro.lovehorses.lv\/ru\/wp-json\/wp\/v2\/comments?post=45828"}],"wp:featuredmedia":[{"embeddable":true,"href":"https:\/\/emeniro.lovehorses.lv\/ru\/wp-json\/wp\/v2\/media\/45823"}],"wp:attachment":[{"href":"https:\/\/emeniro.lovehorses.lv\/ru\/wp-json\/wp\/v2\/media?parent=45828"}],"wp:term":[{"taxonomy":"product_brand","embeddable":true,"href":"https:\/\/emeniro.lovehorses.lv\/ru\/wp-json\/wp\/v2\/product_brand?post=45828"},{"taxonomy":"product_cat","embeddable":true,"href":"https:\/\/emeniro.lovehorses.lv\/ru\/wp-json\/wp\/v2\/product_cat?post=45828"},{"taxonomy":"product_tag","embeddable":true,"href":"https:\/\/emeniro.lovehorses.lv\/ru\/wp-json\/wp\/v2\/product_tag?post=45828"}],"curies":[{"name":"wp","href":"https:\/\/api.w.org\/{rel}","templated":true}]}}