{"id":45833,"date":"2026-05-01T08:20:41","date_gmt":"2026-05-01T08:20:41","guid":{"rendered":"https:\/\/emeniro.lovehorses.lv\/product\/alpina-at4-84-electric\/"},"modified":"2026-05-01T08:20:41","modified_gmt":"2026-05-01T08:20:41","slug":"alpina-at4-84-electric","status":"publish","type":"product","link":"https:\/\/emeniro.lovehorses.lv\/ru\/product\/alpina-at4-84-electric\/","title":{"rendered":"Alpina AT4 84 Electric"},"content":{"rendered":"<p>\u0425\u0430\u0440\u0430\u043a\u0442\u0435\u0440\u0438\u0441\u0442\u0438\u043a\u0438 \u0438\u0437\u0434\u0435\u043b\u0438\u044f<\/p>\n<p>\u041e\u0431\u0449\u0438\u0435 \u043f\u0430\u0440\u0430\u043c\u0435\u0442\u0440\u044b<br \/>Produkta veids\u00a0\u00a0\u00a0\u00a0 Z\u0101les p\u013cau\u0161anas traktors<br \/>Z\u012bmols\u00a0\u00a0\u00a0\u00a0 Alpina<br \/>Modelis\u00a0\u00a0\u00a0\u00a0 AT4 84 Electric<br \/>Jauda\u00a0\u00a0\u00a0\u00a0 3000 W<br \/>\u041f\u0430\u0440\u0430\u043c\u0435\u0442\u0440\u044b \u0441\u0442\u0440\u0438\u0436\u043a\u0438<br \/>P\u013cau\u0161anas augstums (Min)\u00a0\u00a0\u00a0\u00a0 25 mm<br \/>P\u013cau\u0161anas augstums (Maks)\u00a0\u00a0\u00a0\u00a0 80 mm<br \/>Z\u0101les mulc\u0113\u0161ana\u00a0\u00a0\u00a0\u00a0 Piederumi j\u0101ieg\u0101d\u0101jas atsevi\u0161\u0137i<br \/>Z\u0101les sav\u0101k\u0161ana\u00a0\u00a0\u00a0\u00a0 J\u0101<br \/>Z\u0101les izme\u0161ana s\u0101nos\u00a0\u00a0\u00a0\u00a0 N\u0113<br \/>Z\u0101les izme\u0161ana aizmugur\u0113\u00a0\u00a0\u00a0\u00a0 J\u0101<br \/>Sav\u0101k\u0161anas maisa tilpums\u00a0\u00a0\u00a0\u00a0 200 l<br \/>P\u013cau\u0161anas augstuma regul\u0113\u0161ana\u00a0\u00a0\u00a0\u00a0 J\u0101<br \/>P\u013cau\u0161anas augstuma poz\u012bcijas\u00a0\u00a0\u00a0\u00a0 7<br \/>Darba platums\u00a0\u00a0\u00a0\u00a0 84 cm<br \/>Asme\u0146u skaits\u00a0\u00a0\u00a0\u00a0 2<br \/>Asme\u0146u iesl\u0113g\u0161ana\u00a0\u00a0\u00a0\u00a0 Elektrisks<br \/>Ar tvertni\u00a0\u00a0\u00a0\u00a0 J\u0101<br \/>Tvertnes tilpums\u00a0\u00a0\u00a0\u00a0 200 l<br \/>\u0414\u0432\u0438\u0433\u0430\u0442\u0435\u043b\u044c \u0438 \u043c\u043e\u0449\u043d\u043e\u0441\u0442\u044c<br \/>Dzin\u0113ja tips\u00a0\u00a0\u00a0\u00a0 Elektriskais<br \/>Dzin\u0113ja modelis\u00a0\u00a0\u00a0\u00a0 2 motors BLDC<br \/>Dzin\u0113ja ra\u017eot\u0101js\u00a0\u00a0\u00a0\u00a0 STIGA<br \/>Dzin\u0113ja cilindra tilpums\u00a0\u00a0\u00a0\u00a0 0 cm\u00b3<br \/>Cilindru skaits\u00a0\u00a0\u00a0\u00a0 0<br \/>Transmisijas tips\u00a0\u00a0\u00a0\u00a0 Autom\u0101tisk\u0101<br \/>\u0100trums\u00a0\u00a0\u00a0\u00a0 0 \u2013 8.5 km\/h<br \/>Degvielas tvertnes tilpums\u00a0\u00a0\u00a0\u00a0 0 l<br \/>\u041a\u043e\u043b\u0451\u0441\u0430<br \/>Piedzi\u0146as rite\u0146i\u00a0\u00a0\u00a0\u00a0 Aizmugur\u0113j\u0101<br \/>Rite\u0146i ar gult\u0146iem\u00a0\u00a0\u00a0\u00a0 J\u0101<br \/>Rite\u0146u materi\u0101ls\u00a0\u00a0\u00a0\u00a0 Gumija<br \/>Rite\u0146u skaits\u00a0\u00a0\u00a0\u00a0 2<br \/>\u0410\u043a\u043a\u0443\u043c\u0443\u043b\u044f\u0442\u043e\u0440<br \/>Akumulators iek\u013cauts komplekt\u0101\u00a0\u00a0\u00a0\u00a0 J\u0101<br \/>Akumulatora kapacit\u0101te\u00a0\u00a0\u00a0\u00a0 3000 mAh<br \/>Akumulatora spriegums\u00a0\u00a0\u00a0\u00a0 48 V<br \/>\u0424\u0438\u0437\u0438\u0447\u0435\u0441\u043a\u0438\u0435 \u043f\u0430\u0440\u0430\u043c\u0435\u0442\u0440\u044b<br \/>Svars\u00a0\u00a0\u00a0\u00a0 150 kg<br \/>Kr\u0101sa\u00a0\u00a0\u00a0\u00a0 Melna<br \/>\u0414\u043e\u043f\u043e\u043b\u043d\u0438\u0442\u0435\u043b\u044c\u043d\u043e<br \/>Buferis\u00a0\u00a0\u00a0\u00a0 J\u0101<br \/>Lampas\u00a0\u00a0\u00a0\u00a0 J\u0101<br \/>Mazg\u0101\u0161anas \u0161\u013c\u016btenes savienot\u0101js\u00a0\u00a0\u00a0\u00a0 N\u0113<br \/>Piep\u016b\u0161amais ri\u0146\u0137is\u00a0\u00a0\u00a0\u00a0 J\u0101<br \/>Garantija\u00a0\u00a0\u00a0\u00a0 24 m\u0113n<\/p><\/p>","protected":false},"excerpt":{"rendered":"<p>Izstr\u0101d\u0101juma \u012bpa\u0161\u012bbas Kop\u0113jie parametriProdukta veids\u00a0\u00a0\u00a0\u00a0 Z\u0101les p\u013cau\u0161anas traktorsZ\u012bmols\u00a0\u00a0\u00a0\u00a0 AlpinaModelis\u00a0\u00a0\u00a0\u00a0 AT4 84 ElectricJauda\u00a0\u00a0\u00a0\u00a0 3000 WP\u013cau\u0161anas parametriP\u013cau\u0161anas augstums (Min)\u00a0\u00a0\u00a0\u00a0 25 mmP\u013cau\u0161anas augstums (Maks)\u00a0\u00a0\u00a0\u00a0 80 mmZ\u0101les mulc\u0113\u0161ana\u00a0\u00a0\u00a0\u00a0 Piederumi j\u0101ieg\u0101d\u0101jas atsevi\u0161\u0137iZ\u0101les sav\u0101k\u0161ana\u00a0\u00a0\u00a0\u00a0 J\u0101Z\u0101les izme\u0161ana s\u0101nos\u00a0\u00a0\u00a0\u00a0 N\u0113Z\u0101les izme\u0161ana aizmugur\u0113\u00a0\u00a0\u00a0\u00a0 J\u0101Sav\u0101k\u0161anas maisa tilpums\u00a0\u00a0\u00a0\u00a0 200 lP\u013cau\u0161anas augstuma regul\u0113\u0161ana\u00a0\u00a0\u00a0\u00a0 J\u0101P\u013cau\u0161anas augstuma poz\u012bcijas\u00a0\u00a0\u00a0\u00a0 7Darba platums\u00a0\u00a0\u00a0\u00a0 84 cmAsme\u0146u skaits\u00a0\u00a0\u00a0\u00a0 2Asme\u0146u iesl\u0113g\u0161ana\u00a0\u00a0\u00a0\u00a0 ElektrisksAr tvertni\u00a0\u00a0\u00a0\u00a0 J\u0101Tvertnes tilpums\u00a0\u00a0\u00a0\u00a0 [&hellip;]<\/p>\n","protected":false},"featured_media":45829,"comment_status":"open","ping_status":"closed","template":"","meta":[],"product_brand":[],"product_cat":[391],"product_tag":[],"class_list":{"0":"post-45833","1":"product","2":"type-product","3":"status-publish","4":"has-post-thumbnail","6":"product_cat-darza-tehnika-darza-traktori-un-piederumi","8":"first","9":"instock","10":"shipping-taxable","11":"purchasable","12":"product-type-simple"},"_links":{"self":[{"href":"https:\/\/emeniro.lovehorses.lv\/ru\/wp-json\/wp\/v2\/product\/45833","targetHints":{"allow":["GET"]}}],"collection":[{"href":"https:\/\/emeniro.lovehorses.lv\/ru\/wp-json\/wp\/v2\/product"}],"about":[{"href":"https:\/\/emeniro.lovehorses.lv\/ru\/wp-json\/wp\/v2\/types\/product"}],"replies":[{"embeddable":true,"href":"https:\/\/emeniro.lovehorses.lv\/ru\/wp-json\/wp\/v2\/comments?post=45833"}],"wp:featuredmedia":[{"embeddable":true,"href":"https:\/\/emeniro.lovehorses.lv\/ru\/wp-json\/wp\/v2\/media\/45829"}],"wp:attachment":[{"href":"https:\/\/emeniro.lovehorses.lv\/ru\/wp-json\/wp\/v2\/media?parent=45833"}],"wp:term":[{"taxonomy":"product_brand","embeddable":true,"href":"https:\/\/emeniro.lovehorses.lv\/ru\/wp-json\/wp\/v2\/product_brand?post=45833"},{"taxonomy":"product_cat","embeddable":true,"href":"https:\/\/emeniro.lovehorses.lv\/ru\/wp-json\/wp\/v2\/product_cat?post=45833"},{"taxonomy":"product_tag","embeddable":true,"href":"https:\/\/emeniro.lovehorses.lv\/ru\/wp-json\/wp\/v2\/product_tag?post=45833"}],"curies":[{"name":"wp","href":"https:\/\/api.w.org\/{rel}","templated":true}]}}