{"id":45835,"date":"2026-05-01T08:20:45","date_gmt":"2026-05-01T08:20:45","guid":{"rendered":"https:\/\/emeniro.lovehorses.lv\/product\/gudnord-lt98sm\/"},"modified":"2026-05-01T08:20:45","modified_gmt":"2026-05-01T08:20:45","slug":"gudnord-lt98sm","status":"publish","type":"product","link":"https:\/\/emeniro.lovehorses.lv\/ru\/product\/gudnord-lt98sm\/","title":{"rendered":"Gudnord LT98SM"},"content":{"rendered":"<p>\u041a\u043e\u043c\u043f\u0430\u043a\u0442\u043d\u044b\u0439 \u0442\u0440\u0430\u043a\u0442\u043e\u0440 \u0434\u043b\u044f \u0438\u0441\u043f\u043e\u043b\u044c\u0437\u043e\u0432\u0430\u043d\u0438\u044f \u0432 \u0434\u043e\u043c\u0430\u0448\u043d\u0435\u043c \u0445\u043e\u0437\u044f\u0439\u0441\u0442\u0432\u0435.\u00a0<\/p>\n<p>\u042f\u0440\u043a\u0438\u0435 \u0441\u0432\u0435\u0442\u043e\u0434\u0438\u043e\u0434\u043d\u044b\u0435 \u043f\u0435\u0440\u0435\u0434\u043d\u0438\u0435 \u0444\u0430\u0440\u044b \u0434\u0435\u043b\u0430\u044e\u0442 \u0442\u0440\u0430\u043a\u0442\u043e\u0440 \u0431\u043e\u043b\u0435\u0435 \u0437\u0430\u043c\u0435\u0442\u043d\u044b\u043c \u0438 \u043f\u043e\u0437\u0432\u043e\u043b\u044f\u044e\u0442 \u043a\u043e\u0441\u0438\u0442\u044c \u0432 \u0442\u0435\u043c\u043d\u043e\u0442\u0435.\u00a0<\/p>\n<p>\u0420\u0435\u043a\u043e\u043c\u0435\u043d\u0434\u0443\u0435\u043c\u0430\u044f \u043f\u043b\u043e\u0449\u0430\u0434\u044c \u043a\u043e\u0448\u0435\u043d\u0438\u044f \u043e\u043a\u043e\u043b\u043e 5000 \u043c\u00b2<\/p>\n<p>\u0414\u0432\u0438\u0433\u0430\u0442\u0435\u043b\u044c: Loncin \u043e\u0434\u043d\u043e\u0446\u0438\u043b\u0438\u043d\u0434\u0440\u043e\u0432\u044b\u0439, 432 \u0441\u043c3<br \/>\u041d\u043e\u043c\u0438\u043d\u0430\u043b\u044c\u043d\u0430\u044f \u043c\u043e\u0449\u043d\u043e\u0441\u0442\u044c: 7,5 \u043a\u0412\u0442, 12,5 \u043b.\u0441.<br \/>\u041a\u043e\u0441\u0438\u043b\u044c\u043d\u044b\u0439 \u043c\u0435\u0445\u0430\u043d\u0438\u0437\u043c: 98 \u0441\u043c, \u0431\u043e\u043a\u043e\u0432\u043e\u0439 \u0432\u044b\u0431\u0440\u043e\u0441<br \/>\u0412\u044b\u0441\u043e\u0442\u0430 \u043a\u043e\u0448\u0435\u043d\u0438\u044f: \u0440\u0435\u0433\u0443\u043b\u0438\u0440\u0443\u0435\u0442\u0441\u044f \u0432 7 \u043f\u043e\u0437\u0438\u0446\u0438\u044f\u0445 \u043e\u0442 30 \u0434\u043e 90 \u0441\u043c<br \/>\u0422\u0440\u0430\u043d\u0441\u043c\u0438\u0441\u0441\u0438\u044f: 5 \u043f\u0435\u0440\u0435\u0434\u0430\u0447 \u0432\u043f\u0435\u0440\u0435\u0434 \u0438 1 \u043d\u0430\u0437\u0430\u0434<br \/>\u0421\u043a\u043e\u0440\u043e\u0441\u0442\u044c \u0434\u0432\u0438\u0436\u0435\u043d\u0438\u044f 1,6-8,3 \u043a\u043c\/\u0447 \u0432\u043f\u0435\u0440\u0435\u0434 \u0438 2,5 \u043a\u043c\/\u0447 \u043d\u0430\u0437\u0430\u0434<br \/>Rite\u0146i: 15\u00d76\u2033 priek\u0161\u0113jie un 18\u00d78.5\u2033 aizmugur\u0113jie<br \/>\u0420\u0430\u0434\u0438\u0443\u0441 \u043f\u043e\u0432\u043e\u0440\u043e\u0442\u0430: 45 \u0441\u043c<br \/>\u0422\u043e\u043f\u043b\u0438\u0432\u043d\u044b\u0439 \u0431\u0430\u043a: 7,5 \u043b<br \/>\u0421\u0438\u0434\u0435\u043d\u044c\u0435: \u0440\u0435\u0433\u0443\u043b\u0438\u0440\u0443\u0435\u043c\u043e\u0435<br \/>\u0420\u0430\u0437\u043c\u0435\u0440\u044b: 1695x1280x1110 \u043c\u043c<br \/>\u0412\u0435\u0441: 168,5 \u043a\u0433<br \/>\u0423\u0434\u043e\u0431\u0441\u0442\u0432\u0430: \u0437\u0430\u043f\u0443\u0441\u043a \u043d\u043e\u0436\u0435\u0439 \u043a\u043d\u043e\u043f\u043a\u043e\u0439, \u0432\u043e\u0437\u043c\u043e\u0436\u043d\u043e\u0441\u0442\u044c \u043a\u043e\u0448\u0435\u043d\u0438\u044f \u0437\u0430\u0434\u043d\u0438\u043c \u0445\u043e\u0434\u043e\u043c, \u0440\u0435\u0433\u0443\u043b\u0438\u0440\u0443\u0435\u043c\u043e\u0435 \u0441\u0438\u0434\u0435\u043d\u044c\u0435, \u043d\u0430\u0441\u0430\u0434\u043a\u0430 \u0434\u043b\u044f \u043c\u043e\u0439\u043a\u0438 \u0433\u0430\u0437\u043e\u043d\u043e\u043a\u043e\u0441\u0438\u043b\u043a\u0438, \u043f\u0435\u0440\u0435\u0434\u043d\u0438\u0439 \u0431\u0430\u043c\u043f\u0435\u0440.<\/p><\/p>","protected":false},"excerpt":{"rendered":"<p>Kompakts traktors lieto\u0161anai m\u0101jsaimniec\u012bb\u0101s.\u00a0 Spilgti LED priek\u0161\u0113jie lukturi padara traktoru paman\u0101m\u0101ku un \u013cauj p\u013caut tums\u0101.\u00a0 Ieteicam\u0101 p\u013caujam\u0101 plat\u012bba apm. 5000 m\u00b2 Dzin\u0113js: Loncin viencilindra, 432 cm3Nomin\u0101l\u0101 jauda: 7,5 kW, 12,5 ZsP\u013cau\u0161anas iek\u0101rta: 98 cm, s\u0101nu izme\u0161anaP\u013cau\u0161anas augstums: regul\u0113jams 7 poz\u012bcij\u0101s 30-90 cmTransmisija: 5 p\u0101rnesumi uz priek\u0161u un 1 atpaka\u013cgaitaKust\u012bbas \u0101trums 1,6-8,3 km\/h uz priek\u0161u un [&hellip;]<\/p>\n","protected":false},"featured_media":45834,"comment_status":"open","ping_status":"closed","template":"","meta":{"_joinchat":[]},"product_brand":[],"product_cat":[391],"product_tag":[],"class_list":{"0":"post-45835","1":"product","2":"type-product","3":"status-publish","4":"has-post-thumbnail","6":"product_cat-darza-tehnika-darza-traktori-un-piederumi","8":"first","9":"instock","10":"shipping-taxable","11":"purchasable","12":"product-type-simple"},"_links":{"self":[{"href":"https:\/\/emeniro.lovehorses.lv\/ru\/wp-json\/wp\/v2\/product\/45835","targetHints":{"allow":["GET"]}}],"collection":[{"href":"https:\/\/emeniro.lovehorses.lv\/ru\/wp-json\/wp\/v2\/product"}],"about":[{"href":"https:\/\/emeniro.lovehorses.lv\/ru\/wp-json\/wp\/v2\/types\/product"}],"replies":[{"embeddable":true,"href":"https:\/\/emeniro.lovehorses.lv\/ru\/wp-json\/wp\/v2\/comments?post=45835"}],"wp:featuredmedia":[{"embeddable":true,"href":"https:\/\/emeniro.lovehorses.lv\/ru\/wp-json\/wp\/v2\/media\/45834"}],"wp:attachment":[{"href":"https:\/\/emeniro.lovehorses.lv\/ru\/wp-json\/wp\/v2\/media?parent=45835"}],"wp:term":[{"taxonomy":"product_brand","embeddable":true,"href":"https:\/\/emeniro.lovehorses.lv\/ru\/wp-json\/wp\/v2\/product_brand?post=45835"},{"taxonomy":"product_cat","embeddable":true,"href":"https:\/\/emeniro.lovehorses.lv\/ru\/wp-json\/wp\/v2\/product_cat?post=45835"},{"taxonomy":"product_tag","embeddable":true,"href":"https:\/\/emeniro.lovehorses.lv\/ru\/wp-json\/wp\/v2\/product_tag?post=45835"}],"curies":[{"name":"wp","href":"https:\/\/api.w.org\/{rel}","templated":true}]}}