{"id":45839,"date":"2026-05-01T08:20:53","date_gmt":"2026-05-01T08:20:53","guid":{"rendered":"https:\/\/emeniro.lovehorses.lv\/product\/gazes-grils-cello-family-3-l-129-5-cm-x-55-cm\/"},"modified":"2026-05-01T08:20:53","modified_gmt":"2026-05-01T08:20:53","slug":"gazes-grils-cello-family-3-l-129-5-cm-x-55-cm","status":"publish","type":"product","link":"https:\/\/emeniro.lovehorses.lv\/ru\/product\/gazes-grils-cello-family-3-l-129-5-cm-x-55-cm\/","title":{"rendered":"\u0413\u0430\u0437\u043e\u0432\u044b\u0439 \u0433\u0440\u0438\u043b\u044c Cello Family, 3 \u043b, 129.5 \u0441\u043c x 55 \u0441\u043c"},"content":{"rendered":"<p>Produkta veids\u00a0\u00a0\u00a0\u00a0 G\u0101zes grils<\/p>\n<p>Z\u012bmols\u00a0\u00a0\u00a0\u00a0 Cello<br \/>Kolekcija\u00a0\u00a0\u00a0\u00a0 Family<br \/>Garums\u00a0\u00a0\u00a0\u00a0 129.5 cm<br \/>Platums\u00a0\u00a0\u00a0\u00a0 55 cm<br \/>Augstums\u00a0\u00a0\u00a0\u00a0 114 cm<br \/>Visp\u0101r\u0113jie izm\u0113ri\u00a0\u00a0\u00a0\u00a0 129.5 x 55 cm<br \/>Kr\u0101sa\u00a0\u00a0\u00a0\u00a0 Melna<br \/>Materi\u0101ls\u00a0\u00a0\u00a0\u00a0 T\u0113rauds, \u010cuguns<br \/>Jauda\u00a0\u00a0\u00a0\u00a0 13000 W<br \/>Tilpums\u00a0\u00a0\u00a0\u00a0 3 l<br \/>Deg\u013cu skaits\u00a0\u00a0\u00a0\u00a0 4<br \/>Deg\u013ca jauda\u00a0\u00a0\u00a0\u00a0 3300 W<br \/>Deg\u013ca regul\u0113\u0161ana\u00a0\u00a0\u00a0\u00a0 Regul\u0113jamas poz\u012bcijas<br \/>S\u0101nu deglis\/pl\u012bti\u0146a\u00a0\u00a0\u00a0\u00a0 J\u0101<br \/>G\u0101zes pat\u0113ri\u0146\u0161\u00a0\u00a0\u00a0\u00a0 1 \u2013 11 g\/h<br \/>\u0112diena gatavo\u0161anas virsmas laukums\u00a0\u00a0\u00a0\u00a0 0.25 m\u00b2<br \/>Cep\u0161anas virsmas materi\u0101ls\u00a0\u00a0\u00a0\u00a0 Emalj\u0113ts \u010duguns<br \/>\u0112diena gatavo\u0161anas virsmas att\u0101lums no zemes\u00a0\u00a0\u00a0\u00a0 90 cm<br \/>G\u0101zes tips\u00a0\u00a0\u00a0\u00a0 Prop\u0101ns un but\u0101ns<br \/>V\u0101ka tips\u00a0\u00a0\u00a0\u00a0 V\u0101ks<br \/>Rite\u0146u skaits\u00a0\u00a0\u00a0\u00a0 4<br \/>Ar termometru\u00a0\u00a0\u00a0\u00a0 J\u0101<br \/>Piem\u0113rots ce\u013cojumiem\u00a0\u00a0\u00a0\u00a0 N\u0113<br \/>Izcelsmes valsts\u00a0\u00a0\u00a0\u00a0 \u0136\u012bna<\/p><\/p>","protected":false},"excerpt":{"rendered":"<p>Produkta veids\u00a0\u00a0\u00a0\u00a0 G\u0101zes grils Z\u012bmols\u00a0\u00a0\u00a0\u00a0 CelloKolekcija\u00a0\u00a0\u00a0\u00a0 FamilyGarums\u00a0\u00a0\u00a0\u00a0 129.5 cmPlatums\u00a0\u00a0\u00a0\u00a0 55 cmAugstums\u00a0\u00a0\u00a0\u00a0 114 cmVisp\u0101r\u0113jie izm\u0113ri\u00a0\u00a0\u00a0\u00a0 129.5 x 55 cmKr\u0101sa\u00a0\u00a0\u00a0\u00a0 MelnaMateri\u0101ls\u00a0\u00a0\u00a0\u00a0 T\u0113rauds, \u010cugunsJauda\u00a0\u00a0\u00a0\u00a0 13000 WTilpums\u00a0\u00a0\u00a0\u00a0 3 lDeg\u013cu skaits\u00a0\u00a0\u00a0\u00a0 4Deg\u013ca jauda\u00a0\u00a0\u00a0\u00a0 3300 WDeg\u013ca regul\u0113\u0161ana\u00a0\u00a0\u00a0\u00a0 Regul\u0113jamas poz\u012bcijasS\u0101nu deglis\/pl\u012bti\u0146a\u00a0\u00a0\u00a0\u00a0 J\u0101G\u0101zes pat\u0113ri\u0146\u0161\u00a0\u00a0\u00a0\u00a0 1 \u2013 11 g\/h\u0112diena gatavo\u0161anas virsmas laukums\u00a0\u00a0\u00a0\u00a0 0.25 m\u00b2Cep\u0161anas virsmas materi\u0101ls\u00a0\u00a0\u00a0\u00a0 Emalj\u0113ts \u010duguns\u0112diena gatavo\u0161anas virsmas att\u0101lums no zemes\u00a0\u00a0\u00a0\u00a0 90 [&hellip;]<\/p>\n","protected":false},"featured_media":45836,"comment_status":"open","ping_status":"closed","template":"","meta":{"_joinchat":[]},"product_brand":[],"product_cat":[372],"product_tag":[],"class_list":{"0":"post-45839","1":"product","2":"type-product","3":"status-publish","4":"has-post-thumbnail","6":"product_cat-darza-tehnika-grili-kupinatavas-un-piederumi","8":"first","9":"instock","10":"shipping-taxable","11":"purchasable","12":"product-type-simple"},"_links":{"self":[{"href":"https:\/\/emeniro.lovehorses.lv\/ru\/wp-json\/wp\/v2\/product\/45839","targetHints":{"allow":["GET"]}}],"collection":[{"href":"https:\/\/emeniro.lovehorses.lv\/ru\/wp-json\/wp\/v2\/product"}],"about":[{"href":"https:\/\/emeniro.lovehorses.lv\/ru\/wp-json\/wp\/v2\/types\/product"}],"replies":[{"embeddable":true,"href":"https:\/\/emeniro.lovehorses.lv\/ru\/wp-json\/wp\/v2\/comments?post=45839"}],"wp:featuredmedia":[{"embeddable":true,"href":"https:\/\/emeniro.lovehorses.lv\/ru\/wp-json\/wp\/v2\/media\/45836"}],"wp:attachment":[{"href":"https:\/\/emeniro.lovehorses.lv\/ru\/wp-json\/wp\/v2\/media?parent=45839"}],"wp:term":[{"taxonomy":"product_brand","embeddable":true,"href":"https:\/\/emeniro.lovehorses.lv\/ru\/wp-json\/wp\/v2\/product_brand?post=45839"},{"taxonomy":"product_cat","embeddable":true,"href":"https:\/\/emeniro.lovehorses.lv\/ru\/wp-json\/wp\/v2\/product_cat?post=45839"},{"taxonomy":"product_tag","embeddable":true,"href":"https:\/\/emeniro.lovehorses.lv\/ru\/wp-json\/wp\/v2\/product_tag?post=45839"}],"curies":[{"name":"wp","href":"https:\/\/api.w.org\/{rel}","templated":true}]}}