{"id":45842,"date":"2026-05-01T08:21:05","date_gmt":"2026-05-01T08:21:05","guid":{"rendered":"https:\/\/emeniro.lovehorses.lv\/product\/flammifera-ky1813\/"},"modified":"2026-05-01T08:21:05","modified_gmt":"2026-05-01T08:21:05","slug":"flammifera-ky1813","status":"publish","type":"product","link":"https:\/\/emeniro.lovehorses.lv\/ru\/product\/flammifera-ky1813\/","title":{"rendered":"Flammifera KY1813"},"content":{"rendered":"<p>Produkta veids\u00a0\u00a0\u00a0\u00a0 Grili<\/p>\n<p>Z\u012bmols\u00a0\u00a0\u00a0\u00a0 Flammifera<br \/>Modelis\u00a0\u00a0\u00a0\u00a0 KY1813<br \/>Garums\u00a0\u00a0\u00a0\u00a0 108 cm<br \/>Platums\u00a0\u00a0\u00a0\u00a0 70 cm<br \/>Augstums\u00a0\u00a0\u00a0\u00a0 102 cm<br \/>Kr\u0101sa\u00a0\u00a0\u00a0\u00a0 Melna<br \/>Materi\u0101ls\u00a0\u00a0\u00a0\u00a0 T\u0113rauds<br \/>\u0112diena gatavo\u0161anas virsmas garums\u00a0\u00a0\u00a0\u00a0 36 mm<br \/>\u0112diena gatavo\u0161anas virsmas platums\u00a0\u00a0\u00a0\u00a0 70 mm<br \/>Atbilsto\u0161s kurin\u0101mais vai degviela\u00a0\u00a0\u00a0\u00a0 Kokogles<br \/>V\u0101ka tips\u00a0\u00a0\u00a0\u00a0 V\u0101ks<br \/>Rite\u0146u skaits\u00a0\u00a0\u00a0\u00a0 2<br \/>Ar termometru\u00a0\u00a0\u00a0\u00a0 J\u0101<br \/>Temperat\u016bras regul\u0113\u0161anas v\u0101rsta numurs\u00a0\u00a0\u00a0\u00a0 4<br \/>No\u0146emama pelnu tvertne\u00a0\u00a0\u00a0\u00a0 J\u0101<br \/>Ar galdi\u0146u\u00a0\u00a0\u00a0\u00a0 J\u0101<br \/>Var izmantot k\u016bpin\u0101\u0161anai\u00a0\u00a0\u00a0\u00a0 N\u0113<br \/>Piem\u0113rots ce\u013cojumiem\u00a0\u00a0\u00a0\u00a0 N\u0113<br \/>Komplekt\u0101cija\u00a0\u00a0\u00a0\u00a0 Grils<br \/>Papildus inform\u0101cija\u00a0\u00a0\u00a0\u00a0 Piem\u0113rots kurin\u0101mais ir kokogles<\/p><\/p>","protected":false},"excerpt":{"rendered":"<p>Produkta veids\u00a0\u00a0\u00a0\u00a0 Grili Z\u012bmols\u00a0\u00a0\u00a0\u00a0 FlammiferaModelis\u00a0\u00a0\u00a0\u00a0 KY1813Garums\u00a0\u00a0\u00a0\u00a0 108 cmPlatums\u00a0\u00a0\u00a0\u00a0 70 cmAugstums\u00a0\u00a0\u00a0\u00a0 102 cmKr\u0101sa\u00a0\u00a0\u00a0\u00a0 MelnaMateri\u0101ls\u00a0\u00a0\u00a0\u00a0 T\u0113rauds\u0112diena gatavo\u0161anas virsmas garums\u00a0\u00a0\u00a0\u00a0 36 mm\u0112diena gatavo\u0161anas virsmas platums\u00a0\u00a0\u00a0\u00a0 70 mmAtbilsto\u0161s kurin\u0101mais vai degviela\u00a0\u00a0\u00a0\u00a0 KokoglesV\u0101ka tips\u00a0\u00a0\u00a0\u00a0 V\u0101ksRite\u0146u skaits\u00a0\u00a0\u00a0\u00a0 2Ar termometru\u00a0\u00a0\u00a0\u00a0 J\u0101Temperat\u016bras regul\u0113\u0161anas v\u0101rsta numurs\u00a0\u00a0\u00a0\u00a0 4No\u0146emama pelnu tvertne\u00a0\u00a0\u00a0\u00a0 J\u0101Ar galdi\u0146u\u00a0\u00a0\u00a0\u00a0 J\u0101Var izmantot k\u016bpin\u0101\u0161anai\u00a0\u00a0\u00a0\u00a0 N\u0113Piem\u0113rots ce\u013cojumiem\u00a0\u00a0\u00a0\u00a0 N\u0113Komplekt\u0101cija\u00a0\u00a0\u00a0\u00a0 GrilsPapildus inform\u0101cija\u00a0\u00a0\u00a0\u00a0 Piem\u0113rots kurin\u0101mais ir kokogles<\/p>","protected":false},"featured_media":45840,"comment_status":"open","ping_status":"closed","template":"","meta":{"_joinchat":[]},"product_brand":[],"product_cat":[372],"product_tag":[],"class_list":{"0":"post-45842","1":"product","2":"type-product","3":"status-publish","4":"has-post-thumbnail","6":"product_cat-darza-tehnika-grili-kupinatavas-un-piederumi","8":"first","9":"instock","10":"shipping-taxable","11":"purchasable","12":"product-type-simple"},"_links":{"self":[{"href":"https:\/\/emeniro.lovehorses.lv\/ru\/wp-json\/wp\/v2\/product\/45842","targetHints":{"allow":["GET"]}}],"collection":[{"href":"https:\/\/emeniro.lovehorses.lv\/ru\/wp-json\/wp\/v2\/product"}],"about":[{"href":"https:\/\/emeniro.lovehorses.lv\/ru\/wp-json\/wp\/v2\/types\/product"}],"replies":[{"embeddable":true,"href":"https:\/\/emeniro.lovehorses.lv\/ru\/wp-json\/wp\/v2\/comments?post=45842"}],"wp:featuredmedia":[{"embeddable":true,"href":"https:\/\/emeniro.lovehorses.lv\/ru\/wp-json\/wp\/v2\/media\/45840"}],"wp:attachment":[{"href":"https:\/\/emeniro.lovehorses.lv\/ru\/wp-json\/wp\/v2\/media?parent=45842"}],"wp:term":[{"taxonomy":"product_brand","embeddable":true,"href":"https:\/\/emeniro.lovehorses.lv\/ru\/wp-json\/wp\/v2\/product_brand?post=45842"},{"taxonomy":"product_cat","embeddable":true,"href":"https:\/\/emeniro.lovehorses.lv\/ru\/wp-json\/wp\/v2\/product_cat?post=45842"},{"taxonomy":"product_tag","embeddable":true,"href":"https:\/\/emeniro.lovehorses.lv\/ru\/wp-json\/wp\/v2\/product_tag?post=45842"}],"curies":[{"name":"wp","href":"https:\/\/api.w.org\/{rel}","templated":true}]}}